{"id":510,"date":"2023-04-20T11:48:34","date_gmt":"2023-04-20T09:48:34","guid":{"rendered":"https:\/\/agora.xtec.cat\/afalaseu\/?page_id=510"},"modified":"2024-06-17T17:44:39","modified_gmt":"2024-06-17T15:44:39","slug":"competic-2","status":"publish","type":"page","link":"https:\/\/agora.xtec.cat\/afalaseu\/ensenyaments\/competencia-digital-competic\/competic-2\/","title":{"rendered":"Competic 2"},"content":{"rendered":"<h3><a href=\"https:\/\/classroom.google.com\/u\/0\/h\"><img loading=\"lazy\" decoding=\"async\" class=\"alignnone wp-image-903\" src=\"https:\/\/agora.xtec.cat\/afalaseu\/wp-content\/uploads\/usu2367\/2023\/04\/google-classroom-e1682347989729.png\" alt=\"\" width=\"115\" height=\"88\" srcset=\"https:\/\/agora.xtec.cat\/afalaseu\/wp-content\/uploads\/usu2367\/2023\/04\/google-classroom-e1682347989729.png 860w, https:\/\/agora.xtec.cat\/afalaseu\/wp-content\/uploads\/usu2367\/2023\/04\/google-classroom-e1682347989729-300x229.png 300w, https:\/\/agora.xtec.cat\/afalaseu\/wp-content\/uploads\/usu2367\/2023\/04\/google-classroom-e1682347989729-768x587.png 768w\" sizes=\"auto, (max-width: 115px) 100vw, 115px\" \/><\/a><\/h3>\n<h3><a href=\"https:\/\/docs.google.com\/document\/d\/1-1O07IBHkHAteDdIi4lt_wcAdn_I40M9QYqLcabXejo\/edit?usp=sharing\">\u00a0Full informatiu<\/a><\/h3>\n<p><iframe loading=\"lazy\" src=\"https:\/\/docs.google.com\/document\/d\/e\/2PACX-1vTwOObKTolQG-pKSnh6rLgoUibvQibkh-dUtA957J6n6F-Vahe8w9Sd6npYxFEXGkpRMSijQI08x_kk\/pub?embedded=true\" width=\"900\" height=\"675\"><\/iframe><\/p>\n<h3>Bones pr\u00e0ctiques a l&#8217;aula d&#8217;inform\u00e0tica<\/h3>\n<ul>\n<li>S&#8217;ha de tenir cura en accedir al lloc de l&#8217;ordinador assignat per tal de no malmetre&#8217;n el cablejat;<\/li>\n<li><span style=\"font-family: arial, sans-serif;\">En acabar la sessi\u00f3 de classe, l&#8217;escriptori de l&#8217;ordinador ha de quedar tal i com s&#8217;hagi trobat. Els fitxers afegits durant la sessi\u00f3 cal guardar-los a la carpeta que el professorat \u00a0indiqui;<\/span><\/li>\n<li><span style=\"font-family: arial, sans-serif;\">No s&#8217;ha de canviar el fons d&#8217;escriptori;<\/span><\/li>\n<li><span style=\"font-family: arial, sans-serif;\">S&#8217;ha d&#8217;assegurar de sortir de les sessions obertes (correu electr\u00f2nic, Google Drive,&#8230;) abans de tancar el navegador, si s&#8217;ha utilitzat;<\/span><\/li>\n<li><span style=\"font-family: arial, sans-serif;\">S&#8217;ha d&#8217;assegurar de tancar correctament l&#8217;ordinador i la pantalla<\/span><\/li>\n<li><span style=\"font-family: arial, sans-serif;\">L&#8217;\u00fas dels ordinadors i dels recursos de l&#8217;Escola est\u00e0 restringit a les activitats formatives que s&#8217;hi fan i no \u00e9s perm\u00e8s instal\u00b7lar-hi cap mena de programari;<\/span><\/li>\n<li><span style=\"font-family: arial, sans-serif;\">L&#8217;aula d&#8217;inform\u00e0tica es podr\u00e0 fer servir en l&#8217;horari establert per realitzar activitats relacionades amb els estudis que es cursen al centre. Caldr\u00e0 apuntar-se al llibre de registre que proporcionar\u00e0 el\/la professor\/a responsable;<\/span><\/li>\n<li><span style=\"font-family: arial, sans-serif;\">L&#8217;Escola promou l&#8217;\u00fas del programari lliure i en catal\u00e0, tant en la formaci\u00f3 com en l&#8217;\u00fas particular.<\/span><\/li>\n<\/ul>\n<p>&nbsp;<\/p>\n","protected":false},"excerpt":{"rendered":"<p><a href=\"https:\/\/classroom.google.com\/u\/0\/h\"><\/a><br \/>\n<a href=\"https:\/\/docs.google.com\/document\/d\/1-1O07IBHkHAteDdIi4lt_wcAdn_I40M9QYqLcabXejo\/edit?usp=sharing\">\u00a0Full informatiu<\/a><\/p>\n<p>Bones pr\u00e0ctiques a l&#8217;aula d&#8217;inform\u00e0tica<\/p>\n<ul>\n<li>S&#8217;ha de tenir cura en accedir al lloc de l&#8217;ordinador assignat per tal de no malmetre&#8217;n el cablejat;<\/li>\n<li>En acabar la sessi\u00f3 de classe, l&#8217;escriptori de l&#8217;ordinador ha de quedar tal i com s&#8217;hagi trobat. Els fitxers afegits durant&hellip;  <a href=\"https:\/\/agora.xtec.cat\/afalaseu\/ensenyaments\/competencia-digital-competic\/competic-2\/\" title=\"Read Competic 2\">Llegeix m\u00e9s\u00bb<\/a><br \/>\n","protected":false},"author":1,"featured_media":0,"parent":316,"menu_order":30,"comment_status":"closed","ping_status":"closed","template":"page-templates\/side-menu.php","meta":{"_bbp_topic_count":0,"_bbp_reply_count":0,"_bbp_total_topic_count":0,"_bbp_total_reply_count":0,"_bbp_voice_count":0,"_bbp_anonymous_reply_count":0,"_bbp_topic_count_hidden":0,"_bbp_reply_count_hidden":0,"_bbp_forum_subforum_count":0,"footnotes":""},"class_list":["post-510","page","type-page","status-publish","hentry"],"post_mailing_queue_ids":[],"_links":{"self":[{"href":"https:\/\/agora.xtec.cat\/afalaseu\/wp-json\/wp\/v2\/pages\/510","targetHints":{"allow":["GET"]}}],"collection":[{"href":"https:\/\/agora.xtec.cat\/afalaseu\/wp-json\/wp\/v2\/pages"}],"about":[{"href":"https:\/\/agora.xtec.cat\/afalaseu\/wp-json\/wp\/v2\/types\/page"}],"author":[{"embeddable":true,"href":"https:\/\/agora.xtec.cat\/afalaseu\/wp-json\/wp\/v2\/users\/1"}],"replies":[{"embeddable":true,"href":"https:\/\/agora.xtec.cat\/afalaseu\/wp-json\/wp\/v2\/comments?post=510"}],"version-history":[{"count":5,"href":"https:\/\/agora.xtec.cat\/afalaseu\/wp-json\/wp\/v2\/pages\/510\/revisions"}],"predecessor-version":[{"id":2050,"href":"https:\/\/agora.xtec.cat\/afalaseu\/wp-json\/wp\/v2\/pages\/510\/revisions\/2050"}],"up":[{"embeddable":true,"href":"https:\/\/agora.xtec.cat\/afalaseu\/wp-json\/wp\/v2\/pages\/316"}],"wp:attachment":[{"href":"https:\/\/agora.xtec.cat\/afalaseu\/wp-json\/wp\/v2\/media?parent=510"}],"curies":[{"name":"wp","href":"https:\/\/api.w.org\/{rel}","templated":true}]}}