{"id":502,"date":"2023-04-20T11:40:51","date_gmt":"2023-04-20T09:40:51","guid":{"rendered":"https:\/\/agora.xtec.cat\/afalaseu\/?page_id=502"},"modified":"2023-09-06T13:55:04","modified_gmt":"2023-09-06T11:55:04","slug":"formacio-basica","status":"publish","type":"page","link":"https:\/\/agora.xtec.cat\/afalaseu\/ensenyaments\/formacio-basica\/","title":{"rendered":"Graduat en Eduaci\u00f3 Secund\u00e0ria"},"content":{"rendered":"<ul>\n<li>\n<h3><a title=\"Graduat en Educaci\u00f3 Secund\u00e0ria (GES) presencial\" href=\"https:\/\/agora.xtec.cat\/afalaseu\/ensenyaments\/formacio-basica\/graduat-en-educacio-secundaria-per-adults\/\">Graduat en Educaci\u00f3 Secund\u00e0ria (GES) <strong>presencial<\/strong><\/a><\/h3>\n<\/li>\n<li>\n<h3><a title=\"Graduat en Educaci\u00f3 Secund\u00e0ria (GES) a dist\u00e0ncia (IOC)\" href=\"https:\/\/agora.xtec.cat\/afalaseu\/ensenyaments\/formacio-basica\/curs-dacces-als-cicles-de-grau-mitja\/\">Graduat en Educaci\u00f3 Secund\u00e0ria (GES) <strong>a dist\u00e0ncia<\/strong> (IOC)<\/a><\/h3>\n<\/li>\n<\/ul>\n","protected":false},"excerpt":{"rendered":"<ul>\n<li>\n<a title=\"Graduat en Educaci\u00f3 Secund\u00e0ria (GES) presencial\" href=\"https:\/\/agora.xtec.cat\/afalaseu\/ensenyaments\/formacio-basica\/graduat-en-educacio-secundaria-per-adults\/\">Graduat en Educaci\u00f3 Secund\u00e0ria (GES) presencial<\/a>\n<\/li>\n<li>\n<a title=\"Graduat en Educaci\u00f3 Secund\u00e0ria (GES) a dist\u00e0ncia (IOC)\" href=\"https:\/\/agora.xtec.cat\/afalaseu\/ensenyaments\/formacio-basica\/curs-dacces-als-cicles-de-grau-mitja\/\">Graduat en Educaci\u00f3 Secund\u00e0ria (GES) a dist\u00e0ncia (IOC)<\/a>\n<\/li>\n<\/ul>\n","protected":false},"author":1,"featured_media":0,"parent":274,"menu_order":7,"comment_status":"closed","ping_status":"closed","template":"page-templates\/side-menu.php","meta":{"_bbp_topic_count":0,"_bbp_reply_count":0,"_bbp_total_topic_count":0,"_bbp_total_reply_count":0,"_bbp_voice_count":0,"_bbp_anonymous_reply_count":0,"_bbp_topic_count_hidden":0,"_bbp_reply_count_hidden":0,"_bbp_forum_subforum_count":0,"footnotes":""},"class_list":["post-502","page","type-page","status-publish","hentry"],"post_mailing_queue_ids":[],"_links":{"self":[{"href":"https:\/\/agora.xtec.cat\/afalaseu\/wp-json\/wp\/v2\/pages\/502","targetHints":{"allow":["GET"]}}],"collection":[{"href":"https:\/\/agora.xtec.cat\/afalaseu\/wp-json\/wp\/v2\/pages"}],"about":[{"href":"https:\/\/agora.xtec.cat\/afalaseu\/wp-json\/wp\/v2\/types\/page"}],"author":[{"embeddable":true,"href":"https:\/\/agora.xtec.cat\/afalaseu\/wp-json\/wp\/v2\/users\/1"}],"replies":[{"embeddable":true,"href":"https:\/\/agora.xtec.cat\/afalaseu\/wp-json\/wp\/v2\/comments?post=502"}],"version-history":[{"count":3,"href":"https:\/\/agora.xtec.cat\/afalaseu\/wp-json\/wp\/v2\/pages\/502\/revisions"}],"predecessor-version":[{"id":1560,"href":"https:\/\/agora.xtec.cat\/afalaseu\/wp-json\/wp\/v2\/pages\/502\/revisions\/1560"}],"up":[{"embeddable":true,"href":"https:\/\/agora.xtec.cat\/afalaseu\/wp-json\/wp\/v2\/pages\/274"}],"wp:attachment":[{"href":"https:\/\/agora.xtec.cat\/afalaseu\/wp-json\/wp\/v2\/media?parent=502"}],"curies":[{"name":"wp","href":"https:\/\/api.w.org\/{rel}","templated":true}]}}