{"id":483,"date":"2023-04-20T11:08:45","date_gmt":"2023-04-20T09:08:45","guid":{"rendered":"https:\/\/agora.xtec.cat\/afalaseu\/?page_id=483"},"modified":"2025-07-24T18:24:00","modified_gmt":"2025-07-24T16:24:00","slug":"preinscripcio-i-matricula","status":"publish","type":"page","link":"https:\/\/agora.xtec.cat\/afalaseu\/ensenyaments\/preinscripcio-i-matricula\/","title":{"rendered":"Preinscripci\u00f3 i matr\u00edcula"},"content":{"rendered":"<div class=\"row\">\n<div class=\"columns small-12 large-2\"><img decoding=\"async\" src=\"https:\/\/img.icons8.com\/color\/120\/000000\/task.png\" \/><\/div>\n<div class=\"columns small-12 large-10\">\n<h2><span style=\"color: #f02626;\"><strong>Preinscripci\u00f3 del curs 2025 &#8211; 2026: del 19 al 27 de juny<\/strong><\/span><\/h2>\n<h2><span style=\"color: #f02626;\"><strong>Per\u00edode de matr\u00edcula 2025 &#8211; 2026: del 2 al 9 de setembre<\/strong><\/span><\/h2>\n<p>&nbsp;<\/p>\n<div style=\"text-align: right;\"><\/div>\n<\/div>\n<\/div>\n<h4 style=\"text-align: left;\"><span style=\"color: #808080;\">Publicaci\u00f3 de l&#8217;oferta de places per ensenyament del curs 2025 &#8211; 2026: <a href=\"https:\/\/drive.google.com\/file\/d\/1u_njnFZ_kDX6hN5_ovi7doiVoO_-KaKv\/view?usp=sharing\">Enlla\u00e7<\/a><\/span><\/h4>\n<h4 style=\"text-align: left;\"><span style=\"color: #808080;\">Llistes d&#8217;alumnat preinscrit: <\/span><\/h4>\n<h4 style=\"text-align: left;\"><span style=\"color: #808080;\">\u00a0 \u00a0 \u00a0 \u00a0 Totes\u00a0 les persones que han presentat sol\u00b7licitud de preinscripci\u00f3 <\/span><\/h4>\n<h4 style=\"text-align: left;\"><span style=\"color: #808080;\">\u00a0 \u00a0 \u00a0 \u00a0 \u00a0 al CFA La Seu d&#8217;Urgell per al curs 2025-26 han estat ADMESES.<\/span><\/h4>\n<h2 align=\"justify\"><\/h2>\n<h2 align=\"justify\"><span style=\"color: #333399;\"><strong>Ensenyaments que ofereix el centre<\/strong><\/span><\/h2>\n<h4><a href=\"https:\/\/agora.xtec.cat\/afalaseu\/ensenyaments\/oferta-formativa\/\">Oferta formativa<\/a><\/h4>\n<h4><a href=\"https:\/\/agora.xtec.cat\/afalaseu\/ensenyaments\/horaris-dels-ensenyaments\/\">Horaris ensenyaments<\/a><\/h4>\n<h4><a href=\"https:\/\/agora.xtec.cat\/afalaseu\/ensenyaments\/\">Ensenyaments<\/a><\/h4>\n<h2><\/h2>\n<h2><span style=\"color: #333399;\"><strong>Horari de secretaria\u00a0<\/strong><\/span><\/h2>\n<p>Mat\u00ed: 9.30 \u2013 13.30 h\u00a0 \u00a0 \u00a0 \u00a0 \u00a0 \u00a0 \u00a0 \u00a0 \u00a0 \u00a0 \u00a0 \u00a0 \u00a0 \u00a0 \u00a0 \u00a0 \u00a0 \u00a0 \u00a0 \u00a0 \u00a0 \u00a0 \u00a0 \u00a0 \u00a0 \u00a0 \u00a0 \u00a0 \u00a0 \u00a0 \u00a0 \u00a0 \u00a0 \u00a0 \u00a0 \u00a0 \u00a0 \u00a0 \u00a0 \u00a0 \u00a0 \u00a0 \u00a0 \u00a0 \u00a0 \u00a0 \u00a0 \u00a0 \u00a0 \u00a0 \u00a0 \u00a0 \u00a0 \u00a0 \u00a0 \u00a0 \u00a0 \u00a0 \u00a0 \u00a0 \u00a0 \u00a0 \u00a0 \u00a0 \u00a0 \u00a0 \u00a0 \u00a0 \u00a0 \u00a0 \u00a0 \u00a0 \u00a0 \u00a0 \u00a0 \u00a0 \u00a0 \u00a0 \u00a0 \u00a0 \u00a0 \u00a0 \u00a0 \u00a0 \u00a0 Tarda: 15.00 \u2013 17.00 h (divendres tarda, tancat)<\/p>\n<h2><\/h2>\n<h2><strong><span style=\"color: #333399;\">Documents necessaris<\/span><\/strong><\/h2>\n<div>\n<p align=\"justify\">1. <a href=\"https:\/\/documents.espai.educacio.gencat.cat\/FormularisModels\/CentresGestioAdministrativa\/A89.pdf\">Full de sol\u00b7licitud<\/a> degudament complimentat<br \/>\n2.<a href=\"https:\/\/drive.google.com\/file\/d\/1JP8hzSNYoIg-XeepZSMxcYOsOsE2uC7u\/view?usp=sharing\"> Autoritzaci\u00f3 dret d&#8217;\u00fas d&#8217;imatges<\/a> degudament complimentada<br \/>\n3. <a href=\"https:\/\/drive.google.com\/file\/d\/1Zf2gI_Wo-RtYMjNg5V0LmoZXAtwi_qbc\/view?usp=sharing\">Carta de comprom\u00eds educatiu<\/a> degudament complimentada<br \/>\n4. Fotoc\u00f2pia del <strong>DNI, NIE <\/strong>o<strong> passaport<\/strong><strong><br \/>\n<\/strong>5. Fotoc\u00f2pia de la <strong>targeta sanit\u00e0ria<\/strong><strong><br \/>\n<\/strong>6. <strong>20 euros<\/strong> en concepte de material i equipament<\/p>\n<p>* Matr\u00edcula al <span style=\"text-decoration: underline;\">GES presencial<\/span> (Graduat en Educaci\u00f3 Secund\u00e0ria):<br \/>\n&#8211; Historial acad\u00e8mic<br \/>\n&#8211; Alumnes <strong>menors de 18 anys:<\/strong>\u00a0<a href=\"https:\/\/drive.google.com\/file\/d\/1e3BxiOUrFIWmgRiFF1rrVvkUvGRrOLSD\/view\" target=\"_blank\" rel=\"noopener\">Sol\u00b7licitud de matr\u00edcula per a menors<\/a><\/p>\n<\/div>\n<h2><\/h2>\n<h2><strong><span style=\"color: #333399;\">Quan comen\u00e7aran les classes<\/span><\/strong><\/h2>\n<p>L\u2019inici del curs escolar est\u00e0 previst a <strong>partir del 22 de setembre.<\/strong><\/p>\n<h2><\/h2>\n<h2><strong><span style=\"color: #333399;\">Quin \u00e9s el cost dels ensenyaments<\/span><\/strong><\/h2>\n<p style=\"text-align: justify;\">Els ensenyaments s\u00f3n gratu\u00efts. No hi ha cap taxa en concepte de matr\u00edcula ni mensualitat. L&#8217;aportaci\u00f3 <strong>en concepte de material i equipament<\/strong>, ser\u00e0 de <strong>20 euros per ensenyament.<\/strong> L&#8217;alumne haur\u00e0 de comprar els llibres en aquells ensenyaments que siguin requerits.<\/p>\n<p>&nbsp;<\/p>\n<h2><strong><span style=\"color: #333399;\">Com saber el nivell que es t\u00e9 per fer la preinscripci\u00f3<\/span><\/strong><\/h2>\n<p style=\"text-align: justify;\">Si teniu coneixements previs de l\u2019ensenyament a qu\u00e8 us voleu preinscriure, cal fer una valoraci\u00f3 per estudiar la vostra situaci\u00f3 concreta. En aquest cas, feu un correu a <a href=\"mailto:c5008583@xtec.cat\">c5008583@xtec.cat<\/a> especificant com a tema del missatge: <strong>&#8220;Prova d\u2019avaluaci\u00f3 inicial&#8221;<\/strong>, exposant el vostre cas, estudis previs, titulaci\u00f3 i un tel\u00e8fon de contacte.<\/p>\n<p>&nbsp;<\/p>\n<h2><strong><span style=\"color: #333399;\">Com es poden resoldre dubtes sobre la preinscripci\u00f3<\/span><\/strong><\/h2>\n<p style=\"text-align: justify;\">En cas de tenir dubtes que ni aquest document ni la informaci\u00f3 que hi ha a cfalaseu.cat no us resol, podeu fer un correu electr\u00f2nic a <a href=\"mailto:c5008583@xtec.cat\">c5008583@xtec.cat<\/a> o trucar al 973 36 06 04. Us recomanem preferentment utilitzar el correu electr\u00f2nic per fer les consultes posant com a tema del missatge: <strong>&#8220;Consulta sobre la preinscripci\u00f3&#8221;<\/strong>. Tamb\u00e9 us aconsellem que inclogueu un tel\u00e8fon m\u00f2bil per a poder-vos trucar, si \u00e9s necessari.<\/p>\n<p>&nbsp;<\/p>\n<h2><strong><span style=\"color: #333399;\">Com saber si s\u2019ha obtingut la pla\u00e7a sol\u00b7licitada<\/span><\/strong><\/h2>\n<p>A partir del <strong><span style=\"color: #000000;\">15 de juliol<\/span><\/strong> es publicaran el <strong>llistat d\u2019admesos i exclosos<\/strong> i la llista d\u2019espera, a l&#8217;entrada del centre i en aquesta p\u00e0gina web.<\/p>\n<h2><\/h2>\n<h2><strong><span style=\"color: #333399;\">Quan s\u2019haur\u00e0 de formalitzar la matr\u00edcula. Setembre<\/span><\/strong><\/h2>\n<p style=\"text-align: justify;\">\u25ba<strong>Del 2 al 9 de setembre<\/strong>: <strong>Si heu estat admesos<\/strong> en el per\u00edode de preinscripci\u00f3 de juny, <strong>la matr\u00edcula ser\u00e0 autom\u00e0tica<\/strong> (no caldr\u00e0 que feu cap m\u00e9s tr\u00e0mit). Preguem que ens aviseu nom\u00e9s si renuncieu a la pla\u00e7a.<\/p>\n<p style=\"text-align: justify;\">\u25ba<strong>A partir del 2 de setembre<\/strong>: Les persones que no heu realitzat la preinscripci\u00f3 al mes de juny, us podreu matricular<strong> en aquells ensenyaments que hi hagi vacants<\/strong>, tot i no haver-ne fet la preinscripci\u00f3.<\/p>\n<p style=\"text-align: justify;\">\u25ba<strong>A partir del 10 de setembre<\/strong>: Si heu quedat en<strong> llista d\u2019espera<\/strong> en l&#8217;ensenyament que us heu preinscrit en\u00a0 el per\u00edode de preinscripci\u00f3 de juny, us podreu matricular si es produeixen vacants en l&#8217;ensenyament sol\u00b7licitat.<\/p>\n<h2 align=\"justify\"><\/h2>\n<h2 align=\"justify\"><strong><span style=\"color: #333399;\">Matr\u00edcula de GES a dist\u00e0ncia (IOC)<\/span><\/strong><\/h2>\n<p><img loading=\"lazy\" decoding=\"async\" class=\"alignright\" src=\"https:\/\/agora.xtec.cat\/afalaseu\/wp-content\/uploads\/usu2367\/2023\/04\/IOC-3.png\" width=\"79\" height=\"65\" \/><\/p>\n<p align=\"justify\">Som centre de suport de l<a href=\"https:\/\/ioc.xtec.cat\/educacio\/\" target=\"_blank\" rel=\"nofollow noopener\">&#8216;IOC<\/a>\u00a0per a estudis de <strong>Graduat en Educaci\u00f3 Secund\u00e0ria<\/strong>.<\/p>\n<p align=\"justify\">El GES a dist\u00e0ncia es fa a trav\u00e9s de l&#8217;IOC i t\u00e9 unes dates especials de matr\u00edcula. Podeu consultar-les a la p\u00e0gina web de l&#8217;<a href=\"https:\/\/ioc.xtec.cat\/educacio\/\">IOC<\/a>.<\/p>\n<p align=\"justify\">Per al <strong>pr\u00f2xim trimestre de tardor<\/strong>, les dates de preinscripci\u00f3 i matr\u00edcula seran <strong>del 2 al 8 de setembre<\/strong>.<\/p>\n<p align=\"justify\">Per formalitzar la matr\u00edcula cal fer, primer, la preinscripci\u00f3 telem\u00e0tica a trav\u00e9s a trav\u00e9s de l<a href=\"https:\/\/ioc.xtec.cat\/educacio\/ges\" target=\"_blank\" rel=\"nofollow noopener\">&#8216;aplicatiu.<\/a><\/p>\n<p style=\"text-align: justify;\">Un cop feta la preinscripci\u00f3, <strong>cal posar-se en contacte amb el centre de Formaci\u00f3 d\u2019Adults<\/strong> per fer la matr\u00edcula. \u00c9s necessari <strong>demanar hora<\/strong> a trav\u00e9s del correu <a href=\"mailto:c5008583@xtec.cat\">c5008583@xtec.cat<\/a> posant com a tema del missatge: <strong>&#8220;Matr\u00edcula IOC&#8221;<\/strong>, a partir del 2 de setembre.<\/p>\n<p>&nbsp;<\/p>\n<h2><strong><span style=\"color: #333399;\">Documents<\/span><\/strong><\/h2>\n<ul>\n<li><a href=\"https:\/\/agora.xtec.cat\/afalaseu\/el-centre\/documents-administratius-de-lalumnat\/\" target=\"_blank\" rel=\"noopener\">Documents administratius per a l&#8217;alumnat<\/a><\/li>\n<\/ul>\n<p>&nbsp;<\/p>\n<h2><strong><span style=\"color: #333399;\">Enlla\u00e7os d&#8217;inter\u00e8s<\/span><\/strong><\/h2>\n<ul>\n<li><a href=\"https:\/\/triaeducativa.gencat.cat\/ca\/inici\">Oferta educativa del departament d&#8217;educaci\u00f3<\/a><\/li>\n<\/ul>\n<p>&nbsp;<\/p>\n<p align=\"justify\">\n","protected":false},"excerpt":{"rendered":"<p>Preinscripci\u00f3 del curs 2025 &#8211; 2026: del 19 al 27 de juny<br \/>\nPer\u00edode de matr\u00edcula 2025 &#8211; 2026: del 2 al 9 de setembre<br \/>\n&nbsp;<\/p>\n<p>Publicaci\u00f3 de l&#8217;oferta de places per ensenyament del curs 2025 &#8211; 2026: <a href=\"https:\/\/drive.google.com\/file\/d\/1u_njnFZ_kDX6hN5_ovi7doiVoO_-KaKv\/view?usp=sharing\">Enlla\u00e7<\/a><br \/>\nLlistes d&#8217;alumnat preinscrit:<br \/>\n\u00a0 \u00a0 \u00a0 \u00a0 Totes\u00a0 les persones&hellip;  <a href=\"https:\/\/agora.xtec.cat\/afalaseu\/ensenyaments\/preinscripcio-i-matricula\/\" title=\"Read Preinscripci\u00f3 i matr\u00edcula\">Llegeix m\u00e9s\u00bb<\/a><\/p>\n","protected":false},"author":1,"featured_media":0,"parent":274,"menu_order":0,"comment_status":"closed","ping_status":"closed","template":"page-templates\/side-menu.php","meta":{"_bbp_topic_count":0,"_bbp_reply_count":0,"_bbp_total_topic_count":0,"_bbp_total_reply_count":0,"_bbp_voice_count":0,"_bbp_anonymous_reply_count":0,"_bbp_topic_count_hidden":0,"_bbp_reply_count_hidden":0,"_bbp_forum_subforum_count":0,"footnotes":""},"class_list":["post-483","page","type-page","status-publish","hentry"],"post_mailing_queue_ids":[],"_links":{"self":[{"href":"https:\/\/agora.xtec.cat\/afalaseu\/wp-json\/wp\/v2\/pages\/483","targetHints":{"allow":["GET"]}}],"collection":[{"href":"https:\/\/agora.xtec.cat\/afalaseu\/wp-json\/wp\/v2\/pages"}],"about":[{"href":"https:\/\/agora.xtec.cat\/afalaseu\/wp-json\/wp\/v2\/types\/page"}],"author":[{"embeddable":true,"href":"https:\/\/agora.xtec.cat\/afalaseu\/wp-json\/wp\/v2\/users\/1"}],"replies":[{"embeddable":true,"href":"https:\/\/agora.xtec.cat\/afalaseu\/wp-json\/wp\/v2\/comments?post=483"}],"version-history":[{"count":6,"href":"https:\/\/agora.xtec.cat\/afalaseu\/wp-json\/wp\/v2\/pages\/483\/revisions"}],"predecessor-version":[{"id":2468,"href":"https:\/\/agora.xtec.cat\/afalaseu\/wp-json\/wp\/v2\/pages\/483\/revisions\/2468"}],"up":[{"embeddable":true,"href":"https:\/\/agora.xtec.cat\/afalaseu\/wp-json\/wp\/v2\/pages\/274"}],"wp:attachment":[{"href":"https:\/\/agora.xtec.cat\/afalaseu\/wp-json\/wp\/v2\/media?parent=483"}],"curies":[{"name":"wp","href":"https:\/\/api.w.org\/{rel}","templated":true}]}}