{"id":453,"date":"2023-03-01T19:14:07","date_gmt":"2023-03-01T18:14:07","guid":{"rendered":"https:\/\/agora.xtec.cat\/afalaseu\/?page_id=453"},"modified":"2023-09-06T13:55:16","modified_gmt":"2023-09-06T11:55:16","slug":"formacio-instumental","status":"publish","type":"page","link":"https:\/\/agora.xtec.cat\/afalaseu\/ensenyaments\/formacio-instumental\/","title":{"rendered":"Formaci\u00f3 B\u00e0sica &#8211; Instrumental"},"content":{"rendered":"<p style=\"text-align: justify;\">L&#8217;objectiu d&#8217;aquests estudis \u00e9s que les <strong>persones adultes<\/strong> aprenguin a <strong>llegir,\u00a0escriure i fer c\u00e0lculs <\/strong>elementals.<\/p>\n<p style=\"text-align: justify;\">La superaci\u00f3 d&#8217;aquests estudis permet l&#8217;obtenci\u00f3 del\u00a0<strong>certificat de formaci\u00f3 instrumental<\/strong>.<\/p>\n<p style=\"text-align: justify;\">Els continguts d&#8217;aquesta formaci\u00f3 s&#8217;organitzen en<strong> 4<\/strong> <strong>nivells<\/strong>:<\/p>\n<h2>Primer cicle (1r i 2n nivell)<\/h2>\n<p style=\"text-align: justify;\">El Primer cicle (1r i 2n nivell) l&#8217;aprenentatge es centra en l&#8217;<strong>adquisici\u00f3<\/strong> dels mecanismes fonamentals de <strong>lectura i escriptura i de c\u00e0lcu<\/strong>l, a m\u00e9s de nocions elementals sobre l&#8217;<strong>entorn social i natural<\/strong> i les <strong>noves tecnologies<\/strong>.<\/p>\n<h2 style=\"text-align: justify;\">Segon cicle (3r i 4t nivell)<\/h2>\n<p style=\"text-align: justify;\">El segon cicle (3r i 4t nivell)\u00a0es centra en <strong>consolidar<\/strong> aquests mecanismes i\u00a0els\u00a0coneixements que expliquen l&#8217;entorn, i\u00a0en el qual s&#8217;amplien els coneixements anteriors fins a assolir els objectius generals del cicle.<\/p>\n<p style=\"text-align: justify;\">El desenvolupament curricular per a l&#8217;assoliment de les compet\u00e8ncies clau, estructurat en tres \u00e0rees curriculars (ling\u00fc\u00edstica; matem\u00e0tica; medi natural, social i cultural) i dues compet\u00e8ncies transversals (digital; personal, social i laboral).<\/p>\n<p style=\"text-align: justify;\">La <strong>durada aproximada<\/strong> d&#8217;aquesta formaci\u00f3 \u00e9s de<strong>\u00a0980 hores<\/strong>. Aix\u00f2 no obstant, segons els coneixements previs, les necessitats formatives, i els ritmes d&#8217;aprenentatge de l&#8217;alumnat, la durada pot ser m\u00e9s llarga o menys.<\/p>\n<p style=\"text-align: justify;\">Poden accedir a aquests estudis totes les persones que tenen <strong>m\u00e9s de 18 anys<\/strong> o b\u00e9 els compleixen durant l&#8217;any natural en qu\u00e8 inicien la formaci\u00f3.<\/p>\n<p>Hi ha grups en <strong>horari de mat\u00ed<\/strong>. Les classes s\u00f3n de cinc dies a la setmana, segons el nivell, i durant tot el curs escolar.<\/p>\n<p><a href=\"https:\/\/docs.google.com\/document\/d\/1yn-9qPOoyaQfTZiM_eMzHzsPRyQ9Co0TEGS2B-1R8dw\/edit?usp=sharing\">Full informatiu<\/a><\/p>\n<p>&nbsp;<\/p>\n","protected":false},"excerpt":{"rendered":"<p>L&#8217;objectiu d&#8217;aquests estudis \u00e9s que les persones adultes aprenguin a llegir,\u00a0escriure i fer c\u00e0lculs elementals.<br \/>\nLa superaci\u00f3 d&#8217;aquests estudis permet l&#8217;obtenci\u00f3 del\u00a0certificat de formaci\u00f3 instrumental.<br \/>\nEls continguts d&#8217;aquesta formaci\u00f3 s&#8217;organitzen en 4 nivells:<br \/>\nPrimer cicle (1r i 2n nivell)<br \/>\nEl Primer cicle (1r i 2n nivell) l&#8217;aprenentatge es centra&hellip;  <a href=\"https:\/\/agora.xtec.cat\/afalaseu\/ensenyaments\/formacio-instumental\/\" title=\"Read Formaci\u00f3 B\u00e0sica &#8211; Instrumental\">Llegeix m\u00e9s\u00bb<\/a><\/p>\n","protected":false},"author":1,"featured_media":0,"parent":274,"menu_order":5,"comment_status":"closed","ping_status":"closed","template":"page-templates\/side-menu.php","meta":{"_bbp_topic_count":0,"_bbp_reply_count":0,"_bbp_total_topic_count":0,"_bbp_total_reply_count":0,"_bbp_voice_count":0,"_bbp_anonymous_reply_count":0,"_bbp_topic_count_hidden":0,"_bbp_reply_count_hidden":0,"_bbp_forum_subforum_count":0,"footnotes":""},"class_list":["post-453","page","type-page","status-publish","hentry"],"post_mailing_queue_ids":[],"_links":{"self":[{"href":"https:\/\/agora.xtec.cat\/afalaseu\/wp-json\/wp\/v2\/pages\/453","targetHints":{"allow":["GET"]}}],"collection":[{"href":"https:\/\/agora.xtec.cat\/afalaseu\/wp-json\/wp\/v2\/pages"}],"about":[{"href":"https:\/\/agora.xtec.cat\/afalaseu\/wp-json\/wp\/v2\/types\/page"}],"author":[{"embeddable":true,"href":"https:\/\/agora.xtec.cat\/afalaseu\/wp-json\/wp\/v2\/users\/1"}],"replies":[{"embeddable":true,"href":"https:\/\/agora.xtec.cat\/afalaseu\/wp-json\/wp\/v2\/comments?post=453"}],"version-history":[{"count":3,"href":"https:\/\/agora.xtec.cat\/afalaseu\/wp-json\/wp\/v2\/pages\/453\/revisions"}],"predecessor-version":[{"id":1561,"href":"https:\/\/agora.xtec.cat\/afalaseu\/wp-json\/wp\/v2\/pages\/453\/revisions\/1561"}],"up":[{"embeddable":true,"href":"https:\/\/agora.xtec.cat\/afalaseu\/wp-json\/wp\/v2\/pages\/274"}],"wp:attachment":[{"href":"https:\/\/agora.xtec.cat\/afalaseu\/wp-json\/wp\/v2\/media?parent=453"}],"curies":[{"name":"wp","href":"https:\/\/api.w.org\/{rel}","templated":true}]}}