{"id":451,"date":"2023-03-01T19:12:54","date_gmt":"2023-03-01T18:12:54","guid":{"rendered":"https:\/\/agora.xtec.cat\/afalaseu\/?page_id=451"},"modified":"2025-06-26T12:00:36","modified_gmt":"2025-06-26T10:00:36","slug":"llengua-italiana","status":"publish","type":"page","link":"https:\/\/agora.xtec.cat\/afalaseu\/ensenyaments\/llengues\/llengua-italiana\/","title":{"rendered":"Itali\u00e0"},"content":{"rendered":"<p><a href=\"https:\/\/agora.xtec.cat\/afalaseu\/wp-content\/uploads\/usu2367\/2023\/04\/italia.png\"><img loading=\"lazy\" decoding=\"async\" class=\"alignnone wp-image-701\" src=\"https:\/\/agora.xtec.cat\/afalaseu\/wp-content\/uploads\/usu2367\/2023\/04\/italia.png\" alt=\"\" width=\"51\" height=\"51\" srcset=\"https:\/\/agora.xtec.cat\/afalaseu\/wp-content\/uploads\/usu2367\/2023\/04\/italia.png 512w, https:\/\/agora.xtec.cat\/afalaseu\/wp-content\/uploads\/usu2367\/2023\/04\/italia-300x300.png 300w, https:\/\/agora.xtec.cat\/afalaseu\/wp-content\/uploads\/usu2367\/2023\/04\/italia-150x150.png 150w\" sizes=\"auto, (max-width: 51px) 100vw, 51px\" \/><\/a><\/p>\n<h3><span style=\"color: #000000;\"><strong>Full informatiu per a l&#8217;alumnat<\/strong><\/span><\/h3>\n<p><span style=\"font-weight: 400;\">Aquest m\u00f2dul t\u00e9 com a objectiu apropar l&#8217;alumnat a la llengua i la cultura italianes fins a assolir unes bases comunicatives corresponents al nivell <\/span><b>A2<\/b><span style=\"font-weight: 400;\"> d&#8217;Itali\u00e0 del Marc de Refer\u00e8ncia Europeu per a les Lleng\u00fces. Segons aquest marc, qui posseeix aquest nivell pot entendre i emprar expressions familiars d&#8217;\u00fas quotidi\u00e0 i frases molt senzilles per a satisfer necessitats de tipus concret en diferents situacions.\u00a0<\/span><\/p>\n<p><span style=\"font-weight: 400;\"> Al final d&#8217;aquest nivell, l&#8217;alumne ser\u00e0 capa\u00e7 de descriure les seves impressions i opinions sobre temes d&#8217;inter\u00e8s personal (per exemple, estils de vida, fets culturals, an\u00e8cdotes), utilitzant vocabulari b\u00e0sic i expressions quotidianes. Podr\u00e0 descriure projectes i \u00e8xits, h\u00e0bits i comportaments habituals, activitats quotidianes i experi\u00e8ncies personals.\u00a0<\/span><\/p>\n<p><span style=\"font-weight: 400;\">Estudiarem els elements gramaticals necessaris dins de situacions comunicatives concretes, alhora que explorarem el que ens ofereix culturalment aquest meravell\u00f3s pa\u00eds, It\u00e0lia, ple d&#8217;encant i curiositats.<\/span><\/p>\n<ul>\n<li>\n<h4><a href=\"https:\/\/docs.google.com\/document\/d\/1TFYGyLL6keoT9hcOsXhYO9Qzfe8kFZHDTBr2Gl21xL4\/edit\">Full informatiu Itali\u00e0 A2 <\/a><span style=\"color: #333333;\">(consulteu el material necessari)<\/span><\/h4>\n<\/li>\n<\/ul>\n","protected":false},"excerpt":{"rendered":"<p><a href=\"https:\/\/agora.xtec.cat\/afalaseu\/wp-content\/uploads\/usu2367\/2023\/04\/italia.png\"><\/a><br \/>\nFull informatiu per a l&#8217;alumnat<br \/>\nAquest m\u00f2dul t\u00e9 com a objectiu apropar l&#8217;alumnat a la llengua i la cultura italianes fins a assolir unes bases comunicatives corresponents al nivell A2 d&#8217;Itali\u00e0 del Marc de Refer\u00e8ncia Europeu per a les Lleng\u00fces. Segons aquest marc, qui posseeix&hellip;  <a href=\"https:\/\/agora.xtec.cat\/afalaseu\/ensenyaments\/llengues\/llengua-italiana\/\" title=\"Read Itali\u00e0\">Llegeix m\u00e9s\u00bb<\/a><\/p>\n","protected":false},"author":1,"featured_media":0,"parent":499,"menu_order":50,"comment_status":"closed","ping_status":"closed","template":"page-templates\/side-menu.php","meta":{"_bbp_topic_count":0,"_bbp_reply_count":0,"_bbp_total_topic_count":0,"_bbp_total_reply_count":0,"_bbp_voice_count":0,"_bbp_anonymous_reply_count":0,"_bbp_topic_count_hidden":0,"_bbp_reply_count_hidden":0,"_bbp_forum_subforum_count":0,"footnotes":""},"class_list":["post-451","page","type-page","status-publish","hentry"],"post_mailing_queue_ids":[],"_links":{"self":[{"href":"https:\/\/agora.xtec.cat\/afalaseu\/wp-json\/wp\/v2\/pages\/451","targetHints":{"allow":["GET"]}}],"collection":[{"href":"https:\/\/agora.xtec.cat\/afalaseu\/wp-json\/wp\/v2\/pages"}],"about":[{"href":"https:\/\/agora.xtec.cat\/afalaseu\/wp-json\/wp\/v2\/types\/page"}],"author":[{"embeddable":true,"href":"https:\/\/agora.xtec.cat\/afalaseu\/wp-json\/wp\/v2\/users\/1"}],"replies":[{"embeddable":true,"href":"https:\/\/agora.xtec.cat\/afalaseu\/wp-json\/wp\/v2\/comments?post=451"}],"version-history":[{"count":7,"href":"https:\/\/agora.xtec.cat\/afalaseu\/wp-json\/wp\/v2\/pages\/451\/revisions"}],"predecessor-version":[{"id":2420,"href":"https:\/\/agora.xtec.cat\/afalaseu\/wp-json\/wp\/v2\/pages\/451\/revisions\/2420"}],"up":[{"embeddable":true,"href":"https:\/\/agora.xtec.cat\/afalaseu\/wp-json\/wp\/v2\/pages\/499"}],"wp:attachment":[{"href":"https:\/\/agora.xtec.cat\/afalaseu\/wp-json\/wp\/v2\/media?parent=451"}],"curies":[{"name":"wp","href":"https:\/\/api.w.org\/{rel}","templated":true}]}}