{"id":314,"date":"2015-01-28T11:33:13","date_gmt":"2015-01-28T10:33:13","guid":{"rendered":"http:\/\/agora.xtec.cat\/afalaseu\/?page_id=314"},"modified":"2025-09-18T09:21:47","modified_gmt":"2025-09-18T07:21:47","slug":"llengua-francesa","status":"publish","type":"page","link":"https:\/\/agora.xtec.cat\/afalaseu\/ensenyaments\/llengues\/llengua-francesa\/","title":{"rendered":"Franc\u00e8s"},"content":{"rendered":"<h3 style=\"text-align: left;\"><a href=\"https:\/\/agora.xtec.cat\/afalaseu\/wp-content\/uploads\/usu2367\/2023\/04\/francia.png\"><img loading=\"lazy\" decoding=\"async\" class=\"alignnone wp-image-700\" src=\"https:\/\/agora.xtec.cat\/afalaseu\/wp-content\/uploads\/usu2367\/2023\/04\/francia.png\" alt=\"\" width=\"42\" height=\"42\" srcset=\"https:\/\/agora.xtec.cat\/afalaseu\/wp-content\/uploads\/usu2367\/2023\/04\/francia.png 512w, https:\/\/agora.xtec.cat\/afalaseu\/wp-content\/uploads\/usu2367\/2023\/04\/francia-300x300.png 300w, https:\/\/agora.xtec.cat\/afalaseu\/wp-content\/uploads\/usu2367\/2023\/04\/francia-150x150.png 150w\" sizes=\"auto, (max-width: 42px) 100vw, 42px\" \/><\/a><\/h3>\n<p style=\"text-align: left;\"><a class=\"button large\" style=\"padding: 1em; font-weight: 400; margin: 0.1em; color: white !important; background-color: #087eb6;\" href=\"https:\/\/docs.google.com\/forms\/d\/e\/1FAIpQLSffoYbqBkpLOXfbzAkn4osV-LopyWR35UM6tS4X0FNg7-QIyQ\/viewform\" target=\"_blank\" rel=\"noopener noreferrer\">Prova de nivell<\/a><\/p>\n<p>&nbsp;<\/p>\n<h3 style=\"text-align: justify;\"><strong><span style=\"color: #000000;\">Fulls informatius alumnat <\/span><\/strong><span style=\"color: #000000;\"><strong>(curs 2024-25)<\/strong><\/span><\/h3>\n<ul style=\"text-align: justify;\">\n<li>\n<h4><a href=\"https:\/\/docs.google.com\/document\/d\/10OpHc_rxL9Pw-3qvVRmaZFmZcUkuiDKGQ6sjEfBTcDk\/edit?usp=sharing\">Franc\u00e8s 1<\/a><\/h4>\n<\/li>\n<li>\n<h4><a href=\"https:\/\/docs.google.com\/document\/d\/1O9kid9Y7oIjyVV8K5sdUh_hvwPv9bpKTQxyiEwsppiU\/edit?usp=sharing\">Franc\u00e8s 2<\/a><\/h4>\n<\/li>\n<li>\n<h4><a href=\"https:\/\/docs.google.com\/document\/d\/1vlOdreNNIXSOcADEcV86F3B_b_Pp8ZnCnxeUx63RYMM\/edit?usp=sharing\">Franc\u00e8s 3<\/a><\/h4>\n<\/li>\n<\/ul>\n<p>&nbsp;<\/p>\n<h1 style=\"text-align: justify;\">FRANC\u00c8S 1 Nivell B\u00e0sic A1<\/h1>\n<p style=\"text-align: justify;\">Adre\u00e7at a persones que volen iniciar-se en l&#8217;estudi de la llengua francesa.<\/p>\n<p style=\"text-align: justify;\">T\u00e9 per finalitat que l&#8217;estudiant sigui capa\u00e7 de comunicar-se de forma b\u00e0sica en la nova llengua estrangera per fer front a situacions quotidianes i satisfer necessitats b\u00e0siques.<\/p>\n<p style=\"text-align: justify;\">T\u00e9 una durada de <strong>105 hores<\/strong>, distribu\u00efdes en <strong>3 hores setmanals<\/strong>.<\/p>\n<p>&nbsp;<\/p>\n<h1 style=\"text-align: justify;\">FRANC\u00c8S 2 Nivell B\u00e0sic A2.1<\/h1>\n<p style=\"text-align: justify;\">Adre\u00e7at a alumnes que han superat el nivell A1 i a persones que ja tenen coneixements b\u00e0sics de la llengua francesa.<\/p>\n<p style=\"text-align: justify;\">T\u00e9 per finalitat que l&#8217;estudiant sigui capa\u00e7 de comunicar-se en la nova llengua estrangera amb certa flu\u00efdesa per fer front a situacions quotidianes i satisfer necessitats b\u00e0siques.<\/p>\n<p style=\"text-align: justify;\">T\u00e9 una durada de <strong>140 hores<\/strong>, distribu\u00efdes en <strong>4 hores setmanals<\/strong>.<\/p>\n<p>&nbsp;<\/p>\n<h1 style=\"text-align: justify;\">FRANC\u00c8S 3 Nivell B\u00e0sic A2.2<\/h1>\n<p style=\"text-align: justify;\">Adre\u00e7at a alumnes que han superat el nivell A2.1 i a persones que tenen coneixements b\u00e0sics de la llengua francesa.<\/p>\n<p style=\"text-align: justify;\">T\u00e9 per finalitat que l&#8217;estudiant sigui capa\u00e7 de comunicar-se en la nova llengua estrangera amb certa flu\u00efdesa per fer front a situacions quotidianes i satisfer necessitats b\u00e0siques, aix\u00ed com ser capa\u00e7 de comunicar-se de forma b\u00e0sica en un entorn pluriling\u00fce i multicultural.<\/p>\n<p style=\"text-align: justify;\">T\u00e9 una durada de <strong>140 hores<\/strong>, distribu\u00efdes en <strong>4 hores setmanals<\/strong>.<\/p>\n<p>&nbsp;<\/p>\n<h3 style=\"text-align: justify;\">Normativa<\/h3>\n<p style=\"text-align: justify;\"><a href=\"http:\/\/dogc.gencat.cat\/ca\/pdogc_canals_interns\/pdogc_resultats_fitxa\/?action=fitxa&amp;mode=single&amp;documentId=821281&amp;language=ca_ES\">RESOLUCI\u00d3 ENS\/1403\/2018, de 21 de juny<\/a>, per la qual s&#8217;estableix el curr\u00edculum de lleng\u00fces estrangeres als centres de formaci\u00f3 d&#8217;adults del Departament d&#8217;Ensenyament.<\/p>\n<h3 style=\"text-align: justify;\">Descripci\u00f3<\/h3>\n<p style=\"text-align: justify;\">Aquests estudis permeten que l&#8217;estudiant assoleixi els objectius i les compet\u00e8ncies del nivell A 2 del Marc Europeu Com\u00fa de Refer\u00e8ncia per a les Lleng\u00fces (MECRL), en acabar els tres cursos (nivell 1, nivell 2 i nivell 3).<\/p>\n<h3 style=\"text-align: justify;\">Continguts<\/h3>\n<p style=\"text-align: justify;\">En aquest ensenyament es treballen les habilitats de comprensi\u00f3 i expressi\u00f3 orals i escrites que permeten fer front a situacions ling\u00fc\u00edstiques de la vida quotidiana i comunicar-se de forma b\u00e0sica en un entorn pluriling\u00fce i multicultural.<\/p>\n<h3 style=\"text-align: justify;\">Acc\u00e9s<\/h3>\n<p style=\"text-align: justify;\">Poden accedir a aquests estudis totes les persones que tenen m\u00e9s de 18 anys o b\u00e9 els compleixen durant l&#8217;any natural en qu\u00e8 inicien la formaci\u00f3.<\/p>\n<h3 style=\"text-align: justify;\">Continu\u00eftat<\/h3>\n<p style=\"text-align: justify;\">Un cop finalitzats aquests estudis, es pot continuar la formaci\u00f3 en una Escola Oficial d&#8217;Idiomes, accedint al 3r curs sense haver de superar una prova de nivell.<\/p>\n<p>&nbsp;<\/p>\n<h2 style=\"text-align: justify;\"><span style=\"text-decoration: underline;\">Recursos de consulta en l\u00ednia<\/span><\/h2>\n<h3 style=\"text-align: justify;\"><span style=\"color: #000000;\">Dictionnaires<\/span><b><\/b><\/h3>\n<div style=\"text-align: justify;\"><\/div>\n<ul style=\"text-align: justify;\">\n<li dir=\"ltr\"><a href=\"http:\/\/www.wordreference.com\/\" rel=\"nofollow\">WordReference<\/a><\/li>\n<\/ul>\n<div style=\"text-align: justify;\"><\/div>\n<ul style=\"text-align: justify;\">\n<li dir=\"ltr\"><a href=\"https:\/\/www.linguee.fr\/\" rel=\"nofollow\">Linguee<\/a><\/li>\n<\/ul>\n<h3 style=\"text-align: justify;\"><span style=\"color: #000000;\">Ressources<\/span><\/h3>\n<div style=\"text-align: justify;\"><span style=\"font-size: large;\"><b><span style=\"font-size: small;\">\u00a0<\/span><\/b><\/span><span style=\"font-size: large;\"><b><span style=\"font-size: small;\">\u00a0<\/span><\/b><\/span><\/div>\n<ul style=\"text-align: justify;\">\n<li dir=\"ltr\"><a href=\"http:\/\/la-conjugaison.nouvelobs.com\/\" rel=\"nofollow\">Conjugaison <\/a><\/li>\n<\/ul>\n<div style=\"text-align: justify;\"><\/div>\n<ul style=\"text-align: justify;\">\n<li dir=\"ltr\"><i><a href=\"https:\/\/www.lepointdufle.net\/\" rel=\"nofollow\">Lepointdufle.net<\/a><\/i><i>\u00a0<\/i> (Ressources de fran\u00e7ais)<\/li>\n<\/ul>\n<div style=\"text-align: justify;\"><\/div>\n<ul style=\"text-align: justify;\">\n<li dir=\"ltr\"><a href=\"http:\/\/www.dicoz.fr\/\" rel=\"nofollow\">Dicoz<\/a>\u00a0 (Aide pour l&#8217;orthographe)<\/li>\n<\/ul>\n<div style=\"text-align: justify;\"><\/div>\n<ul style=\"text-align: justify;\">\n<li dir=\"ltr\"><a href=\"https:\/\/www.francaisavecpierre.com\/\" rel=\"nofollow\">Fran\u00e7ais avec Pierre<\/a>\u00a0 (Mat\u00e9riel pour apprendre le fran\u00e7ais)<\/li>\n<\/ul>\n<div style=\"text-align: justify;\"><\/div>\n<ul style=\"text-align: justify;\">\n<li dir=\"ltr\"><a href=\"http:\/\/www.bonjourdefrance.com\/\" rel=\"nofollow\">Bonjour de France<\/a><\/li>\n<\/ul>\n<div style=\"text-align: justify;\"><\/div>\n<ul style=\"text-align: justify;\">\n<li dir=\"ltr\"><a href=\"http:\/\/www.francaisfacile.com\/\" rel=\"nofollow\">Fran\u00e7ais facile<\/a><\/li>\n<\/ul>\n<div style=\"text-align: justify;\"><\/div>\n<ul style=\"text-align: justify;\">\n<li dir=\"ltr\"><a href=\"http:\/\/www.aulafacil.com\/cursos\/c89\/idiomas\/frances\" rel=\"nofollow\">AulaFacil<\/a><\/li>\n<\/ul>\n<div style=\"text-align: justify;\"><\/div>\n<ul style=\"text-align: justify;\">\n<li dir=\"ltr\"><a href=\"https:\/\/apprendre.tv5monde.com\/fr\" rel=\"nofollow\">TV5 Monde<\/a><\/li>\n<\/ul>\n<div style=\"text-align: justify;\"><\/div>\n<ul style=\"text-align: justify;\">\n<li dir=\"ltr\"><a href=\"https:\/\/www.languagelevel.com\/french\/index.htm\" target=\"_blank\" rel=\"nofollow noopener\">LanguageLevel<\/a> (Pour tester votre niveau)<\/li>\n<\/ul>\n<div style=\"text-align: justify;\"><\/div>\n<ul style=\"text-align: justify;\">\n<li dir=\"ltr\"><a href=\"http:\/\/xtec.gencat.cat\/ca\/recursos\/lestrangeres\/frances\" target=\"_blank\" rel=\"nofollow noopener\">Recursos XTEC Franc\u00e8s<\/a><\/li>\n<\/ul>\n<p>&nbsp;<\/p>\n<h2 style=\"text-align: justify;\"><span style=\"text-decoration: underline;\">Metodologia<\/span><\/h2>\n<p style=\"text-align: justify;\">La metodologia did\u00e0ctica es basa en l&#8217;enfocament comunicatiu i prioritza el desenvolupament de les habilitats ling\u00fc\u00edstiques comunicatives. Les habilitats que es treballen s\u00f3n\u00a0<b>comprensi\u00f3<\/b>\u00a0i\u00a0<b>expressi\u00f3 orals<\/b>\u00a0i\u00a0<b>escrites<\/b>, que permetran fer front a situacions ling\u00fc\u00edstiques de la vida quotidiana i comunicar-se de forma b\u00e0sica en un entorn pluriling\u00fce i multicultural.<b><br \/>\n<\/b><span style=\"font-size: large;\"><br \/>\n<\/span><span style=\"font-size: large;\"><span style=\"font-size: medium;\">Les compet\u00e8ncies en l\u2019aprenentatge de la llengua s\u2019agrupen en tres dimensions: la dimensi\u00f3 comunicativa (comunicaci\u00f3 oral, comprensi\u00f3 lectora, expressi\u00f3 escrita), la dimensi\u00f3 actitudinal i la dimensi\u00f3 liter\u00e0ria.<\/span><\/span><\/p>\n<p style=\"text-align: justify;\">L&#8217;enfocament metodol\u00f2gic a l&#8217;aula ha de ser reflexiu, col\u00b7laboratiu, aut\u00f2nom i comunicatiu. Ha de tenir a l&#8217;estudiant com a eix fonamental, i per tant aquest ha de poder interactuar activament en el proc\u00e9s d&#8217;ensenyament-aprenentatge. Ha d&#8217;oferir-li situacions, temes i tasques propers als seus interessos i alhora s&#8217;ha de relacionar amb les seves experi\u00e8ncies actuals o futures.<\/p>\n","protected":false},"excerpt":{"rendered":"<p><a href=\"https:\/\/agora.xtec.cat\/afalaseu\/wp-content\/uploads\/usu2367\/2023\/04\/francia.png\"><\/a><br \/>\n<a class=\"button large\" style=\"padding: 1em; font-weight: 400; margin: 0.1em; color: white !important; background-color: #087eb6;\" href=\"https:\/\/docs.google.com\/forms\/d\/e\/1FAIpQLSffoYbqBkpLOXfbzAkn4osV-LopyWR35UM6tS4X0FNg7-QIyQ\/viewform\" target=\"_blank\" rel=\"noopener noreferrer\">Prova de nivell<\/a><br \/>\n&nbsp;<br \/>\nFulls informatius alumnat (curs 2024-25)<\/p>\n<ul style=\"text-align: justify;\">\n<li>\n<a href=\"https:\/\/docs.google.com\/document\/d\/10OpHc_rxL9Pw-3qvVRmaZFmZcUkuiDKGQ6sjEfBTcDk\/edit?usp=sharing\">Franc\u00e8s 1<\/a>\n<\/li>\n<li>\n<a href=\"https:\/\/docs.google.com\/document\/d\/1O9kid9Y7oIjyVV8K5sdUh_hvwPv9bpKTQxyiEwsppiU\/edit?usp=sharing\">Franc\u00e8s 2<\/a>\n<\/li>\n<li>\n<a href=\"https:\/\/docs.google.com\/document\/d\/1vlOdreNNIXSOcADEcV86F3B_b_Pp8ZnCnxeUx63RYMM\/edit?usp=sharing\">Franc\u00e8s 3<\/a>\n<\/li>\n<\/ul>\n<p>&nbsp;<br \/>\nFRANC\u00c8S 1 Nivell B\u00e0sic A1<br \/>\nAdre\u00e7at a persones que volen iniciar-se en l&#8217;estudi de&hellip;  <a href=\"https:\/\/agora.xtec.cat\/afalaseu\/ensenyaments\/llengues\/llengua-francesa\/\" title=\"Read Franc\u00e8s\">Llegeix m\u00e9s\u00bb<\/a><\/p>\n","protected":false},"author":1,"featured_media":0,"parent":499,"menu_order":40,"comment_status":"closed","ping_status":"closed","template":"page-templates\/side-menu.php","meta":{"_bbp_topic_count":0,"_bbp_reply_count":0,"_bbp_total_topic_count":0,"_bbp_total_reply_count":0,"_bbp_voice_count":0,"_bbp_anonymous_reply_count":0,"_bbp_topic_count_hidden":0,"_bbp_reply_count_hidden":0,"_bbp_forum_subforum_count":0,"footnotes":""},"class_list":["post-314","page","type-page","status-publish","hentry"],"post_mailing_queue_ids":[],"_links":{"self":[{"href":"https:\/\/agora.xtec.cat\/afalaseu\/wp-json\/wp\/v2\/pages\/314","targetHints":{"allow":["GET"]}}],"collection":[{"href":"https:\/\/agora.xtec.cat\/afalaseu\/wp-json\/wp\/v2\/pages"}],"about":[{"href":"https:\/\/agora.xtec.cat\/afalaseu\/wp-json\/wp\/v2\/types\/page"}],"author":[{"embeddable":true,"href":"https:\/\/agora.xtec.cat\/afalaseu\/wp-json\/wp\/v2\/users\/1"}],"replies":[{"embeddable":true,"href":"https:\/\/agora.xtec.cat\/afalaseu\/wp-json\/wp\/v2\/comments?post=314"}],"version-history":[{"count":7,"href":"https:\/\/agora.xtec.cat\/afalaseu\/wp-json\/wp\/v2\/pages\/314\/revisions"}],"predecessor-version":[{"id":2478,"href":"https:\/\/agora.xtec.cat\/afalaseu\/wp-json\/wp\/v2\/pages\/314\/revisions\/2478"}],"up":[{"embeddable":true,"href":"https:\/\/agora.xtec.cat\/afalaseu\/wp-json\/wp\/v2\/pages\/499"}],"wp:attachment":[{"href":"https:\/\/agora.xtec.cat\/afalaseu\/wp-json\/wp\/v2\/media?parent=314"}],"curies":[{"name":"wp","href":"https:\/\/api.w.org\/{rel}","templated":true}]}}