{"id":312,"date":"2015-01-28T11:32:38","date_gmt":"2015-01-28T10:32:38","guid":{"rendered":"http:\/\/agora.xtec.cat\/afalaseu\/?page_id=312"},"modified":"2025-07-31T10:46:45","modified_gmt":"2025-07-31T08:46:45","slug":"llengua-anglesa","status":"publish","type":"page","link":"https:\/\/agora.xtec.cat\/afalaseu\/ensenyaments\/llengues\/llengua-anglesa\/","title":{"rendered":"Angl\u00e8s"},"content":{"rendered":"<p><a href=\"https:\/\/drive.google.com\/file\/d\/1VTVYssvNU5-w4e7qvyuF1Kgz5A327d4T\/view?usp=sharing\"><img loading=\"lazy\" decoding=\"async\" class=\"alignnone wp-image-702\" src=\"https:\/\/agora.xtec.cat\/afalaseu\/wp-content\/uploads\/usu2367\/2023\/04\/reino-unido.png\" alt=\"\" width=\"51\" height=\"51\" srcset=\"https:\/\/agora.xtec.cat\/afalaseu\/wp-content\/uploads\/usu2367\/2023\/04\/reino-unido.png 512w, https:\/\/agora.xtec.cat\/afalaseu\/wp-content\/uploads\/usu2367\/2023\/04\/reino-unido-300x300.png 300w, https:\/\/agora.xtec.cat\/afalaseu\/wp-content\/uploads\/usu2367\/2023\/04\/reino-unido-150x150.png 150w\" sizes=\"auto, (max-width: 51px) 100vw, 51px\" \/><\/a><\/p>\n<h3 style=\"text-align: justify;\"><a href=\"https:\/\/drive.google.com\/file\/d\/1z2A2h_jfIG7mmSMCL0RkHsGDPzUXNpjP\/view?usp=drive_link\"><span style=\"color: #800080;\">LLIBRES CURS 2025-2026<\/span><\/a><\/h3>\n<h3 style=\"text-align: justify;\"><a href=\"https:\/\/agora.xtec.cat\/afalaseu\/ensenyaments\/llengues\/llengua-anglesa\/fitxers-angles\/\">Fitxers vacances<\/a><\/h3>\n<p style=\"text-align: justify;\"><a class=\"button large\" style=\"padding: 1em; font-weight: 400; margin: 0.1em; color: white !important; background-color: #087eb6;\" href=\"https:\/\/docs.google.com\/forms\/d\/e\/1FAIpQLSeBF6PY1fY-nrb3rliGhGDadxvuN0iRHcMpgHQe63wPWDqzCg\/viewform\" target=\"_blank\" rel=\"noopener noreferrer\">Prova de nivell<\/a><\/p>\n<h3><\/h3>\n<p>&nbsp;<\/p>\n<h3 style=\"text-align: justify;\"><span style=\"color: #000000;\"><strong>Fulls informatius alumnat <\/strong><\/span><span style=\"color: #000000;\"><strong>(curs 2025-26)<\/strong><\/span><\/h3>\n<ul style=\"text-align: justify;\">\n<li>\n<h4><a href=\"https:\/\/docs.google.com\/document\/d\/1NziK9j0PAbwDHvpqGWyNtqs8UojvjbtM5v6oxkbylAk\/edit?usp=sharing\">Angl\u00e8s 1<\/a><\/h4>\n<\/li>\n<li>\n<h4><a href=\"https:\/\/docs.google.com\/document\/d\/1LksEd-J-LdAv-tACMJWi4PaADArnpZXi8X4X5ZnT88U\/edit?usp=sharing\">Angl\u00e8s 2<\/a><\/h4>\n<\/li>\n<li>\n<h4><a href=\"https:\/\/docs.google.com\/document\/d\/1MMZmTCr9T9M-BvsAOl2bYvrVt4JnOqE7fMY95pGACzA\/edit?usp=sharing\">Angl\u00e8s 3<\/a><\/h4>\n<\/li>\n<\/ul>\n<p>&nbsp;<\/p>\n<h1 style=\"text-align: justify;\"><\/h1>\n<h1 style=\"text-align: justify;\">ANGL\u00c8S 1 Nivell B\u00e0sic A1<\/h1>\n<p style=\"text-align: justify;\">A qui va adre\u00e7at aquest curs?<\/p>\n<p style=\"text-align: justify;\">Aquest curs est\u00e0 adre\u00e7at adre\u00e7at a totes aquelles persones que es volen iniciar en l\u2019estudi de la llengua anglesa. Per tant, \u00e9s un curs pensat per a gent que no t\u00e9 cap coneixement o molt pocs coneixements d\u2019angl\u00e8s.<\/p>\n<p style=\"text-align: justify;\">T\u00e9 una durada de <strong>140 hores<\/strong>, distribu\u00efdes en <strong>4 hores setmanals<\/strong>.<\/p>\n<p>&nbsp;<\/p>\n<h1 style=\"text-align: justify;\">ANGL\u00c8S 2 Nivell B\u00e0sic A2.1<\/h1>\n<p style=\"text-align: justify;\">A qui va adre\u00e7at aquest curs?<br \/>\nAquest curs est\u00e0 adre\u00e7at a alumnes que han superat el nivell A1 i alumnes que tenen coneixements b\u00e0sics de la llengua anglesa.<\/p>\n<p style=\"text-align: justify;\">T\u00e9 una durada de <strong>140 hores<\/strong>, distribu\u00efdes en <strong>4 hores setmanals<\/strong>.<\/p>\n<p>&nbsp;<\/p>\n<h1 style=\"text-align: justify;\">ANGL\u00c8S 3 Nivell B\u00e0sic A2.2<\/h1>\n<p style=\"text-align: justify;\">A qui va adre\u00e7at aquest curs?<br \/>\nAquest curs est\u00e0 adre\u00e7at a alumnes que han superat el nivell A2.1 i alumnes que tenen coneixements b\u00e0sics de la llengua anglesa.<\/p>\n<p style=\"text-align: justify;\">T\u00e9 una durada de <strong>140 hores<\/strong>, distribu\u00efdes en <strong>4 hores setmanals<\/strong>.<\/p>\n<p>&nbsp;<\/p>\n<h3 style=\"text-align: justify;\"><\/h3>\n<h3 style=\"text-align: justify;\">Normativa<\/h3>\n<p style=\"text-align: justify;\">Els nous ensenyaments d&#8217;angl\u00e8s estan basats en la <a href=\"http:\/\/portaldogc.gencat.cat\/utilsEADOP\/PDF\/7652\/1683438.pdf\">RESOLUCI\u00d3 ENS\/1403\/2018<\/a>, de 21 de juny, per la qual s&#8217;estableix el curr\u00edculum de lleng\u00fces estrangeres als centres formaci\u00f3 d&#8217;adults del Departament d&#8217;Ensenyament.<\/p>\n<h3 style=\"text-align: justify;\">Descripci\u00f3<\/h3>\n<p style=\"text-align: justify;\">Aquests estudis permeten que les persones adultes assoleixin un grau de compet\u00e8ncia comunicativa b\u00e0sica en angl\u00e8s. A partir del curs 2013-2014 aquests estudis inclouen els nivells 1, 2 i 3, que es corresponen amb els nivells A1, A2.1 i A2.2 respectivament, del MECR &#8211; Marc Europeu Com\u00fa de Refer\u00e8ncia per a les Lleng\u00fces: aprendre, ensenyar, avaluar.<\/p>\n<h3 style=\"text-align: justify;\">Continguts<\/h3>\n<p style=\"text-align: justify;\">En aquest ensenyament es treballen les habilitats de comprensi\u00f3 i expressi\u00f3 orals i escrites que permeten fer front a la major part de situacions ling\u00fc\u00edstiques de la vida quotidiana i comunicar-se de forma b\u00e0sica en un enton pluriling\u00fce i multicultural.<\/p>\n<h3 style=\"text-align: justify;\">Acc\u00e9s<\/h3>\n<p style=\"text-align: justify;\">Poden accedir a aquests estudis totes les persones que tenen m\u00e9s de 18 anys o b\u00e9 els compleixen durant l&#8217;any natural en qu\u00e8 inicien la formaci\u00f3.<\/p>\n<h3 style=\"text-align: justify;\">Continu\u00eftat<\/h3>\n<p style=\"text-align: justify;\">Un cop finalitzats aquests estudis, es pot continuar la formaci\u00f3 en una escola oficial d&#8217;idiomes, accedint al nivell de 3r sense haver de superar una prova de nivell.<\/p>\n<p>&nbsp;<\/p>\n<h2 style=\"text-align: justify;\"><span style=\"text-decoration: underline;\">Interesting links<\/span><\/h2>\n<h3 style=\"text-align: justify;\"><span style=\"color: #000000;\">Dictionaries<\/span><\/h3>\n<ul style=\"text-align: justify;\">\n<li><a href=\"http:\/\/www.wordreference.com\/\">http:\/\/www.wordreference.com\/<\/a><\/li>\n<li><a href=\"http:\/\/www.oed.com\/\">http:\/\/www.oed.com\/<\/a> (Oxford dictionary)<\/li>\n<li><a href=\"https:\/\/www.collinsdictionary.com\/\">https:\/\/www.collinsdictionary.com\/<\/a><\/li>\n<\/ul>\n<h3 style=\"text-align: justify;\"><span style=\"color: #000000;\">Resources<\/span><\/h3>\n<ul>\n<li style=\"text-align: justify;\"><a href=\"http:\/\/elt.oup.com\/student\/englishfile\/?cc=us&amp;selLanguage=en\">http:\/\/elt.oup.com\/student\/englishfile\/?c=us&amp;selLanguage=en<\/a> (web del llibre de text)<\/li>\n<li style=\"text-align: justify;\"><a href=\"http:\/\/learnenglish.britishcouncil.org\/en\/grammar-and-vocabulary\">http:\/\/learnenglish.britishcouncil.org\/en\/grammar-and-vocabulary<\/a><\/li>\n<li style=\"text-align: justify;\"><a href=\"http:\/\/mural.uv.es\/diezan\/recursos.htm\">http:\/\/mural.uv.es\/diezan\/recursos.htm<\/a> (Llistat de Recursos)<\/li>\n<li style=\"text-align: justify;\"><a href=\"http:\/\/www.agendaweb.org\/\">http:\/\/www.agendaweb.org\/<\/a> (Recursos)<\/li>\n<li style=\"text-align: justify;\"><a href=\"http:\/\/www.britishcouncil.org\/kids.htm\">http:\/\/www.britishcouncil.org\/kids.htm<\/a><br \/>\n(en especial, els apartats de songs i stories, us permetran escoltar can\u00e7ons senzilles i contes per a infants)<\/li>\n<li style=\"text-align: justify;\"><a href=\"http:\/\/www.manythings.org\/e\/easy.html\">http:\/\/www.manythings.org\/e\/easy.html<\/a><\/li>\n<li style=\"text-align: justify;\"><a href=\"http:\/\/www.saberingles.com.ar\/\">http:\/\/www.saberingles.com.ar\/<\/a><\/li>\n<li style=\"text-align: justify;\"><a href=\"http:\/\/www.tolearnenglish.com\/free\/news\/pdfg.php\">To Learn English<\/a> (Tets interactius de gram\u00e0tica anglesa per imprimir o fer en l\u00ednia)<\/li>\n<li style=\"text-align: justify;\"><a href=\"https:\/\/drive.google.com\/file\/d\/0B-hmvC1Px6CFUXdXZTAzUjRGWlE\/view?usp=sharing\">Third Level Oral Exam<\/a> (Useful language)<\/li>\n<\/ul>\n","protected":false},"excerpt":{"rendered":"<p><a href=\"https:\/\/drive.google.com\/file\/d\/1VTVYssvNU5-w4e7qvyuF1Kgz5A327d4T\/view?usp=sharing\"><\/a><br \/>\n<a href=\"https:\/\/drive.google.com\/file\/d\/1z2A2h_jfIG7mmSMCL0RkHsGDPzUXNpjP\/view?usp=drive_link\">LLIBRES CURS 2025-2026<\/a><br \/>\n<a href=\"https:\/\/agora.xtec.cat\/afalaseu\/ensenyaments\/llengues\/llengua-anglesa\/fitxers-angles\/\">Fitxers vacances<\/a><br \/>\n<a class=\"button large\" style=\"padding: 1em; font-weight: 400; margin: 0.1em; color: white !important; background-color: #087eb6;\" href=\"https:\/\/docs.google.com\/forms\/d\/e\/1FAIpQLSeBF6PY1fY-nrb3rliGhGDadxvuN0iRHcMpgHQe63wPWDqzCg\/viewform\" target=\"_blank\" rel=\"noopener noreferrer\">Prova de nivell<\/a><\/p>\n<p>&nbsp;<br \/>\nFulls informatius alumnat (curs 2025-26)<\/p>\n<ul style=\"text-align: justify;\">\n<li>\n<a href=\"https:\/\/docs.google.com\/document\/d\/1NziK9j0PAbwDHvpqGWyNtqs8UojvjbtM5v6oxkbylAk\/edit?usp=sharing\">Angl\u00e8s 1<\/a>\n<\/li>\n<li>\n<a href=\"https:\/\/docs.google.com\/document\/d\/1LksEd-J-LdAv-tACMJWi4PaADArnpZXi8X4X5ZnT88U\/edit?usp=sharing\">Angl\u00e8s 2<\/a>\n<\/li>\n<li>\n<a href=\"https:\/\/docs.google.com\/document\/d\/1MMZmTCr9T9M-BvsAOl2bYvrVt4JnOqE7fMY95pGACzA\/edit?usp=sharing\">Angl\u00e8s 3<\/a>\n<\/li>\n<\/ul>\n<p>&nbsp;<\/p>\n<p>ANGL\u00c8S 1 Nivell B\u00e0sic A1<br \/>\nA qui va adre\u00e7at&hellip;  <a href=\"https:\/\/agora.xtec.cat\/afalaseu\/ensenyaments\/llengues\/llengua-anglesa\/\" title=\"Read Angl\u00e8s\">Llegeix m\u00e9s\u00bb<\/a><\/p>\n","protected":false},"author":1,"featured_media":0,"parent":499,"menu_order":30,"comment_status":"closed","ping_status":"closed","template":"page-templates\/side-menu.php","meta":{"_bbp_topic_count":0,"_bbp_reply_count":0,"_bbp_total_topic_count":0,"_bbp_total_reply_count":0,"_bbp_voice_count":0,"_bbp_anonymous_reply_count":0,"_bbp_topic_count_hidden":0,"_bbp_reply_count_hidden":0,"_bbp_forum_subforum_count":0,"footnotes":""},"class_list":["post-312","page","type-page","status-publish","hentry"],"post_mailing_queue_ids":[],"_links":{"self":[{"href":"https:\/\/agora.xtec.cat\/afalaseu\/wp-json\/wp\/v2\/pages\/312","targetHints":{"allow":["GET"]}}],"collection":[{"href":"https:\/\/agora.xtec.cat\/afalaseu\/wp-json\/wp\/v2\/pages"}],"about":[{"href":"https:\/\/agora.xtec.cat\/afalaseu\/wp-json\/wp\/v2\/types\/page"}],"author":[{"embeddable":true,"href":"https:\/\/agora.xtec.cat\/afalaseu\/wp-json\/wp\/v2\/users\/1"}],"replies":[{"embeddable":true,"href":"https:\/\/agora.xtec.cat\/afalaseu\/wp-json\/wp\/v2\/comments?post=312"}],"version-history":[{"count":7,"href":"https:\/\/agora.xtec.cat\/afalaseu\/wp-json\/wp\/v2\/pages\/312\/revisions"}],"predecessor-version":[{"id":2471,"href":"https:\/\/agora.xtec.cat\/afalaseu\/wp-json\/wp\/v2\/pages\/312\/revisions\/2471"}],"up":[{"embeddable":true,"href":"https:\/\/agora.xtec.cat\/afalaseu\/wp-json\/wp\/v2\/pages\/499"}],"wp:attachment":[{"href":"https:\/\/agora.xtec.cat\/afalaseu\/wp-json\/wp\/v2\/media?parent=312"}],"curies":[{"name":"wp","href":"https:\/\/api.w.org\/{rel}","templated":true}]}}