{"id":305,"date":"2015-01-28T11:24:04","date_gmt":"2015-01-28T10:24:04","guid":{"rendered":"http:\/\/agora.xtec.cat\/afalaseu\/?page_id=305"},"modified":"2025-06-30T09:47:31","modified_gmt":"2025-06-30T07:47:31","slug":"curs-dacces-als-cicles-de-grau-mitja","status":"publish","type":"page","link":"https:\/\/agora.xtec.cat\/afalaseu\/ensenyaments\/formacio-basica\/curs-dacces-als-cicles-de-grau-mitja\/","title":{"rendered":"Graduat en Educaci\u00f3 Secund\u00e0ria (GES) a dist\u00e0ncia (IOC)"},"content":{"rendered":"<h1><a href=\"https:\/\/ioc.xtec.cat\/educacio\/ges\" target=\"_blank\" rel=\"http:\/\/ioc.xtec.cat\/campus noopener\"><img loading=\"lazy\" decoding=\"async\" class=\"alignnone wp-image-859 \" src=\"https:\/\/agora.xtec.cat\/afalaseu\/wp-content\/uploads\/usu2367\/2023\/04\/IOC-3.png\" alt=\"\" width=\"179\" height=\"148\" \/><\/a><\/h1>\n<h3 style=\"text-align: justify;\"><a href=\"https:\/\/ioc.xtec.cat\/educacio\/ges\">-&gt; Per\u00edode de preinscripci\u00f3 &lt;-<\/a><\/h3>\n<div>La matr\u00edcula per al trimestre de Tardor 2025 contempla aquestes fases:<\/div>\n<ul>\n<li>del 2 al 8 de setembre, preinscripci\u00f3 per l&#8217;aplicatiu de la web<\/li>\n<li>del 3 al 9 de setembre, entrevistes <strong>presencials<\/strong> al\u00a0 centre (demanar visita a c5008583@xtec.cat)<\/li>\n<li>del 3 al 10 de setembre: pagament.<\/li>\n<\/ul>\n<div>La matr\u00edcula per al trimestre d&#8217;Hivern 2026 contempla aquestes fases:<\/div>\n<ul>\n<li>del 3 al 7 de novembre, preinscripci\u00f3 per l&#8217;aplicatiu de la web<\/li>\n<li>del 4 al 10 de novembre, entrevistes <strong>presencials<\/strong> al\u00a0 centre (demanar visita a c5008583@xtec.cat)<\/li>\n<li>del 4 al 12 de novembre: pagament.<\/li>\n<\/ul>\n<h3 style=\"text-align: justify;\">Com s&#8217;estudia?<\/h3>\n<p style=\"text-align: justify;\">Els estudis de GES a dist\u00e0ncia es fan a trav\u00e9s del\u00a0<a title=\"campus IOC\" href=\"http:\/\/ioc.xtec.cat\/campus\" target=\"_blank\" rel=\"nofollow noopener\">campus IOC<\/a>, un entorn virtual d\u2019ensenyament i aprenentatge. Aix\u00f2 significa que per estudiar els estudiants han d\u2019entrar en la p\u00e0gina web amb una clau d\u2019entrada que els facilita l\u2019IOC, a trav\u00e9s de l\u2019Escola de Formaci\u00f3 d\u2019Adults, en iniciar els seus estudis.<\/p>\n<p style=\"text-align: justify;\">En aquesta p\u00e0gina web, i un cop l\u2019estudiant s\u2019hi ha identificat, es troba la llista de m\u00f2duls en qu\u00e8 s\u2019ha inscrit aquell trimestre, els dels seu Pla de treball, i nom\u00e9s fent clic sobre del nom del m\u00f2dul s\u2019entra a l\u2019espai de cada curs.<\/p>\n<p>&nbsp;<\/p>\n<h3>Materials d&#8217;estudi<\/h3>\n<p style=\"text-align: justify;\">En un curs del\u00a0<a title=\"campus IOC\" href=\"http:\/\/ioc.xtec.cat\/campus\" target=\"_blank\" rel=\"nofollow noopener\">campus IOC<\/a>\u00a0s\u2019hi troba tot el necessari per estudiar-ne els continguts. En la gran majoria dels casos no cal res m\u00e9s.<\/p>\n<p style=\"text-align: justify;\">Aix\u00ed, el primer que hi ha \u00e9s la\u00a0Guia d\u2019estudi\u00a0amb els consells i orientacions que d\u00f3na el professorat per estudiar amb les m\u00e0ximes garanties aquell m\u00f2dul, els materials d\u2019estudi necessaris, etc. Hi ha enlla\u00e7os als\u00a0materials d&#8217;estudi, en format web i en format imprimible, i a als tres lloc web d&#8217;inter\u00e8s.<\/p>\n<p style=\"text-align: justify;\">Tamb\u00e9 hi ha un\u00a0f\u00f2rum de dubtes\u00a0on plantejar qualsevol tema que pugui sorgir al llarg del trimestre. Hi ha, tamb\u00e9 activitats que l\u2019estudiant pot fer al llarg del trimestre, aix\u00ed com activitats d\u2019avaluaci\u00f3 cont\u00ednua que, un cop lliurades, s\u00f3n comentades i valorades pel professorat.<\/p>\n<p style=\"text-align: justify;\">Finalment, hi ha un servei de missatgeria interna amb el qual l\u2019estudiant pot adre\u00e7ar-se directament al professorat a la seva persona tutora per fer qualsevol aclariment.<\/p>\n<p>&nbsp;<\/p>\n<h3 style=\"text-align: justify;\">Com s\u2019avalua?<\/h3>\n<p style=\"text-align: justify;\">L\u2019avaluaci\u00f3 dels estudis de GES \u00e9s\u00a0<strong>cont\u00ednua<\/strong>.<\/p>\n<p style=\"text-align: justify;\">Cont\u00ednua no solament perqu\u00e8 al final de cada trimestre es fa l\u2019avaluaci\u00f3 dels m\u00f2duls que s\u2019han estudiat, sin\u00f3 perqu\u00e8 al llarg del trimestre l\u2019estudiant ha de dur a terme activitats que, un cop lliurades al professorat, li s\u00f3n comentades i valorades de manera que es tenen en compte a l\u2019hora de fer l\u2019avaluaci\u00f3 final del m\u00f2dul.<\/p>\n<p style=\"text-align: justify;\">A final de cada trimestre es fa una<strong>\u00a0prova de validaci\u00f3 presencial<\/strong>\u00a0per avaluar els coneixements dels estudiants. Els estudiants han de comunicar-se amb la persona tutora assignada per saber el lloc i l&#8217;horari de realitzaci\u00f3 d&#8217;aquesta prova.<\/p>\n<p>&nbsp;<\/p>\n<p>&nbsp;<\/p>\n<h1><strong>Organitzaci\u00f3 dels estudis<\/strong><\/h1>\n<p style=\"text-align: justify;\">Per obtenir el t\u00edtol de GES cal estudiar diferents mat\u00e8ries que s\u2019agrupen en tres grans \u00e0mbits de coneixement:<\/p>\n<ul>\n<li>\n<h2>\u00c0mbit de la Comunicaci\u00f3<\/h2>\n<\/li>\n<\/ul>\n<p style=\"text-align: justify;\">Inclou l\u2019estudi de les <strong>lleng\u00fces i literatures catalana, castellana<\/strong> i una <strong>llengua estrangera<\/strong> a triar entre angl\u00e8s, franc\u00e8s, alemany o itali\u00e0.<\/p>\n<ul>\n<li style=\"text-align: justify;\">\n<h2>\u00c0mbit Cient\u00edfic<\/h2>\n<\/li>\n<\/ul>\n<p style=\"text-align: justify;\">Inclou l\u2019estudi de les Matem\u00e0tiques, les <strong>Ci\u00e8ncies i la Tecnologia.<\/strong><\/p>\n<ul>\n<li style=\"text-align: justify;\">\n<h2>\u00c0mbit Social<\/h2>\n<\/li>\n<\/ul>\n<p style=\"text-align: justify;\">Inclou l\u2019estudi de les <strong>Ci\u00e8ncies Socials<\/strong>, la <strong>M\u00fasica<\/strong> i l\u2019educaci\u00f3 <strong>Visual i Pl\u00e0stica<\/strong>.<\/p>\n<p>&nbsp;<\/p>\n<p>&nbsp;<\/p>\n<div style=\"text-align: justify;\"><\/div>\n<h3 style=\"text-align: justify;\">Com s\u2019organitzen els \u00e0mbits de coneixement?<\/h3>\n<p style=\"text-align: justify;\">Cada \u00e0mbit de coneixement s\u2019organitza en\u00a0<strong>m\u00f2duls\u00a0trimestrals independents<\/strong> entre s\u00ed, per\u00f2 que segueixen una progressi\u00f3. Cada m\u00f2dul equival a 35 hores d&#8217;estudi.<\/p>\n<p>&nbsp;<\/p>\n<h3 style=\"text-align: justify;\">Quins coneixements previs es reconeixen?<\/h3>\n<p style=\"text-align: justify;\">Una persona adulta pot haver aconseguit els coneixements equivalents d\u2019alguns m\u00f2duls a trav\u00e9s de dos camins:<\/p>\n<ul>\n<li><span style=\"color: #000000;\"><strong>Estudis<\/strong><strong> a<\/strong><strong>nteriors<\/strong><\/span><\/li>\n<\/ul>\n<p style=\"text-align: justify;\">En aquest cas <strong>cal tenir la documentaci\u00f3<\/strong> que demostri quins estudis s\u2019han realitzat i quin resultat es va obtenir. El t\u00edtol de Graduat Escolar, el Llibre d\u2019Escolaritat o Certificats de notes poden demostrar que una persona ha cursat i superat algun curs de l\u2019ESO o de les antigues EGB, Formaci\u00f3 Professional, BUP, etc.<\/p>\n<ul>\n<li><span style=\"color: #000000;\"><strong>Coneixements adquirits d\u2019una manera no formal<\/strong><\/span><\/li>\n<\/ul>\n<p style=\"text-align: justify;\">Si una persona t\u00e9 una s\u00e8rie de coneixements, per\u00f2 no disposa de cap certificaci\u00f3, pot demostrar-los <strong>a trav\u00e9s de la realitzaci\u00f3 d\u2019una Prova d\u2019Avaluaci\u00f3 Inicial (PAI)<\/strong> que pot fer a l\u2019inici dels seus estudis a l\u2019IOC. A trav\u00e9s d\u2019aquesta prova es poden acreditar coneixements que permeten situar la persona en el punt exacte del seu Itinerari formatiu i escur\u00e7ar, aix\u00ed, el temps d\u2019estudi.<\/p>\n<p>&nbsp;<\/p>\n<h3 style=\"text-align: justify;\">Quant de temps duren els estudis de GES?<\/h3>\n<p style=\"text-align: justify;\">Com que cada persona pot partir d\u2019un punt diferent es fa dif\u00edcil de dir.<\/p>\n<p style=\"text-align: justify;\">El <strong>temps m\u00ednim<\/strong> acostuma a ser <strong>tres trimestres<\/strong>, per\u00f2 hi ha persones que, si nom\u00e9s els queda algun \u00e0mbit o assignatura, ho poden fer en menys temps.<\/p>\n<p style=\"text-align: justify;\">Tamb\u00e9 n\u2019hi ha d\u2019altres que necessiten m\u00e9s temps perqu\u00e8 no tenen prou estudis anteriors.<\/p>\n<p>&nbsp;<\/p>\n<h3 style=\"text-align: justify;\">Qu\u00e8 \u00e9s l\u2019itinerari formatiu?<\/h3>\n<p style=\"text-align: justify;\">Com que cada persona adulta t\u00e9 un historial de coneixements diferent, \u00e9s possible partir de punt d\u2019inici diferent. Una persona que ja tingui determinats coneixements no cal que comenci des del primer nivell, potser podr\u00e0 comen\u00e7ar en el segon. Els estudis i coneixements anteriors es tenen en compte a l\u2019hora de fer l\u2019itinerari formatiu personalitzat.<\/p>\n<p style=\"text-align: justify;\">L\u2019itinerari formatiu, doncs, indica els m\u00f2duls que cal estudiar per aconseguir, finalment, el t\u00edtol de GES.<\/p>\n<p>&nbsp;<\/p>\n<h3 style=\"text-align: justify;\">Qu\u00e8 \u00e9s el Pla de treball trimestral?<\/h3>\n<p style=\"text-align: justify;\">Cada trimestre l\u2019estudiant pot cursar un determinat nombre de m\u00f2duls del seu Itinerari formatiu depenent de la seva disponibilitat de temps, capacitat de treball, etc.<\/p>\n<p style=\"text-align: justify;\">El nombre <strong>m\u00ednim de m\u00f2duls per trimestre \u00e9s d&#8217;1 i el m\u00e0xim de 6.<\/strong> Normalment, per\u00f2, i tenint en compte que cada m\u00f2dul equival a 30 hores d\u2019estudi, se sol recomanar estudiar-ne 5.<\/p>\n<p>&nbsp;<\/p>\n<h3 style=\"text-align: justify;\">Qui \u00e9s la persona tutora?<\/h3>\n<p style=\"text-align: justify;\">Tots els estudiants de l\u2019IOC tenen una persona tutora que l\u2019acompanya en tot el proc\u00e9s d&#8217;aprenentatge virtual i li de d\u00f3na seguretat i confian\u00e7a. \u00c9s la persona encarregada de fer el contacte inicial, veure si cal o no fer la\u00a0Prova d\u2019Avaluaci\u00f3 Inicial, elaborar l\u2019Itinerari formatiu i concretar-lo en cada Pla de treball trimestral.<\/p>\n<p style=\"text-align: justify;\">La persona tutora no t\u00e9 funci\u00f3 docent, sin\u00f3 de punt de refer\u00e8ncia. Un estudiant coneix molts professors al llarg dels m\u00f2duls que va estudiant, per\u00f2 la persona tutora sol ser la mateixa des del principi fins al final. Aix\u00f2 garanteix el coneixement de les possibilitats i objectius de cada estudiant.<\/p>\n<p style=\"text-align: justify;\">L\u2019estudiant de l\u2019IOC t\u00e9 l\u2019obligaci\u00f3 de mantenir-se en contacte amb la seva persona tutora. Aquest contacte pot ser a trav\u00e9s de diferents vies (visita personal, telef\u00f2nic, per correu electr\u00f2nic o a trav\u00e9s de l\u2019entorn virtual) per\u00f2 s\u2019ha d\u2019establir, com a m\u00ednim, un cop cada quinzena.<\/p>\n<p>&nbsp;<\/p>\n<h3 style=\"text-align: justify;\">On trobar la persona tutora?<\/h3>\n<p style=\"text-align: justify;\">La persona tutora, la <strong>Marta Edo<\/strong>, es pot trobar al Centre de Suport de la Seu d&#8217;Urgell.<\/p>\n<p style=\"text-align: justify;\">Horaris de tutories al Centre de Suport de la Seu d&#8217;Urgell<\/p>\n<ul style=\"text-align: justify;\">\n<li>La tutora informar\u00e0 els seus alumnes dels dies i hores en que poden anar al centre a fer consultes.<\/li>\n<\/ul>\n<p><a href=\"https:\/\/ioc.xtec.cat\/educacio\/centres-suport-ges\">Centres col\u00b7laboradors de l&#8217;IOC<\/a><\/p>\n<h3 style=\"text-align: justify;\">Qu\u00e8 es pot fer al Centre de suport?<\/h3>\n<p style=\"text-align: justify;\">En els Centres de suport no nom\u00e9s hi ha les persones tutores que orienten en els estudis. Tamb\u00e9 s\u2019hi poden trobar espais adients per a l\u2019estudi, materials en diferents formats (llibres, audiovisuals, multim\u00e8dia, etc). Es poden disposar, igualment, d\u2019ordinadors i d\u2019altre material inform\u00e0tic per poder seguir amb comoditat els estudis a trav\u00e9s de l\u2019entorn virtual.<\/p>\n<p style=\"text-align: justify;\">A m\u00e9s, cada final de trimestre els estudiants s\u2019hi han d\u2019adre\u00e7ar personalment per tal de realitzar les proves d\u2019avaluaci\u00f3 final.<\/p>\n<p>&nbsp;<\/p>\n<p>&nbsp;<\/p>\n<h1><strong>Matr\u00edcula<\/strong><\/h1>\n<p style=\"text-align: justify;\">\u00a0Consultar calendaris de matr\u00edcula trimestral.<\/p>\n<h3 style=\"text-align: justify;\">Procediment de preinscripci\u00f3 i matr\u00edcula<\/h3>\n<p style=\"text-align: justify;\"><a href=\"https:\/\/drive.google.com\/open?id=0B9Yc6EMx6fegNmtjdE9QTVJsVW5MTWtRSFJ4MHNpX3Q0SUI0\" target=\"_blank\" rel=\"noopener\">Guia matr\u00edcula GES IOC<\/a><\/p>\n<p><iframe loading=\"lazy\" src=\"https:\/\/drive.google.com\/file\/d\/0B9Yc6EMx6fegNmtjdE9QTVJsVW5MTWtRSFJ4MHNpX3Q0SUI0\/preview?resourceKey=0-7sko8hCXTXUs2MWZsBYC7Q\" width=\"850\" height=\"675\"><\/iframe><\/p>\n<h3 style=\"text-align: justify;\">Lloc<\/h3>\n<p style=\"text-align: justify;\">La matr\u00edcula l&#8217;hauran de fer\u00a0personalment\u00a0els futurs estudiants\u00a0A\u00a0LA SECRETARIA DEL CENTRE de Formaci\u00f3 d\u2019Adults de la Seu d\u2019Urgell. Podeu passar per l&#8217;escola per informar-vos dels horaris en qu\u00e8 podreu ser atesos.<\/p>\n","protected":false},"excerpt":{"rendered":"<p><a href=\"https:\/\/ioc.xtec.cat\/educacio\/ges\" target=\"_blank\" rel=\"http:\/\/ioc.xtec.cat\/campus noopener\"><\/a><br \/>\n<a href=\"https:\/\/ioc.xtec.cat\/educacio\/ges\">-&gt; Per\u00edode de preinscripci\u00f3 &lt;-<\/a><br \/>\nLa matr\u00edcula per al trimestre de Tardor 2025 contempla aquestes fases:<\/p>\n<ul>\n<li>del 2 al 8 de setembre, preinscripci\u00f3 per l&#8217;aplicatiu de la web<\/li>\n<li>del 3 al 9 de setembre, entrevistes presencials al\u00a0 centre (demanar visita a c5008583@xtec.cat)<\/li>\n<li>del 3&hellip;  <a href=\"https:\/\/agora.xtec.cat\/afalaseu\/ensenyaments\/formacio-basica\/curs-dacces-als-cicles-de-grau-mitja\/\" title=\"Read Graduat en Educaci\u00f3 Secund\u00e0ria (GES) a dist\u00e0ncia (IOC)\">Llegeix m\u00e9s\u00bb<\/a><br \/>\n","protected":false},"author":1,"featured_media":0,"parent":502,"menu_order":100,"comment_status":"closed","ping_status":"closed","template":"page-templates\/side-menu.php","meta":{"_bbp_topic_count":0,"_bbp_reply_count":0,"_bbp_total_topic_count":0,"_bbp_total_reply_count":0,"_bbp_voice_count":0,"_bbp_anonymous_reply_count":0,"_bbp_topic_count_hidden":0,"_bbp_reply_count_hidden":0,"_bbp_forum_subforum_count":0,"footnotes":""},"class_list":["post-305","page","type-page","status-publish","hentry"],"post_mailing_queue_ids":[],"_links":{"self":[{"href":"https:\/\/agora.xtec.cat\/afalaseu\/wp-json\/wp\/v2\/pages\/305","targetHints":{"allow":["GET"]}}],"collection":[{"href":"https:\/\/agora.xtec.cat\/afalaseu\/wp-json\/wp\/v2\/pages"}],"about":[{"href":"https:\/\/agora.xtec.cat\/afalaseu\/wp-json\/wp\/v2\/types\/page"}],"author":[{"embeddable":true,"href":"https:\/\/agora.xtec.cat\/afalaseu\/wp-json\/wp\/v2\/users\/1"}],"replies":[{"embeddable":true,"href":"https:\/\/agora.xtec.cat\/afalaseu\/wp-json\/wp\/v2\/comments?post=305"}],"version-history":[{"count":6,"href":"https:\/\/agora.xtec.cat\/afalaseu\/wp-json\/wp\/v2\/pages\/305\/revisions"}],"predecessor-version":[{"id":2440,"href":"https:\/\/agora.xtec.cat\/afalaseu\/wp-json\/wp\/v2\/pages\/305\/revisions\/2440"}],"up":[{"embeddable":true,"href":"https:\/\/agora.xtec.cat\/afalaseu\/wp-json\/wp\/v2\/pages\/502"}],"wp:attachment":[{"href":"https:\/\/agora.xtec.cat\/afalaseu\/wp-json\/wp\/v2\/media?parent=305"}],"curies":[{"name":"wp","href":"https:\/\/api.w.org\/{rel}","templated":true}]}}