{"id":299,"date":"2015-01-28T11:21:22","date_gmt":"2015-01-28T10:21:22","guid":{"rendered":"http:\/\/agora.xtec.cat\/afalaseu\/?page_id=299"},"modified":"2024-07-03T13:39:14","modified_gmt":"2024-07-03T11:39:14","slug":"llengua-castellana","status":"publish","type":"page","link":"https:\/\/agora.xtec.cat\/afalaseu\/ensenyaments\/llengues\/llengua-castellana\/","title":{"rendered":"Castell\u00e0"},"content":{"rendered":"<p><a href=\"https:\/\/agora.xtec.cat\/afalaseu\/wp-content\/uploads\/usu2367\/2023\/04\/espana.png\"><img loading=\"lazy\" decoding=\"async\" class=\"alignnone wp-image-703\" src=\"https:\/\/agora.xtec.cat\/afalaseu\/wp-content\/uploads\/usu2367\/2023\/04\/espana.png\" alt=\"\" width=\"54\" height=\"54\" srcset=\"https:\/\/agora.xtec.cat\/afalaseu\/wp-content\/uploads\/usu2367\/2023\/04\/espana.png 512w, https:\/\/agora.xtec.cat\/afalaseu\/wp-content\/uploads\/usu2367\/2023\/04\/espana-300x300.png 300w, https:\/\/agora.xtec.cat\/afalaseu\/wp-content\/uploads\/usu2367\/2023\/04\/espana-150x150.png 150w\" sizes=\"auto, (max-width: 54px) 100vw, 54px\" \/><\/a><\/p>\n<p>&nbsp;<\/p>\n<h3 style=\"text-align: justify;\"><span style=\"color: #000000;\"><strong>Fulls informatius alumnat <\/strong><\/span><span style=\"color: #000000;\"><strong>(curs 2024-25)<\/strong><\/span><\/h3>\n<ul style=\"text-align: justify;\">\n<li>\n<h4><a href=\"https:\/\/docs.google.com\/document\/d\/1aYC2fp8g3PsxJvBZ-uXJIzfDvVTGd-in7Zbf9XZ8bRo\/edit?usp=sharing\" target=\"_blank\" rel=\"noopener\">Castellano A1<\/a><\/h4>\n<\/li>\n<li>\n<h4><a href=\"https:\/\/docs.google.com\/document\/d\/1zhZi6PWu_qQsC-ExJ-VILcTaUUpcKsWAib2c-lic-OI\/edit?usp=sharing\" target=\"_blank\" rel=\"noopener\">Castellano A2<\/a><\/h4>\n<\/li>\n<li>\n<h4><a href=\"https:\/\/docs.google.com\/document\/d\/1JjRHEm4jWm5EF5cHyqBMktBIm8y0wbcxSwjrlr-rIG8\/edit?usp=sharing\" target=\"_blank\" rel=\"noopener\">Castellano B1<\/a><\/h4>\n<\/li>\n<\/ul>\n<p>&nbsp;<\/p>\n<h3 style=\"text-align: justify;\"><\/h3>\n<h1 style=\"text-align: justify;\">CASTELL\u00c0 1 Nivell A1<\/h1>\n<p style=\"text-align: justify;\">El nivell A1 t\u00e9 per finalitat que l\u2019estudiant sigui capa\u00e7 de comunicar-se en la nova llengua per respondre a les necessitats personals m\u00e9s immediates i de subsist\u00e8ncia, i sobre temes molt familiars o del seu entorn m\u00e9s proper.<\/p>\n<p style=\"text-align: justify;\">T\u00e9 una durada de <strong>105 hores<\/strong>, distribu\u00efdes en <strong>3 hores setmanals<\/strong>.<\/p>\n<p><strong>MATERIAL:<\/strong><\/p>\n<p>El llibre de text que s&#8217;utilitzar\u00e0 es comunicar\u00e0 m\u00e9s endavant *<\/p>\n<p>&nbsp;<\/p>\n<h1 style=\"text-align: justify;\">CASTELL\u00c0 2 Nivell A2<\/h1>\n<p style=\"text-align: justify;\">El nivell A2 t\u00e9 per finalitat que l\u2019estudiant pugui comunicar-se en situacions properes i habituals, relacionades amb la vida quotidiana i amb el seu \u00e0mbit laboral.<\/p>\n<p style=\"text-align: justify;\">T\u00e9 una durada de <strong>140 hores<\/strong>, distribu\u00efdes en <strong>4 hores setmanals<\/strong>.<\/p>\n<p><strong>MATERIAL:<\/strong><\/p>\n<p>El llibre de text que s&#8217;utilitzar\u00e0 es comunicar\u00e0 m\u00e9s endavant *<\/p>\n<p>&nbsp;<\/p>\n<h1 style=\"text-align: justify;\">CASTELL\u00c0 3 Nivell B1<\/h1>\n<p style=\"text-align: justify;\">El nivell B1 t\u00e9 per finalitat que l&#8217;estudiant sigui capa\u00e7 d&#8217;expressar amb suficient flu\u00efdesa per comunicar-se i mantenir la interacci\u00f3 en contextos coneguts i sobre tem\u00e0tiques generals o d&#8217;inter\u00e8s personal, i fer front de manera flexible a situacions habituals, en la varietat est\u00e0ndard de l&#8217;entorn d&#8217;aprenentatge.<\/p>\n<p style=\"text-align: justify;\">T\u00e9 una durada de <strong>140 hores<\/strong>, distribu\u00efdes en <strong>4 hores setmanals<\/strong>.<\/p>\n<p><strong>MATERIAL:<\/strong><\/p>\n<p>El llibre de text que s&#8217;utilitzar\u00e0 es comunicar\u00e0 m\u00e9s endavant *<\/p>\n<p>&nbsp;<\/p>\n<h3 style=\"text-align: justify;\">Normativa<\/h3>\n<p style=\"text-align: justify;\"><a href=\"http:\/\/queestudiar.gencat.cat\/web\/.content\/home\/estudis\/adults\/normativa\/resoluciocurriculumsllenguescfa.pdf\">RESOLUCI\u00d3 de 10 de maig de 2013<\/a>, per la qual s\u2019estableixen els curr\u00edculums dels ensenyaments corresponents a llengua catalana i castellana, llengua occitana, denominada aran\u00e8s a l\u2019Aran, i a les lleng\u00fces estrangeres, d\u2019aplicaci\u00f3 als centres de formaci\u00f3 d\u2019adults que depenen del Departament d\u2019Ensenyament.<\/p>\n<p style=\"text-align: justify;\">\n","protected":false},"excerpt":{"rendered":"<p><a href=\"https:\/\/agora.xtec.cat\/afalaseu\/wp-content\/uploads\/usu2367\/2023\/04\/espana.png\"><\/a><br \/>\n&nbsp;<br \/>\nFulls informatius alumnat (curs 2024-25)<\/p>\n<ul style=\"text-align: justify;\">\n<li>\n<a href=\"https:\/\/docs.google.com\/document\/d\/1aYC2fp8g3PsxJvBZ-uXJIzfDvVTGd-in7Zbf9XZ8bRo\/edit?usp=sharing\" target=\"_blank\" rel=\"noopener\">Castellano A1<\/a>\n<\/li>\n<li>\n<a href=\"https:\/\/docs.google.com\/document\/d\/1zhZi6PWu_qQsC-ExJ-VILcTaUUpcKsWAib2c-lic-OI\/edit?usp=sharing\" target=\"_blank\" rel=\"noopener\">Castellano A2<\/a>\n<\/li>\n<li>\n<a href=\"https:\/\/docs.google.com\/document\/d\/1JjRHEm4jWm5EF5cHyqBMktBIm8y0wbcxSwjrlr-rIG8\/edit?usp=sharing\" target=\"_blank\" rel=\"noopener\">Castellano B1<\/a>\n<\/li>\n<\/ul>\n<p>&nbsp;<\/p>\n<p>CASTELL\u00c0 1 Nivell A1<br \/>\nEl nivell A1 t\u00e9 per finalitat que l\u2019estudiant sigui capa\u00e7 de comunicar-se en la nova llengua per respondre a les necessitats personals m\u00e9s&hellip;  <a href=\"https:\/\/agora.xtec.cat\/afalaseu\/ensenyaments\/llengues\/llengua-castellana\/\" title=\"Read Castell\u00e0\">Llegeix m\u00e9s\u00bb<\/a><\/p>\n","protected":false},"author":1,"featured_media":0,"parent":499,"menu_order":20,"comment_status":"closed","ping_status":"closed","template":"page-templates\/side-menu.php","meta":{"_bbp_topic_count":0,"_bbp_reply_count":0,"_bbp_total_topic_count":0,"_bbp_total_reply_count":0,"_bbp_voice_count":0,"_bbp_anonymous_reply_count":0,"_bbp_topic_count_hidden":0,"_bbp_reply_count_hidden":0,"_bbp_forum_subforum_count":0,"footnotes":""},"class_list":["post-299","page","type-page","status-publish","hentry"],"post_mailing_queue_ids":[],"_links":{"self":[{"href":"https:\/\/agora.xtec.cat\/afalaseu\/wp-json\/wp\/v2\/pages\/299","targetHints":{"allow":["GET"]}}],"collection":[{"href":"https:\/\/agora.xtec.cat\/afalaseu\/wp-json\/wp\/v2\/pages"}],"about":[{"href":"https:\/\/agora.xtec.cat\/afalaseu\/wp-json\/wp\/v2\/types\/page"}],"author":[{"embeddable":true,"href":"https:\/\/agora.xtec.cat\/afalaseu\/wp-json\/wp\/v2\/users\/1"}],"replies":[{"embeddable":true,"href":"https:\/\/agora.xtec.cat\/afalaseu\/wp-json\/wp\/v2\/comments?post=299"}],"version-history":[{"count":7,"href":"https:\/\/agora.xtec.cat\/afalaseu\/wp-json\/wp\/v2\/pages\/299\/revisions"}],"predecessor-version":[{"id":2087,"href":"https:\/\/agora.xtec.cat\/afalaseu\/wp-json\/wp\/v2\/pages\/299\/revisions\/2087"}],"up":[{"embeddable":true,"href":"https:\/\/agora.xtec.cat\/afalaseu\/wp-json\/wp\/v2\/pages\/499"}],"wp:attachment":[{"href":"https:\/\/agora.xtec.cat\/afalaseu\/wp-json\/wp\/v2\/media?parent=299"}],"curies":[{"name":"wp","href":"https:\/\/api.w.org\/{rel}","templated":true}]}}