{"id":283,"date":"2015-01-28T11:06:17","date_gmt":"2015-01-28T10:06:17","guid":{"rendered":"http:\/\/agora.xtec.cat\/afalaseu\/?page_id=283"},"modified":"2025-09-05T11:41:09","modified_gmt":"2025-09-05T09:41:09","slug":"ensenyaments-inicials-i-formacio-basica","status":"publish","type":"page","link":"https:\/\/agora.xtec.cat\/afalaseu\/ensenyaments\/llengues\/ensenyaments-inicials-i-formacio-basica\/","title":{"rendered":"Catal\u00e0"},"content":{"rendered":"<p><a href=\"https:\/\/agora.xtec.cat\/afalaseu\/wp-content\/uploads\/usu2367\/2023\/04\/cat-2.png\"><img loading=\"lazy\" decoding=\"async\" class=\"alignnone wp-image-699\" src=\"https:\/\/agora.xtec.cat\/afalaseu\/wp-content\/uploads\/usu2367\/2023\/04\/cat-2.png\" alt=\"\" width=\"48\" height=\"47\" srcset=\"https:\/\/agora.xtec.cat\/afalaseu\/wp-content\/uploads\/usu2367\/2023\/04\/cat-2.png 548w, https:\/\/agora.xtec.cat\/afalaseu\/wp-content\/uploads\/usu2367\/2023\/04\/cat-2-300x297.png 300w, https:\/\/agora.xtec.cat\/afalaseu\/wp-content\/uploads\/usu2367\/2023\/04\/cat-2-150x150.png 150w\" sizes=\"auto, (max-width: 48px) 100vw, 48px\" \/><\/a><\/p>\n<h3><\/h3>\n<p>&nbsp;<\/p>\n<h3 style=\"text-align: justify;\"><span style=\"color: #000000;\"><strong>Fulls informatius alumnat (curs 2025-26)<\/strong><\/span><\/h3>\n<ul style=\"text-align: justify;\">\n<li>\n<h4><a href=\"https:\/\/docs.google.com\/document\/d\/1ox3GfXdK-8bwYHNM-sSIVND0PKR9xuSuW795a4k8dX0\/edit?tab=t.0\">Catal\u00e0 A1 (mat\u00ed)<\/a><\/h4>\n<\/li>\n<li>\n<h4><a href=\"https:\/\/docs.google.com\/document\/d\/1b-pgzeKP-1_Nbrvb0UVJr_DLl9zyoTpLNSJF1zx8Phw\/edit?tab=t.0#heading=h.1zadh2ialr6v\">Catal\u00e0 A1 (tarda)<\/a><\/h4>\n<\/li>\n<li>\n<h4><a href=\"https:\/\/docs.google.com\/document\/d\/1gWHejDKA8Pj0uB5mXxFr6nfNXwEkeFrpJJ9lQEOgGK8\/edit?tab=t.0\">Catal\u00e0 A1 (vespre)<\/a><\/h4>\n<\/li>\n<li>\n<h4><a href=\"https:\/\/docs.google.com\/document\/d\/1RLS3OkwuWceEmhuzAI1hokUY8N1ezowjHi9LLEPMx4o\/edit?tab=t.0\">Catal\u00e0 A2 (mat\u00ed)<\/a><\/h4>\n<\/li>\n<li>\n<h4><a href=\"https:\/\/docs.google.com\/document\/d\/153eREAwODkPerY54J4MBLrIhpNdhAtjcg-DY9-xM9R8\/edit?tab=t.0#heading=h.7itcn9lo052b\">Catal\u00e0 A2 (tarda)<\/a><\/h4>\n<\/li>\n<li>\n<h4><a href=\"https:\/\/docs.google.com\/document\/d\/1moPyVXk9yp94NrnTxib-oEpsBZau-D1kWJxq-fsOfO8\/edit?tab=t.0#heading=h.o03ddxxgzjjl\">Catal\u00e0 B1 (mat\u00ed)<\/a><\/h4>\n<\/li>\n<\/ul>\n<div style=\"text-align: justify;\"><\/div>\n<div style=\"text-align: justify;\"><\/div>\n<h1><\/h1>\n<p>&nbsp;<\/p>\n<h1 style=\"text-align: justify;\">CATAL\u00c0 1 Nivell A1<\/h1>\n<p style=\"text-align: justify;\">El nivell A1 t\u00e9 per finalitat que l\u2019estudiant sigui capa\u00e7 de comunicar-se en la nova llengua per respondre a les necessitats personals m\u00e9s immediates i de subsist\u00e8ncia, i sobre temes molt familiars o del seu entorn m\u00e9s proper.<\/p>\n<p style=\"text-align: justify;\">T\u00e9 una durada de <strong>105 hores,<\/strong> distribu\u00efdes en <strong>3 hores setmanals<\/strong>.<\/p>\n<p><strong>MATERIAL:<\/strong><\/p>\n<p>&nbsp;<\/p>\n<p><a href=\"https:\/\/agora.xtec.cat\/afalaseu\/wp-content\/uploads\/usu2367\/2025\/09\/Passos-1.jpg\"><img loading=\"lazy\" decoding=\"async\" class=\"wp-image-2473 alignnone\" src=\"https:\/\/agora.xtec.cat\/afalaseu\/wp-content\/uploads\/usu2367\/2025\/09\/Passos-1.jpg\" alt=\"\" width=\"208\" height=\"265\" srcset=\"https:\/\/agora.xtec.cat\/afalaseu\/wp-content\/uploads\/usu2367\/2025\/09\/Passos-1.jpg 740w, https:\/\/agora.xtec.cat\/afalaseu\/wp-content\/uploads\/usu2367\/2025\/09\/Passos-1-236x300.jpg 236w\" sizes=\"auto, (max-width: 208px) 100vw, 208px\" \/> <\/a><a href=\"https:\/\/agora.xtec.cat\/afalaseu\/wp-content\/uploads\/usu2367\/2025\/09\/quadern.jpg\"><img loading=\"lazy\" decoding=\"async\" class=\"alignnone wp-image-2474\" src=\"https:\/\/agora.xtec.cat\/afalaseu\/wp-content\/uploads\/usu2367\/2025\/09\/quadern-724x1024.jpg\" alt=\"\" width=\"188\" height=\"266\" srcset=\"https:\/\/agora.xtec.cat\/afalaseu\/wp-content\/uploads\/usu2367\/2025\/09\/quadern-724x1024.jpg 724w, https:\/\/agora.xtec.cat\/afalaseu\/wp-content\/uploads\/usu2367\/2025\/09\/quadern-212x300.jpg 212w, https:\/\/agora.xtec.cat\/afalaseu\/wp-content\/uploads\/usu2367\/2025\/09\/quadern.jpg 740w\" sizes=\"auto, (max-width: 188px) 100vw, 188px\" \/><\/a><\/p>\n<p><strong>ISBN: 978-84-10054-05-09\u00a0 \u00a0 ISBN: 978-84-10054-06-6.<\/strong><\/p>\n<p><span style=\"font-size: 2.125em; font-weight: bold; text-align: justify;\">CATAL\u00c0 2 Nivell A2<\/span><\/p>\n<p style=\"text-align: justify;\">El nivell A2 t\u00e9 per finalitat que l\u2019estudiant pugui comunicar-se en situacions properes i habituals, relacionades amb la vida quotidiana i amb el seu \u00e0mbit laboral.<\/p>\n<p style=\"text-align: justify;\">T\u00e9 una durada de <strong>140 hores<\/strong>, distribu\u00efdes en <strong>quatre hores setmanals<\/strong>.<\/p>\n<p><strong>MATERIAL:<\/strong><\/p>\n<p><a href=\"https:\/\/agora.xtec.cat\/afalaseu\/wp-content\/uploads\/usu2367\/2025\/09\/Passos-1.jpg\"><img loading=\"lazy\" decoding=\"async\" class=\"alignnone wp-image-2473\" src=\"https:\/\/agora.xtec.cat\/afalaseu\/wp-content\/uploads\/usu2367\/2025\/09\/Passos-1.jpg\" alt=\"\" width=\"208\" height=\"265\" srcset=\"https:\/\/agora.xtec.cat\/afalaseu\/wp-content\/uploads\/usu2367\/2025\/09\/Passos-1.jpg 740w, https:\/\/agora.xtec.cat\/afalaseu\/wp-content\/uploads\/usu2367\/2025\/09\/Passos-1-236x300.jpg 236w\" sizes=\"auto, (max-width: 208px) 100vw, 208px\" \/><\/a> <a href=\"https:\/\/agora.xtec.cat\/afalaseu\/wp-content\/uploads\/usu2367\/2025\/09\/1501724.39.jpg\"><img loading=\"lazy\" decoding=\"async\" class=\"alignnone wp-image-2475\" src=\"https:\/\/agora.xtec.cat\/afalaseu\/wp-content\/uploads\/usu2367\/2025\/09\/1501724.39-724x1024.jpg\" alt=\"\" width=\"187\" height=\"265\" srcset=\"https:\/\/agora.xtec.cat\/afalaseu\/wp-content\/uploads\/usu2367\/2025\/09\/1501724.39-724x1024.jpg 724w, https:\/\/agora.xtec.cat\/afalaseu\/wp-content\/uploads\/usu2367\/2025\/09\/1501724.39-212x300.jpg 212w, https:\/\/agora.xtec.cat\/afalaseu\/wp-content\/uploads\/usu2367\/2025\/09\/1501724.39.jpg 740w\" sizes=\"auto, (max-width: 187px) 100vw, 187px\" \/><\/a><\/p>\n<p><strong>ISBN: 978-84-10054-05-09\u00a0 \u00a0 \u00a0ISBN: 978-84-10054-07- 3<\/strong><\/p>\n<p>&nbsp;<\/p>\n<h1 style=\"text-align: justify;\">CATAL\u00c0 3 Nivell B1<\/h1>\n<p style=\"text-align: justify;\">El nivell B1 t\u00e9 per finalitat que l&#8217;estudiant sigui capa\u00e7 d&#8217;expressar amb prou flu\u00efdesa per comunicar-se i mantenir la interacci\u00f3 en contextos coneguts i sobre tem\u00e0tiques generals o d&#8217;inter\u00e8s personal, i fer front de manera flexible a situacions habituals, en la varietat est\u00e0ndard de l&#8217;entorn d&#8217;aprenentatge.<\/p>\n<p style=\"text-align: justify;\">T\u00e9 una durada de <strong>140 hores<\/strong>, distribu\u00efdes en <strong>quatre hores setmanals<\/strong>.<\/p>\n<p><strong>MATERIAL:<\/strong><\/p>\n<p>Llibre de text<\/p>\n<p><a href=\"https:\/\/agora.xtec.cat\/afalaseu\/wp-content\/uploads\/usu2367\/2024\/09\/Llibre-Catala-3.jpg\"><img loading=\"lazy\" decoding=\"async\" class=\"alignnone wp-image-2107\" src=\"https:\/\/agora.xtec.cat\/afalaseu\/wp-content\/uploads\/usu2367\/2024\/09\/Llibre-Catala-3-805x1024.jpg\" alt=\"\" width=\"223\" height=\"284\" srcset=\"https:\/\/agora.xtec.cat\/afalaseu\/wp-content\/uploads\/usu2367\/2024\/09\/Llibre-Catala-3-805x1024.jpg 805w, https:\/\/agora.xtec.cat\/afalaseu\/wp-content\/uploads\/usu2367\/2024\/09\/Llibre-Catala-3-236x300.jpg 236w, https:\/\/agora.xtec.cat\/afalaseu\/wp-content\/uploads\/usu2367\/2024\/09\/Llibre-Catala-3-768x977.jpg 768w, https:\/\/agora.xtec.cat\/afalaseu\/wp-content\/uploads\/usu2367\/2024\/09\/Llibre-Catala-3.jpg 943w\" sizes=\"auto, (max-width: 223px) 100vw, 223px\" \/><\/a><\/p>\n<h5><span style=\"color: #000000;\"><strong>ISBN: 978-84-10054-75-2<\/strong><\/span><\/h5>\n<h3><\/h3>\n<h3><\/h3>\n<h3 style=\"text-align: justify;\">Normativa<\/h3>\n<p style=\"text-align: justify;\">RESOLUCI\u00d3 de 10 de maig de 2013, per la qual s\u2019estableixen els curr\u00edculums dels ensenyaments corresponents a llengua catalana i castellana, llengua occitana, denominada aran\u00e8s a l\u2019Aran, i a les lleng\u00fces estrangeres, d\u2019aplicaci\u00f3 als centres de formaci\u00f3 d\u2019adults que depenen del Departament d\u2019Ensenyament.<\/p>\n<p>&nbsp;<\/p>\n<h2 style=\"text-align: justify;\"><span style=\"text-decoration: underline;\">Recursos de consulta en l\u00ednia<\/span><\/h2>\n<ul style=\"text-align: justify;\">\n<li><a href=\"https:\/\/youtu.be\/DlQYsCwbk3Y\">VIDEOTUTORIAL<\/a> PER DETECTAR ERRADES AMB EL CORRECTOR EN L\u00cdNIA<\/li>\n<\/ul>\n<h3 style=\"text-align: justify;\"><span style=\"color: #000000;\">Correctors ortogr\u00e0fics<\/span><\/h3>\n<ul style=\"text-align: justify;\">\n<li><a href=\"http:\/\/www.softcatala.org\/corrector\">Corrector general<\/a><\/li>\n<li><a href=\"https:\/\/languagetool.org\/ca\/\">LanguageTool<\/a> (Revisa errors gramaticals i d&#8217;estil)<\/li>\n<\/ul>\n<h3 style=\"text-align: justify;\"><span style=\"color: #000000;\">Diccionaris<\/span><\/h3>\n<ul style=\"text-align: justify;\">\n<li><a href=\"http:\/\/dlc.iec.cat\/\">Institut d&#8217;Estudis Catalans<\/a><\/li>\n<li><a href=\"http:\/\/www.diccionari.cat\/\">Enciclop\u00e8dia catalana<\/a><\/li>\n<li><a href=\"http:\/\/www.diccionaris.cat\/\">Sin\u00f2nims<\/a><\/li>\n<li><a href=\"http:\/\/www.wordreference.com\/es\/\">Wordreference. Diccionaris<\/a><\/li>\n<\/ul>\n<h3 style=\"text-align: justify;\"><span style=\"color: #000000;\">Eines de consultes diverses<\/span><\/h3>\n<ul style=\"text-align: justify;\">\n<li><a href=\"http:\/\/www.verbs.cat\/ca\/\">Conjugaci\u00f3 verbs<\/a><\/li>\n<li><a href=\"http:\/\/aplicacions.llengua.gencat.cat\/llc\/AppJava\/index.html\">Optimot<\/a><\/li>\n<li><a href=\"http:\/\/llengua.gencat.cat\/ca\/serveis\/aprendre_catala\/recursos-per-al-professorat\/dictats-en-linia\/\">Dictats en l\u00ednia de la Generalitat de Catalunya<\/a><\/li>\n<li><a href=\"http:\/\/llengua.gencat.cat\/ca\/serveis\/aprendre_catala\/\">Aprendre catal\u00e0 (Gen. Cat)<\/a><\/li>\n<li><a href=\"http:\/\/blocs.xtec.cat\/recursosllengua\/\">Recursos per aprendre llengua catalana<\/a><\/li>\n<li><a href=\"http:\/\/xtec.gencat.cat\/ca\/recursos\/catala\/\">Llengua catalana i literatura<\/a><\/li>\n<li><a href=\"http:\/\/parla.cat\/\">Parla.cat<\/a> (Espai d&#8217;aprenentatge)<\/li>\n<li><a href=\"http:\/\/rodamots.cat\/cuca-de-llum\/\">RodaMots<\/a><\/li>\n<li><a href=\"http:\/\/www.ditespopulars.cat\/default.php\">Dites Populars<\/a><\/li>\n<\/ul>\n<h3 style=\"text-align: justify;\"><span style=\"color: #000000;\">Curs de catal\u00e0 b\u00e0sic (textos)<\/span><\/h3>\n<p style=\"text-align: justify;\">(Per aprendre a escriure diferents <strong>tipus de textos<\/strong>)<\/p>\n<ul style=\"text-align: justify;\">\n<li><a href=\"http:\/\/aplicacions.llengua.gencat.cat\/itineraris-aprenentatge\/index_b.html\">Nivell intermedi<\/a> (B\u00e0sic)<\/li>\n<li><a href=\"http:\/\/aplicacions.llengua.gencat.cat\/itineraris-aprenentatge\/index_c.html\">Nivell de sufici\u00e8ncia<\/a> (Avan\u00e7at)<\/li>\n<\/ul>\n<p>&nbsp;<\/p>\n<h2 style=\"text-align: justify;\"><span style=\"text-decoration: underline;\">Metodologia<\/span><\/h2>\n<p style=\"text-align: justify;\">La metodologia did\u00e0ctica es basa en l&#8217;enfocament comunicatiu i prioritza el desenvolupament de les habilitats ling\u00fc\u00edstiques comunicatives. Les habilitats que es treballen s\u00f3n comprensi\u00f3 i expressi\u00f3 orals i escrites, que permetran fer front a situacions ling\u00fc\u00edstiques de la vida quotidiana i comunicar-se de forma b\u00e0sica en un entorn pluriling\u00fce i multicultural.<\/p>\n<p style=\"text-align: justify;\">L&#8217;enfocament metodol\u00f2gic a l&#8217;aula ha de ser reflexiu, col\u00b7laboratiu, aut\u00f2nom i comunicatiu. Ha de tenir a l&#8217;estudiant com a eix fonamental i, per tant, aquest ha de poder interactuar activament en el proc\u00e9s d&#8217;ensenyament-aprenentatge. Ha d&#8217;oferir-li situacions, temes i tasques propers als seus interessos i alhora s&#8217;ha de relacionar amb les seves experi\u00e8ncies actuals o futures.<\/p>\n<p style=\"text-align: justify;\">Tots els nivells participen en:<\/p>\n<ul style=\"text-align: justify;\">\n<li>CLUB DE LECTURA F\u00c0CIL (en col\u00b7laboraci\u00f3 amb la Biblioteca Municipal i el Consorci per a la Normalitzaci\u00f3 Ling\u00fc\u00edstica)<\/li>\n<li>CLUB DE LECTURA. Biblioteca Municipal<\/li>\n<li>PARELLES DE CONVERSA<\/li>\n<\/ul>\n<p style=\"text-align: justify;\">\n","protected":false},"excerpt":{"rendered":"<p><a href=\"https:\/\/agora.xtec.cat\/afalaseu\/wp-content\/uploads\/usu2367\/2023\/04\/cat-2.png\"><\/a><\/p>\n<p>&nbsp;<br \/>\nFulls informatius alumnat (curs 2025-26)<\/p>\n<ul style=\"text-align: justify;\">\n<li>\n<a href=\"https:\/\/docs.google.com\/document\/d\/1ox3GfXdK-8bwYHNM-sSIVND0PKR9xuSuW795a4k8dX0\/edit?tab=t.0\">Catal\u00e0 A1 (mat\u00ed)<\/a>\n<\/li>\n<li>\n<a href=\"https:\/\/docs.google.com\/document\/d\/1b-pgzeKP-1_Nbrvb0UVJr_DLl9zyoTpLNSJF1zx8Phw\/edit?tab=t.0#heading=h.1zadh2ialr6v\">Catal\u00e0 A1 (tarda)<\/a>\n<\/li>\n<li>\n<a href=\"https:\/\/docs.google.com\/document\/d\/1gWHejDKA8Pj0uB5mXxFr6nfNXwEkeFrpJJ9lQEOgGK8\/edit?tab=t.0\">Catal\u00e0 A1 (vespre)<\/a>\n<\/li>\n<li>\n<a href=\"https:\/\/docs.google.com\/document\/d\/1RLS3OkwuWceEmhuzAI1hokUY8N1ezowjHi9LLEPMx4o\/edit?tab=t.0\">Catal\u00e0 A2 (mat\u00ed)<\/a>\n<\/li>\n<li>\n<a href=\"https:\/\/docs.google.com\/document\/d\/153eREAwODkPerY54J4MBLrIhpNdhAtjcg-DY9-xM9R8\/edit?tab=t.0#heading=h.7itcn9lo052b\">Catal\u00e0 A2 (tarda)<\/a>\n<\/li>\n<li>\n<a href=\"https:\/\/docs.google.com\/document\/d\/1moPyVXk9yp94NrnTxib-oEpsBZau-D1kWJxq-fsOfO8\/edit?tab=t.0#heading=h.o03ddxxgzjjl\">Catal\u00e0 B1 (mat\u00ed)<\/a>\n<\/li>\n<\/ul>\n<p>&nbsp;<br \/>\nCATAL\u00c0 1 Nivell A1<br \/>\nEl nivell A1 t\u00e9 per finalitat que l\u2019estudiant sigui capa\u00e7 de comunicar-se en la nova llengua per&hellip;  <a href=\"https:\/\/agora.xtec.cat\/afalaseu\/ensenyaments\/llengues\/ensenyaments-inicials-i-formacio-basica\/\" title=\"Read Catal\u00e0\">Llegeix m\u00e9s\u00bb<\/a><\/p>\n","protected":false},"author":1,"featured_media":0,"parent":499,"menu_order":10,"comment_status":"closed","ping_status":"closed","template":"page-templates\/side-menu.php","meta":{"_bbp_topic_count":0,"_bbp_reply_count":0,"_bbp_total_topic_count":0,"_bbp_total_reply_count":0,"_bbp_voice_count":0,"_bbp_anonymous_reply_count":0,"_bbp_topic_count_hidden":0,"_bbp_reply_count_hidden":0,"_bbp_forum_subforum_count":0,"footnotes":""},"class_list":["post-283","page","type-page","status-publish","hentry"],"post_mailing_queue_ids":[],"_links":{"self":[{"href":"https:\/\/agora.xtec.cat\/afalaseu\/wp-json\/wp\/v2\/pages\/283","targetHints":{"allow":["GET"]}}],"collection":[{"href":"https:\/\/agora.xtec.cat\/afalaseu\/wp-json\/wp\/v2\/pages"}],"about":[{"href":"https:\/\/agora.xtec.cat\/afalaseu\/wp-json\/wp\/v2\/types\/page"}],"author":[{"embeddable":true,"href":"https:\/\/agora.xtec.cat\/afalaseu\/wp-json\/wp\/v2\/users\/1"}],"replies":[{"embeddable":true,"href":"https:\/\/agora.xtec.cat\/afalaseu\/wp-json\/wp\/v2\/comments?post=283"}],"version-history":[{"count":8,"href":"https:\/\/agora.xtec.cat\/afalaseu\/wp-json\/wp\/v2\/pages\/283\/revisions"}],"predecessor-version":[{"id":2477,"href":"https:\/\/agora.xtec.cat\/afalaseu\/wp-json\/wp\/v2\/pages\/283\/revisions\/2477"}],"up":[{"embeddable":true,"href":"https:\/\/agora.xtec.cat\/afalaseu\/wp-json\/wp\/v2\/pages\/499"}],"wp:attachment":[{"href":"https:\/\/agora.xtec.cat\/afalaseu\/wp-json\/wp\/v2\/media?parent=283"}],"curies":[{"name":"wp","href":"https:\/\/api.w.org\/{rel}","templated":true}]}}