{"id":274,"date":"2015-01-27T17:56:20","date_gmt":"2015-01-27T16:56:20","guid":{"rendered":"http:\/\/agora.xtec.cat\/afalaseu\/?page_id=274"},"modified":"2024-05-31T16:16:55","modified_gmt":"2024-05-31T14:16:55","slug":"ensenyaments","status":"publish","type":"page","link":"https:\/\/agora.xtec.cat\/afalaseu\/ensenyaments\/","title":{"rendered":"Ensenyaments"},"content":{"rendered":"<h1><a href=\"https:\/\/projectes.xtec.cat\/xarxadults\/ensenyaments\/\"><img loading=\"lazy\" decoding=\"async\" class=\"alignnone wp-image-930\" src=\"https:\/\/agora.xtec.cat\/afalaseu\/wp-content\/uploads\/usu2367\/2023\/04\/adults.png\" alt=\"\" width=\"156\" height=\"69\" \/><\/a><\/h1>\n<p><a href=\"http:\/\/www.gencat.cat\/ensenyament\/eac\/pdf\/APA_CA.pdf\"><span style=\"text-decoration: underline;\">Informaci\u00f3 general sobre la formaci\u00f3 d&#8217;adults<\/span><\/a><\/p>\n<p><a href=\"https:\/\/agora.xtec.cat\/afalaseu\/ensenyaments\/horaris-dels-ensenyaments\/\"><img loading=\"lazy\" decoding=\"async\" class=\"alignnone size-full wp-image-1042\" src=\"https:\/\/agora.xtec.cat\/afalaseu\/wp-content\/uploads\/usu2367\/2023\/04\/Horaris-6.png\" alt=\"\" width=\"200\" height=\"85\" \/><\/a><\/p>\n<h1 class=\"entry-header\"><a href=\"https:\/\/docs.google.com\/document\/d\/1UiaTta0lVtcsmFiH0voGDbcVkxeXVOirULeBScWvfX0\/edit?usp=sharing\"><span style=\"text-decoration: underline;\"><span style=\"text-decoration: underline;\">Full informatiu inici de curs<\/span><\/span><\/a><\/h1>\n<h1 class=\"entry-title\"><a href=\"https:\/\/agora.xtec.cat\/afalaseu\/ensenyaments\/llengues\/\">Lleng\u00fces<\/a><\/h1>\n<div class=\"entry-content\">\n<h3><a href=\"https:\/\/agora.xtec.cat\/afalaseu\/ensenyaments\/llengues\/ensenyaments-inicials-i-formacio-basica\/\"><img loading=\"lazy\" decoding=\"async\" class=\"wp-image-699 alignnone\" src=\"https:\/\/agora.xtec.cat\/afalaseu\/wp-content\/uploads\/usu2367\/2023\/04\/cat-2.png\" sizes=\"auto, (max-width: 25px) 100vw, 25px\" srcset=\"https:\/\/agora.xtec.cat\/afalaseu\/wp-content\/uploads\/usu2367\/2023\/04\/cat-2.png 548w, https:\/\/agora.xtec.cat\/afalaseu\/wp-content\/uploads\/usu2367\/2023\/04\/cat-2-300x297.png 300w, https:\/\/agora.xtec.cat\/afalaseu\/wp-content\/uploads\/usu2367\/2023\/04\/cat-2-150x150.png 150w\" alt=\"\" width=\"25\" height=\"25\" \/> Catal\u00e0<\/a><\/h3>\n<h3><a href=\"https:\/\/agora.xtec.cat\/afalaseu\/ensenyaments\/llengues\/llengua-castellana\/\"><img loading=\"lazy\" decoding=\"async\" class=\"alignnone wp-image-703\" src=\"https:\/\/agora.xtec.cat\/afalaseu\/wp-content\/uploads\/usu2367\/2023\/04\/espana.png\" sizes=\"auto, (max-width: 22px) 100vw, 22px\" srcset=\"https:\/\/agora.xtec.cat\/afalaseu\/wp-content\/uploads\/usu2367\/2023\/04\/espana.png 512w, https:\/\/agora.xtec.cat\/afalaseu\/wp-content\/uploads\/usu2367\/2023\/04\/espana-300x300.png 300w, https:\/\/agora.xtec.cat\/afalaseu\/wp-content\/uploads\/usu2367\/2023\/04\/espana-150x150.png 150w\" alt=\"\" width=\"22\" height=\"22\" \/> Castell\u00e0<\/a><\/h3>\n<h3><a href=\"https:\/\/agora.xtec.cat\/afalaseu\/ensenyaments\/llengues\/llengua-anglesa\/\"><img loading=\"lazy\" decoding=\"async\" class=\"alignnone wp-image-702\" src=\"https:\/\/agora.xtec.cat\/afalaseu\/wp-content\/uploads\/usu2367\/2023\/04\/reino-unido.png\" sizes=\"auto, (max-width: 25px) 100vw, 25px\" srcset=\"https:\/\/agora.xtec.cat\/afalaseu\/wp-content\/uploads\/usu2367\/2023\/04\/reino-unido.png 512w, https:\/\/agora.xtec.cat\/afalaseu\/wp-content\/uploads\/usu2367\/2023\/04\/reino-unido-300x300.png 300w, https:\/\/agora.xtec.cat\/afalaseu\/wp-content\/uploads\/usu2367\/2023\/04\/reino-unido-150x150.png 150w\" alt=\"\" width=\"25\" height=\"25\" \/> Angl\u00e8s<\/a><\/h3>\n<h3><a href=\"https:\/\/agora.xtec.cat\/afalaseu\/ensenyaments\/llengues\/llengua-francesa\/\"><img loading=\"lazy\" decoding=\"async\" class=\"alignnone wp-image-700\" src=\"https:\/\/agora.xtec.cat\/afalaseu\/wp-content\/uploads\/usu2367\/2023\/04\/francia.png\" sizes=\"auto, (max-width: 22px) 100vw, 22px\" srcset=\"https:\/\/agora.xtec.cat\/afalaseu\/wp-content\/uploads\/usu2367\/2023\/04\/francia.png 512w, https:\/\/agora.xtec.cat\/afalaseu\/wp-content\/uploads\/usu2367\/2023\/04\/francia-300x300.png 300w, https:\/\/agora.xtec.cat\/afalaseu\/wp-content\/uploads\/usu2367\/2023\/04\/francia-150x150.png 150w\" alt=\"\" width=\"22\" height=\"22\" \/> Franc\u00e8s<\/a><\/h3>\n<h3><a href=\"https:\/\/agora.xtec.cat\/afalaseu\/ensenyaments\/llengues\/llengua-italiana\/\"><img loading=\"lazy\" decoding=\"async\" class=\"alignnone wp-image-701\" src=\"https:\/\/agora.xtec.cat\/afalaseu\/wp-content\/uploads\/usu2367\/2023\/04\/italia.png\" sizes=\"auto, (max-width: 24px) 100vw, 24px\" srcset=\"https:\/\/agora.xtec.cat\/afalaseu\/wp-content\/uploads\/usu2367\/2023\/04\/italia.png 512w, https:\/\/agora.xtec.cat\/afalaseu\/wp-content\/uploads\/usu2367\/2023\/04\/italia-300x300.png 300w, https:\/\/agora.xtec.cat\/afalaseu\/wp-content\/uploads\/usu2367\/2023\/04\/italia-150x150.png 150w\" alt=\"\" width=\"24\" height=\"24\" \/> Itali\u00e0<\/a><\/h3>\n<p>&nbsp;<\/p>\n<h1><a href=\"https:\/\/agora.xtec.cat\/afalaseu\/ensenyaments\/formacio-basica\/\">Formaci\u00f3 b\u00e0sica<\/a><\/h1>\n<div class=\"entry-content\">\n<ul>\n<li>\n<h3><a title=\"Formaci\u00f3 instrumental\" href=\"https:\/\/agora.xtec.cat\/afalaseu\/ensenyaments\/formacio-basica\/formacio-instumental\/\">Formaci\u00f3 instrumental\u00a0presencial<\/a><\/h3>\n<\/li>\n<li>\n<h3><a title=\"Graduat en Educaci\u00f3 Secund\u00e0ria (GES) presencial\" href=\"https:\/\/agora.xtec.cat\/afalaseu\/ensenyaments\/formacio-basica\/graduat-en-educacio-secundaria-per-adults\/\">Graduat en Educaci\u00f3 Secund\u00e0ria (GES)\u00a0presencial<\/a><\/h3>\n<\/li>\n<li>\n<h3><a title=\"Graduat en Educaci\u00f3 Secund\u00e0ria (GES) a dist\u00e0ncia (IOC)\" href=\"https:\/\/agora.xtec.cat\/afalaseu\/ensenyaments\/formacio-basica\/curs-dacces-als-cicles-de-grau-mitja\/\">Graduat en Educaci\u00f3 Secund\u00e0ria (GES)\u00a0a dist\u00e0ncia (IOC).<\/a><\/h3>\n<\/li>\n<\/ul>\n<p>&nbsp;<\/p>\n<h1><a href=\"https:\/\/agora.xtec.cat\/afalaseu\/ensenyaments\/competencia-digital-competic\/\">Compet\u00e8ncia digital COMPETIC<\/a><\/h1>\n<ul>\n<li>\n<h3><a title=\"Competic 1\" href=\"https:\/\/agora.xtec.cat\/afalaseu\/ensenyaments\/competencia-digital-competic\/competic-1\/\">Competic 1<\/a><\/h3>\n<\/li>\n<li>\n<h3><a title=\"Competic 2\" href=\"https:\/\/agora.xtec.cat\/afalaseu\/ensenyaments\/competencia-digital-competic\/competic-2\/\">Competic 2<\/a><\/h3>\n<\/li>\n<li>\n<h3><a title=\"Competic 3\" href=\"https:\/\/agora.xtec.cat\/afalaseu\/ensenyaments\/competencia-digital-competic\/competic-3\/\">Competic 3<\/a><\/h3>\n<\/li>\n<\/ul>\n<\/div>\n<\/div>\n","protected":false},"excerpt":{"rendered":"<p><a href=\"https:\/\/projectes.xtec.cat\/xarxadults\/ensenyaments\/\"><\/a><br \/>\n<a href=\"http:\/\/www.gencat.cat\/ensenyament\/eac\/pdf\/APA_CA.pdf\">Informaci\u00f3 general sobre la formaci\u00f3 d&#8217;adults<\/a><br \/>\n<a href=\"https:\/\/agora.xtec.cat\/afalaseu\/ensenyaments\/horaris-dels-ensenyaments\/\"><\/a><br \/>\n<a href=\"https:\/\/docs.google.com\/document\/d\/1UiaTta0lVtcsmFiH0voGDbcVkxeXVOirULeBScWvfX0\/edit?usp=sharing\">Full informatiu inici de curs<\/a><br \/>\n<a href=\"https:\/\/agora.xtec.cat\/afalaseu\/ensenyaments\/llengues\/\">Lleng\u00fces<\/a><\/p>\n<p><a href=\"https:\/\/agora.xtec.cat\/afalaseu\/ensenyaments\/llengues\/ensenyaments-inicials-i-formacio-basica\/\"> Catal\u00e0<\/a><br \/>\n<a href=\"https:\/\/agora.xtec.cat\/afalaseu\/ensenyaments\/llengues\/llengua-castellana\/\"> Castell\u00e0<\/a><br \/>\n<a href=\"https:\/\/agora.xtec.cat\/afalaseu\/ensenyaments\/llengues\/llengua-anglesa\/\"> Angl\u00e8s<\/a><br \/>\n<a href=\"https:\/\/agora.xtec.cat\/afalaseu\/ensenyaments\/llengues\/llengua-francesa\/\"> Franc\u00e8s<\/a><br \/>\n<a href=\"https:\/\/agora.xtec.cat\/afalaseu\/ensenyaments\/llengues\/llengua-italiana\/\"> Itali\u00e0<\/a><br \/>\n&nbsp;<br \/>\n<a href=\"https:\/\/agora.xtec.cat\/afalaseu\/ensenyaments\/formacio-basica\/\">Formaci\u00f3 b\u00e0sica<\/a><\/p>\n<ul>\n<li>\n<a title=\"Formaci\u00f3 instrumental\" href=\"https:\/\/agora.xtec.cat\/afalaseu\/ensenyaments\/formacio-basica\/formacio-instumental\/\">Formaci\u00f3 instrumental\u00a0presencial<\/a>\n<\/li>\n<li>\n<a title=\"Graduat en Educaci\u00f3 Secund\u00e0ria (GES) presencial\" href=\"https:\/\/agora.xtec.cat\/afalaseu\/ensenyaments\/formacio-basica\/graduat-en-educacio-secundaria-per-adults\/\">Graduat en Educaci\u00f3 Secund\u00e0ria (GES)\u00a0presencial<\/a>\n<\/li>\n<li>\n<a title=\"Graduat en Educaci\u00f3&hellip;  <a href=\"https:\/\/agora.xtec.cat\/afalaseu\/ensenyaments\/\" title=\"Read Ensenyaments\">Llegeix m\u00e9s\u00bb<\/a><\/p>\n","protected":false},"author":1,"featured_media":0,"parent":0,"menu_order":60,"comment_status":"closed","ping_status":"closed","template":"page-templates\/side-menu.php","meta":{"_bbp_topic_count":0,"_bbp_reply_count":0,"_bbp_total_topic_count":0,"_bbp_total_reply_count":0,"_bbp_voice_count":0,"_bbp_anonymous_reply_count":0,"_bbp_topic_count_hidden":0,"_bbp_reply_count_hidden":0,"_bbp_forum_subforum_count":0,"footnotes":""},"class_list":["post-274","page","type-page","status-publish","hentry"],"post_mailing_queue_ids":[],"_links":{"self":[{"href":"https:\/\/agora.xtec.cat\/afalaseu\/wp-json\/wp\/v2\/pages\/274","targetHints":{"allow":["GET"]}}],"collection":[{"href":"https:\/\/agora.xtec.cat\/afalaseu\/wp-json\/wp\/v2\/pages"}],"about":[{"href":"https:\/\/agora.xtec.cat\/afalaseu\/wp-json\/wp\/v2\/types\/page"}],"author":[{"embeddable":true,"href":"https:\/\/agora.xtec.cat\/afalaseu\/wp-json\/wp\/v2\/users\/1"}],"replies":[{"embeddable":true,"href":"https:\/\/agora.xtec.cat\/afalaseu\/wp-json\/wp\/v2\/comments?post=274"}],"version-history":[{"count":4,"href":"https:\/\/agora.xtec.cat\/afalaseu\/wp-json\/wp\/v2\/pages\/274\/revisions"}],"predecessor-version":[{"id":2008,"href":"https:\/\/agora.xtec.cat\/afalaseu\/wp-json\/wp\/v2\/pages\/274\/revisions\/2008"}],"wp:attachment":[{"href":"https:\/\/agora.xtec.cat\/afalaseu\/wp-json\/wp\/v2\/media?parent=274"}],"curies":[{"name":"wp","href":"https:\/\/api.w.org\/{rel}","templated":true}]}}