{"id":27,"date":"2014-09-17T16:24:03","date_gmt":"2014-09-17T16:24:03","guid":{"rendered":"http:\/\/agora.xtec.cat\/afalaseu\/?page_id=27"},"modified":"2024-01-16T11:35:53","modified_gmt":"2024-01-16T10:35:53","slug":"historia","status":"publish","type":"page","link":"https:\/\/agora.xtec.cat\/afalaseu\/el-centre\/historia\/","title":{"rendered":"Hist\u00f2ria"},"content":{"rendered":"<p style=\"text-align: justify;\">El CFA la Seu d&#8217;Urgell \u00e9s un centre p\u00fablic que imparteix ensenyaments diversos.<\/p>\n<p style=\"text-align: justify;\">El CFA la Seu d&#8217;Urgell t\u00e9 una llarga hist\u00f2ria. Els seus or\u00edgens es remunten als anys vuitanta en qu\u00e8 es feia el programa d&#8217;educaci\u00f3 compensat\u00f2ria, depenent del Departament d&#8217;Ensenyament, al col\u00b7legi Albert Vives que posteriorment es trasllad\u00e0 al col\u00b7legi Pau Claris. Els ensenyaments que s&#8217;impartien eren Alfabetitzaci\u00f3 i Graduat Escolar, a c\u00e0rrec d&#8217;un sol docent.<\/p>\n<p style=\"text-align: justify;\">L&#8217;any 1989, depenent del Departament de Benestar Social, es van endegar altres cursos: de catal\u00e0 i franc\u00e8s i es disposava de dos docents. Des del curs 89-90 fins al curs 93-94 el centre de refer\u00e8ncia era el col\u00b7legi Pau Claris. L&#8217;augment de l&#8217;oferta formativa va comportar haver de necessitar altres espais en la franja hor\u00e0ria en qu\u00e8 el centre de<br \/>\nprimaria impartia les classes (Institut Joan Brudieu, Oficina de Benestar Social&#8230;).<\/p>\n<p style=\"text-align: justify;\">El curs 1994-95 se&#8217;ns adjudica un espai propi (amb dues aules), compartit amb l&#8217;Oficina de Benestar Social a l&#8217;Avinguda Garriga i Mass\u00f3, 22-26.<\/p>\n<p style=\"text-align: justify;\">El curs 2003-04 la formaci\u00f3 d&#8217;adults va tornar a dependre del Departament d&#8217;Educaci\u00f3 i al curs 2005-06 es va ampliar la plantilla a quatre docents (dos mestres de prim\u00e0ria i dos de secund\u00e0ria) la qual cosa va permetre augmentar l&#8217;oferta formativa amb ensenyaments<br \/>\nd&#8217;angl\u00e8s i inform\u00e0tica.<\/p>\n<p style=\"text-align: justify;\">El curs 2007-08 es va tornar a ampliar la plantilla a sis docents i progressivament es van anar introduint nous ensenyaments (cursos de preparaci\u00f3 per a les proves d&#8217;acc\u00e9s a cicles i a la universitat). Degut a aquesta ampliaci\u00f3 tant de plantilla com d&#8217;oferta formativa, ens vam veure obligats a buscar nous espais on impartir les classes (EOI, Telecentre i col\u00b7legi Pau Claris).<\/p>\n<p style=\"text-align: justify;\">Des de l&#8217;1 de setembre de 2013 l&#8217;Aula de Formaci\u00f3 d&#8217;Adults esdev\u00e9 un centre, CFA la Seu d&#8217;Urgell ( ACORD GOV\/160\/2013 de 19 de novembre).<\/p>\n<p style=\"text-align: justify;\">El curs 2014-2015 ens vam traslladar a l&#8217;edifici de la Grandalla, al carrer Capdevila, 31.<\/p>\n<p style=\"text-align: justify;\">El mes de setembre de 2022 l&#8217;Ajuntament de la Seu d&#8217;Urgell fa p\u00fablica la seva voluntat d&#8217;ubicar definitivament el Centre de Formaci\u00f3 d&#8217;Adults a l&#8217;edifici dels antics jutjats (en des\u00fas des de l&#8217;any 2007), situat a la pla\u00e7a Pati Palau. Tamb\u00e9 elabora un projecte de reforma de l&#8217;edifici, i el Ple Municipal del 12 de setembre el declara b\u00e9 cultural d&#8217;inter\u00e8s local (BCIL) a fi de poder optar a la l\u00ednea d&#8217;ajuts que el departament de cultura ha convocat per a la rehabilitaci\u00f3 d&#8217;edificis protegits.<\/p>\n","protected":false},"excerpt":{"rendered":"<p>El CFA la Seu d&#8217;Urgell \u00e9s un centre p\u00fablic que imparteix ensenyaments diversos.<br \/>\nEl CFA la Seu d&#8217;Urgell t\u00e9 una llarga hist\u00f2ria. Els seus or\u00edgens es remunten als anys vuitanta en qu\u00e8 es feia el programa d&#8217;educaci\u00f3 compensat\u00f2ria, depenent del Departament d&#8217;Ensenyament, al col\u00b7legi Albert Vives&hellip;  <a href=\"https:\/\/agora.xtec.cat\/afalaseu\/el-centre\/historia\/\" title=\"Read Hist\u00f2ria\">Llegeix m\u00e9s\u00bb<\/a><\/p>\n","protected":false},"author":1,"featured_media":0,"parent":261,"menu_order":60,"comment_status":"closed","ping_status":"closed","template":"page-templates\/side-menu.php","meta":{"_bbp_topic_count":0,"_bbp_reply_count":0,"_bbp_total_topic_count":0,"_bbp_total_reply_count":0,"_bbp_voice_count":0,"_bbp_anonymous_reply_count":0,"_bbp_topic_count_hidden":0,"_bbp_reply_count_hidden":0,"_bbp_forum_subforum_count":0,"footnotes":""},"class_list":["post-27","page","type-page","status-publish","hentry"],"post_mailing_queue_ids":[],"_links":{"self":[{"href":"https:\/\/agora.xtec.cat\/afalaseu\/wp-json\/wp\/v2\/pages\/27","targetHints":{"allow":["GET"]}}],"collection":[{"href":"https:\/\/agora.xtec.cat\/afalaseu\/wp-json\/wp\/v2\/pages"}],"about":[{"href":"https:\/\/agora.xtec.cat\/afalaseu\/wp-json\/wp\/v2\/types\/page"}],"author":[{"embeddable":true,"href":"https:\/\/agora.xtec.cat\/afalaseu\/wp-json\/wp\/v2\/users\/1"}],"replies":[{"embeddable":true,"href":"https:\/\/agora.xtec.cat\/afalaseu\/wp-json\/wp\/v2\/comments?post=27"}],"version-history":[{"count":3,"href":"https:\/\/agora.xtec.cat\/afalaseu\/wp-json\/wp\/v2\/pages\/27\/revisions"}],"predecessor-version":[{"id":1285,"href":"https:\/\/agora.xtec.cat\/afalaseu\/wp-json\/wp\/v2\/pages\/27\/revisions\/1285"}],"up":[{"embeddable":true,"href":"https:\/\/agora.xtec.cat\/afalaseu\/wp-json\/wp\/v2\/pages\/261"}],"wp:attachment":[{"href":"https:\/\/agora.xtec.cat\/afalaseu\/wp-json\/wp\/v2\/media?parent=27"}],"curies":[{"name":"wp","href":"https:\/\/api.w.org\/{rel}","templated":true}]}}