{"id":1726,"date":"2024-01-12T16:22:54","date_gmt":"2024-01-12T15:22:54","guid":{"rendered":"https:\/\/agora.xtec.cat\/afalaseu\/?page_id=1726"},"modified":"2024-09-27T13:52:13","modified_gmt":"2024-09-27T11:52:13","slug":"tallers-de-capacitacio-digital","status":"publish","type":"page","link":"https:\/\/agora.xtec.cat\/afalaseu\/ensenyaments\/tallers-de-capacitacio-digital\/","title":{"rendered":"Tallers de capacitaci\u00f3 digital"},"content":{"rendered":"<p>El Departament d\u2019Educaci\u00f3 ha creat una xarxa de centres de capacitaci\u00f3 digital, formada per instituts de formaci\u00f3 professional i escoles d\u2019adults d\u2019arreu de Catalunya que ofereixen un total de cinc cursos gratu\u00efts, des del nivell m\u00e9s b\u00e0sic fins a l\u2019\u00e0mbit professional.<\/p>\n<p>&nbsp;<\/p>\n<h1 style=\"text-align: center;\"><span style=\"color: #000000;\"><strong>Inscripcions a la secretaria del centre<\/strong><\/span><\/h1>\n<p>&nbsp;<\/p>\n<h1>Curs 2024 &#8211; 2025<\/h1>\n<h3>1r cicle<\/h3>\n<h5><span style=\"color: #000000;\"><strong>Curs 2:<\/strong> Dilluns de 9.30 a 11.00 h. (del 11 de octubre al 20 de desembre)<\/span><\/h5>\n<h5><span style=\"color: #000000;\"><strong>Curs 3: <\/strong>Dilluns de 11.00 a 12.30 h. (del 11 de octubre al 20 de desembre)<\/span><\/h5>\n<p>&nbsp;<\/p>\n<h1>Curs 2023 &#8211; 2024<\/h1>\n<h3>1r cicle<\/h3>\n<h5><span style=\"color: #000000;\"><strong>Curs 2:<\/strong> Dilluns de 9.30 a 11.00 h. (del 27 de novembre al 26 de febrer)<\/span><\/h5>\n<h5><span style=\"color: #000000;\"><strong>Curs 3: <\/strong>Dilluns de 11.00 a 12.30 h. (del 27 de novembre al 26 de febrer)<\/span><\/h5>\n<p>&nbsp;<\/p>\n<h3>2n Cicle<\/h3>\n<h5><span style=\"color: #000000;\"><strong>Curs 3:<\/strong> Divendres de 12.00 a 13.30 h. (del 8 de mar\u00e7 al 17 de maig)<\/span><\/h5>\n<h5><span style=\"color: #000000;\"><strong>Curs 4:<\/strong> Divendres de 9.30 a 11.30 h. (del 8 de mar\u00e7 al 21 de juny)<\/span><\/h5>\n<p>&nbsp;<\/p>\n<p>&#8212;&#8212;&#8212;&#8211;<\/p>\n<p>Hi ha cinc <a href=\"https:\/\/educacio.gencat.cat\/ca\/serveis-tramits\/formacio-digital\/\">cursos gratu\u00efts de formaci\u00f3 en l\u2019\u00e0mbit digital<\/a>, que van des del nivell m\u00e9s b\u00e0sic fins a l\u2019\u00e0mbit professional:<\/p>\n<h2>CURS 1<\/h2>\n<h2><span style=\"color: #000000;\">Descobrim el m\u00f3n digital<\/span><\/h2>\n<p>Adre\u00e7at a persones que fan un \u00fas espor\u00e0dic de les eines digitals: descobrim el m\u00f2bil, la primera trucada, qu\u00e8 hi ha alg\u00fa? els meus contactes, instal\u00b7lar aplicacions, l\u2019SMS, el WhatsApp i el poso al meu gust&#8230;<br \/>\nDurada: <strong>15 hores<\/strong><\/p>\n<h2>CURS 2<\/h2>\n<h2><span style=\"color: #000000;\">Ens movem pel m\u00f3n digital<\/span><\/h2>\n<p>Per a persones que utilitzen algunes eines digitals de forma regular, per\u00f2 que no s\u00f3n aut\u00f2nomes per donar-los nous usos: el meu primer correu, faig fotos i v\u00eddeos, la\u00a0 immensitat digital a Internet, compte amb la seguretat: vigilem el que fem i diem&#8230;<br \/>\nDurada: <strong>15 hores<\/strong><\/p>\n<h2>CURS 3<\/h2>\n<h2><span style=\"color: #000000;\">Ens endinsem en el m\u00f3n digital<\/span><\/h2>\n<p>Per a persones amb autonomia digital que volen aprofundir en les seves compet\u00e8ncies: com puc anar a&#8230;, tr\u00e0mits en l\u00ednia, comunicar-se amb l\u2019atenci\u00f3 sanit\u00e0ria, relacionar-se amb l\u2019Administraci\u00f3, tot a la butxaca, guardem i compartim, i relaxem-nos i gaudim&#8230;<br \/>\nDurada: <strong>15 hores<\/strong><\/p>\n<h2>CURS 4<\/h2>\n<h2><span style=\"color: #000000;\">Digitalitzaci\u00f3 aplicada l\u2019entorn<\/span><br \/>\n<span style=\"color: #000000;\">professional<\/span><\/h2>\n<p>Adre\u00e7at a persones amb compet\u00e8ncies digitals en l\u2019\u00e0mbit personal que vulguin ampliar-les a l\u2019entorn professional. Aquest curs consta de dos m\u00f2duls:<br \/>\n\u2022 Gesti\u00f3 de dispositius i dades mitjan\u00e7ant tecnologies habilitadores digitals<br \/>\n\u2022 Gesti\u00f3 de continguts mitjan\u00e7ant tecnologies habilitadores digitals<br \/>\nDurada: <strong>30 hores<\/strong> (2 m\u00f2duls formatius de 15 hores)<\/p>\n<h2>CURS 5<\/h2>\n<h2><span style=\"color: #000000;\">Digitalitzaci\u00f3 en la ind\u00fastria,<\/span><br \/>\n<span style=\"color: #000000;\">els serveis i la comunicaci\u00f3<\/span><\/h2>\n<p>Adre\u00e7at a persones amb compet\u00e8ncies digitals en l\u2019\u00e0mbit personal que vulguin ampliar-les en els sectors de la ind\u00fastria, els serveis i la comunicaci\u00f3.<br \/>\nEls continguts s\u00f3n els seg\u00fcents:<br \/>\n\u2022 Dissenys digitals a la xarxa<br \/>\n\u2022 \u00das i configuraci\u00f3 d\u2019impressores 3D<br \/>\n\u2022 \u00das de les ulleres de realitat virtual<br \/>\n\u2022 Selecci\u00f3 de materials per a la impressi\u00f3<br \/>\n\u2022 Manteniment de l\u2019equip i \u00fas de les talladores l\u00e0ser<br \/>\nDurada: <strong>15 hores<\/strong><\/p>\n<p>&nbsp;<\/p>\n","protected":false},"excerpt":{"rendered":"<p>El Departament d\u2019Educaci\u00f3 ha creat una xarxa de centres de capacitaci\u00f3 digital, formada per instituts de formaci\u00f3 professional i escoles d\u2019adults d\u2019arreu de Catalunya que ofereixen un total de cinc cursos gratu\u00efts, des del nivell m\u00e9s b\u00e0sic fins a l\u2019\u00e0mbit professional.<br \/>\n&nbsp;<br \/>\nInscripcions a la secretaria del&hellip;  <a href=\"https:\/\/agora.xtec.cat\/afalaseu\/ensenyaments\/tallers-de-capacitacio-digital\/\" title=\"Read Tallers de capacitaci\u00f3 digital\">Llegeix m\u00e9s\u00bb<\/a><\/p>\n","protected":false},"author":1,"featured_media":0,"parent":274,"menu_order":90,"comment_status":"closed","ping_status":"closed","template":"page-templates\/side-menu.php","meta":{"_bbp_topic_count":0,"_bbp_reply_count":0,"_bbp_total_topic_count":0,"_bbp_total_reply_count":0,"_bbp_voice_count":0,"_bbp_anonymous_reply_count":0,"_bbp_topic_count_hidden":0,"_bbp_reply_count_hidden":0,"_bbp_forum_subforum_count":0,"footnotes":""},"class_list":["post-1726","page","type-page","status-publish","hentry"],"post_mailing_queue_ids":[],"_links":{"self":[{"href":"https:\/\/agora.xtec.cat\/afalaseu\/wp-json\/wp\/v2\/pages\/1726","targetHints":{"allow":["GET"]}}],"collection":[{"href":"https:\/\/agora.xtec.cat\/afalaseu\/wp-json\/wp\/v2\/pages"}],"about":[{"href":"https:\/\/agora.xtec.cat\/afalaseu\/wp-json\/wp\/v2\/types\/page"}],"author":[{"embeddable":true,"href":"https:\/\/agora.xtec.cat\/afalaseu\/wp-json\/wp\/v2\/users\/1"}],"replies":[{"embeddable":true,"href":"https:\/\/agora.xtec.cat\/afalaseu\/wp-json\/wp\/v2\/comments?post=1726"}],"version-history":[{"count":7,"href":"https:\/\/agora.xtec.cat\/afalaseu\/wp-json\/wp\/v2\/pages\/1726\/revisions"}],"predecessor-version":[{"id":2132,"href":"https:\/\/agora.xtec.cat\/afalaseu\/wp-json\/wp\/v2\/pages\/1726\/revisions\/2132"}],"up":[{"embeddable":true,"href":"https:\/\/agora.xtec.cat\/afalaseu\/wp-json\/wp\/v2\/pages\/274"}],"wp:attachment":[{"href":"https:\/\/agora.xtec.cat\/afalaseu\/wp-json\/wp\/v2\/media?parent=1726"}],"curies":[{"name":"wp","href":"https:\/\/api.w.org\/{rel}","templated":true}]}}