{"id":722,"date":"2017-09-15T11:47:06","date_gmt":"2017-09-15T09:47:06","guid":{"rendered":"http:\/\/agora.xtec.cat\/afaesparreguera\/?page_id=722"},"modified":"2025-06-10T16:43:21","modified_gmt":"2025-06-10T14:43:21","slug":"preparacio-per-a-les-proves-dacces-a-la-universitat","status":"publish","type":"page","link":"https:\/\/agora.xtec.cat\/afaesparreguera\/ensenyaments\/preparacio-per-a-les-proves-dacces-a-la-universitat\/","title":{"rendered":"Preparaci\u00f3 per a les proves d&#8217;acc\u00e9s a la universitat majors 25 anys i 45 anys"},"content":{"rendered":"<pre><em><strong>\r\nEl curs de preparaci\u00f3 per a les proves d'acc\u00e9s a la universitat de majors de 25 anys prepara a les persones m\u00e9s grans de 25 anys per a les proves d\u2019acc\u00e9s a la universitat (PAU).<\/strong><\/em><\/pre>\n<p>&nbsp;<\/p>\n<p>Si vols con\u00e8ixer tota la informaci\u00f3 relativa a aquest ensenyament entra <a href=\"https:\/\/view.genially.com\/68192d58ecb12ffb04251e71\/interactive-content-preinscripcio-25-26-cfa-esparreguera\">aqu\u00ed.<\/a><\/p>\n<p>Si jas coneixes com funciona, tamb\u00e9 pots veure el full informatiu resum del curs de preparaci\u00f3 per a les proves acc\u00e9s a la universitat de persones majors 25 anys: <a href=\"https:\/\/agora.xtec.cat\/afaesparreguera\/wp-content\/uploads\/usu364\/2025\/06\/Full-informatiu-Acces-universitat-majors-25-2025-26.pdf\">Full informatiu Curs acc\u00e9s universitat +25 2025-26<\/a><\/p>\n<p>&nbsp;<\/p>\n<p>&nbsp;<\/p>\n","protected":false},"excerpt":{"rendered":"<p>El curs de preparaci\u00f3 per a les proves d&#8217;acc\u00e9s a la universitat de majors de 25 anys prepara a les persones m\u00e9s grans de 25 anys per a les proves d\u2019acc\u00e9s a la universitat (PAU).<br \/>\n&nbsp;<br \/>\nSi vols con\u00e8ixer tota la informaci\u00f3 relativa a aquest ensenyament entra&hellip;  <a href=\"https:\/\/agora.xtec.cat\/afaesparreguera\/ensenyaments\/preparacio-per-a-les-proves-dacces-a-la-universitat\/\" title=\"Read Preparaci\u00f3 per a les proves d&#8217;acc\u00e9s a la universitat majors 25 anys i 45 anys\">Llegeix m\u00e9s\u00bb<\/a><\/p>\n","protected":false},"author":1,"featured_media":0,"parent":274,"menu_order":1,"comment_status":"closed","ping_status":"closed","template":"page-templates\/side-menu.php","meta":{"_bbp_topic_count":0,"_bbp_reply_count":0,"_bbp_total_topic_count":0,"_bbp_total_reply_count":0,"_bbp_voice_count":0,"_bbp_anonymous_reply_count":0,"_bbp_topic_count_hidden":0,"_bbp_reply_count_hidden":0,"_bbp_forum_subforum_count":0,"footnotes":""},"class_list":["post-722","page","type-page","status-publish","hentry"],"post_mailing_queue_ids":[],"_links":{"self":[{"href":"https:\/\/agora.xtec.cat\/afaesparreguera\/wp-json\/wp\/v2\/pages\/722","targetHints":{"allow":["GET"]}}],"collection":[{"href":"https:\/\/agora.xtec.cat\/afaesparreguera\/wp-json\/wp\/v2\/pages"}],"about":[{"href":"https:\/\/agora.xtec.cat\/afaesparreguera\/wp-json\/wp\/v2\/types\/page"}],"author":[{"embeddable":true,"href":"https:\/\/agora.xtec.cat\/afaesparreguera\/wp-json\/wp\/v2\/users\/1"}],"replies":[{"embeddable":true,"href":"https:\/\/agora.xtec.cat\/afaesparreguera\/wp-json\/wp\/v2\/comments?post=722"}],"version-history":[{"count":6,"href":"https:\/\/agora.xtec.cat\/afaesparreguera\/wp-json\/wp\/v2\/pages\/722\/revisions"}],"predecessor-version":[{"id":2406,"href":"https:\/\/agora.xtec.cat\/afaesparreguera\/wp-json\/wp\/v2\/pages\/722\/revisions\/2406"}],"up":[{"embeddable":true,"href":"https:\/\/agora.xtec.cat\/afaesparreguera\/wp-json\/wp\/v2\/pages\/274"}],"wp:attachment":[{"href":"https:\/\/agora.xtec.cat\/afaesparreguera\/wp-json\/wp\/v2\/media?parent=722"}],"curies":[{"name":"wp","href":"https:\/\/api.w.org\/{rel}","templated":true}]}}