{"id":39,"date":"2014-09-17T16:36:44","date_gmt":"2014-09-17T16:36:44","guid":{"rendered":"http:\/\/agora.xtec.cat\/afaesparreguera\/?page_id=39"},"modified":"2016-06-20T10:38:42","modified_gmt":"2016-06-20T08:38:42","slug":"instal%c2%b7lacions","status":"publish","type":"page","link":"https:\/\/agora.xtec.cat\/afaesparreguera\/el-centre\/instal%c2%b7lacions\/","title":{"rendered":"Instal\u00b7lacions"},"content":{"rendered":"<p><a href=\"http:\/\/agora.xtec.cat\/afaesparreguera\/wp-content\/uploads\/usu364\/2014\/09\/ies_elcastell.jpg\"><img loading=\"lazy\" decoding=\"async\" class=\"aligncenter size-medium wp-image-418\" src=\"http:\/\/agora.xtec.cat\/afaesparreguera\/wp-content\/uploads\/usu364\/2014\/09\/ies_elcastell-300x86.jpg\" alt=\"\" width=\"300\" height=\"86\" srcset=\"https:\/\/agora.xtec.cat\/afaesparreguera\/wp-content\/uploads\/usu364\/2014\/09\/ies_elcastell-300x86.jpg 300w, https:\/\/agora.xtec.cat\/afaesparreguera\/wp-content\/uploads\/usu364\/2014\/09\/ies_elcastell.jpg 1000w\" sizes=\"auto, (max-width: 300px) 100vw, 300px\" \/><\/a><\/p>\n<p>El <strong>CFA Esparreguera<\/strong> desenvolupa la seva tasca docent en horari vespert\u00ed (de 15.30 a 21 hores) a les aules de Batxillerat de l&#8217;IES El Castell.<\/p>\n<p>A pesar de compartir instal\u00b7lacions amb l&#8217;institut, el nostre centre de formaci\u00f3 de persones adultes \u00e9s completament aut\u00f2cton i t\u00e9 un acc\u00e9s propi al lateral de l&#8217;edifici.<\/p>\n<p>A banda d&#8217;una sala de professors d&#8217;\u00fas exclusiu per als docents d&#8217;educaci\u00f3 per a adults, a les aules que compartim amb l&#8217;institut disposem de dotaci\u00f3 inform\u00e0tica que ens permet incorporar les noves <strong>tecnologies d&#8217;informaci\u00f3 i comunicaci\u00f3 (TIC)<\/strong> al desenvolupament de les classes: ordinadors port\u00e0tils, projector, pissarra electr\u00f2nica, acc\u00e9s a internet, etc.<\/p>\n<p><a href=\"http:\/\/agora.xtec.cat\/afaesparreguera\/wp-content\/uploads\/usu364\/2014\/09\/ies_elcastell2.jpg\"><img loading=\"lazy\" decoding=\"async\" class=\"aligncenter wp-image-421\" src=\"http:\/\/agora.xtec.cat\/afaesparreguera\/wp-content\/uploads\/usu364\/2014\/09\/ies_elcastell2-300x124.jpg\" alt=\"\" width=\"443\" height=\"183\" srcset=\"https:\/\/agora.xtec.cat\/afaesparreguera\/wp-content\/uploads\/usu364\/2014\/09\/ies_elcastell2-300x124.jpg 300w, https:\/\/agora.xtec.cat\/afaesparreguera\/wp-content\/uploads\/usu364\/2014\/09\/ies_elcastell2.jpg 960w\" sizes=\"auto, (max-width: 443px) 100vw, 443px\" \/><\/a><\/p>\n","protected":false},"excerpt":{"rendered":"<p><a href=\"http:\/\/agora.xtec.cat\/afaesparreguera\/wp-content\/uploads\/usu364\/2014\/09\/ies_elcastell.jpg\"><\/a><br \/>\nEl CFA Esparreguera desenvolupa la seva tasca docent en horari vespert\u00ed (de 15.30 a 21 hores) a les aules de Batxillerat de l&#8217;IES El Castell.<br \/>\nA pesar de compartir instal\u00b7lacions amb l&#8217;institut, el nostre centre de formaci\u00f3 de persones adultes \u00e9s completament aut\u00f2cton i t\u00e9&hellip;  <a href=\"https:\/\/agora.xtec.cat\/afaesparreguera\/el-centre\/instal%c2%b7lacions\/\" title=\"Read Instal\u00b7lacions\">Llegeix m\u00e9s\u00bb<\/a><\/p>\n","protected":false},"author":1,"featured_media":0,"parent":261,"menu_order":30,"comment_status":"closed","ping_status":"closed","template":"page-templates\/side-menu.php","meta":{"_bbp_topic_count":0,"_bbp_reply_count":0,"_bbp_total_topic_count":0,"_bbp_total_reply_count":0,"_bbp_voice_count":0,"_bbp_anonymous_reply_count":0,"_bbp_topic_count_hidden":0,"_bbp_reply_count_hidden":0,"_bbp_forum_subforum_count":0,"footnotes":""},"class_list":["post-39","page","type-page","status-publish","hentry"],"post_mailing_queue_ids":[],"_links":{"self":[{"href":"https:\/\/agora.xtec.cat\/afaesparreguera\/wp-json\/wp\/v2\/pages\/39","targetHints":{"allow":["GET"]}}],"collection":[{"href":"https:\/\/agora.xtec.cat\/afaesparreguera\/wp-json\/wp\/v2\/pages"}],"about":[{"href":"https:\/\/agora.xtec.cat\/afaesparreguera\/wp-json\/wp\/v2\/types\/page"}],"author":[{"embeddable":true,"href":"https:\/\/agora.xtec.cat\/afaesparreguera\/wp-json\/wp\/v2\/users\/1"}],"replies":[{"embeddable":true,"href":"https:\/\/agora.xtec.cat\/afaesparreguera\/wp-json\/wp\/v2\/comments?post=39"}],"version-history":[{"count":3,"href":"https:\/\/agora.xtec.cat\/afaesparreguera\/wp-json\/wp\/v2\/pages\/39\/revisions"}],"predecessor-version":[{"id":513,"href":"https:\/\/agora.xtec.cat\/afaesparreguera\/wp-json\/wp\/v2\/pages\/39\/revisions\/513"}],"up":[{"embeddable":true,"href":"https:\/\/agora.xtec.cat\/afaesparreguera\/wp-json\/wp\/v2\/pages\/261"}],"wp:attachment":[{"href":"https:\/\/agora.xtec.cat\/afaesparreguera\/wp-json\/wp\/v2\/media?parent=39"}],"curies":[{"name":"wp","href":"https:\/\/api.w.org\/{rel}","templated":true}]}}