{"id":303,"date":"2015-01-28T11:23:05","date_gmt":"2015-01-28T10:23:05","guid":{"rendered":"http:\/\/agora.xtec.cat\/afaesparreguera\/?page_id=303"},"modified":"2025-06-10T16:42:08","modified_gmt":"2025-06-10T14:42:08","slug":"graduat-en-educacio-secundaria-per-adults","status":"publish","type":"page","link":"https:\/\/agora.xtec.cat\/afaesparreguera\/ensenyaments\/graduat-en-educacio-secundaria-per-adults\/","title":{"rendered":"GESO (graduat d\u2019educaci\u00f3 secund\u00e0ria obligat\u00f2ria)"},"content":{"rendered":"<pre><strong><em>\r\nAquests estudis permeten obtenir el t\u00edtol de graduat en Educaci\u00f3 Secund\u00e0ria Obligat\u00f2ria (ESO) a les persones adultes o, en casos molt excepcionals, a les persones que tenen entre 16 i 18 anys.<\/em><\/strong><\/pre>\n<p>&nbsp;<\/p>\n<p>Si vols con\u00e8ixer tota la informaci\u00f3 relativa a aquest ensenyament entra <a href=\"https:\/\/view.genially.com\/68192d58ecb12ffb04251e71\/interactive-content-preinscripcio-25-26-cfa-esparreguera\">aqu\u00ed.<\/a><\/p>\n<p>Si jas coneixes com funciona, tamb\u00e9 pots veure el full informatiu resum del GESO:<\/p>\n<p><a href=\"https:\/\/agora.xtec.cat\/afaesparreguera\/wp-content\/uploads\/usu364\/2025\/06\/Full-informatiu-GESO-2025-26.pdf\">Full informatiu GESO 2025-26<\/a><\/p>\n<p>&nbsp;<\/p>\n<p>&nbsp;<\/p>\n<p>&nbsp;<\/p>\n<p>&nbsp;<\/p>\n<p>&nbsp;<\/p>\n<p>&nbsp;<\/p>\n<p>&nbsp;<\/p>\n<p>&nbsp;<\/p>\n<p>&nbsp;<\/p>\n<p>&nbsp;<\/p>\n<p>&nbsp;<\/p>\n","protected":false},"excerpt":{"rendered":"<p>Aquests estudis permeten obtenir el t\u00edtol de graduat en Educaci\u00f3 Secund\u00e0ria Obligat\u00f2ria (ESO) a les persones adultes o, en casos molt excepcionals, a les persones que tenen entre 16 i 18 anys.<br \/>\n&nbsp;<br \/>\nSi vols con\u00e8ixer tota la informaci\u00f3 relativa a aquest ensenyament entra <a href=\"https:\/\/view.genially.com\/68192d58ecb12ffb04251e71\/interactive-content-preinscripcio-25-26-cfa-esparreguera\">aqu\u00ed.<\/a><br \/>\nSi jas&hellip;  <a href=\"https:\/\/agora.xtec.cat\/afaesparreguera\/ensenyaments\/graduat-en-educacio-secundaria-per-adults\/\" title=\"Read GESO (graduat d\u2019educaci\u00f3 secund\u00e0ria obligat\u00f2ria)\">Llegeix m\u00e9s\u00bb<\/a><\/p>\n","protected":false},"author":2,"featured_media":0,"parent":274,"menu_order":3,"comment_status":"closed","ping_status":"closed","template":"page-templates\/side-menu.php","meta":{"_bbp_topic_count":0,"_bbp_reply_count":0,"_bbp_total_topic_count":0,"_bbp_total_reply_count":0,"_bbp_voice_count":0,"_bbp_anonymous_reply_count":0,"_bbp_topic_count_hidden":0,"_bbp_reply_count_hidden":0,"_bbp_forum_subforum_count":0,"footnotes":""},"class_list":["post-303","page","type-page","status-publish","hentry"],"post_mailing_queue_ids":[],"_links":{"self":[{"href":"https:\/\/agora.xtec.cat\/afaesparreguera\/wp-json\/wp\/v2\/pages\/303","targetHints":{"allow":["GET"]}}],"collection":[{"href":"https:\/\/agora.xtec.cat\/afaesparreguera\/wp-json\/wp\/v2\/pages"}],"about":[{"href":"https:\/\/agora.xtec.cat\/afaesparreguera\/wp-json\/wp\/v2\/types\/page"}],"author":[{"embeddable":true,"href":"https:\/\/agora.xtec.cat\/afaesparreguera\/wp-json\/wp\/v2\/users\/2"}],"replies":[{"embeddable":true,"href":"https:\/\/agora.xtec.cat\/afaesparreguera\/wp-json\/wp\/v2\/comments?post=303"}],"version-history":[{"count":6,"href":"https:\/\/agora.xtec.cat\/afaesparreguera\/wp-json\/wp\/v2\/pages\/303\/revisions"}],"predecessor-version":[{"id":2402,"href":"https:\/\/agora.xtec.cat\/afaesparreguera\/wp-json\/wp\/v2\/pages\/303\/revisions\/2402"}],"up":[{"embeddable":true,"href":"https:\/\/agora.xtec.cat\/afaesparreguera\/wp-json\/wp\/v2\/pages\/274"}],"wp:attachment":[{"href":"https:\/\/agora.xtec.cat\/afaesparreguera\/wp-json\/wp\/v2\/media?parent=303"}],"curies":[{"name":"wp","href":"https:\/\/api.w.org\/{rel}","templated":true}]}}