{"id":265,"date":"2015-01-27T17:28:56","date_gmt":"2015-01-27T16:28:56","guid":{"rendered":"http:\/\/agora.xtec.cat\/afaesparreguera\/?page_id=265"},"modified":"2026-02-23T18:40:21","modified_gmt":"2026-02-23T17:40:21","slug":"organitzacio-interna","status":"publish","type":"page","link":"https:\/\/agora.xtec.cat\/afaesparreguera\/el-centre\/organitzacio-interna\/","title":{"rendered":"Organitzaci\u00f3 interna curs 2025-2026"},"content":{"rendered":"<h5><span style=\"color: #008080;\"><b>Equip directiu<\/b><\/span><\/h5>\n<p><strong>Director<\/strong>: Xo\u00e1n Carlos D\u00edaz Rodr\u00edguez<\/p>\n<p><strong>Secret\u00e0ria<\/strong>: Sara Mortreux Soley<\/p>\n<h5><\/h5>\n<h5><span style=\"color: #008080;\"><b>Equip docent<\/b><\/span><\/h5>\n<p><span style=\"text-decoration: underline;\"><em>\u00c0mbit social<\/em><\/span><\/p>\n<p>Xo\u00e1n Carlos D\u00edaz Rodr\u00edguez<\/p>\n<p><span style=\"text-decoration: underline;\"><em>\u00c0mbit cient\u00edfic i tecnol\u00f2gic<\/em><\/span><\/p>\n<p>Eduard Cuesta Matarredona<\/p>\n<p><span style=\"text-decoration: underline;\"><em>\u00c0mbit de comunicaci\u00f3<\/em><\/span><\/p>\n<p>Sara Mortreux<\/p>\n<p>Meritxell Tubau<\/p>\n<p><span style=\"text-decoration: underline;\"><em>Prim\u00e0ria<\/em><\/span><\/p>\n<p>Berta Ferrer<\/p>\n<p>Marta Gom\u00e0<\/p>\n<p>&nbsp;<\/p>\n<h4><strong><span style=\"color: #008080;\">Personal d&#8217;Administraci\u00f3 i Serveis (PAS)<\/span><br \/>\n<\/strong><\/h4>\n<p>Administrativa: Rosa Abad\u00edn Hern\u00e1ndez<\/p>\n<p>Conserge: Ana Bel\u00e9n<\/p>\n<p>&nbsp;<\/p>\n<h4><span style=\"color: #008080;\"><strong>TUTORIES I COORDINACIONS\u00a0<\/strong><\/span><\/h4>\n<p><span style=\"color: #993300;\"><strong><u>TUTORIES<\/u><\/strong><\/span><\/p>\n<p><strong>GES II: <\/strong>Eduard Cuesta<\/p>\n<p><strong>PAU25 i PPACFGS: <\/strong>Marta gom\u00e0<\/p>\n<p><strong>ANGLES 1: <\/strong>Sara Mortreux<\/p>\n<p><strong>ANGL\u00c8S 2: <\/strong>Berta Ferrer<\/p>\n<p><strong>ANGL\u00c8S 3: <\/strong>Xo\u00e1n Carlos D\u00edaz<\/p>\n<p><strong>COMPETIC 1:\u00a0<\/strong>Marta Gom\u00e0<\/p>\n<p><strong>COMPETIC 2<\/strong>: Sara Mortreux<\/p>\n<p><strong>COMPETIC 3<\/strong>: Xo\u00e1n Carlos D\u00edaz<\/p>\n<p><strong>CURS FORMACI\u00d3 INSTRUMENTAL 2 &#8211; BIENNAL (PART 1): <\/strong>Berta Ferrer<\/p>\n<p><strong>CASTELL\u00c0 1: <\/strong>Marta Gom\u00e0<\/p>\n<p><strong>CASTELL\u00c0 2<\/strong>: Mertixell Tubau<\/p>\n<p>&nbsp;<\/p>\n<p><span style=\"color: #993300;\"><strong><u>COORDINACIONS<\/u><\/strong><\/span><\/p>\n<p><strong>Coordinaci\u00f3 ensenyaments b\u00e0sics: <\/strong>Eduard Cuesta<\/p>\n<p><strong>Coordinaci\u00f3 ensenyaments inicials:<\/strong> Meritxell Tubau<\/p>\n<p><strong>Coordinaci\u00f3 societat de la informaci\u00f3 (<span lang=\"EN-US\">ICT coordinator<\/span>): <\/strong>Berta Ferrer<\/p>\n<p><strong>Coordinaci\u00f3 proves d&#8217;acc\u00e9s: <\/strong>Marta Gom\u00e0<\/p>\n<p><strong>Coordinaci\u00f3 riscos laborals: <\/strong>Xo\u00e1n Carlos D\u00edaz<\/p>\n<p><strong>COCOBE: <\/strong>Sara Mortreux<\/p>\n<p>&nbsp;<\/p>\n<p><b>CONSELL ESCOLAR 2025-2026<br \/>\n<\/b><\/p>\n<p>Director: Xo\u00e1n Carlos D\u00edaz Rodr\u00edguez<\/p>\n<p>Secret\u00e0ria: Sara Morterux Soley<\/p>\n<p>Representant de l&#8217;Ajuntament: Albert Boixet<\/p>\n<p>Representant del professorat: Marta Gom\u00e0, Berta Ferrer, Eduard Cuesta i Meritxell Tubau<\/p>\n<p>Representant del PAS: Rosa Abad\u00edn Hern\u00e1ndez<\/p>\n<p>Representants de l&#8217;alumnat: Montserrat Egea Morales, Carmen Ramos Prieto i Amparo de Castro Rodr\u00edguez<\/p>\n<p>&nbsp;<\/p>\n<div id=\"gtx-trans\" style=\"position: absolute; left: 149px; top: 966.031px;\">\n<div class=\"gtx-trans-icon\"><\/div>\n<\/div>\n","protected":false},"excerpt":{"rendered":"<p>Equip directiu<br \/>\nDirector: Xo\u00e1n Carlos D\u00edaz Rodr\u00edguez<br \/>\nSecret\u00e0ria: Sara Mortreux Soley<\/p>\n<p>Equip docent<br \/>\n\u00c0mbit social<br \/>\nXo\u00e1n Carlos D\u00edaz Rodr\u00edguez<br \/>\n\u00c0mbit cient\u00edfic i tecnol\u00f2gic<br \/>\nEduard Cuesta Matarredona<br \/>\n\u00c0mbit de comunicaci\u00f3<br \/>\nSara Mortreux<br \/>\nMeritxell Tubau<br \/>\nPrim\u00e0ria<br \/>\nBerta Ferrer<br \/>\nMarta Gom\u00e0<br \/>\n&nbsp;<br \/>\nPersonal d&#8217;Administraci\u00f3 i Serveis (PAS)<\/p>\n<p>Administrativa: Rosa Abad\u00edn Hern\u00e1ndez<br \/>\nConserge: Ana Bel\u00e9n<br \/>\n&nbsp;<br \/>\nTUTORIES I COORDINACIONS\u00a0<br \/>\nTUTORIES<br \/>\nGES II: Eduard Cuesta<br \/>\nPAU25 i PPACFGS: Marta gom\u00e0<br \/>\nANGLES 1: Sara&hellip;  <a href=\"https:\/\/agora.xtec.cat\/afaesparreguera\/el-centre\/organitzacio-interna\/\" title=\"Read Organitzaci\u00f3 interna curs 2025-2026\">Llegeix m\u00e9s\u00bb<\/a><\/p>\n","protected":false},"author":2,"featured_media":0,"parent":261,"menu_order":40,"comment_status":"closed","ping_status":"closed","template":"page-templates\/side-menu.php","meta":{"_bbp_topic_count":0,"_bbp_reply_count":0,"_bbp_total_topic_count":0,"_bbp_total_reply_count":0,"_bbp_voice_count":0,"_bbp_anonymous_reply_count":0,"_bbp_topic_count_hidden":0,"_bbp_reply_count_hidden":0,"_bbp_forum_subforum_count":0,"footnotes":""},"class_list":["post-265","page","type-page","status-publish","hentry"],"post_mailing_queue_ids":[],"_links":{"self":[{"href":"https:\/\/agora.xtec.cat\/afaesparreguera\/wp-json\/wp\/v2\/pages\/265","targetHints":{"allow":["GET"]}}],"collection":[{"href":"https:\/\/agora.xtec.cat\/afaesparreguera\/wp-json\/wp\/v2\/pages"}],"about":[{"href":"https:\/\/agora.xtec.cat\/afaesparreguera\/wp-json\/wp\/v2\/types\/page"}],"author":[{"embeddable":true,"href":"https:\/\/agora.xtec.cat\/afaesparreguera\/wp-json\/wp\/v2\/users\/2"}],"replies":[{"embeddable":true,"href":"https:\/\/agora.xtec.cat\/afaesparreguera\/wp-json\/wp\/v2\/comments?post=265"}],"version-history":[{"count":6,"href":"https:\/\/agora.xtec.cat\/afaesparreguera\/wp-json\/wp\/v2\/pages\/265\/revisions"}],"predecessor-version":[{"id":2486,"href":"https:\/\/agora.xtec.cat\/afaesparreguera\/wp-json\/wp\/v2\/pages\/265\/revisions\/2486"}],"up":[{"embeddable":true,"href":"https:\/\/agora.xtec.cat\/afaesparreguera\/wp-json\/wp\/v2\/pages\/261"}],"wp:attachment":[{"href":"https:\/\/agora.xtec.cat\/afaesparreguera\/wp-json\/wp\/v2\/media?parent=265"}],"curies":[{"name":"wp","href":"https:\/\/api.w.org\/{rel}","templated":true}]}}