{"id":261,"date":"2015-01-27T17:25:01","date_gmt":"2015-01-27T16:25:01","guid":{"rendered":"http:\/\/agora.xtec.cat\/afaesparreguera\/?page_id=261"},"modified":"2015-06-15T15:55:28","modified_gmt":"2015-06-15T13:55:28","slug":"el-centre","status":"publish","type":"page","link":"https:\/\/agora.xtec.cat\/afaesparreguera\/el-centre\/","title":{"rendered":"El Centre"},"content":{"rendered":"<p>El Centre de Formaci\u00f3 de Persones Adultes d&#8217;Esparreguera (<strong>CFA Esparreguera<\/strong>) ofereix als joves i adults una segona oportunitat per retornar al sistema educatiu reglat, i alhora continuar amb els estudis postobligatoris, aix\u00ed com ampliar els coneixements acad\u00e8mics, professionals i laborals per millorar la qualitat de vida.<\/p>\n<p>Al men\u00fa a l&#8217;esquerra d&#8217;aquesta pantalla trobar\u00e0s informaci\u00f3 d&#8217;inter\u00e8s sobre l&#8217;organitzaci\u00f3 del centre. La informaci\u00f3 sobre els ensenyaments que impartim la trobar\u00e0s <a href=\"http:\/\/agora.xtec.cat\/afaesparreguera\/ensenyaments\/\">aqu\u00ed<\/a>.<\/p>\n<p>&nbsp;<\/p>\n","protected":false},"excerpt":{"rendered":"<p>El Centre de Formaci\u00f3 de Persones Adultes d&#8217;Esparreguera (CFA Esparreguera) ofereix als joves i adults una segona oportunitat per retornar al sistema educatiu reglat, i alhora continuar amb els estudis postobligatoris, aix\u00ed com ampliar els coneixements acad\u00e8mics, professionals i laborals per millorar la qualitat de&hellip;  <a href=\"https:\/\/agora.xtec.cat\/afaesparreguera\/el-centre\/\" title=\"Read El Centre\">Llegeix m\u00e9s\u00bb<\/a><\/p>\n","protected":false},"author":2,"featured_media":0,"parent":0,"menu_order":0,"comment_status":"closed","ping_status":"closed","template":"page-templates\/side-menu.php","meta":{"_bbp_topic_count":0,"_bbp_reply_count":0,"_bbp_total_topic_count":0,"_bbp_total_reply_count":0,"_bbp_voice_count":0,"_bbp_anonymous_reply_count":0,"_bbp_topic_count_hidden":0,"_bbp_reply_count_hidden":0,"_bbp_forum_subforum_count":0,"footnotes":""},"class_list":["post-261","page","type-page","status-publish","hentry"],"post_mailing_queue_ids":[],"_links":{"self":[{"href":"https:\/\/agora.xtec.cat\/afaesparreguera\/wp-json\/wp\/v2\/pages\/261","targetHints":{"allow":["GET"]}}],"collection":[{"href":"https:\/\/agora.xtec.cat\/afaesparreguera\/wp-json\/wp\/v2\/pages"}],"about":[{"href":"https:\/\/agora.xtec.cat\/afaesparreguera\/wp-json\/wp\/v2\/types\/page"}],"author":[{"embeddable":true,"href":"https:\/\/agora.xtec.cat\/afaesparreguera\/wp-json\/wp\/v2\/users\/2"}],"replies":[{"embeddable":true,"href":"https:\/\/agora.xtec.cat\/afaesparreguera\/wp-json\/wp\/v2\/comments?post=261"}],"version-history":[{"count":2,"href":"https:\/\/agora.xtec.cat\/afaesparreguera\/wp-json\/wp\/v2\/pages\/261\/revisions"}],"predecessor-version":[{"id":417,"href":"https:\/\/agora.xtec.cat\/afaesparreguera\/wp-json\/wp\/v2\/pages\/261\/revisions\/417"}],"wp:attachment":[{"href":"https:\/\/agora.xtec.cat\/afaesparreguera\/wp-json\/wp\/v2\/media?parent=261"}],"curies":[{"name":"wp","href":"https:\/\/api.w.org\/{rel}","templated":true}]}}