{"id":2015,"date":"2023-06-08T17:19:27","date_gmt":"2023-06-08T15:19:27","guid":{"rendered":"https:\/\/agora.xtec.cat\/afaesparreguera\/?page_id=2015"},"modified":"2025-06-09T23:17:56","modified_gmt":"2025-06-09T21:17:56","slug":"instrumental","status":"publish","type":"page","link":"https:\/\/agora.xtec.cat\/afaesparreguera\/ensenyaments\/instrumental\/","title":{"rendered":"Curso de formaci\u00f3n instrumental 2 &#8211; bienal 1"},"content":{"rendered":"<pre><em><strong>Los dos primeros niveles de formaci\u00f3n instrumental tienen como objetivo que las personas adultas aprendan a leer, escribir y hacer c\u00e1lculos elementales. \r\n\r\nExisten 4 niveles pero nuestra escuela solo ofrece el nivel 2, y se completa en dos a\u00f1os. \r\n\r\nEl pr\u00f3ximo curso 25-26 empezamos el primer a\u00f1o del nivel 2.\r\n\r\n\r\n<\/strong><\/em><\/pre>\n<p>Si quieres conocer toda la informaci\u00f3n relativa a este curso entra <a href=\"https:\/\/view.genially.com\/68192d58ecb12ffb04251e71\/interactive-content-preinscripcio-25-26-cfa-esparreguera\">aqu\u00ed.<\/a><\/p>\n<p>Si ya conoces como funciona, tambi\u00e9n puedes ver la hoja informativa resumen del curso de Formaci\u00f3n instrumental 2 &#8211; Bienal 1:<\/p>\n<p><a href=\"https:\/\/agora.xtec.cat\/afaesparreguera\/wp-content\/uploads\/usu364\/2025\/06\/Full-informatiu-Instrumental-2-bienal-1-CAST-2025-26.pdf\">Hoja informativa resumen CFI 2 &#8211; bienal 1 &#8211; 2025-26<\/a><\/p>\n<p>&nbsp;<\/p>\n","protected":false},"excerpt":{"rendered":"<p>Los dos primeros niveles de formaci\u00f3n instrumental tienen como objetivo que las personas adultas aprendan a leer, escribir y hacer c\u00e1lculos elementales. <\/p>\n<p>Existen 4 niveles pero nuestra escuela solo ofrece el nivel 2, y se completa en dos a\u00f1os. <\/p>\n<p>El pr\u00f3ximo curso 25-26 empezamos el&hellip;  <a href=\"https:\/\/agora.xtec.cat\/afaesparreguera\/ensenyaments\/instrumental\/\" title=\"Read Curso de formaci\u00f3n instrumental 2 &#8211; bienal 1\">Llegeix m\u00e9s\u00bb<\/a><\/p>\n","protected":false},"author":1,"featured_media":0,"parent":274,"menu_order":7,"comment_status":"closed","ping_status":"closed","template":"page-templates\/side-menu.php","meta":{"_bbp_topic_count":0,"_bbp_reply_count":0,"_bbp_total_topic_count":0,"_bbp_total_reply_count":0,"_bbp_voice_count":0,"_bbp_anonymous_reply_count":0,"_bbp_topic_count_hidden":0,"_bbp_reply_count_hidden":0,"_bbp_forum_subforum_count":0,"footnotes":""},"class_list":["post-2015","page","type-page","status-publish","hentry"],"post_mailing_queue_ids":[],"_links":{"self":[{"href":"https:\/\/agora.xtec.cat\/afaesparreguera\/wp-json\/wp\/v2\/pages\/2015","targetHints":{"allow":["GET"]}}],"collection":[{"href":"https:\/\/agora.xtec.cat\/afaesparreguera\/wp-json\/wp\/v2\/pages"}],"about":[{"href":"https:\/\/agora.xtec.cat\/afaesparreguera\/wp-json\/wp\/v2\/types\/page"}],"author":[{"embeddable":true,"href":"https:\/\/agora.xtec.cat\/afaesparreguera\/wp-json\/wp\/v2\/users\/1"}],"replies":[{"embeddable":true,"href":"https:\/\/agora.xtec.cat\/afaesparreguera\/wp-json\/wp\/v2\/comments?post=2015"}],"version-history":[{"count":6,"href":"https:\/\/agora.xtec.cat\/afaesparreguera\/wp-json\/wp\/v2\/pages\/2015\/revisions"}],"predecessor-version":[{"id":2020,"href":"https:\/\/agora.xtec.cat\/afaesparreguera\/wp-json\/wp\/v2\/pages\/2015\/revisions\/2020"}],"up":[{"embeddable":true,"href":"https:\/\/agora.xtec.cat\/afaesparreguera\/wp-json\/wp\/v2\/pages\/274"}],"wp:attachment":[{"href":"https:\/\/agora.xtec.cat\/afaesparreguera\/wp-json\/wp\/v2\/media?parent=2015"}],"curies":[{"name":"wp","href":"https:\/\/api.w.org\/{rel}","templated":true}]}}