{"id":1134,"date":"2020-05-28T19:05:31","date_gmt":"2020-05-28T17:05:31","guid":{"rendered":"http:\/\/agora.xtec.cat\/afaesparreguera\/?page_id=1134"},"modified":"2025-06-09T22:52:03","modified_gmt":"2025-06-09T20:52:03","slug":"angles-1","status":"publish","type":"page","link":"https:\/\/agora.xtec.cat\/afaesparreguera\/ensenyaments\/angles-1\/","title":{"rendered":"Angl\u00e8s 1, 2 i 3"},"content":{"rendered":"<pre><strong><em>Aquests estudis tenen com a objectiu que les persones adultes assoleixin un grau de compet\u00e8ncia b\u00e0sic per a comunicar-se en llengua anglesa. <\/em><\/strong>\r\n\r\n<strong><em>S\u2019imparteixen en tres nivells, que corresponen als nivells A1 (Angl\u00e8s 1), A2.1 (Angl\u00e8s 2) i A2.2 (Angl\u00e8s 3) del MECRL, que \u00e9s el \"Marc Europeu Com\u00fa de Refer\u00e8ncia per a les lleng\u00fces\". <\/em><\/strong>\r\n\r\n<strong><em>En els tres nivells es treballen les habilitats de comprensi\u00f3 i expressi\u00f3 orals i escrites que permeten fer front a la major part de situacions ling\u00fc\u00edstiques de la vida quotidiana i comunicar-se de forma b\u00e0sica en un entorn pluriling\u00fce i multicultural.\r\n\r\n\r\n<\/em><\/strong><\/pre>\n<p>Si vols con\u00e8ixer tota la informaci\u00f3 relativa a aquest ensenyament entra <a href=\"https:\/\/view.genially.com\/68192d58ecb12ffb04251e71\/interactive-content-preinscripcio-25-26-cfa-esparreguera\">aqu\u00ed.<\/a><\/p>\n<p>Si jas coneixes com funciona, tamb\u00e9 pots veure el full informatiu resum de cada nivell d&#8217;angl\u00e8s:<\/p>\n<p><a href=\"https:\/\/agora.xtec.cat\/afaesparreguera\/wp-content\/uploads\/usu364\/2025\/06\/Full-informatiu-Angles-1-2025-26.pdf\">Full informatiu Angles 1 2025-26<\/a><\/p>\n<p><a href=\"https:\/\/agora.xtec.cat\/afaesparreguera\/wp-content\/uploads\/usu364\/2025\/06\/Full-informatiu-Angles-2-2025-26.pdf\">Full informatiu Angles 2 2025-26<\/a><\/p>\n<p><a href=\"https:\/\/agora.xtec.cat\/afaesparreguera\/wp-content\/uploads\/usu364\/2025\/06\/Full-informatiu-Angles-3-2025-26.pdf\">Full informatiu Angles 3 2025-26<\/a><\/p>\n","protected":false},"excerpt":{"rendered":"<p>Aquests estudis tenen com a objectiu que les persones adultes assoleixin un grau de compet\u00e8ncia b\u00e0sic per a comunicar-se en llengua anglesa. <\/p>\n<p>S\u2019imparteixen en tres nivells, que corresponen als nivells A1 (Angl\u00e8s 1), A2.1 (Angl\u00e8s 2) i A2.2 (Angl\u00e8s 3) del MECRL, que \u00e9s el&hellip;  <a href=\"https:\/\/agora.xtec.cat\/afaesparreguera\/ensenyaments\/angles-1\/\" title=\"Read Angl\u00e8s 1, 2 i 3\">Llegeix m\u00e9s\u00bb<\/a><\/p>\n","protected":false},"author":1,"featured_media":0,"parent":274,"menu_order":5,"comment_status":"closed","ping_status":"closed","template":"page-templates\/side-menu.php","meta":{"_bbp_topic_count":0,"_bbp_reply_count":0,"_bbp_total_topic_count":0,"_bbp_total_reply_count":0,"_bbp_voice_count":0,"_bbp_anonymous_reply_count":0,"_bbp_topic_count_hidden":0,"_bbp_reply_count_hidden":0,"_bbp_forum_subforum_count":0,"footnotes":""},"class_list":["post-1134","page","type-page","status-publish","hentry"],"post_mailing_queue_ids":[],"_links":{"self":[{"href":"https:\/\/agora.xtec.cat\/afaesparreguera\/wp-json\/wp\/v2\/pages\/1134","targetHints":{"allow":["GET"]}}],"collection":[{"href":"https:\/\/agora.xtec.cat\/afaesparreguera\/wp-json\/wp\/v2\/pages"}],"about":[{"href":"https:\/\/agora.xtec.cat\/afaesparreguera\/wp-json\/wp\/v2\/types\/page"}],"author":[{"embeddable":true,"href":"https:\/\/agora.xtec.cat\/afaesparreguera\/wp-json\/wp\/v2\/users\/1"}],"replies":[{"embeddable":true,"href":"https:\/\/agora.xtec.cat\/afaesparreguera\/wp-json\/wp\/v2\/comments?post=1134"}],"version-history":[{"count":6,"href":"https:\/\/agora.xtec.cat\/afaesparreguera\/wp-json\/wp\/v2\/pages\/1134\/revisions"}],"predecessor-version":[{"id":2199,"href":"https:\/\/agora.xtec.cat\/afaesparreguera\/wp-json\/wp\/v2\/pages\/1134\/revisions\/2199"}],"up":[{"embeddable":true,"href":"https:\/\/agora.xtec.cat\/afaesparreguera\/wp-json\/wp\/v2\/pages\/274"}],"wp:attachment":[{"href":"https:\/\/agora.xtec.cat\/afaesparreguera\/wp-json\/wp\/v2\/media?parent=1134"}],"curies":[{"name":"wp","href":"https:\/\/api.w.org\/{rel}","templated":true}]}}