{"id":9,"date":"2014-09-12T10:15:01","date_gmt":"2014-09-12T08:15:01","guid":{"rendered":"http:\/\/agora.xtec.cat\/afaeramprunya-adults-gava\/?page_id=9"},"modified":"2025-09-27T16:27:19","modified_gmt":"2025-09-27T14:27:19","slug":"pagina-dinici-buida","status":"publish","type":"page","link":"https:\/\/agora.xtec.cat\/afaeramprunya-adults-gava\/","title":{"rendered":"Portada"},"content":{"rendered":"        <div class=\"wp-block-getwid-custom-post-type custom-post-type-post has-layout-grid has-spacing-small\">\n            <div class=\"wp-block-getwid-custom-post-type__wrapper getwid-columns getwid-columns-2\">\n                \t\t\t\t\t\t\t\t<div class='wp-block-getwid-custom-post-type__post'>\n\t\t\t\t\t\t\t\t\t\n<div class=\"wp-block-group has-border-color has-ast-global-color-1-border-color is-vertical is-nowrap is-layout-flex wp-container-core-group-is-layout-1 wp-block-group-is-layout-flex\" style=\"border-radius:10px;min-height:100%;margin-top:0;margin-bottom:0;padding-top:var(--wp--preset--spacing--20);padding-right:var(--wp--preset--spacing--20);padding-bottom:var(--wp--preset--spacing--20);padding-left:var(--wp--preset--spacing--20)\">\n<h3 class=\"wp-block-getwid-template-post-title\"><a class=\"wp-block-getwid-template-post-title__link\" href=\"https:\/\/agora.xtec.cat\/afaeramprunya-adults-gava\/general\/el-gust-per-la-lectura-primer-contacte-amb-el-mon-buit\/\">El gust per la lectura: Primer contacte amb el m\u00f3n buit<\/a><\/h3>\n\n\n<div class=\"wp-block-getwid-template-post-featured-image\" >\n            <a href=\"https:\/\/agora.xtec.cat\/afaeramprunya-adults-gava\/general\/el-gust-per-la-lectura-primer-contacte-amb-el-mon-buit\/\">\n        <img loading=\"lazy\" decoding=\"async\" width=\"375\" height=\"375\" src=\"https:\/\/agora.xtec.cat\/afaeramprunya-adults-gava\/wp-content\/uploads\/usu2120\/2026\/01\/CMYK-2026-LOGO_Petit-HI-PARTICIPEM.png\" class=\"attachment-large size-large wp-post-image\" alt=\"El gust per la lectura: Primer contacte amb el m\u00f3n buit\" srcset=\"https:\/\/agora.xtec.cat\/afaeramprunya-adults-gava\/wp-content\/uploads\/usu2120\/2026\/01\/CMYK-2026-LOGO_Petit-HI-PARTICIPEM.png 375w, https:\/\/agora.xtec.cat\/afaeramprunya-adults-gava\/wp-content\/uploads\/usu2120\/2026\/01\/CMYK-2026-LOGO_Petit-HI-PARTICIPEM-300x300.png 300w, https:\/\/agora.xtec.cat\/afaeramprunya-adults-gava\/wp-content\/uploads\/usu2120\/2026\/01\/CMYK-2026-LOGO_Petit-HI-PARTICIPEM-150x150.png 150w\" sizes=\"auto, (max-width: 375px) 100vw, 375px\" \/>            <\/a>\n    <\/div>\n\n\n\n<div class=\"wp-block-getwid-template-post-meta has-direction-row\" >\n    \n\n<div class=\"wp-block-getwid-template-post-date\" >\n    <time datetime=\"2026-04-18T23:42:00+02:00\">\t\t\t<i class=\"fas fa-calendar \"\n\t\t\t\t\t\t><\/i>\n\t\t\t\t<a href=\"https:\/\/agora.xtec.cat\/afaeramprunya-adults-gava\/2026\/04\/18\/\">18\/04\/2026<\/a>\n\t<\/time>\n<\/div>\n<\/div>\n\n\n\n<div class=\"wp-block-getwid-template-post-content is-excerpt\" ><p>Seguint amb els mails anteriors, us deixem tamb\u00e9 el text literari creat pel Kevin i l&#039;Alba pel concurs literari El Gust per la Lectura: Primer contacte amb el m\u00f3n buit.<\/p><\/div>\n\n\n<a class=\"wp-block-read-more\" href=\"https:\/\/agora.xtec.cat\/afaeramprunya-adults-gava\/general\/el-gust-per-la-lectura-primer-contacte-amb-el-mon-buit\/\" target=\"_self\">Llegeix m\u00e9s<span class=\"screen-reader-text\">: El gust per la lectura: Primer contacte amb el m\u00f3n buit<\/span><\/a><\/div>\n\t\t\t\t\t\t\t\t<\/div>\n\t\t\t\t\t\t\t\t\t\t\t\t\t\t\t<div class='wp-block-getwid-custom-post-type__post'>\n\t\t\t\t\t\t\t\t\t\n<div class=\"wp-block-group has-border-color has-ast-global-color-1-border-color is-vertical is-nowrap is-layout-flex wp-container-core-group-is-layout-2 wp-block-group-is-layout-flex\" style=\"border-radius:10px;min-height:100%;margin-top:0;margin-bottom:0;padding-top:var(--wp--preset--spacing--20);padding-right:var(--wp--preset--spacing--20);padding-bottom:var(--wp--preset--spacing--20);padding-left:var(--wp--preset--spacing--20)\">\n<h3 class=\"wp-block-getwid-template-post-title\"><a class=\"wp-block-getwid-template-post-title__link\" href=\"https:\/\/agora.xtec.cat\/afaeramprunya-adults-gava\/general\/el-gust-per-la-lectura-el-virus\/\">El gust per la lectura: El virus<\/a><\/h3>\n\n\n<div class=\"wp-block-getwid-template-post-featured-image\" >\n            <a href=\"https:\/\/agora.xtec.cat\/afaeramprunya-adults-gava\/general\/el-gust-per-la-lectura-el-virus\/\">\n        <img loading=\"lazy\" decoding=\"async\" width=\"375\" height=\"375\" src=\"https:\/\/agora.xtec.cat\/afaeramprunya-adults-gava\/wp-content\/uploads\/usu2120\/2026\/01\/CMYK-2026-LOGO_Petit-HI-PARTICIPEM.png\" class=\"attachment-large size-large wp-post-image\" alt=\"El gust per la lectura: El virus\" srcset=\"https:\/\/agora.xtec.cat\/afaeramprunya-adults-gava\/wp-content\/uploads\/usu2120\/2026\/01\/CMYK-2026-LOGO_Petit-HI-PARTICIPEM.png 375w, https:\/\/agora.xtec.cat\/afaeramprunya-adults-gava\/wp-content\/uploads\/usu2120\/2026\/01\/CMYK-2026-LOGO_Petit-HI-PARTICIPEM-300x300.png 300w, https:\/\/agora.xtec.cat\/afaeramprunya-adults-gava\/wp-content\/uploads\/usu2120\/2026\/01\/CMYK-2026-LOGO_Petit-HI-PARTICIPEM-150x150.png 150w\" sizes=\"auto, (max-width: 375px) 100vw, 375px\" \/>            <\/a>\n    <\/div>\n\n\n\n<div class=\"wp-block-getwid-template-post-meta has-direction-row\" >\n    \n\n<div class=\"wp-block-getwid-template-post-date\" >\n    <time datetime=\"2026-04-17T14:02:07+02:00\">\t\t\t<i class=\"fas fa-calendar \"\n\t\t\t\t\t\t><\/i>\n\t\t\t\t<a href=\"https:\/\/agora.xtec.cat\/afaeramprunya-adults-gava\/2026\/04\/17\/\">17\/04\/2026<\/a>\n\t<\/time>\n<\/div>\n<\/div>\n\n\n\n<div class=\"wp-block-getwid-template-post-content is-excerpt\" ><p>Seguint amb el mail anterior, us deixem tamb\u00e9 el text literari creat per la Pilar i la Fernanda per al Gust per la Lectura: El virus.<\/p><\/div>\n\n\n<a class=\"wp-block-read-more\" href=\"https:\/\/agora.xtec.cat\/afaeramprunya-adults-gava\/general\/el-gust-per-la-lectura-el-virus\/\" target=\"_self\">Llegeix m\u00e9s<span class=\"screen-reader-text\">: El gust per la lectura: El virus<\/span><\/a><\/div>\n\t\t\t\t\t\t\t\t<\/div>\n\t\t\t\t\t\t\t\t\t\t\t\t\t\t\t<div class='wp-block-getwid-custom-post-type__post'>\n\t\t\t\t\t\t\t\t\t\n<div class=\"wp-block-group has-border-color has-ast-global-color-1-border-color is-vertical is-nowrap is-layout-flex wp-container-core-group-is-layout-3 wp-block-group-is-layout-flex\" style=\"border-radius:10px;min-height:100%;margin-top:0;margin-bottom:0;padding-top:var(--wp--preset--spacing--20);padding-right:var(--wp--preset--spacing--20);padding-bottom:var(--wp--preset--spacing--20);padding-left:var(--wp--preset--spacing--20)\">\n<h3 class=\"wp-block-getwid-template-post-title\"><a class=\"wp-block-getwid-template-post-title__link\" href=\"https:\/\/agora.xtec.cat\/afaeramprunya-adults-gava\/general\/el-gust-per-la-lectura-mes-enlla-del-centre-de-menors\/\">El gust per la lectura: M\u00e9s enll\u00e0 del centre de menors<\/a><\/h3>\n\n\n<div class=\"wp-block-getwid-template-post-featured-image\" >\n            <a href=\"https:\/\/agora.xtec.cat\/afaeramprunya-adults-gava\/general\/el-gust-per-la-lectura-mes-enlla-del-centre-de-menors\/\">\n        <img loading=\"lazy\" decoding=\"async\" width=\"375\" height=\"375\" src=\"https:\/\/agora.xtec.cat\/afaeramprunya-adults-gava\/wp-content\/uploads\/usu2120\/2026\/01\/CMYK-2026-LOGO_Petit-HI-PARTICIPEM.png\" class=\"attachment-large size-large wp-post-image\" alt=\"El gust per la lectura: M\u00e9s enll\u00e0 del centre de menors\" srcset=\"https:\/\/agora.xtec.cat\/afaeramprunya-adults-gava\/wp-content\/uploads\/usu2120\/2026\/01\/CMYK-2026-LOGO_Petit-HI-PARTICIPEM.png 375w, https:\/\/agora.xtec.cat\/afaeramprunya-adults-gava\/wp-content\/uploads\/usu2120\/2026\/01\/CMYK-2026-LOGO_Petit-HI-PARTICIPEM-300x300.png 300w, https:\/\/agora.xtec.cat\/afaeramprunya-adults-gava\/wp-content\/uploads\/usu2120\/2026\/01\/CMYK-2026-LOGO_Petit-HI-PARTICIPEM-150x150.png 150w\" sizes=\"auto, (max-width: 375px) 100vw, 375px\" \/>            <\/a>\n    <\/div>\n\n\n\n<div class=\"wp-block-getwid-template-post-meta has-direction-row\" >\n    \n\n<div class=\"wp-block-getwid-template-post-date\" >\n    <time datetime=\"2026-04-17T13:42:46+02:00\">\t\t\t<i class=\"fas fa-calendar \"\n\t\t\t\t\t\t><\/i>\n\t\t\t\t<a href=\"https:\/\/agora.xtec.cat\/afaeramprunya-adults-gava\/2026\/04\/17\/\">17\/04\/2026<\/a>\n\t<\/time>\n<\/div>\n<\/div>\n\n\n\n<div class=\"wp-block-getwid-template-post-content is-excerpt\" ><p>L&#039;alumnat de GES 1 ha llegit enguany la novel\u00b7la Els reis de la muntanya de Daniel Hern\u00e1ndez Chambers, lectura proposada pel programa &quot;El gust per la lectura&quot; del Departament d&#039;Educaci\u00f3 i Formaci\u00f3 Professional. El programa t\u00e9 com a objectiu que els nostres alumnes esdevinguin lectors competents, cr\u00edtics i capa\u00e7os de gaudir del plaer de la&hellip;<\/p><\/div>\n\n\n<a class=\"wp-block-read-more\" href=\"https:\/\/agora.xtec.cat\/afaeramprunya-adults-gava\/general\/el-gust-per-la-lectura-mes-enlla-del-centre-de-menors\/\" target=\"_self\">Llegeix m\u00e9s<span class=\"screen-reader-text\">: El gust per la lectura: M\u00e9s enll\u00e0 del centre de menors<\/span><\/a><\/div>\n\t\t\t\t\t\t\t\t<\/div>\n\t\t\t\t\t\t\t\t\t\t\t\t\t\t\t<div class='wp-block-getwid-custom-post-type__post'>\n\t\t\t\t\t\t\t\t\t\n<div class=\"wp-block-group has-border-color has-ast-global-color-1-border-color is-vertical is-nowrap is-layout-flex wp-container-core-group-is-layout-4 wp-block-group-is-layout-flex\" style=\"border-radius:10px;min-height:100%;margin-top:0;margin-bottom:0;padding-top:var(--wp--preset--spacing--20);padding-right:var(--wp--preset--spacing--20);padding-bottom:var(--wp--preset--spacing--20);padding-left:var(--wp--preset--spacing--20)\">\n<h3 class=\"wp-block-getwid-template-post-title\"><a class=\"wp-block-getwid-template-post-title__link\" href=\"https:\/\/agora.xtec.cat\/afaeramprunya-adults-gava\/general\/de-filipines-a-catalunya\/\">De Filipines a Catalunya: la veu dels refugiats<\/a><\/h3>\n\n\n<div class=\"wp-block-getwid-template-post-featured-image\" >\n            <a href=\"https:\/\/agora.xtec.cat\/afaeramprunya-adults-gava\/general\/de-filipines-a-catalunya\/\">\n        <img loading=\"lazy\" decoding=\"async\" width=\"724\" height=\"1024\" src=\"https:\/\/agora.xtec.cat\/afaeramprunya-adults-gava\/wp-content\/uploads\/usu2120\/2026\/04\/xerrada-ajuda-refugiat-4.jpg\" class=\"attachment-large size-large wp-post-image\" alt=\"De Filipines a Catalunya: la veu dels refugiats\" srcset=\"https:\/\/agora.xtec.cat\/afaeramprunya-adults-gava\/wp-content\/uploads\/usu2120\/2026\/04\/xerrada-ajuda-refugiat-4.jpg 724w, https:\/\/agora.xtec.cat\/afaeramprunya-adults-gava\/wp-content\/uploads\/usu2120\/2026\/04\/xerrada-ajuda-refugiat-4-212x300.jpg 212w\" sizes=\"auto, (max-width: 724px) 100vw, 724px\" \/>            <\/a>\n    <\/div>\n\n\n\n<div class=\"wp-block-getwid-template-post-meta has-direction-row\" >\n    \n\n<div class=\"wp-block-getwid-template-post-date\" >\n    <time datetime=\"2026-04-14T23:59:00+02:00\">\t\t\t<i class=\"fas fa-calendar \"\n\t\t\t\t\t\t><\/i>\n\t\t\t\t<a href=\"https:\/\/agora.xtec.cat\/afaeramprunya-adults-gava\/2026\/04\/14\/\">14\/04\/2026<\/a>\n\t<\/time>\n<\/div>\n<\/div>\n\n\n\n<div class=\"wp-block-getwid-template-post-content is-excerpt\" ><p>Avui el grup de GES 1 ha gaudit de la xerrada del Llu\u00eds Juber\u00edas del CCAR (Comissi\u00f3 Catalana d&#039;Ajuda al Refugiat) i del testimoni de la Czarina Golda S. Musni, refugiada pol\u00edtica de Filipines. La Czarina ens ha explicat la seva persecuci\u00f3 per denunciar el Govern actual del seu pa\u00eds i el cam\u00ed que la&hellip;<\/p><\/div>\n\n\n<a class=\"wp-block-read-more\" href=\"https:\/\/agora.xtec.cat\/afaeramprunya-adults-gava\/general\/de-filipines-a-catalunya\/\" target=\"_self\">Llegeix m\u00e9s<span class=\"screen-reader-text\">: De Filipines a Catalunya: la veu dels refugiats<\/span><\/a><\/div>\n\t\t\t\t\t\t\t\t<\/div>\n\t\t\t\t\t\t\t\t\t\t\t\t\t\t\t<div class='wp-block-getwid-custom-post-type__post'>\n\t\t\t\t\t\t\t\t\t\n<div class=\"wp-block-group has-border-color has-ast-global-color-1-border-color is-vertical is-nowrap is-layout-flex wp-container-core-group-is-layout-5 wp-block-group-is-layout-flex\" style=\"border-radius:10px;min-height:100%;margin-top:0;margin-bottom:0;padding-top:var(--wp--preset--spacing--20);padding-right:var(--wp--preset--spacing--20);padding-bottom:var(--wp--preset--spacing--20);padding-left:var(--wp--preset--spacing--20)\">\n<h3 class=\"wp-block-getwid-template-post-title\"><a class=\"wp-block-getwid-template-post-title__link\" href=\"https:\/\/agora.xtec.cat\/afaeramprunya-adults-gava\/general\/i-jornada-de-tallers-vivencials-a-cornella-thi-apuntes\/\">I Jornada de Tallers Vivencials a Cornell\u00e0: t\u2019hi apuntes?<\/a><\/h3>\n\n\n<div class=\"wp-block-getwid-template-post-featured-image\" >\n            <a href=\"https:\/\/agora.xtec.cat\/afaeramprunya-adults-gava\/general\/i-jornada-de-tallers-vivencials-a-cornella-thi-apuntes\/\">\n        <img loading=\"lazy\" decoding=\"async\" width=\"724\" height=\"1024\" src=\"https:\/\/agora.xtec.cat\/afaeramprunya-adults-gava\/wp-content\/uploads\/usu2120\/2026\/04\/Jornades-vivencials.jpg\" class=\"attachment-large size-large wp-post-image\" alt=\"I Jornada de Tallers Vivencials a Cornell\u00e0: t\u2019hi apuntes?\" srcset=\"https:\/\/agora.xtec.cat\/afaeramprunya-adults-gava\/wp-content\/uploads\/usu2120\/2026\/04\/Jornades-vivencials.jpg 724w, https:\/\/agora.xtec.cat\/afaeramprunya-adults-gava\/wp-content\/uploads\/usu2120\/2026\/04\/Jornades-vivencials-212x300.jpg 212w\" sizes=\"auto, (max-width: 724px) 100vw, 724px\" \/>            <\/a>\n    <\/div>\n\n\n\n<div class=\"wp-block-getwid-template-post-meta has-direction-row\" >\n    \n\n<div class=\"wp-block-getwid-template-post-date\" >\n    <time datetime=\"2026-04-13T13:45:07+02:00\">\t\t\t<i class=\"fas fa-calendar \"\n\t\t\t\t\t\t><\/i>\n\t\t\t\t<a href=\"https:\/\/agora.xtec.cat\/afaeramprunya-adults-gava\/2026\/04\/13\/\">13\/04\/2026<\/a>\n\t<\/time>\n<\/div>\n<\/div>\n\n\n\n<div class=\"wp-block-getwid-template-post-content is-excerpt\" ><p>El pr\u00f2xim dimecres 15 d\u2019abril, de 16 a 20 h, al Citilab de Cornell\u00e0, tindr\u00e0 lloc la I Jornada de Tallers Vivencials dels CFA del Baix Llobregat. Durant la tarda podr\u00e0s participar en tallers pr\u00e0ctics i din\u00e0mics com ara: M\u00f2bils i Tauletes t\u00e0ctils, Impressores 3D, idiomes, TVCFA (entrevistes amb streaming), Parelles Ling\u00fc\u00edstiques&#8230;<\/p><\/div>\n\n\n<a class=\"wp-block-read-more\" href=\"https:\/\/agora.xtec.cat\/afaeramprunya-adults-gava\/general\/i-jornada-de-tallers-vivencials-a-cornella-thi-apuntes\/\" target=\"_self\">Llegeix m\u00e9s<span class=\"screen-reader-text\">: I Jornada de Tallers Vivencials a Cornell\u00e0: t\u2019hi apuntes?<\/span><\/a><\/div>\n\t\t\t\t\t\t\t\t<\/div>\n\t\t\t\t\t\t\t\t\t\t\t\t\t\t\t<div class='wp-block-getwid-custom-post-type__post'>\n\t\t\t\t\t\t\t\t\t\n<div class=\"wp-block-group has-border-color has-ast-global-color-1-border-color is-vertical is-nowrap is-layout-flex wp-container-core-group-is-layout-6 wp-block-group-is-layout-flex\" style=\"border-radius:10px;min-height:100%;margin-top:0;margin-bottom:0;padding-top:var(--wp--preset--spacing--20);padding-right:var(--wp--preset--spacing--20);padding-bottom:var(--wp--preset--spacing--20);padding-left:var(--wp--preset--spacing--20)\">\n<h3 class=\"wp-block-getwid-template-post-title\"><a class=\"wp-block-getwid-template-post-title__link\" href=\"https:\/\/agora.xtec.cat\/afaeramprunya-adults-gava\/general\/lletres-a-les-aules-amb-furies-monstres-i-altres-besties\/\">Lletres a les aules amb \u201cF\u00faries, monstres i altres b\u00e8sties\u201d<\/a><\/h3>\n\n\n<div class=\"wp-block-getwid-template-post-featured-image\" >\n            <a href=\"https:\/\/agora.xtec.cat\/afaeramprunya-adults-gava\/general\/lletres-a-les-aules-amb-furies-monstres-i-altres-besties\/\">\n        <img loading=\"lazy\" decoding=\"async\" width=\"724\" height=\"1024\" src=\"https:\/\/agora.xtec.cat\/afaeramprunya-adults-gava\/wp-content\/uploads\/usu2120\/2026\/03\/Lletres-a-les-aules.jpg\" class=\"attachment-large size-large wp-post-image\" alt=\"Lletres a les aules amb \u201cF\u00faries, monstres i altres b\u00e8sties\u201d\" srcset=\"https:\/\/agora.xtec.cat\/afaeramprunya-adults-gava\/wp-content\/uploads\/usu2120\/2026\/03\/Lletres-a-les-aules.jpg 724w, https:\/\/agora.xtec.cat\/afaeramprunya-adults-gava\/wp-content\/uploads\/usu2120\/2026\/03\/Lletres-a-les-aules-212x300.jpg 212w\" sizes=\"auto, (max-width: 724px) 100vw, 724px\" \/>            <\/a>\n    <\/div>\n\n\n\n<div class=\"wp-block-getwid-template-post-meta has-direction-row\" >\n    \n\n<div class=\"wp-block-getwid-template-post-date\" >\n    <time datetime=\"2026-03-26T23:22:02+01:00\">\t\t\t<i class=\"fas fa-calendar \"\n\t\t\t\t\t\t><\/i>\n\t\t\t\t<a href=\"https:\/\/agora.xtec.cat\/afaeramprunya-adults-gava\/2026\/03\/26\/\">26\/03\/2026<\/a>\n\t<\/time>\n<\/div>\n<\/div>\n\n\n\n<div class=\"wp-block-getwid-template-post-content is-excerpt\" ><p>La setmana passada, l\u2019alumnat de GES va poder gaudir del taller \u201cF\u00faries, monstres i altres b\u00e8sties\u201d que presentaven les poetes Maria Sevilla i Raquel Santanera. Es tracta d\u2019una activitat de \u201cCl\u00e0ssics en veu alta\u201d, dins el projecte \u201cLletres a les aules\u201d de la Instituci\u00f3 de les Lletres Catalanes i del Departament d\u2019Educaci\u00f3 i FP.<\/p><\/div>\n\n\n<a class=\"wp-block-read-more\" href=\"https:\/\/agora.xtec.cat\/afaeramprunya-adults-gava\/general\/lletres-a-les-aules-amb-furies-monstres-i-altres-besties\/\" target=\"_self\">Llegeix m\u00e9s<span class=\"screen-reader-text\">: Lletres a les aules amb \u201cF\u00faries, monstres i altres b\u00e8sties\u201d<\/span><\/a><\/div>\n\t\t\t\t\t\t\t\t<\/div>\n\t\t\t\t\t\t\t            <\/div>\n\n                    <\/div>\n        \n\n\n<div class=\"wp-block-buttons is-horizontal is-content-justification-left is-layout-flex wp-container-core-buttons-is-layout-1 wp-block-buttons-is-layout-flex\" style=\"margin-top:0;margin-bottom:0;padding-top:var(--wp--preset--spacing--20);padding-right:0;padding-bottom:var(--wp--preset--spacing--20);padding-left:0\">\n<div class=\"wp-block-button is-style-fill\"><a class=\"wp-block-button__link wp-element-button\" href=\"https:\/\/agora.xtec.cat\/afaeramprunya-adults-gava\/categoria\/portada\/\">Totes les not\u00edcies<\/a><\/div>\n<\/div>\n\n\n\n<p><\/p>\n","protected":false},"excerpt":{"rendered":"","protected":false},"author":1,"featured_media":0,"parent":7,"menu_order":0,"comment_status":"closed","ping_status":"closed","template":"page-templates\/front-page.php","meta":{"site-sidebar-layout":"default","site-content-layout":"","ast-site-content-layout":"default","site-content-style":"default","site-sidebar-style":"default","ast-global-header-display":"","ast-banner-title-visibility":"","ast-main-header-display":"","ast-hfb-above-header-display":"","ast-hfb-below-header-display":"","ast-hfb-mobile-header-display":"","site-post-title":"disabled","ast-breadcrumbs-content":"","ast-featured-img":"","footer-sml-layout":"","theme-transparent-header-meta":"","adv-header-id-meta":"","stick-header-meta":"","header-above-stick-meta":"","header-main-stick-meta":"","header-below-stick-meta":"","astra-migrate-meta-layouts":"set","ast-page-background-enabled":"default","ast-page-background-meta":{"desktop":{"background-color":"var(--ast-global-color-4)","background-image":"","background-repeat":"repeat","background-position":"center center","background-size":"auto","background-attachment":"scroll","background-type":"","background-media":"","overlay-type":"","overlay-color":"","overlay-opacity":"","overlay-gradient":""},"tablet":{"background-color":"","background-image":"","background-repeat":"repeat","background-position":"center center","background-size":"auto","background-attachment":"scroll","background-type":"","background-media":"","overlay-type":"","overlay-color":"","overlay-opacity":"","overlay-gradient":""},"mobile":{"background-color":"","background-image":"","background-repeat":"repeat","background-position":"center center","background-size":"auto","background-attachment":"scroll","background-type":"","background-media":"","overlay-type":"","overlay-color":"","overlay-opacity":"","overlay-gradient":""}},"ast-content-background-meta":{"desktop":{"background-color":"var(--ast-global-color-5)","background-image":"","background-repeat":"repeat","background-position":"center center","background-size":"auto","background-attachment":"scroll","background-type":"","background-media":"","overlay-type":"","overlay-color":"","overlay-opacity":"","overlay-gradient":""},"tablet":{"background-color":"var(--ast-global-color-5)","background-image":"","background-repeat":"repeat","background-position":"center center","background-size":"auto","background-attachment":"scroll","background-type":"","background-media":"","overlay-type":"","overlay-color":"","overlay-opacity":"","overlay-gradient":""},"mobile":{"background-color":"var(--ast-global-color-5)","background-image":"","background-repeat":"repeat","background-position":"center center","background-size":"auto","background-attachment":"scroll","background-type":"","background-media":"","overlay-type":"","overlay-color":"","overlay-opacity":"","overlay-gradient":""}},"footnotes":""},"class_list":["post-9","page","type-page","status-publish","hentry"],"post_mailing_queue_ids":[],"_links":{"self":[{"href":"https:\/\/agora.xtec.cat\/afaeramprunya-adults-gava\/wp-json\/wp\/v2\/pages\/9","targetHints":{"allow":["GET"]}}],"collection":[{"href":"https:\/\/agora.xtec.cat\/afaeramprunya-adults-gava\/wp-json\/wp\/v2\/pages"}],"about":[{"href":"https:\/\/agora.xtec.cat\/afaeramprunya-adults-gava\/wp-json\/wp\/v2\/types\/page"}],"author":[{"embeddable":true,"href":"https:\/\/agora.xtec.cat\/afaeramprunya-adults-gava\/wp-json\/wp\/v2\/users\/1"}],"replies":[{"embeddable":true,"href":"https:\/\/agora.xtec.cat\/afaeramprunya-adults-gava\/wp-json\/wp\/v2\/comments?post=9"}],"version-history":[{"count":6,"href":"https:\/\/agora.xtec.cat\/afaeramprunya-adults-gava\/wp-json\/wp\/v2\/pages\/9\/revisions"}],"predecessor-version":[{"id":8887,"href":"https:\/\/agora.xtec.cat\/afaeramprunya-adults-gava\/wp-json\/wp\/v2\/pages\/9\/revisions\/8887"}],"up":[{"embeddable":true,"href":"https:\/\/agora.xtec.cat\/afaeramprunya-adults-gava\/wp-json\/wp\/v2\/pages\/7"}],"wp:attachment":[{"href":"https:\/\/agora.xtec.cat\/afaeramprunya-adults-gava\/wp-json\/wp\/v2\/media?parent=9"}],"curies":[{"name":"wp","href":"https:\/\/api.w.org\/{rel}","templated":true}]}}