{"id":8619,"date":"2025-08-24T12:45:02","date_gmt":"2025-08-24T10:45:02","guid":{"rendered":"https:\/\/agora.xtec.cat\/afaeramprunya-adults-gava\/?page_id=8619"},"modified":"2025-08-25T12:44:03","modified_gmt":"2025-08-25T10:44:03","slug":"capacitacio-digital","status":"publish","type":"page","link":"https:\/\/agora.xtec.cat\/afaeramprunya-adults-gava\/serveis\/capacitacio-digital\/","title":{"rendered":"Capacitaci\u00f3 digital"},"content":{"rendered":"\n<div class=\"wp-block-getwid-button-group\"><div class=\"wp-block-getwid-button-group__wrapper has-alignment-center has-width-50\">\n<div class=\"wp-block-button\"><a class=\"wp-block-button__link wp-element-button\" href=\"#informacio\">Informaci\u00f3<\/a><\/div>\n\n\n\n<div class=\"wp-block-button\"><a class=\"wp-block-button__link wp-element-button\" href=\"#noticies\">Not\u00edcies<\/a><\/div>\n<\/div><\/div>\n\n\n\n<hr class=\"wp-block-separator has-alpha-channel-opacity\" id=\"informacio\"\/>\n\n\n\n<h3 class=\"wp-block-heading\">Informaci\u00f3 dels cursos de Capacitaci\u00f3 Digital<\/h3>\n\n\n\n<p>Accedeix als cursos d\u2019Aula de Capacitaci\u00f3 Digital al CFA Gav\u00e0: formaci\u00f3 gratu\u00efta, presencial i oficial, destinada a persones adultes que volen guanyar autonomia en l\u2019\u00fas de les tecnologies (\u00fas de <strong>m\u00f2bil<\/strong>, <strong>correu<\/strong>, <strong>seguretat<\/strong>, <strong>fotos<\/strong>, <strong>v\u00eddeos<\/strong>, <strong>internet<\/strong>\u2026). Aquests cursos s\u00f3n independents dels ensenyaments de COMPETIC que ofereix tamb\u00e9 el centre.<\/p>\n\n\n\n<p>El Departament d&#8217;Educaci\u00f3 ofereix 5 cursos de <strong><a href=\"https:\/\/educacio.gencat.cat\/ca\/serveis-tramits\/formacio-digital\/index.html\" data-type=\"link\" data-id=\"https:\/\/educacio.gencat.cat\/ca\/serveis-tramits\/formacio-digital\/index.html\" target=\"_blank\" rel=\"noreferrer noopener\">Capacitaci\u00f3 Digital<\/a><\/strong>:<\/p>\n\n\n\n<ul class=\"wp-block-list\">\n<li>Curs 1: Descobrim el m\u00f3n digital<\/li>\n\n\n\n<li>Curs 2: Ens movem pel m\u00f3n digital<\/li>\n\n\n\n<li>Curs 3:  Ens endinsem pel m\u00f3n digital<\/li>\n\n\n\n<li>Curs 4: Digitalitzaci\u00f3 aplicada a l&#8217;entorn professional<\/li>\n\n\n\n<li>Curs 5: Digitalitzaci\u00f3 en la ind\u00fastria, els serveis i la comunicaci\u00f3.<\/li>\n<\/ul>\n\n\n\n<p>La matr\u00edcula s&#8217;obre individualment per curs durant l&#8217;any i haureu d&#8217;estar atents i atentes a les informacions de la web o trucar directament al centre.<\/p>\n\n\n\n<p>\ud83d\udc49 <a href=\"https:\/\/educacio.gencat.cat\/ca\/serveis-tramits\/formacio-digital\/index.html\" data-type=\"link\" data-id=\"https:\/\/educacio.gencat.cat\/ca\/serveis-tramits\/formacio-digital\/index.html\" target=\"_blank\" rel=\"noreferrer noopener\">Informaci\u00f3 oficial sobre els cursos de Capacitaci\u00f3 Digital<\/a><\/p>\n\n\n\n<hr class=\"wp-block-separator has-alpha-channel-opacity\" id=\"noticies\"\/>\n\n\n\n<h3 class=\"wp-block-heading\">Not\u00edcies<\/h3>\n\n\n\n<p>En aquest apartat trobar\u00e0s totes les not\u00edcies que hem publicat sobre els cursos de capacitaci\u00f3 digital. Revisa b\u00e9 les dates de les not\u00edcies perqu\u00e8 no sempre oferim tots els cursos de capacitaci\u00f3 digital.<\/p>\n\n\n        <div class=\"wp-block-getwid-custom-post-type custom-post-type-post has-layout-list\">\n            <div class=\"wp-block-getwid-custom-post-type__wrapper\">\n                \t\t\t\t\t\t\t\t<div class='wp-block-getwid-custom-post-type__post'>\n\t\t\t\t\t\t\t\t\t\n<div class=\"wp-block-group has-border-color has-ast-global-color-1-border-color is-vertical is-nowrap is-layout-flex wp-container-core-group-is-layout-1 wp-block-group-is-layout-flex\" style=\"border-radius:10px;min-height:100%;margin-top:0;margin-bottom:0;padding-top:var(--wp--preset--spacing--20);padding-right:var(--wp--preset--spacing--20);padding-bottom:var(--wp--preset--spacing--20);padding-left:var(--wp--preset--spacing--20)\">\n<h3 class=\"wp-block-getwid-template-post-title\"><a class=\"wp-block-getwid-template-post-title__link\" href=\"https:\/\/agora.xtec.cat\/afaeramprunya-adults-gava\/general\/iniciem-el-curs-de-laula-de-capacitacio-digital\/\">Iniciem el curs de l&#8217;aula de capacitaci\u00f3 digital<\/a><\/h3>\n\n\n<div class=\"wp-block-getwid-template-post-featured-image\" >\n            <a href=\"https:\/\/agora.xtec.cat\/afaeramprunya-adults-gava\/general\/iniciem-el-curs-de-laula-de-capacitacio-digital\/\">\n        <img loading=\"lazy\" decoding=\"async\" width=\"724\" height=\"1024\" src=\"https:\/\/agora.xtec.cat\/afaeramprunya-adults-gava\/wp-content\/uploads\/usu2120\/2025\/10\/curs-capacitacio-digital.jpeg\" class=\"attachment-large size-large wp-post-image\" alt=\"Iniciem el curs de l&#8217;aula de capacitaci\u00f3 digital\" srcset=\"https:\/\/agora.xtec.cat\/afaeramprunya-adults-gava\/wp-content\/uploads\/usu2120\/2025\/10\/curs-capacitacio-digital.jpeg 724w, https:\/\/agora.xtec.cat\/afaeramprunya-adults-gava\/wp-content\/uploads\/usu2120\/2025\/10\/curs-capacitacio-digital-212x300.jpeg 212w\" sizes=\"auto, (max-width: 724px) 100vw, 724px\" \/>            <\/a>\n    <\/div>\n\n\n\n<div class=\"wp-block-getwid-template-post-meta has-direction-row\" >\n    \n\n<div class=\"wp-block-getwid-template-post-date\" >\n    <time datetime=\"2025-10-28T09:10:57+01:00\">\t\t\t<i class=\"fas fa-calendar \"\n\t\t\t\t\t\t><\/i>\n\t\t\t\t<a href=\"https:\/\/agora.xtec.cat\/afaeramprunya-adults-gava\/2025\/10\/28\/\">28\/10\/2025<\/a>\n\t<\/time>\n<\/div>\n<\/div>\n\n\n\n<div class=\"wp-block-getwid-template-post-content is-excerpt\" ><p>Vols aprendre a utilitzar el teu m\u00f2bil? El proper 7 de novembre comen\u00e7a la formaci\u00f3 de l\u2019aula de capacitaci\u00f3 digital. Es faran tots els dimecres i divendres de 9:30 a 11:00 hores. El curs \u00e9s totalment gratu\u00eft i amb certificaci\u00f3 oficial. Si est\u00e0s interessat o interessada en realitzar-ho, vine o truca al centre per fer&hellip;<\/p><\/div>\n\n\n<a class=\"wp-block-read-more\" href=\"https:\/\/agora.xtec.cat\/afaeramprunya-adults-gava\/general\/iniciem-el-curs-de-laula-de-capacitacio-digital\/\" target=\"_self\">Llegeix m\u00e9s<span class=\"screen-reader-text\">: Iniciem el curs de l&#8217;aula de capacitaci\u00f3 digital<\/span><\/a><\/div>\n\t\t\t\t\t\t\t\t<\/div>\n\t\t\t\t\t\t\t\t\t\t\t\t\t\t\t<div class='wp-block-getwid-custom-post-type__post'>\n\t\t\t\t\t\t\t\t\t\n<div class=\"wp-block-group has-border-color has-ast-global-color-1-border-color is-vertical is-nowrap is-layout-flex wp-container-core-group-is-layout-2 wp-block-group-is-layout-flex\" style=\"border-radius:10px;min-height:100%;margin-top:0;margin-bottom:0;padding-top:var(--wp--preset--spacing--20);padding-right:var(--wp--preset--spacing--20);padding-bottom:var(--wp--preset--spacing--20);padding-left:var(--wp--preset--spacing--20)\">\n<h3 class=\"wp-block-getwid-template-post-title\"><a class=\"wp-block-getwid-template-post-title__link\" href=\"https:\/\/agora.xtec.cat\/afaeramprunya-adults-gava\/general\/aula-capacitacio-digital-2\/\">Aula Capacitaci\u00f3 Digital<\/a><\/h3>\n\n\n<div class=\"wp-block-getwid-template-post-featured-image\" >\n            <a href=\"https:\/\/agora.xtec.cat\/afaeramprunya-adults-gava\/general\/aula-capacitacio-digital-2\/\">\n        <img loading=\"lazy\" decoding=\"async\" width=\"724\" height=\"1024\" src=\"https:\/\/agora.xtec.cat\/afaeramprunya-adults-gava\/wp-content\/uploads\/usu2120\/2025\/09\/capacitacio-digital.jpg\" class=\"attachment-large size-large wp-post-image\" alt=\"Aula Capacitaci\u00f3 Digital\" srcset=\"https:\/\/agora.xtec.cat\/afaeramprunya-adults-gava\/wp-content\/uploads\/usu2120\/2025\/09\/capacitacio-digital.jpg 724w, https:\/\/agora.xtec.cat\/afaeramprunya-adults-gava\/wp-content\/uploads\/usu2120\/2025\/09\/capacitacio-digital-212x300.jpg 212w\" sizes=\"auto, (max-width: 724px) 100vw, 724px\" \/>            <\/a>\n    <\/div>\n\n\n\n<div class=\"wp-block-getwid-template-post-meta has-direction-row\" >\n    \n\n<div class=\"wp-block-getwid-template-post-date\" >\n    <time datetime=\"2025-09-03T09:00:00+02:00\">\t\t\t<i class=\"fas fa-calendar \"\n\t\t\t\t\t\t><\/i>\n\t\t\t\t<a href=\"https:\/\/agora.xtec.cat\/afaeramprunya-adults-gava\/2025\/09\/03\/\">03\/09\/2025<\/a>\n\t<\/time>\n<\/div>\n<\/div>\n\n\n\n<div class=\"wp-block-getwid-template-post-content is-excerpt\" ><p>Finalment el projecte d&#039;Aules de capacitaci\u00f3 digital finalitzar\u00e0 el proper juny de 2026 per la qual cosa al centre continuarem realitzant les formacions! Al llarg de tot el curs escolar realitzarem la formaci\u00f3 de tots els nivells.<\/p><\/div>\n\n\n<a class=\"wp-block-read-more\" href=\"https:\/\/agora.xtec.cat\/afaeramprunya-adults-gava\/general\/aula-capacitacio-digital-2\/\" target=\"_self\">Llegeix m\u00e9s<span class=\"screen-reader-text\">: Aula Capacitaci\u00f3 Digital<\/span><\/a><\/div>\n\t\t\t\t\t\t\t\t<\/div>\n\t\t\t\t\t\t\t\t\t\t\t\t\t\t\t<div class='wp-block-getwid-custom-post-type__post'>\n\t\t\t\t\t\t\t\t\t\n<div class=\"wp-block-group has-border-color has-ast-global-color-1-border-color is-vertical is-nowrap is-layout-flex wp-container-core-group-is-layout-3 wp-block-group-is-layout-flex\" style=\"border-radius:10px;min-height:100%;margin-top:0;margin-bottom:0;padding-top:var(--wp--preset--spacing--20);padding-right:var(--wp--preset--spacing--20);padding-bottom:var(--wp--preset--spacing--20);padding-left:var(--wp--preset--spacing--20)\">\n<h3 class=\"wp-block-getwid-template-post-title\"><a class=\"wp-block-getwid-template-post-title__link\" href=\"https:\/\/agora.xtec.cat\/afaeramprunya-adults-gava\/general\/nou-curs-de-laula-de-capacitacio-digital\/\">Nou curs de l&#8217;aula de capacitaci\u00f3 digital<\/a><\/h3>\n\n\n<div class=\"wp-block-getwid-template-post-featured-image\" >\n            <a href=\"https:\/\/agora.xtec.cat\/afaeramprunya-adults-gava\/general\/nou-curs-de-laula-de-capacitacio-digital\/\">\n        <img loading=\"lazy\" decoding=\"async\" width=\"1024\" height=\"512\" src=\"https:\/\/agora.xtec.cat\/afaeramprunya-adults-gava\/wp-content\/uploads\/usu2120\/2025\/03\/capacitacio-digital-4-1024x512.jpeg\" class=\"attachment-large size-large wp-post-image\" alt=\"Nou curs de l&#8217;aula de capacitaci\u00f3 digital\" srcset=\"https:\/\/agora.xtec.cat\/afaeramprunya-adults-gava\/wp-content\/uploads\/usu2120\/2025\/03\/capacitacio-digital-4-1024x512.jpeg 1024w, https:\/\/agora.xtec.cat\/afaeramprunya-adults-gava\/wp-content\/uploads\/usu2120\/2025\/03\/capacitacio-digital-4-300x150.jpeg 300w, https:\/\/agora.xtec.cat\/afaeramprunya-adults-gava\/wp-content\/uploads\/usu2120\/2025\/03\/capacitacio-digital-4-768x384.jpeg 768w, https:\/\/agora.xtec.cat\/afaeramprunya-adults-gava\/wp-content\/uploads\/usu2120\/2025\/03\/capacitacio-digital-4-1536x768.jpeg 1536w, https:\/\/agora.xtec.cat\/afaeramprunya-adults-gava\/wp-content\/uploads\/usu2120\/2025\/03\/capacitacio-digital-4.jpeg 1600w\" sizes=\"auto, (max-width: 1024px) 100vw, 1024px\" \/>            <\/a>\n    <\/div>\n\n\n\n<div class=\"wp-block-getwid-template-post-meta has-direction-row\" >\n    \n\n<div class=\"wp-block-getwid-template-post-date\" >\n    <time datetime=\"2025-03-22T17:50:11+01:00\">\t\t\t<i class=\"fas fa-calendar \"\n\t\t\t\t\t\t><\/i>\n\t\t\t\t<a href=\"https:\/\/agora.xtec.cat\/afaeramprunya-adults-gava\/2025\/03\/22\/\">22\/03\/2025<\/a>\n\t<\/time>\n<\/div>\n<\/div>\n\n\n\n<div class=\"wp-block-getwid-template-post-content is-excerpt\" ><p>Vols ampliar i millorar les teves compet\u00e8ncies digitals en l&#8217;\u00e0mbit professional?\u00a0El curs 4 de la nostra Aula de Capacitaci\u00f3 Digital \u00e9s el teu curs! Aprendr\u00e0s a gestionar dispositius, dades i continguts molt \u00fatils pel teu dia a dia professional. Curs gratu\u00eft i amb certificaci\u00f3 oficial! Encara queden places disponibles! Les classes es faran els dimecres&hellip;<\/p><\/div>\n\n\n<a class=\"wp-block-read-more\" href=\"https:\/\/agora.xtec.cat\/afaeramprunya-adults-gava\/general\/nou-curs-de-laula-de-capacitacio-digital\/\" target=\"_self\">Llegeix m\u00e9s<span class=\"screen-reader-text\">: Nou curs de l&#8217;aula de capacitaci\u00f3 digital<\/span><\/a><\/div>\n\t\t\t\t\t\t\t\t<\/div>\n\t\t\t\t\t\t\t\t\t\t\t\t\t\t\t<div class='wp-block-getwid-custom-post-type__post'>\n\t\t\t\t\t\t\t\t\t\n<div class=\"wp-block-group has-border-color has-ast-global-color-1-border-color is-vertical is-nowrap is-layout-flex wp-container-core-group-is-layout-4 wp-block-group-is-layout-flex\" style=\"border-radius:10px;min-height:100%;margin-top:0;margin-bottom:0;padding-top:var(--wp--preset--spacing--20);padding-right:var(--wp--preset--spacing--20);padding-bottom:var(--wp--preset--spacing--20);padding-left:var(--wp--preset--spacing--20)\">\n<h3 class=\"wp-block-getwid-template-post-title\"><a class=\"wp-block-getwid-template-post-title__link\" href=\"https:\/\/agora.xtec.cat\/afaeramprunya-adults-gava\/general\/inici-del-curs-3-de-laula-de-capacitacio-digital\/\">Inici del curs 3 de l&#8217;aula de capacitaci\u00f3 digital<\/a><\/h3>\n\n\n<div class=\"wp-block-getwid-template-post-featured-image\" >\n            <a href=\"https:\/\/agora.xtec.cat\/afaeramprunya-adults-gava\/general\/inici-del-curs-3-de-laula-de-capacitacio-digital\/\">\n        <img loading=\"lazy\" decoding=\"async\" width=\"1024\" height=\"512\" src=\"https:\/\/agora.xtec.cat\/afaeramprunya-adults-gava\/wp-content\/uploads\/usu2120\/2025\/01\/Aula-de-capacitacio-1024x512.jpeg\" class=\"attachment-large size-large wp-post-image\" alt=\"Inici del curs 3 de l&#8217;aula de capacitaci\u00f3 digital\" srcset=\"https:\/\/agora.xtec.cat\/afaeramprunya-adults-gava\/wp-content\/uploads\/usu2120\/2025\/01\/Aula-de-capacitacio-1024x512.jpeg 1024w, https:\/\/agora.xtec.cat\/afaeramprunya-adults-gava\/wp-content\/uploads\/usu2120\/2025\/01\/Aula-de-capacitacio-300x150.jpeg 300w, https:\/\/agora.xtec.cat\/afaeramprunya-adults-gava\/wp-content\/uploads\/usu2120\/2025\/01\/Aula-de-capacitacio-768x384.jpeg 768w, https:\/\/agora.xtec.cat\/afaeramprunya-adults-gava\/wp-content\/uploads\/usu2120\/2025\/01\/Aula-de-capacitacio-1536x768.jpeg 1536w, https:\/\/agora.xtec.cat\/afaeramprunya-adults-gava\/wp-content\/uploads\/usu2120\/2025\/01\/Aula-de-capacitacio.jpeg 1600w\" sizes=\"auto, (max-width: 1024px) 100vw, 1024px\" \/>            <\/a>\n    <\/div>\n\n\n\n<div class=\"wp-block-getwid-template-post-meta has-direction-row\" >\n    \n\n<div class=\"wp-block-getwid-template-post-date\" >\n    <time datetime=\"2025-01-08T09:00:08+01:00\">\t\t\t<i class=\"fas fa-calendar \"\n\t\t\t\t\t\t><\/i>\n\t\t\t\t<a href=\"https:\/\/agora.xtec.cat\/afaeramprunya-adults-gava\/2025\/01\/08\/\">08\/01\/2025<\/a>\n\t<\/time>\n<\/div>\n<\/div>\n\n\n\n<div class=\"wp-block-getwid-template-post-content is-excerpt\" ><p>El proper dimecres 15 de gener de 2025 comen\u00e7a el &#8220;CURS 3: Ens endinsem en el m\u00f3n digital&#8221; de l&#8217;Aula de Capacitaci\u00f3 Digital. En aquest curs aprendr\u00e0s a utilitzar el Google Maps, fer tr\u00e0mits en l\u00ednea (Cl@ve, idCAT m\u00f2bil&#8230;), fer \u00e0lbums i v\u00eddeos i compartir-los, etc. Si est\u00e0s interessat o interessada els cursos es faran&hellip;<\/p><\/div>\n\n\n<a class=\"wp-block-read-more\" href=\"https:\/\/agora.xtec.cat\/afaeramprunya-adults-gava\/general\/inici-del-curs-3-de-laula-de-capacitacio-digital\/\" target=\"_self\">Llegeix m\u00e9s<span class=\"screen-reader-text\">: Inici del curs 3 de l&#8217;aula de capacitaci\u00f3 digital<\/span><\/a><\/div>\n\t\t\t\t\t\t\t\t<\/div>\n\t\t\t\t\t\t\t\t\t\t\t\t\t\t\t<div class='wp-block-getwid-custom-post-type__post'>\n\t\t\t\t\t\t\t\t\t\n<div class=\"wp-block-group has-border-color has-ast-global-color-1-border-color is-vertical is-nowrap is-layout-flex wp-container-core-group-is-layout-5 wp-block-group-is-layout-flex\" style=\"border-radius:10px;min-height:100%;margin-top:0;margin-bottom:0;padding-top:var(--wp--preset--spacing--20);padding-right:var(--wp--preset--spacing--20);padding-bottom:var(--wp--preset--spacing--20);padding-left:var(--wp--preset--spacing--20)\">\n<h3 class=\"wp-block-getwid-template-post-title\"><a class=\"wp-block-getwid-template-post-title__link\" href=\"https:\/\/agora.xtec.cat\/afaeramprunya-adults-gava\/general\/aula-capacitacio-digital\/\">Aula de capacitaci\u00f3 digital<\/a><\/h3>\n\n\n<div class=\"wp-block-getwid-template-post-featured-image\" >\n            <a href=\"https:\/\/agora.xtec.cat\/afaeramprunya-adults-gava\/general\/aula-capacitacio-digital\/\">\n        <img loading=\"lazy\" decoding=\"async\" width=\"1024\" height=\"504\" src=\"https:\/\/agora.xtec.cat\/afaeramprunya-adults-gava\/wp-content\/uploads\/usu2120\/2024\/11\/Afegeix-un-subtitol-1-e1731135593514-1024x504.jpg\" class=\"attachment-large size-large wp-post-image\" alt=\"Aula de capacitaci\u00f3 digital\" srcset=\"https:\/\/agora.xtec.cat\/afaeramprunya-adults-gava\/wp-content\/uploads\/usu2120\/2024\/11\/Afegeix-un-subtitol-1-e1731135593514-1024x504.jpg 1024w, https:\/\/agora.xtec.cat\/afaeramprunya-adults-gava\/wp-content\/uploads\/usu2120\/2024\/11\/Afegeix-un-subtitol-1-e1731135593514-300x148.jpg 300w, https:\/\/agora.xtec.cat\/afaeramprunya-adults-gava\/wp-content\/uploads\/usu2120\/2024\/11\/Afegeix-un-subtitol-1-e1731135593514-768x378.jpg 768w, https:\/\/agora.xtec.cat\/afaeramprunya-adults-gava\/wp-content\/uploads\/usu2120\/2024\/11\/Afegeix-un-subtitol-1-e1731135593514.jpg 1080w\" sizes=\"auto, (max-width: 1024px) 100vw, 1024px\" \/>            <\/a>\n    <\/div>\n\n\n\n<div class=\"wp-block-getwid-template-post-meta has-direction-row\" >\n    \n\n<div class=\"wp-block-getwid-template-post-date\" >\n    <time datetime=\"2024-11-08T18:58:04+01:00\">\t\t\t<i class=\"fas fa-calendar \"\n\t\t\t\t\t\t><\/i>\n\t\t\t\t<a href=\"https:\/\/agora.xtec.cat\/afaeramprunya-adults-gava\/2024\/11\/08\/\">08\/11\/2024<\/a>\n\t<\/time>\n<\/div>\n<\/div>\n\n\n\n<div class=\"wp-block-getwid-template-post-content is-excerpt\" ><p>Vols aprendre a utilitzar millor el teu m\u00f2bil? El dimecres vinent comen\u00e7a el Curs 2 &#8220;Ens movem pel m\u00f3n digital&#8221; de l&#8217;Aula de Capacitaci\u00f3 Digital. Aquest curs va adre\u00e7at a les persones que utilitzen algunes eines digitals de forma regular, per\u00f2 que no s\u00f3n aut\u00f2nomes per donar-los nous usos: el meu primer correu, faig fotos&hellip;<\/p><\/div>\n\n\n<a class=\"wp-block-read-more\" href=\"https:\/\/agora.xtec.cat\/afaeramprunya-adults-gava\/general\/aula-capacitacio-digital\/\" target=\"_self\">Llegeix m\u00e9s<span class=\"screen-reader-text\">: Aula de capacitaci\u00f3 digital<\/span><\/a><\/div>\n\t\t\t\t\t\t\t\t<\/div>\n\t\t\t\t\t\t\t            <\/div>\n\n                            <nav class=\"navigation pagination\" role=\"navigation\">\n                    <h2 class=\"screen-reader-text\"><\/h2>\n                    <div class=\"nav-links\">\n                    <span aria-current=\"page\" class=\"page-numbers current\">1<\/span>\n<a class=\"page-numbers\" href=\"https:\/\/agora.xtec.cat\/afaeramprunya-adults-gava\/wp-json\/wp\/v2\/pages\/8619\/page\/2\/\">2<\/a>\n<a class=\"next page-numbers\" href=\"https:\/\/agora.xtec.cat\/afaeramprunya-adults-gava\/wp-json\/wp\/v2\/pages\/8619\/page\/2\/\">> <i><\/i><\/a>                    <\/div>\n                <\/nav>\n                    <\/div>\n        ","protected":false},"excerpt":{"rendered":"<p>Informaci\u00f3 dels cursos de Capacitaci\u00f3 Digital Accedeix als cursos d\u2019Aula de Capacitaci\u00f3 Digital al CFA Gav\u00e0: formaci\u00f3 gratu\u00efta, presencial i oficial, destinada a persones adultes que volen guanyar autonomia en l\u2019\u00fas de les tecnologies (\u00fas de m\u00f2bil, correu, seguretat, fotos, v\u00eddeos, internet\u2026). Aquests cursos s\u00f3n independents dels ensenyaments de COMPETIC que ofereix tamb\u00e9 el centre. [&hellip;]<\/p>\n","protected":false},"author":1,"featured_media":0,"parent":63,"menu_order":4,"comment_status":"closed","ping_status":"closed","template":"","meta":{"site-sidebar-layout":"default","site-content-layout":"","ast-site-content-layout":"default","site-content-style":"default","site-sidebar-style":"default","ast-global-header-display":"","ast-banner-title-visibility":"","ast-main-header-display":"","ast-hfb-above-header-display":"","ast-hfb-below-header-display":"","ast-hfb-mobile-header-display":"","site-post-title":"","ast-breadcrumbs-content":"","ast-featured-img":"","footer-sml-layout":"","theme-transparent-header-meta":"","adv-header-id-meta":"","stick-header-meta":"","header-above-stick-meta":"","header-main-stick-meta":"","header-below-stick-meta":"","astra-migrate-meta-layouts":"set","ast-page-background-enabled":"default","ast-page-background-meta":{"desktop":{"background-color":"var(--ast-global-color-4)","background-image":"","background-repeat":"repeat","background-position":"center center","background-size":"auto","background-attachment":"scroll","background-type":"","background-media":"","overlay-type":"","overlay-color":"","overlay-opacity":"","overlay-gradient":""},"tablet":{"background-color":"","background-image":"","background-repeat":"repeat","background-position":"center center","background-size":"auto","background-attachment":"scroll","background-type":"","background-media":"","overlay-type":"","overlay-color":"","overlay-opacity":"","overlay-gradient":""},"mobile":{"background-color":"","background-image":"","background-repeat":"repeat","background-position":"center center","background-size":"auto","background-attachment":"scroll","background-type":"","background-media":"","overlay-type":"","overlay-color":"","overlay-opacity":"","overlay-gradient":""}},"ast-content-background-meta":{"desktop":{"background-color":"var(--ast-global-color-5)","background-image":"","background-repeat":"repeat","background-position":"center center","background-size":"auto","background-attachment":"scroll","background-type":"","background-media":"","overlay-type":"","overlay-color":"","overlay-opacity":"","overlay-gradient":""},"tablet":{"background-color":"var(--ast-global-color-5)","background-image":"","background-repeat":"repeat","background-position":"center center","background-size":"auto","background-attachment":"scroll","background-type":"","background-media":"","overlay-type":"","overlay-color":"","overlay-opacity":"","overlay-gradient":""},"mobile":{"background-color":"var(--ast-global-color-5)","background-image":"","background-repeat":"repeat","background-position":"center center","background-size":"auto","background-attachment":"scroll","background-type":"","background-media":"","overlay-type":"","overlay-color":"","overlay-opacity":"","overlay-gradient":""}},"footnotes":""},"class_list":["post-8619","page","type-page","status-publish","hentry"],"post_mailing_queue_ids":[],"_links":{"self":[{"href":"https:\/\/agora.xtec.cat\/afaeramprunya-adults-gava\/wp-json\/wp\/v2\/pages\/8619","targetHints":{"allow":["GET"]}}],"collection":[{"href":"https:\/\/agora.xtec.cat\/afaeramprunya-adults-gava\/wp-json\/wp\/v2\/pages"}],"about":[{"href":"https:\/\/agora.xtec.cat\/afaeramprunya-adults-gava\/wp-json\/wp\/v2\/types\/page"}],"author":[{"embeddable":true,"href":"https:\/\/agora.xtec.cat\/afaeramprunya-adults-gava\/wp-json\/wp\/v2\/users\/1"}],"replies":[{"embeddable":true,"href":"https:\/\/agora.xtec.cat\/afaeramprunya-adults-gava\/wp-json\/wp\/v2\/comments?post=8619"}],"version-history":[{"count":6,"href":"https:\/\/agora.xtec.cat\/afaeramprunya-adults-gava\/wp-json\/wp\/v2\/pages\/8619\/revisions"}],"predecessor-version":[{"id":8677,"href":"https:\/\/agora.xtec.cat\/afaeramprunya-adults-gava\/wp-json\/wp\/v2\/pages\/8619\/revisions\/8677"}],"up":[{"embeddable":true,"href":"https:\/\/agora.xtec.cat\/afaeramprunya-adults-gava\/wp-json\/wp\/v2\/pages\/63"}],"wp:attachment":[{"href":"https:\/\/agora.xtec.cat\/afaeramprunya-adults-gava\/wp-json\/wp\/v2\/media?parent=8619"}],"curies":[{"name":"wp","href":"https:\/\/api.w.org\/{rel}","templated":true}]}}