{"id":7916,"date":"2025-07-28T17:38:24","date_gmt":"2025-07-28T15:38:24","guid":{"rendered":"https:\/\/agora.xtec.cat\/afaeramprunya-adults-gava\/?page_id=7916"},"modified":"2025-08-01T01:12:28","modified_gmt":"2025-07-31T23:12:28","slug":"idiomes","status":"publish","type":"page","link":"https:\/\/agora.xtec.cat\/afaeramprunya-adults-gava\/ensenyaments\/idiomes\/","title":{"rendered":"Lleng\u00fces"},"content":{"rendered":"\n<div class=\"wp-block-getwid-button-group\"><div class=\"wp-block-getwid-button-group__wrapper has-width-33 has-width-tablet-50 has-width-mobile-50\">\n<div class=\"wp-block-button\"><a class=\"wp-block-button__link wp-element-button\" href=\"https:\/\/agora.xtec.cat\/afaeramprunya-adults-gava\/ensenyaments\/idiomes\/llengua-catalana\/\">Catal\u00e0<\/a><\/div>\n\n\n\n<div class=\"wp-block-button\"><a class=\"wp-block-button__link wp-element-button\" href=\"https:\/\/agora.xtec.cat\/afaeramprunya-adults-gava\/ensenyaments\/idiomes\/llengua-castellana\/\">Castell\u00e0<\/a><\/div>\n\n\n\n<div class=\"wp-block-button\"><a class=\"wp-block-button__link wp-element-button\" href=\"https:\/\/agora.xtec.cat\/afaeramprunya-adults-gava\/ensenyaments\/idiomes\/llengua-anglesa\/\">Angl\u00e8s<\/a><\/div>\n<\/div><\/div>\n\n\n\n<hr class=\"wp-block-separator has-alpha-channel-opacity\"\/>\n\n\n\n<p>Al CFA Gav\u00e0 t&#8217;oferim la possibilitat d\u2019aprendre i millorar els teus coneixements de <strong>catal\u00e0<\/strong>, <strong>castell\u00e0<\/strong> i <strong>angl\u00e8s<\/strong> amb cursos gratu\u00efts i adaptats al teu nivell. Tant si vols iniciar-te en una llengua com si vols consolidar o perfeccionar les teves habilitats, al nostre centre trobar\u00e0s l&#8217;acompanyament que necessites per avan\u00e7ar amb confian\u00e7a.<\/p>\n\n\n\n<h3 class=\"wp-block-heading\">Llengua catalana<\/h3>\n\n\n\n<p>Si acabes d&#8217;arribar i vols millorar la teva expressi\u00f3 oral i escrita, al CFA Gav\u00e0 oferim cursos de catal\u00e0 per a adults, amb certificaci\u00f3 oficial i orientats a la vida quotidiana.<br>\ud83d\udc49 <a class=\"\" href=\"https:\/\/agora.xtec.cat\/afaeramprunya-adults-gava\/ensenyaments\/idiomes\/llengua-catalana\/\">M\u00e9s informaci\u00f3 sobre els cursos de catal\u00e0<\/a><\/p>\n\n\n\n<h3 class=\"wp-block-heading\">Llengua castellana<\/h3>\n\n\n\n<p>Cursos pensats per a persones nouvingudes o que volen millorar el seu domini del castell\u00e0, tant en la comunicaci\u00f3 b\u00e0sica com en la preparaci\u00f3 per a proves oficials.<br>\ud83d\udc49 <a class=\"\" href=\"https:\/\/agora.xtec.cat\/afaeramprunya-adults-gava\/ensenyaments\/idiomes\/llengua-castellana\/\">Descobreix els cursos de castell\u00e0<\/a><\/p>\n\n\n\n<h3 class=\"wp-block-heading\">Llengua anglesa<\/h3>\n\n\n\n<p>Inicia\u2019t o continua aprenent angl\u00e8s en un entorn proper i accessible. Al CFA Gav\u00e0 oferim cursos d\u2019angl\u00e8s pr\u00e0ctics, centrats en la comunicaci\u00f3 i l\u2019\u00fas real de la llengua.<br>\ud83d\udc49 <a class=\"\" href=\"https:\/\/agora.xtec.cat\/afaeramprunya-adults-gava\/ensenyaments\/idiomes\/llengua-anglesa\/\">Informa\u2019t sobre els cursos d\u2019angl\u00e8s<\/a><\/p>\n","protected":false},"excerpt":{"rendered":"<p>Al CFA Gav\u00e0 t&#8217;oferim la possibilitat d\u2019aprendre i millorar els teus coneixements de catal\u00e0, castell\u00e0 i angl\u00e8s amb cursos gratu\u00efts i adaptats al teu nivell. Tant si vols iniciar-te en una llengua com si vols consolidar o perfeccionar les teves habilitats, al nostre centre trobar\u00e0s l&#8217;acompanyament que necessites per avan\u00e7ar amb confian\u00e7a. Llengua catalana Si [&hellip;]<\/p>\n","protected":false},"author":1,"featured_media":0,"parent":274,"menu_order":1,"comment_status":"closed","ping_status":"closed","template":"","meta":{"site-sidebar-layout":"default","site-content-layout":"","ast-site-content-layout":"default","site-content-style":"default","site-sidebar-style":"default","ast-global-header-display":"","ast-banner-title-visibility":"","ast-main-header-display":"","ast-hfb-above-header-display":"","ast-hfb-below-header-display":"","ast-hfb-mobile-header-display":"","site-post-title":"","ast-breadcrumbs-content":"","ast-featured-img":"disabled","footer-sml-layout":"","theme-transparent-header-meta":"","adv-header-id-meta":"","stick-header-meta":"","header-above-stick-meta":"","header-main-stick-meta":"","header-below-stick-meta":"","astra-migrate-meta-layouts":"set","ast-page-background-enabled":"default","ast-page-background-meta":{"desktop":{"background-color":"var(--ast-global-color-4)","background-image":"","background-repeat":"repeat","background-position":"center center","background-size":"auto","background-attachment":"scroll","background-type":"","background-media":"","overlay-type":"","overlay-color":"","overlay-opacity":"","overlay-gradient":""},"tablet":{"background-color":"","background-image":"","background-repeat":"repeat","background-position":"center center","background-size":"auto","background-attachment":"scroll","background-type":"","background-media":"","overlay-type":"","overlay-color":"","overlay-opacity":"","overlay-gradient":""},"mobile":{"background-color":"","background-image":"","background-repeat":"repeat","background-position":"center center","background-size":"auto","background-attachment":"scroll","background-type":"","background-media":"","overlay-type":"","overlay-color":"","overlay-opacity":"","overlay-gradient":""}},"ast-content-background-meta":{"desktop":{"background-color":"var(--ast-global-color-5)","background-image":"","background-repeat":"repeat","background-position":"center center","background-size":"auto","background-attachment":"scroll","background-type":"","background-media":"","overlay-type":"","overlay-color":"","overlay-opacity":"","overlay-gradient":""},"tablet":{"background-color":"var(--ast-global-color-5)","background-image":"","background-repeat":"repeat","background-position":"center center","background-size":"auto","background-attachment":"scroll","background-type":"","background-media":"","overlay-type":"","overlay-color":"","overlay-opacity":"","overlay-gradient":""},"mobile":{"background-color":"var(--ast-global-color-5)","background-image":"","background-repeat":"repeat","background-position":"center center","background-size":"auto","background-attachment":"scroll","background-type":"","background-media":"","overlay-type":"","overlay-color":"","overlay-opacity":"","overlay-gradient":""}},"footnotes":""},"class_list":["post-7916","page","type-page","status-publish","hentry"],"post_mailing_queue_ids":[],"_links":{"self":[{"href":"https:\/\/agora.xtec.cat\/afaeramprunya-adults-gava\/wp-json\/wp\/v2\/pages\/7916","targetHints":{"allow":["GET"]}}],"collection":[{"href":"https:\/\/agora.xtec.cat\/afaeramprunya-adults-gava\/wp-json\/wp\/v2\/pages"}],"about":[{"href":"https:\/\/agora.xtec.cat\/afaeramprunya-adults-gava\/wp-json\/wp\/v2\/types\/page"}],"author":[{"embeddable":true,"href":"https:\/\/agora.xtec.cat\/afaeramprunya-adults-gava\/wp-json\/wp\/v2\/users\/1"}],"replies":[{"embeddable":true,"href":"https:\/\/agora.xtec.cat\/afaeramprunya-adults-gava\/wp-json\/wp\/v2\/comments?post=7916"}],"version-history":[{"count":6,"href":"https:\/\/agora.xtec.cat\/afaeramprunya-adults-gava\/wp-json\/wp\/v2\/pages\/7916\/revisions"}],"predecessor-version":[{"id":8120,"href":"https:\/\/agora.xtec.cat\/afaeramprunya-adults-gava\/wp-json\/wp\/v2\/pages\/7916\/revisions\/8120"}],"up":[{"embeddable":true,"href":"https:\/\/agora.xtec.cat\/afaeramprunya-adults-gava\/wp-json\/wp\/v2\/pages\/274"}],"wp:attachment":[{"href":"https:\/\/agora.xtec.cat\/afaeramprunya-adults-gava\/wp-json\/wp\/v2\/media?parent=7916"}],"curies":[{"name":"wp","href":"https:\/\/api.w.org\/{rel}","templated":true}]}}