{"id":63,"date":"2014-09-18T10:06:31","date_gmt":"2014-09-18T10:06:31","guid":{"rendered":"http:\/\/agora.xtec.cat\/afaeramprunya-adults-gava\/?page_id=63"},"modified":"2025-08-27T10:57:18","modified_gmt":"2025-08-27T08:57:18","slug":"serveis","status":"publish","type":"page","link":"https:\/\/agora.xtec.cat\/afaeramprunya-adults-gava\/serveis\/","title":{"rendered":"Serveis"},"content":{"rendered":"\n<div class=\"wp-block-getwid-button-group\"><div class=\"wp-block-getwid-button-group__wrapper has-width-50 has-width-tablet-100 has-width-mobile-100\">\n<div class=\"wp-block-button\"><a class=\"wp-block-button__link wp-element-button\" href=\"https:\/\/agora.xtec.cat\/afaeramprunya-adults-gava\/serveis\/associacio-dalumnes-i-amics-de-lcfa-gava\/\">Associaci\u00f3 d&#8217;alumnes<\/a><\/div>\n\n\n\n<div class=\"wp-block-button\"><a class=\"wp-block-button__link wp-element-button\" href=\"https:\/\/agora.xtec.cat\/afaeramprunya-adults-gava\/serveis\/aula-dautoformacio\/\">Aula d&#8217;autoformaci\u00f3<\/a><\/div>\n\n\n\n<div class=\"wp-block-button\"><a class=\"wp-block-button__link wp-element-button\" href=\"https:\/\/agora.xtec.cat\/afaeramprunya-adults-gava\/serveis\/serveis-digitals\/\">Serveis digitals<\/a><\/div>\n\n\n\n<div class=\"wp-block-button\"><a class=\"wp-block-button__link wp-element-button\" href=\"https:\/\/agora.xtec.cat\/afaeramprunya-adults-gava\/serveis\/capacitacio-digital\/\">Cursos de Capacitaci\u00f3 Digital<\/a><\/div>\n\n\n\n<div class=\"wp-block-button\"><a class=\"wp-block-button__link wp-element-button\" href=\"https:\/\/agora.xtec.cat\/afaeramprunya-adults-gava\/serveis\/raco-del-professorat\/\">Rac\u00f3 del professorat<\/a><\/div>\n<\/div><\/div>\n\n\n\n<hr class=\"wp-block-separator has-alpha-channel-opacity\"\/>\n\n\n\n<p>Al CFA Gav\u00e0 oferim diversos serveis que t\u2019ajuden a aprofitar millor els teus estudis i a participar activament a la vida del centre. Descobreix tot el que tens al teu abast:<\/p>\n\n\n\n<h3 class=\"wp-block-heading\">Associaci\u00f3 d&#8217;Alumnes<\/h3>\n\n\n\n<p>Forma part de l\u2019<strong>Associaci\u00f3 d\u2019Alumnes i Amics del CFA Gav\u00e0<\/strong>, participa en activitats culturals i col\u00b7labora per fer cr\u00e9ixer el centre.<br>\ud83d\udc49 <a class=\"\" href=\"https:\/\/agora.xtec.cat\/afaeramprunya-adults-gava\/serveis\/associacio-dalumnes-i-amics-de-lcfa-gava\/\">Coneix l\u2019associaci\u00f3 d\u2019alumnes<\/a><\/p>\n\n\n\n<h3 class=\"wp-block-heading\">Aula d\u2019Autoformaci\u00f3<\/h3>\n\n\n\n<p>Un espai amb ordinadors i connexi\u00f3 a internet per estudiar, fer treballs o practicar inform\u00e0tica al teu ritme.<br>\ud83d\udc49 <a class=\"\" href=\"https:\/\/agora.xtec.cat\/afaeramprunya-adults-gava\/serveis\/aula-dautoformacio\/\">Informa\u2019t sobre l\u2019Aula d\u2019Autoformaci\u00f3<\/a><\/p>\n\n\n\n<h3 class=\"wp-block-heading\">Serveis digitals<\/h3>\n\n\n\n<p>Tots els recursos digitals del centre: <strong>Moodle, Instagram i materials COMPETIC<\/strong> per estudiar i estar connectat.<br>\ud83d\udc49 <a class=\"\" href=\"https:\/\/agora.xtec.cat\/afaeramprunya-adults-gava\/serveis\/serveis-digitals\/\">Explora els serveis digitals<\/a><\/p>\n\n\n\n<h3 class=\"wp-block-heading\">Capacitaci\u00f3 Digital<\/h3>\n\n\n\n<p>Oferim cursos curts de capacitaci\u00f3 digital per a persones adultes que volen aprendre a utilitzar les tecnologies de manera segura i aut\u00f2noma.<br>\ud83d\udc49 <a href=\"https:\/\/agora.xtec.cat\/afaeramprunya-adults-gava\/capacitacio-digital\/\" data-type=\"link\" data-id=\"https:\/\/agora.xtec.cat\/afaeramprunya-adults-gava\/capacitacio-digital\/\">Explora els cursos de Capacitaci\u00f3 Digital<\/a><\/p>\n\n\n\n<h3 class=\"wp-block-heading\">Rac\u00f3 del professorat<\/h3>\n\n\n\n<p>Si ets docent del centre tens un espai intern amb recursos, enlla\u00e7os i informaci\u00f3 \u00fatil per a la teva organitzaci\u00f3 docent.<br>\ud83d\udc49 <a class=\"\" href=\"https:\/\/agora.xtec.cat\/afaeramprunya-adults-gava\/serveis\/raco-del-professorat\/\">Accedeix al Rac\u00f3 del professorat<\/a><\/p>\n","protected":false},"excerpt":{"rendered":"<p>Al CFA Gav\u00e0 oferim diversos serveis que t\u2019ajuden a aprofitar millor els teus estudis i a participar activament a la vida del centre. Descobreix tot el que tens al teu abast: Associaci\u00f3 d&#8217;Alumnes Forma part de l\u2019Associaci\u00f3 d\u2019Alumnes i Amics del CFA Gav\u00e0, participa en activitats culturals i col\u00b7labora per fer cr\u00e9ixer el centre.\ud83d\udc49 Coneix [&hellip;]<\/p>\n","protected":false},"author":1,"featured_media":0,"parent":0,"menu_order":0,"comment_status":"closed","ping_status":"closed","template":"page-templates\/side-menu.php","meta":{"site-sidebar-layout":"default","site-content-layout":"","ast-site-content-layout":"default","site-content-style":"default","site-sidebar-style":"default","ast-global-header-display":"","ast-banner-title-visibility":"","ast-main-header-display":"","ast-hfb-above-header-display":"","ast-hfb-below-header-display":"","ast-hfb-mobile-header-display":"","site-post-title":"","ast-breadcrumbs-content":"","ast-featured-img":"","footer-sml-layout":"","theme-transparent-header-meta":"","adv-header-id-meta":"","stick-header-meta":"","header-above-stick-meta":"","header-main-stick-meta":"","header-below-stick-meta":"","astra-migrate-meta-layouts":"set","ast-page-background-enabled":"default","ast-page-background-meta":{"desktop":{"background-color":"var(--ast-global-color-4)","background-image":"","background-repeat":"repeat","background-position":"center center","background-size":"auto","background-attachment":"scroll","background-type":"","background-media":"","overlay-type":"","overlay-color":"","overlay-opacity":"","overlay-gradient":""},"tablet":{"background-color":"","background-image":"","background-repeat":"repeat","background-position":"center center","background-size":"auto","background-attachment":"scroll","background-type":"","background-media":"","overlay-type":"","overlay-color":"","overlay-opacity":"","overlay-gradient":""},"mobile":{"background-color":"","background-image":"","background-repeat":"repeat","background-position":"center center","background-size":"auto","background-attachment":"scroll","background-type":"","background-media":"","overlay-type":"","overlay-color":"","overlay-opacity":"","overlay-gradient":""}},"ast-content-background-meta":{"desktop":{"background-color":"var(--ast-global-color-5)","background-image":"","background-repeat":"repeat","background-position":"center center","background-size":"auto","background-attachment":"scroll","background-type":"","background-media":"","overlay-type":"","overlay-color":"","overlay-opacity":"","overlay-gradient":""},"tablet":{"background-color":"var(--ast-global-color-5)","background-image":"","background-repeat":"repeat","background-position":"center center","background-size":"auto","background-attachment":"scroll","background-type":"","background-media":"","overlay-type":"","overlay-color":"","overlay-opacity":"","overlay-gradient":""},"mobile":{"background-color":"var(--ast-global-color-5)","background-image":"","background-repeat":"repeat","background-position":"center center","background-size":"auto","background-attachment":"scroll","background-type":"","background-media":"","overlay-type":"","overlay-color":"","overlay-opacity":"","overlay-gradient":""}},"footnotes":""},"class_list":["post-63","page","type-page","status-publish","hentry"],"post_mailing_queue_ids":[],"_links":{"self":[{"href":"https:\/\/agora.xtec.cat\/afaeramprunya-adults-gava\/wp-json\/wp\/v2\/pages\/63","targetHints":{"allow":["GET"]}}],"collection":[{"href":"https:\/\/agora.xtec.cat\/afaeramprunya-adults-gava\/wp-json\/wp\/v2\/pages"}],"about":[{"href":"https:\/\/agora.xtec.cat\/afaeramprunya-adults-gava\/wp-json\/wp\/v2\/types\/page"}],"author":[{"embeddable":true,"href":"https:\/\/agora.xtec.cat\/afaeramprunya-adults-gava\/wp-json\/wp\/v2\/users\/1"}],"replies":[{"embeddable":true,"href":"https:\/\/agora.xtec.cat\/afaeramprunya-adults-gava\/wp-json\/wp\/v2\/comments?post=63"}],"version-history":[{"count":6,"href":"https:\/\/agora.xtec.cat\/afaeramprunya-adults-gava\/wp-json\/wp\/v2\/pages\/63\/revisions"}],"predecessor-version":[{"id":8754,"href":"https:\/\/agora.xtec.cat\/afaeramprunya-adults-gava\/wp-json\/wp\/v2\/pages\/63\/revisions\/8754"}],"wp:attachment":[{"href":"https:\/\/agora.xtec.cat\/afaeramprunya-adults-gava\/wp-json\/wp\/v2\/media?parent=63"}],"curies":[{"name":"wp","href":"https:\/\/api.w.org\/{rel}","templated":true}]}}