{"id":535,"date":"2020-05-25T23:47:03","date_gmt":"2020-05-25T21:47:03","guid":{"rendered":"https:\/\/agora.xtec.cat\/afaeramprunya-adults-gava\/?page_id=535"},"modified":"2026-04-21T12:45:35","modified_gmt":"2026-04-21T10:45:35","slug":"associacio-dalumnes-i-amics-de-lcfa-gava","status":"publish","type":"page","link":"https:\/\/agora.xtec.cat\/afaeramprunya-adults-gava\/serveis\/associacio-dalumnes-i-amics-de-lcfa-gava\/","title":{"rendered":"Associaci\u00f3 d\u2019Alumnes"},"content":{"rendered":"\n<p><span style=\"font-family: inherit; font-size: 1em;\">L\u2019<strong>Associaci\u00f3 d\u2019Alumnes i Amics de l\u2019AFA Erampruny\u00e0<\/strong> de Gav\u00e0 va n\u00e9ixer l\u2019any 2005. <\/span><span style=\"font-family: inherit; font-size: 1em;\">La finalitat de l\u2019associaci\u00f3 \u00e9s la participaci\u00f3 en tots els \u00e0mbits de l\u2019activitat educativa del CFA Gav\u00e0 per aconseguir una millora constant de la qualitat de l\u2019ensenyament. L&#8217;Associaci\u00f3 s\u2019encarrega d\u2019organitzar tota mena d\u2019activitats que beneficien la formaci\u00f3 integral en el sentit m\u00e9s ampli de la paraula: sortides culturals, excursions, tallers, festes, etc.<\/span><\/p>\n\n\n\n<hr class=\"wp-block-separator has-alpha-channel-opacity\"\/>\n\n\n\n<p class=\"has-text-align-center\">\u2709&nbsp;<strong><a href=\"mailto:asoafa@gmail.com\">asoafa@gmail.com<\/a><\/strong><\/p>\n\n\n\n<hr class=\"wp-block-separator has-alpha-channel-opacity\"\/>\n\n\n\n<h4 class=\"wp-block-heading\"><figure><img loading=\"lazy\" decoding=\"async\" class=\"aligncenter size-large wp-image-4743\" src=\"https:\/\/agora.xtec.cat\/afaeramprunya-adults-gava\/wp-content\/uploads\/usu2120\/2023\/05\/i_girona-2-1024x461.jpg\" alt=\"Foto de grup de l'Associaci\u00f3 d'Alumnes del CFA Gav\u00e0 a Girona\" width=\"1024\" height=\"461\" srcset=\"https:\/\/agora.xtec.cat\/afaeramprunya-adults-gava\/wp-content\/uploads\/usu2120\/2023\/05\/i_girona-2-1024x461.jpg 1024w, https:\/\/agora.xtec.cat\/afaeramprunya-adults-gava\/wp-content\/uploads\/usu2120\/2023\/05\/i_girona-2-300x135.jpg 300w, https:\/\/agora.xtec.cat\/afaeramprunya-adults-gava\/wp-content\/uploads\/usu2120\/2023\/05\/i_girona-2-768x346.jpg 768w, https:\/\/agora.xtec.cat\/afaeramprunya-adults-gava\/wp-content\/uploads\/usu2120\/2023\/05\/i_girona-2-1536x691.jpg 1536w, https:\/\/agora.xtec.cat\/afaeramprunya-adults-gava\/wp-content\/uploads\/usu2120\/2023\/05\/i_girona-2.jpg 1600w\" sizes=\"auto, (max-width: 1024px) 100vw, 1024px\" \/><\/figure><\/h4>\n\n\n\n<h4 class=\"wp-block-heading\"><strong>Activitats previstes durant el curs 2025-2026:<\/strong><\/h4>\n\n\n\n<ul class=\"wp-block-list\">\n<li><strong>Primer trimestre<\/strong>\n<ul class=\"wp-block-list\">\n<li>Ruta guiada pels <strong>Hotels Hist\u00f2rics de Barcelona<\/strong>.<\/li>\n<\/ul>\n<\/li>\n\n\n\n<li><strong>Tercer trimestre<\/strong>\n<ul class=\"wp-block-list\">\n<li>Viatge de fi de curs a <strong>Porto (Portugal)<\/strong>.<\/li>\n<\/ul>\n<\/li>\n<\/ul>\n\n\n\n<hr class=\"wp-block-separator has-alpha-channel-opacity\"\/>\n\n\n\n<h4 class=\"wp-block-heading\"><strong>Activitats que es van realitzar durant el curs 2024-2025:<\/strong><\/h4>\n\n\n\n<ul class=\"wp-block-list\">\n<li><strong>Activitats del curs<\/strong>\n<ul class=\"wp-block-list\">\n<li>Sortida al teatre: <a href=\"https:\/\/agora.xtec.cat\/afaeramprunya-adults-gava\/general\/sortida-cultural-associacio\/\"><strong>si lo cuentas te mato<\/strong><\/a><\/li>\n\n\n\n<li>Ruta liter\u00e0ria<strong> Merc\u00e8 Rodoreda<\/strong><\/li>\n\n\n\n<li>Ruta guiada <a href=\"https:\/\/agora.xtec.cat\/afaeramprunya-adults-gava\/general\/apuntat-a-la-sortida-de-la-ruta-maconica-amb-lassociacio\/\"><strong>Barcelona ma\u00e7\u00f2nica<\/strong><\/a><\/li>\n\n\n\n<li>Sortida d&#8217;un dia a <a href=\"https:\/\/agora.xtec.cat\/afaeramprunya-adults-gava\/general\/excursio-a-guimera-amb-lassociacio-dalumnes-del-cfa-gava\/\"><b>Guimer\u00e0 (Lleida)<\/b><\/a><\/li>\n\n\n\n<li>Viatge de fi de curs a <strong>\u00dabeda-Baeza (Ja\u00e9n)<\/strong><\/li>\n<\/ul>\n<\/li>\n<\/ul>\n\n\n\n<h4 class=\"wp-block-heading\"><strong>Activitats que es van realitzar durant el curs 2023-2024:<\/strong><\/h4>\n\n\n\n<ul class=\"wp-block-list\">\n<li><strong>Primer trimestre<\/strong>\n<ul class=\"wp-block-list\">\n<li>Sortida al teatre a veure <em><a href=\"https:\/\/agora.xtec.cat\/afaeramprunya-adults-gava\/general\/anem-a-veure-un-musical-amb-lassociacio-dalumnes\/\">The Producers<\/a><\/em><\/li>\n<\/ul>\n<\/li>\n\n\n\n<li><strong>Segon trimestre<\/strong>\n<ul class=\"wp-block-list\">\n<li>Sortida per veure un <strong>musical<\/strong><\/li>\n\n\n\n<li>Visita a la <strong>Sagrada Fam\u00edlia<\/strong>.<\/li>\n\n\n\n<li><strong>Ruta<\/strong> per Barcelona.<\/li>\n<\/ul>\n<\/li>\n\n\n\n<li><strong>Tercer trimestre<\/strong>\n<ul class=\"wp-block-list\">\n<li>Sortida d&#8217;un dia a <strong>Figueres<\/strong>.<\/li>\n\n\n\n<li>Viatge de fi de curs a <a href=\"https:\/\/agora.xtec.cat\/afaeramprunya-adults-gava\/general\/viatge-de-final-de-curs-a-malaga\/\">M\u00e0laga<\/a>.<\/li>\n<\/ul>\n<\/li>\n<\/ul>\n\n\n\n<h4 class=\"wp-block-heading\"><strong>Activitats que es van realitzar durant el curs 2022-2023:<\/strong><\/h4>\n\n\n\n<ul class=\"wp-block-list\">\n<li><strong>Primer trimestre<\/strong>\n<ul class=\"wp-block-list\">\n<li>Sortida al teatre per veure <a href=\"https:\/\/agora.xtec.cat\/afaeramprunya-adults-gava\/general\/primera-sortida-associacio\/\">El m\u00e8tode Gr\u00f6nholm<\/a>.<\/li>\n<\/ul>\n<\/li>\n\n\n\n<li><strong>Segon trimestre<\/strong>\n<ul class=\"wp-block-list\">\n<li>Sortida al teatre per veure <a href=\"https:\/\/agora.xtec.cat\/afaeramprunya-adults-gava\/general\/resum-sortida-teatre-associacio-alumnes-cfa-gava\/\">La jaula de las locas<\/a>.<\/li>\n\n\n\n<li>Visita al <a href=\"https:\/\/agora.xtec.cat\/afaeramprunya-adults-gava\/general\/visita-al-parlament-de-catalunya-fotos-de-lactivitat\/\">Parlament de Catalunya<\/a>.<\/li>\n\n\n\n<li>Visita al <a href=\"https:\/\/agora.xtec.cat\/afaeramprunya-adults-gava\/general\/descobrim-la-gracia-del-1900-amb-lassociacio-dalumnes\/\">barri de Gr\u00e0cia<\/a>.<\/li>\n<\/ul>\n<\/li>\n\n\n\n<li><strong>Tercer trimestre<\/strong>\n<ul class=\"wp-block-list\">\n<li>Sortida d&#8217;un dia a <a href=\"https:\/\/agora.xtec.cat\/afaeramprunya-adults-gava\/general\/lassociacio-dalumnes-del-cfa-gava-explora-la-historia-i-la-cultura-de-girona\/\">Girona<\/a>.<\/li>\n\n\n\n<li>Viatge de fi de curs a <a href=\"https:\/\/agora.xtec.cat\/afaeramprunya-adults-gava\/general\/associacio-alumnes-viatge-vitoria\/\">Vit\u00f2ria<\/a>.<\/li>\n<\/ul>\n<\/li>\n<\/ul>\n\n\n\n<h4 class=\"wp-block-heading\"><strong>Activitats que es van realitzar durant el curs 2021-2022:<\/strong><\/h4>\n\n\n\n<ul class=\"wp-block-list\">\n<li><strong>Primer trimestre<\/strong>\n<ul class=\"wp-block-list\">\n<li>Sortida al <a href=\"https:\/\/agora.xtec.cat\/afaeramprunya-adults-gava\/general\/associacio-amics-teatre\/\">Teatre Villarroel<\/a>.<\/li>\n<\/ul>\n<\/li>\n\n\n\n<li><strong>Segon trimestre<\/strong>\n<ul class=\"wp-block-list\">\n<li>Sortida al <a href=\"https:\/\/agora.xtec.cat\/afaeramprunya-adults-gava\/general\/al-febrer-anem-al-teatre\/\">Teatre T\u00edvoli<\/a>.<\/li>\n\n\n\n<li>Ruta guiada per <a href=\"https:\/\/agora.xtec.cat\/afaeramprunya-adults-gava\/general\/sortida-barri-sant-antonio-barcelona\/\">Barcelona<\/a>.<\/li>\n<\/ul>\n<\/li>\n\n\n\n<li><strong>Tercer trimestre<\/strong>\n<ul class=\"wp-block-list\">\n<li>Sortida d&#8217;un dia a <a href=\"https:\/\/agora.xtec.cat\/afaeramprunya-adults-gava\/general\/sortida-a-banyoles\/\">Banyoles<\/a>.<\/li>\n\n\n\n<li>Viatge a <a href=\"https:\/\/agora.xtec.cat\/afaeramprunya-adults-gava\/general\/viatge-a-granada\/\">Granada<\/a>.<\/li>\n<\/ul>\n<\/li>\n<\/ul>\n","protected":false},"excerpt":{"rendered":"<p>L\u2019Associaci\u00f3 d\u2019Alumnes i Amics de l\u2019AFA Erampruny\u00e0 de Gav\u00e0 va n\u00e9ixer l\u2019any 2005. La finalitat de l\u2019associaci\u00f3 \u00e9s la participaci\u00f3 en tots els \u00e0mbits de l\u2019activitat educativa del CFA Gav\u00e0 per aconseguir una millora constant de la qualitat de l\u2019ensenyament. L&#8217;Associaci\u00f3 s\u2019encarrega d\u2019organitzar tota mena d\u2019activitats que beneficien la formaci\u00f3 integral en el sentit m\u00e9s [&hellip;]<\/p>\n","protected":false},"author":1,"featured_media":0,"parent":63,"menu_order":2,"comment_status":"closed","ping_status":"closed","template":"","meta":{"site-sidebar-layout":"default","site-content-layout":"","ast-site-content-layout":"default","site-content-style":"default","site-sidebar-style":"default","ast-global-header-display":"","ast-banner-title-visibility":"","ast-main-header-display":"","ast-hfb-above-header-display":"","ast-hfb-below-header-display":"","ast-hfb-mobile-header-display":"","site-post-title":"","ast-breadcrumbs-content":"","ast-featured-img":"","footer-sml-layout":"","theme-transparent-header-meta":"","adv-header-id-meta":"","stick-header-meta":"","header-above-stick-meta":"","header-main-stick-meta":"","header-below-stick-meta":"","astra-migrate-meta-layouts":"set","ast-page-background-enabled":"default","ast-page-background-meta":{"desktop":{"background-color":"var(--ast-global-color-4)","background-image":"","background-repeat":"repeat","background-position":"center center","background-size":"auto","background-attachment":"scroll","background-type":"","background-media":"","overlay-type":"","overlay-color":"","overlay-opacity":"","overlay-gradient":""},"tablet":{"background-color":"","background-image":"","background-repeat":"repeat","background-position":"center center","background-size":"auto","background-attachment":"scroll","background-type":"","background-media":"","overlay-type":"","overlay-color":"","overlay-opacity":"","overlay-gradient":""},"mobile":{"background-color":"","background-image":"","background-repeat":"repeat","background-position":"center center","background-size":"auto","background-attachment":"scroll","background-type":"","background-media":"","overlay-type":"","overlay-color":"","overlay-opacity":"","overlay-gradient":""}},"ast-content-background-meta":{"desktop":{"background-color":"var(--ast-global-color-5)","background-image":"","background-repeat":"repeat","background-position":"center center","background-size":"auto","background-attachment":"scroll","background-type":"","background-media":"","overlay-type":"","overlay-color":"","overlay-opacity":"","overlay-gradient":""},"tablet":{"background-color":"var(--ast-global-color-5)","background-image":"","background-repeat":"repeat","background-position":"center center","background-size":"auto","background-attachment":"scroll","background-type":"","background-media":"","overlay-type":"","overlay-color":"","overlay-opacity":"","overlay-gradient":""},"mobile":{"background-color":"var(--ast-global-color-5)","background-image":"","background-repeat":"repeat","background-position":"center center","background-size":"auto","background-attachment":"scroll","background-type":"","background-media":"","overlay-type":"","overlay-color":"","overlay-opacity":"","overlay-gradient":""}},"footnotes":""},"class_list":["post-535","page","type-page","status-publish","hentry"],"post_mailing_queue_ids":[],"_links":{"self":[{"href":"https:\/\/agora.xtec.cat\/afaeramprunya-adults-gava\/wp-json\/wp\/v2\/pages\/535","targetHints":{"allow":["GET"]}}],"collection":[{"href":"https:\/\/agora.xtec.cat\/afaeramprunya-adults-gava\/wp-json\/wp\/v2\/pages"}],"about":[{"href":"https:\/\/agora.xtec.cat\/afaeramprunya-adults-gava\/wp-json\/wp\/v2\/types\/page"}],"author":[{"embeddable":true,"href":"https:\/\/agora.xtec.cat\/afaeramprunya-adults-gava\/wp-json\/wp\/v2\/users\/1"}],"replies":[{"embeddable":true,"href":"https:\/\/agora.xtec.cat\/afaeramprunya-adults-gava\/wp-json\/wp\/v2\/comments?post=535"}],"version-history":[{"count":6,"href":"https:\/\/agora.xtec.cat\/afaeramprunya-adults-gava\/wp-json\/wp\/v2\/pages\/535\/revisions"}],"predecessor-version":[{"id":9704,"href":"https:\/\/agora.xtec.cat\/afaeramprunya-adults-gava\/wp-json\/wp\/v2\/pages\/535\/revisions\/9704"}],"up":[{"embeddable":true,"href":"https:\/\/agora.xtec.cat\/afaeramprunya-adults-gava\/wp-json\/wp\/v2\/pages\/63"}],"wp:attachment":[{"href":"https:\/\/agora.xtec.cat\/afaeramprunya-adults-gava\/wp-json\/wp\/v2\/media?parent=535"}],"curies":[{"name":"wp","href":"https:\/\/api.w.org\/{rel}","templated":true}]}}