{"id":320,"date":"2015-01-28T11:35:13","date_gmt":"2015-01-28T10:35:13","guid":{"rendered":"http:\/\/agora.xtec.cat\/afaeramprunya-adults-gava\/?page_id=320"},"modified":"2025-09-06T09:41:58","modified_gmt":"2025-09-06T07:41:58","slug":"a-cicles-formatius-de-grau-superior","status":"publish","type":"page","link":"https:\/\/agora.xtec.cat\/afaeramprunya-adults-gava\/ensenyaments\/a-cicles-formatius-de-grau-superior\/","title":{"rendered":"Curs de preparaci\u00f3 a la prova PACFGS"},"content":{"rendered":"\n<p><strong>Vols estudiar un cicle formatiu de grau superior i no tens el batxillerat?<\/strong> Al CFA Gav\u00e0 t&#8217;ajudem a preparar la prova d&#8217;acc\u00e9s. \u00c9s una formaci\u00f3 gratu\u00efta i enfocada a la prova.<\/p>\n\n\n\n<div class=\"wp-block-getwid-accordion has-icon-left\" data-active-element=\"none\">\n<div class=\"wp-block-getwid-accordion__header-wrapper\"><span class=\"wp-block-getwid-accordion__header\"><a href=\"#\"><span class=\"wp-block-getwid-accordion__header-title\">Qu\u00e8 \u00e9s aquesta prova?<\/span><span class=\"wp-block-getwid-accordion__icon is-active\"><i class=\"fas fa-plus\"><\/i><\/span><span class=\"wp-block-getwid-accordion__icon is-passive\"><i class=\"fas fa-minus\"><\/i><\/span><\/a><\/span><\/div><div class=\"wp-block-getwid-accordion__content-wrapper\"><div class=\"wp-block-getwid-accordion__content\">\n<p>\u00c9s una prova oficial que et permet accedir a un cicle formatiu de grau superior si no tens el t\u00edtol de batxillerat i tens 19 anys o m\u00e9s l\u2019any de la convocat\u00f2ria.<\/p>\n<\/div><\/div>\n\n\n\n<div class=\"wp-block-getwid-accordion__header-wrapper\"><span class=\"wp-block-getwid-accordion__header\"><a href=\"#\"><span class=\"wp-block-getwid-accordion__header-title\">Qu\u00e8 estudiar\u00e9 al CFA?<\/span><span class=\"wp-block-getwid-accordion__icon is-active\"><i class=\"fas fa-plus\"><\/i><\/span><span class=\"wp-block-getwid-accordion__icon is-passive\"><i class=\"fas fa-minus\"><\/i><\/span><\/a><\/span><\/div><div class=\"wp-block-getwid-accordion__content-wrapper\"><div class=\"wp-block-getwid-accordion__content\">\n<ul class=\"wp-block-list\">\n<li><strong>Part comuna<\/strong>: Llengua catalana, llengua castellana, llengua estrangera (angl\u00e8s) i matem\u00e0tiques.<\/li>\n\n\n\n<li><strong>Part espec\u00edfica<\/strong>: T\u2019ajudarem a matricular-te a les mat\u00e8ries de la part espec\u00edfica de la prova que cursar\u00e0s a trav\u00e9s de l\u2019<strong><a href=\"https:\/\/ioc.xtec.cat\/educacio\/attachments\/article\/742\/Guia%20de%20matricula%20PACF%2017-18.pdf\" data-type=\"link\" data-id=\"https:\/\/ioc.xtec.cat\/educacio\/attachments\/article\/742\/Guia%20de%20matricula%20PACF%2017-18.pdf\" target=\"_blank\" rel=\"noreferrer noopener\">IOC<\/a><\/strong> (opci\u00f3 A, B, C o D).<\/li>\n<\/ul>\n\n\n\n<figure class=\"wp-block-image size-large\"><img decoding=\"async\" src=\"https:\/\/agora.xtec.cat\/afaeramprunya-adults-gava\/wp-content\/uploads\/usu2120\/2022\/05\/i_ensenyaments_pacfgs.jpg\" alt=\"\"\/><\/figure>\n<\/div><\/div>\n\n\n\n<div class=\"wp-block-getwid-accordion__header-wrapper\"><span class=\"wp-block-getwid-accordion__header\"><a href=\"#\"><span class=\"wp-block-getwid-accordion__header-title\">Quin \u00e9s l&#8217;horari?<\/span><span class=\"wp-block-getwid-accordion__icon is-active\"><i class=\"fas fa-plus\"><\/i><\/span><span class=\"wp-block-getwid-accordion__icon is-passive\"><i class=\"fas fa-minus\"><\/i><\/span><\/a><\/span><\/div><div class=\"wp-block-getwid-accordion__content-wrapper\"><div class=\"wp-block-getwid-accordion__content\">\n<p>L&#8217;horari del curs \u00e9s de tarda, amb classes 100% presencials.<\/p>\n\n\n\n<p>\ud83d\udc49 Consulta el <a href=\"https:\/\/agora.xtec.cat\/afaeramprunya-adults-gava\/el-centre\/calendari-del-curs\/calendari-escolar\/\" data-type=\"link\" data-id=\"https:\/\/agora.xtec.cat\/afaeramprunya-adults-gava\/el-centre\/calendari-del-curs\/calendari-escolar\/\">calendari <\/a>i <a href=\"https:\/\/agora.xtec.cat\/afaeramprunya-adults-gava\/el-centre\/calendari-del-curs\/horaris-ensenyaments\/#pacfgs\">horaris<\/a> disponibles actualment.<\/p>\n<\/div><\/div>\n\n\n\n<div class=\"wp-block-getwid-accordion__header-wrapper\"><span class=\"wp-block-getwid-accordion__header\"><a href=\"#\"><span class=\"wp-block-getwid-accordion__header-title\">Per qu\u00e8 estudiar amb vosaltres?<\/span><span class=\"wp-block-getwid-accordion__icon is-active\"><i class=\"fas fa-plus\"><\/i><\/span><span class=\"wp-block-getwid-accordion__icon is-passive\"><i class=\"fas fa-minus\"><\/i><\/span><\/a><\/span><\/div><div class=\"wp-block-getwid-accordion__content-wrapper\"><div class=\"wp-block-getwid-accordion__content\">\n<ul class=\"wp-block-list\">\n<li>Professorat expert i proper.<\/li>\n\n\n\n<li>Ritme adaptat a persones adultes.<\/li>\n\n\n\n<li>Bon ambient de suport i aprenentatge.<\/li>\n\n\n\n<li>Resultats d\u2019\u00e8xit cada any.<\/li>\n\n\n\n<li>La prova d\u2019acc\u00e9s a CFGS, si es t\u00e9 l\u2019ESO superada, equival al batxillerat a efectes laborals i oposicions.<\/li>\n<\/ul>\n<\/div><\/div>\n\n\n\n<div class=\"wp-block-getwid-accordion__header-wrapper\"><span class=\"wp-block-getwid-accordion__header\"><a href=\"#\"><span class=\"wp-block-getwid-accordion__header-title\">Quins s\u00f3n els requisits per matricular-m&#8217;hi?<\/span><span class=\"wp-block-getwid-accordion__icon is-active\"><i class=\"fas fa-plus\"><\/i><\/span><span class=\"wp-block-getwid-accordion__icon is-passive\"><i class=\"fas fa-minus\"><\/i><\/span><\/a><\/span><\/div><div class=\"wp-block-getwid-accordion__content-wrapper\"><div class=\"wp-block-getwid-accordion__content\">\n<ul class=\"wp-block-list\">\n<li>Tenir <strong>19 anys<\/strong> o m\u00e9s l\u2019any que es fa la prova.<\/li>\n\n\n\n<li>No tenir el t\u00edtol de batxillerat ni un CFGM.<\/li>\n\n\n\n<li>Voler accedir a un <strong>CFGS<\/strong> (Cicle Formatiu de Grau Superior).<\/li>\n<\/ul>\n<\/div><\/div>\n\n\n\n<div class=\"wp-block-getwid-accordion__header-wrapper\"><span class=\"wp-block-getwid-accordion__header\"><a href=\"#\"><span class=\"wp-block-getwid-accordion__header-title\">Com em puc matricular?<\/span><span class=\"wp-block-getwid-accordion__icon is-active\"><i class=\"fas fa-plus\"><\/i><\/span><span class=\"wp-block-getwid-accordion__icon is-passive\"><i class=\"fas fa-minus\"><\/i><\/span><\/a><\/span><\/div><div class=\"wp-block-getwid-accordion__content-wrapper\"><div class=\"wp-block-getwid-accordion__content\">\n<p>La inscripci\u00f3 al curs es fa al juny i al setembre. La prova oficial sol fer-se entre l\u2019abril i el maig. T\u2019informarem i t\u2019ajudarem durant tot el proc\u00e9s. <a href=\"https:\/\/agora.xtec.cat\/afaeramprunya-adults-gava\/matricula\/\" data-type=\"link\" data-id=\"https:\/\/agora.xtec.cat\/afaeramprunya-adults-gava\/general\/i-ara-que\/\">Consulta aqu\u00ed la informaci\u00f3 de la matr\u00edcula.<\/a><\/p>\n<\/div><\/div>\n\n\n\n<div class=\"wp-block-getwid-accordion__header-wrapper\"><span class=\"wp-block-getwid-accordion__header\"><a href=\"#\"><span class=\"wp-block-getwid-accordion__header-title\">Puc fer la prova al mateix centre?<\/span><span class=\"wp-block-getwid-accordion__icon is-active\"><i class=\"fas fa-plus\"><\/i><\/span><span class=\"wp-block-getwid-accordion__icon is-passive\"><i class=\"fas fa-minus\"><\/i><\/span><\/a><\/span><\/div><div class=\"wp-block-getwid-accordion__content-wrapper\"><div class=\"wp-block-getwid-accordion__content\">\n<p>No, nosaltres et prepararem per a la prova. Per\u00f2 la prova es fa en alguns dels <strong><a href=\"https:\/\/triaeducativa.gencat.cat\/ca\/proves\/proves-acces\/fp\/fp-gs\/centres\/\" data-type=\"link\" data-id=\"https:\/\/triaeducativa.gencat.cat\/ca\/proves\/proves-acces\/fp\/fp-gs\/centres\/\" target=\"_blank\" rel=\"noreferrer noopener\">centres designats pel Departament d&#8217;Educaci\u00f3<\/a><\/strong>.<\/p>\n<\/div><\/div>\n\n\n\n<div class=\"wp-block-getwid-accordion__header-wrapper\"><span class=\"wp-block-getwid-accordion__header\"><a href=\"#\"><span class=\"wp-block-getwid-accordion__header-title\">On puc tenir m\u00e9s informaci\u00f3?<\/span><span class=\"wp-block-getwid-accordion__icon is-active\"><i class=\"fas fa-plus\"><\/i><\/span><span class=\"wp-block-getwid-accordion__icon is-passive\"><i class=\"fas fa-minus\"><\/i><\/span><\/a><\/span><\/div><div class=\"wp-block-getwid-accordion__content-wrapper\"><div class=\"wp-block-getwid-accordion__content\">\n<p>Pots accedir a tota la informaci\u00f3 oficial a la web de les <a href=\"https:\/\/triaeducativa.gencat.cat\/ca\/proves\/proves-acces\/fp\/fp-gs\/\" data-type=\"link\" data-id=\"https:\/\/triaeducativa.gencat.cat\/ca\/proves\/proves-acces\/fp\/fp-gs\/\" target=\"_blank\" rel=\"noreferrer noopener\">Proves d&#8217;acc\u00e9s a cicles de formaci\u00f3 professional de grau superior<\/a> de Tria educativa.<\/p>\n<\/div><\/div>\n<\/div>\n","protected":false},"excerpt":{"rendered":"<p>Vols estudiar un cicle formatiu de grau superior i no tens el batxillerat? Al CFA Gav\u00e0 t&#8217;ajudem a preparar la prova d&#8217;acc\u00e9s. \u00c9s una formaci\u00f3 gratu\u00efta i enfocada a la prova.<\/p>\n","protected":false},"author":1,"featured_media":0,"parent":274,"menu_order":4,"comment_status":"closed","ping_status":"closed","template":"","meta":{"site-sidebar-layout":"default","site-content-layout":"","ast-site-content-layout":"default","site-content-style":"default","site-sidebar-style":"default","ast-global-header-display":"","ast-banner-title-visibility":"","ast-main-header-display":"","ast-hfb-above-header-display":"","ast-hfb-below-header-display":"","ast-hfb-mobile-header-display":"","site-post-title":"","ast-breadcrumbs-content":"","ast-featured-img":"","footer-sml-layout":"","theme-transparent-header-meta":"","adv-header-id-meta":"","stick-header-meta":"","header-above-stick-meta":"","header-main-stick-meta":"","header-below-stick-meta":"","astra-migrate-meta-layouts":"set","ast-page-background-enabled":"default","ast-page-background-meta":{"desktop":{"background-color":"var(--ast-global-color-4)","background-image":"","background-repeat":"repeat","background-position":"center center","background-size":"auto","background-attachment":"scroll","background-type":"","background-media":"","overlay-type":"","overlay-color":"","overlay-opacity":"","overlay-gradient":""},"tablet":{"background-color":"","background-image":"","background-repeat":"repeat","background-position":"center center","background-size":"auto","background-attachment":"scroll","background-type":"","background-media":"","overlay-type":"","overlay-color":"","overlay-opacity":"","overlay-gradient":""},"mobile":{"background-color":"","background-image":"","background-repeat":"repeat","background-position":"center center","background-size":"auto","background-attachment":"scroll","background-type":"","background-media":"","overlay-type":"","overlay-color":"","overlay-opacity":"","overlay-gradient":""}},"ast-content-background-meta":{"desktop":{"background-color":"var(--ast-global-color-5)","background-image":"","background-repeat":"repeat","background-position":"center center","background-size":"auto","background-attachment":"scroll","background-type":"","background-media":"","overlay-type":"","overlay-color":"","overlay-opacity":"","overlay-gradient":""},"tablet":{"background-color":"var(--ast-global-color-5)","background-image":"","background-repeat":"repeat","background-position":"center center","background-size":"auto","background-attachment":"scroll","background-type":"","background-media":"","overlay-type":"","overlay-color":"","overlay-opacity":"","overlay-gradient":""},"mobile":{"background-color":"var(--ast-global-color-5)","background-image":"","background-repeat":"repeat","background-position":"center center","background-size":"auto","background-attachment":"scroll","background-type":"","background-media":"","overlay-type":"","overlay-color":"","overlay-opacity":"","overlay-gradient":""}},"footnotes":""},"class_list":["post-320","page","type-page","status-publish","hentry"],"post_mailing_queue_ids":[],"_links":{"self":[{"href":"https:\/\/agora.xtec.cat\/afaeramprunya-adults-gava\/wp-json\/wp\/v2\/pages\/320","targetHints":{"allow":["GET"]}}],"collection":[{"href":"https:\/\/agora.xtec.cat\/afaeramprunya-adults-gava\/wp-json\/wp\/v2\/pages"}],"about":[{"href":"https:\/\/agora.xtec.cat\/afaeramprunya-adults-gava\/wp-json\/wp\/v2\/types\/page"}],"author":[{"embeddable":true,"href":"https:\/\/agora.xtec.cat\/afaeramprunya-adults-gava\/wp-json\/wp\/v2\/users\/1"}],"replies":[{"embeddable":true,"href":"https:\/\/agora.xtec.cat\/afaeramprunya-adults-gava\/wp-json\/wp\/v2\/comments?post=320"}],"version-history":[{"count":6,"href":"https:\/\/agora.xtec.cat\/afaeramprunya-adults-gava\/wp-json\/wp\/v2\/pages\/320\/revisions"}],"predecessor-version":[{"id":8832,"href":"https:\/\/agora.xtec.cat\/afaeramprunya-adults-gava\/wp-json\/wp\/v2\/pages\/320\/revisions\/8832"}],"up":[{"embeddable":true,"href":"https:\/\/agora.xtec.cat\/afaeramprunya-adults-gava\/wp-json\/wp\/v2\/pages\/274"}],"wp:attachment":[{"href":"https:\/\/agora.xtec.cat\/afaeramprunya-adults-gava\/wp-json\/wp\/v2\/media?parent=320"}],"curies":[{"name":"wp","href":"https:\/\/api.w.org\/{rel}","templated":true}]}}