{"id":316,"date":"2015-01-28T11:33:51","date_gmt":"2015-01-28T10:33:51","guid":{"rendered":"http:\/\/agora.xtec.cat\/afaeramprunya-adults-gava\/?page_id=316"},"modified":"2025-10-25T23:13:26","modified_gmt":"2025-10-25T21:13:26","slug":"competencia-digital-competic","status":"publish","type":"page","link":"https:\/\/agora.xtec.cat\/afaeramprunya-adults-gava\/ensenyaments\/competencia-digital-competic\/","title":{"rendered":"Inform\u00e0tica COMPETIC"},"content":{"rendered":"\n<p><strong>Vols aprendre a fer servir l\u2019ordinador, internet o aplicacions \u00fatils del dia a dia? Vols obtenir un certificat oficial d&#8217;inform\u00e0tica que et serveixi per la teva feina o oposicions?<\/strong><br>Al CFA Gav\u00e0 t\u2019ajudem a millorar la teva compet\u00e8ncia digital, pas a pas i amb suport personalitzat. Aprendr\u00e0s des de les eines m\u00e9s b\u00e0siques fins a les m\u00e9s avan\u00e7ades, en funci\u00f3 del teu nivell.<\/p>\n\n\n\n<div class=\"wp-block-getwid-accordion has-icon-left\" data-active-element=\"none\">\n<div class=\"wp-block-getwid-accordion__header-wrapper\"><span class=\"wp-block-getwid-accordion__header\"><a href=\"#\"><span class=\"wp-block-getwid-accordion__header-title\">Qu\u00e8 significa COMPETIC?<\/span><span class=\"wp-block-getwid-accordion__icon is-active\"><i class=\"fas fa-plus\"><\/i><\/span><span class=\"wp-block-getwid-accordion__icon is-passive\"><i class=\"fas fa-minus\"><\/i><\/span><\/a><\/span><\/div><div class=\"wp-block-getwid-accordion__content-wrapper\"><div class=\"wp-block-getwid-accordion__content\">\n<p>COMPETIC \u00e9s un conjunt de cursos gratu\u00efts per millorar les <strong>habilitats digitals<\/strong>. Estan reconeguts pel Departament d\u2019Educaci\u00f3 i s\u00f3n <strong>equivalents al certificat ACTIC<\/strong> (nivells b\u00e0sic, mitj\u00e0 i avan\u00e7at). Et poden ajudar a trobar feina, fer formaci\u00f3 en l\u00ednia o sentir-te m\u00e9s segur\/a fent tr\u00e0mits digitals.<\/p>\n<\/div><\/div>\n\n\n\n<div class=\"wp-block-getwid-accordion__header-wrapper\"><span class=\"wp-block-getwid-accordion__header\"><a href=\"#\"><span class=\"wp-block-getwid-accordion__header-title\">Quins nivells de COMPETIC oferiu?<\/span><span class=\"wp-block-getwid-accordion__icon is-active\"><i class=\"fas fa-plus\"><\/i><\/span><span class=\"wp-block-getwid-accordion__icon is-passive\"><i class=\"fas fa-minus\"><\/i><\/span><\/a><\/span><\/div><div class=\"wp-block-getwid-accordion__content-wrapper\"><div class=\"wp-block-getwid-accordion__content\">\n<ul class=\"wp-block-list\">\n<li><strong>COMPETIC inicial<\/strong>: per a persones que comencen des de zero. Aprendr\u00e0s a encendre l\u2019ordinador, escriure textos senzills i navegar per internet.<\/li>\n\n\n\n<li><strong>COMPETIC 1<\/strong>: aprendr\u00e0s a fer c\u00e0lculs amb fulls de c\u00e0lcul, editar imatges i entendre com protegir-te a internet. Equivalent al nivel ACTIC inicial.<\/li>\n\n\n\n<li><strong>COMPETIC 2<\/strong>: millorar\u00e0s en tots els \u00e0mbits digitals: text, imatge, n\u00fameros, dades, presentacions&#8230; Equivalent al nivell mitj\u00e0 d\u2019ACTIC.<\/li>\n\n\n\n<li><strong>COMPETIC 3<\/strong>: per a persones amb bon domini digital. Treballar\u00e0s projectes reals amb eines avan\u00e7ades. Equivalent al certificat ACTIC avan\u00e7at.<\/li>\n<\/ul>\n<\/div><\/div>\n\n\n\n<div class=\"wp-block-getwid-accordion__header-wrapper\"><span class=\"wp-block-getwid-accordion__header\"><a href=\"#\"><span class=\"wp-block-getwid-accordion__header-title\">Quines compet\u00e8ncies oferiu?<\/span><span class=\"wp-block-getwid-accordion__icon is-active\"><i class=\"fas fa-plus\"><\/i><\/span><span class=\"wp-block-getwid-accordion__icon is-passive\"><i class=\"fas fa-minus\"><\/i><\/span><\/a><\/span><\/div><div class=\"wp-block-getwid-accordion__content-wrapper\"><div class=\"wp-block-getwid-accordion__content\">\n<p>Oferim les compet\u00e8ncies oficials d&#8217;acord amb el nivell de COMPETIC que es cursa.<\/p>\n\n\n\n<ul class=\"wp-block-list\">\n<li>C1: Cultura, participaci\u00f3 i civisme digital.<\/li>\n\n\n\n<li>C2: Tecnologia digital, \u00fas de l\u2019ordinador i del sistema operatiu.<\/li>\n\n\n\n<li>C3: Navegaci\u00f3 i comunicaci\u00f3 en el m\u00f3n digital.<\/li>\n\n\n\n<li>C4: Tractament de la informaci\u00f3 escrita.<\/li>\n\n\n\n<li>C5: Tractament de la informaci\u00f3 gr\u00e0fica, sonora i de la imatge en moviment.<\/li>\n\n\n\n<li>C6: Tractament de la informaci\u00f3 num\u00e8rica.<\/li>\n\n\n\n<li>C7: Tractament de les dades.<\/li>\n\n\n\n<li>C8: Presentaci\u00f3 de continguts.<\/li>\n<\/ul>\n\n\n\n<figure class=\"wp-block-image size-full has-custom-border\"><a href=\"https:\/\/agora.xtec.cat\/afaeramprunya-adults-gava\/wp-content\/uploads\/usu2120\/2025\/09\/Ensenyaments-COMPETIC-1.png\"><img loading=\"lazy\" decoding=\"async\" width=\"978\" height=\"243\" src=\"https:\/\/agora.xtec.cat\/afaeramprunya-adults-gava\/wp-content\/uploads\/usu2120\/2025\/09\/Ensenyaments-COMPETIC-1.png\" alt=\"Ensenyaments del COMPETIC que oferim al CFA Gav\u00e0\" class=\"has-border-color has-ast-global-color-1-border-color wp-image-8826\" srcset=\"https:\/\/agora.xtec.cat\/afaeramprunya-adults-gava\/wp-content\/uploads\/usu2120\/2025\/09\/Ensenyaments-COMPETIC-1.png 978w, https:\/\/agora.xtec.cat\/afaeramprunya-adults-gava\/wp-content\/uploads\/usu2120\/2025\/09\/Ensenyaments-COMPETIC-1-300x75.png 300w, https:\/\/agora.xtec.cat\/afaeramprunya-adults-gava\/wp-content\/uploads\/usu2120\/2025\/09\/Ensenyaments-COMPETIC-1-768x191.png 768w\" sizes=\"auto, (max-width: 978px) 100vw, 978px\" \/><\/a><\/figure>\n<\/div><\/div>\n\n\n\n<div class=\"wp-block-getwid-accordion__header-wrapper\"><span class=\"wp-block-getwid-accordion__header\"><a href=\"#\"><span class=\"wp-block-getwid-accordion__header-title\">Quins s\u00f3n els horaris i la durada dels cursos?<\/span><span class=\"wp-block-getwid-accordion__icon is-active\"><i class=\"fas fa-plus\"><\/i><\/span><span class=\"wp-block-getwid-accordion__icon is-passive\"><i class=\"fas fa-minus\"><\/i><\/span><\/a><\/span><\/div><div class=\"wp-block-getwid-accordion__content-wrapper\"><div class=\"wp-block-getwid-accordion__content\">\n<ul class=\"wp-block-list\">\n<li><strong>COMPETIC inicial :<\/strong> de setembre a juny, 2 dies per setmana.<\/li>\n\n\n\n<li><strong>COMPETIC 1<\/strong>: de setembre a juny, 2 dies per setmana.<\/li>\n\n\n\n<li><strong>COMPETIC 2<\/strong>: de setembre a juny 2 dies per setmana.<\/li>\n\n\n\n<li><strong>COMPETIC 3<\/strong>: modalitat semipresencial amb un projecte per trimestre.<\/li>\n<\/ul>\n\n\n\n<p>\ud83d\udc49 Consulta el <a href=\"https:\/\/agora.xtec.cat\/afaeramprunya-adults-gava\/el-centre\/calendari-del-curs\/calendari-escolar\/\" data-type=\"link\" data-id=\"https:\/\/agora.xtec.cat\/afaeramprunya-adults-gava\/el-centre\/calendari-del-curs\/calendari-escolar\/\">calendari <\/a>i <a href=\"https:\/\/agora.xtec.cat\/afaeramprunya-adults-gava\/el-centre\/calendari-del-curs\/horaris-ensenyaments\/#competic\">horaris <\/a>disponibles actualment.<\/p>\n<\/div><\/div>\n\n\n\n<div class=\"wp-block-getwid-accordion__header-wrapper\"><span class=\"wp-block-getwid-accordion__header\"><a href=\"#\"><span class=\"wp-block-getwid-accordion__header-title\">Quins s\u00f3n els requisits per apuntar-m&#8217;hi?<\/span><span class=\"wp-block-getwid-accordion__icon is-active\"><i class=\"fas fa-plus\"><\/i><\/span><span class=\"wp-block-getwid-accordion__icon is-passive\"><i class=\"fas fa-minus\"><\/i><\/span><\/a><\/span><\/div><div class=\"wp-block-getwid-accordion__content-wrapper\"><div class=\"wp-block-getwid-accordion__content\">\n<ul class=\"wp-block-list\">\n<li>Tenir <strong>18 anys o m\u00e9s<\/strong> (o que els facin durant l\u2019any).<\/li>\n\n\n\n<li>Cal entendre el <strong>catal\u00e0<\/strong> i tenir el t\u00edtol de Prim\u00e0ria o similar.<\/li>\n\n\n\n<li>Si no tens un certificat ACTIC o COMPETIC anterior, et farem una petita <strong>prova de nivell<\/strong>.<\/li>\n<\/ul>\n<\/div><\/div>\n\n\n\n<div class=\"wp-block-getwid-accordion__header-wrapper\"><span class=\"wp-block-getwid-accordion__header\"><a href=\"#\"><span class=\"wp-block-getwid-accordion__header-title\">Quin certificat obtindr\u00e9?<\/span><span class=\"wp-block-getwid-accordion__icon is-active\"><i class=\"fas fa-plus\"><\/i><\/span><span class=\"wp-block-getwid-accordion__icon is-passive\"><i class=\"fas fa-minus\"><\/i><\/span><\/a><\/span><\/div><div class=\"wp-block-getwid-accordion__content-wrapper\"><div class=\"wp-block-getwid-accordion__content\">\n<p>Al final de cada nivell obtindr\u00e0s el <strong>certificat oficial COMPETIC<\/strong>, reconegut per empreses, administracions i centres educatius.<br>\u00c9s <strong>equivalent al certificat ACTIC<\/strong>:<\/p>\n\n\n\n<figure class=\"wp-block-table is-style-stripes\"><table class=\"has-ast-global-color-0-background-color has-background has-border-color has-ast-global-color-1-border-color has-fixed-layout\"><thead><tr><th class=\"has-text-align-center\" data-align=\"center\">COMPETIC<\/th><th class=\"has-text-align-center\" data-align=\"center\">Equival\u00e8ncia ACTIC<\/th><\/tr><\/thead><tbody><tr><td class=\"has-text-align-center\" data-align=\"center\">Inicial<\/td><td class=\"has-text-align-center\" data-align=\"center\">Sense equival\u00e8ncia<\/td><\/tr><tr><td class=\"has-text-align-center\" data-align=\"center\">1<\/td><td class=\"has-text-align-center\" data-align=\"center\">B\u00e0sic<\/td><\/tr><tr><td class=\"has-text-align-center\" data-align=\"center\">2<\/td><td class=\"has-text-align-center\" data-align=\"center\">Mitj\u00e0<\/td><\/tr><tr><td class=\"has-text-align-center\" data-align=\"center\">3<\/td><td class=\"has-text-align-center\" data-align=\"center\">Avan\u00e7at<\/td><\/tr><tr><td class=\"has-text-align-center\" data-align=\"center\"><\/td><td class=\"has-text-align-center\" data-align=\"center\"><\/td><\/tr><\/tbody><\/table><\/figure>\n<\/div><\/div>\n\n\n\n<div class=\"wp-block-getwid-accordion__header-wrapper\"><span class=\"wp-block-getwid-accordion__header\"><a href=\"#\"><span class=\"wp-block-getwid-accordion__header-title\">Quan m&#8217;hi puc matricular?<\/span><span class=\"wp-block-getwid-accordion__icon is-active\"><i class=\"fas fa-plus\"><\/i><\/span><span class=\"wp-block-getwid-accordion__icon is-passive\"><i class=\"fas fa-minus\"><\/i><\/span><\/a><\/span><\/div><div class=\"wp-block-getwid-accordion__content-wrapper\"><div class=\"wp-block-getwid-accordion__content\">\n<p>La matr\u00edcula \u00e9s <strong>gratu\u00efta<\/strong>. Consulta l&#8217;apartat de <a href=\"https:\/\/agora.xtec.cat\/afaeramprunya-adults-gava\/matricula\/\">preinscripci\u00f3 i matr\u00edcula<\/a> de la web i quan vinguis no oblidis portar:<\/p>\n\n\n\n<ul class=\"wp-block-list\">\n<li>DNI, NIE o passaport.<\/li>\n\n\n\n<li>Targeta sanit\u00e0ria.<\/li>\n<\/ul>\n<\/div><\/div>\n\n\n\n<div class=\"wp-block-getwid-accordion__header-wrapper\"><span class=\"wp-block-getwid-accordion__header\"><a href=\"#\"><span class=\"wp-block-getwid-accordion__header-title\">Per qu\u00e8 fer COMPETIC al CFA Gav\u00e0?<\/span><span class=\"wp-block-getwid-accordion__icon is-active\"><i class=\"fas fa-plus\"><\/i><\/span><span class=\"wp-block-getwid-accordion__icon is-passive\"><i class=\"fas fa-minus\"><\/i><\/span><\/a><\/span><\/div><div class=\"wp-block-getwid-accordion__content-wrapper\"><div class=\"wp-block-getwid-accordion__content\">\n<ul class=\"wp-block-list\">\n<li>Professors especialitzats i pr\u00f2xims<\/li>\n\n\n\n<li>Aula amb ordinadors moderns<\/li>\n\n\n\n<li>Aprenentatge \u00fatil i pr\u00e0ctic<\/li>\n\n\n\n<li>Certificats oficials amb validesa laboral<\/li>\n<\/ul>\n<\/div><\/div>\n\n\n\n<div class=\"wp-block-getwid-accordion__header-wrapper\"><span class=\"wp-block-getwid-accordion__header\"><a href=\"#\"><span class=\"wp-block-getwid-accordion__header-title\">On us puc trobar?<\/span><span class=\"wp-block-getwid-accordion__icon is-active\"><i class=\"fas fa-plus\"><\/i><\/span><span class=\"wp-block-getwid-accordion__icon is-passive\"><i class=\"fas fa-minus\"><\/i><\/span><\/a><\/span><\/div><div class=\"wp-block-getwid-accordion__content-wrapper\"><div class=\"wp-block-getwid-accordion__content\">\n<p>Pots contactar amb nosaltres a:<\/p>\n\n\n\n<p><strong>Centre de Formaci\u00f3 d\u2019Adults CFA Gav\u00e0<\/strong><br>\ud83d\udccd C. Sarri\u00e0, 5, 08850 Gav\u00e0<br>\ud83d\udcde Tel\u00e8fon: 93 662 07 04<br>\ud83d\udce7 Correu: <a href=\"mailto:a8062471@xtec.cat\">a8062471@xtec.cat<\/a><\/p>\n<\/div><\/div>\n\n\n\n<div class=\"wp-block-getwid-accordion__header-wrapper\"><span class=\"wp-block-getwid-accordion__header\"><a href=\"#\"><span class=\"wp-block-getwid-accordion__header-title\">Vull m\u00e9s informaci\u00f3<\/span><span class=\"wp-block-getwid-accordion__icon is-active\"><i class=\"fas fa-plus\"><\/i><\/span><span class=\"wp-block-getwid-accordion__icon is-passive\"><i class=\"fas fa-minus\"><\/i><\/span><\/a><\/span><\/div><div class=\"wp-block-getwid-accordion__content-wrapper\"><div class=\"wp-block-getwid-accordion__content\">\n<p>Tota la normativa i documentaci\u00f3 del COMPETIC la pots trobar al <a href=\"https:\/\/projectes.xtec.cat\/xarxadults\/ensenyaments\/nivells\/\" data-type=\"link\" data-id=\"https:\/\/projectes.xtec.cat\/xarxadults\/ensenyaments\/nivells\/\" target=\"_blank\" rel=\"noreferrer noopener\">Servei d&#8217;Educaci\u00f3 al Llarg de la Vida<\/a>.<\/p>\n<\/div><\/div>\n<\/div>\n","protected":false},"excerpt":{"rendered":"<p>Vols aprendre a fer servir l\u2019ordinador, internet o aplicacions \u00fatils del dia a dia? Vols obtenir un certificat oficial d&#8217;inform\u00e0tica que et serveixi per la teva feina o oposicions?Al CFA Gav\u00e0 t\u2019ajudem a millorar la teva compet\u00e8ncia digital, pas a pas i amb suport personalitzat. Aprendr\u00e0s des de les eines m\u00e9s b\u00e0siques fins a les [&hellip;]<\/p>\n","protected":false},"author":1,"featured_media":0,"parent":274,"menu_order":2,"comment_status":"closed","ping_status":"closed","template":"","meta":{"site-sidebar-layout":"default","site-content-layout":"","ast-site-content-layout":"default","site-content-style":"default","site-sidebar-style":"default","ast-global-header-display":"","ast-banner-title-visibility":"","ast-main-header-display":"","ast-hfb-above-header-display":"","ast-hfb-below-header-display":"","ast-hfb-mobile-header-display":"","site-post-title":"","ast-breadcrumbs-content":"","ast-featured-img":"","footer-sml-layout":"","theme-transparent-header-meta":"","adv-header-id-meta":"","stick-header-meta":"","header-above-stick-meta":"","header-main-stick-meta":"","header-below-stick-meta":"","astra-migrate-meta-layouts":"set","ast-page-background-enabled":"default","ast-page-background-meta":{"desktop":{"background-color":"var(--ast-global-color-4)","background-image":"","background-repeat":"repeat","background-position":"center center","background-size":"auto","background-attachment":"scroll","background-type":"","background-media":"","overlay-type":"","overlay-color":"","overlay-opacity":"","overlay-gradient":""},"tablet":{"background-color":"","background-image":"","background-repeat":"repeat","background-position":"center center","background-size":"auto","background-attachment":"scroll","background-type":"","background-media":"","overlay-type":"","overlay-color":"","overlay-opacity":"","overlay-gradient":""},"mobile":{"background-color":"","background-image":"","background-repeat":"repeat","background-position":"center center","background-size":"auto","background-attachment":"scroll","background-type":"","background-media":"","overlay-type":"","overlay-color":"","overlay-opacity":"","overlay-gradient":""}},"ast-content-background-meta":{"desktop":{"background-color":"var(--ast-global-color-5)","background-image":"","background-repeat":"repeat","background-position":"center center","background-size":"auto","background-attachment":"scroll","background-type":"","background-media":"","overlay-type":"","overlay-color":"","overlay-opacity":"","overlay-gradient":""},"tablet":{"background-color":"var(--ast-global-color-5)","background-image":"","background-repeat":"repeat","background-position":"center center","background-size":"auto","background-attachment":"scroll","background-type":"","background-media":"","overlay-type":"","overlay-color":"","overlay-opacity":"","overlay-gradient":""},"mobile":{"background-color":"var(--ast-global-color-5)","background-image":"","background-repeat":"repeat","background-position":"center center","background-size":"auto","background-attachment":"scroll","background-type":"","background-media":"","overlay-type":"","overlay-color":"","overlay-opacity":"","overlay-gradient":""}},"footnotes":""},"class_list":["post-316","page","type-page","status-publish","hentry"],"post_mailing_queue_ids":[],"_links":{"self":[{"href":"https:\/\/agora.xtec.cat\/afaeramprunya-adults-gava\/wp-json\/wp\/v2\/pages\/316","targetHints":{"allow":["GET"]}}],"collection":[{"href":"https:\/\/agora.xtec.cat\/afaeramprunya-adults-gava\/wp-json\/wp\/v2\/pages"}],"about":[{"href":"https:\/\/agora.xtec.cat\/afaeramprunya-adults-gava\/wp-json\/wp\/v2\/types\/page"}],"author":[{"embeddable":true,"href":"https:\/\/agora.xtec.cat\/afaeramprunya-adults-gava\/wp-json\/wp\/v2\/users\/1"}],"replies":[{"embeddable":true,"href":"https:\/\/agora.xtec.cat\/afaeramprunya-adults-gava\/wp-json\/wp\/v2\/comments?post=316"}],"version-history":[{"count":6,"href":"https:\/\/agora.xtec.cat\/afaeramprunya-adults-gava\/wp-json\/wp\/v2\/pages\/316\/revisions"}],"predecessor-version":[{"id":8949,"href":"https:\/\/agora.xtec.cat\/afaeramprunya-adults-gava\/wp-json\/wp\/v2\/pages\/316\/revisions\/8949"}],"up":[{"embeddable":true,"href":"https:\/\/agora.xtec.cat\/afaeramprunya-adults-gava\/wp-json\/wp\/v2\/pages\/274"}],"wp:attachment":[{"href":"https:\/\/agora.xtec.cat\/afaeramprunya-adults-gava\/wp-json\/wp\/v2\/media?parent=316"}],"curies":[{"name":"wp","href":"https:\/\/api.w.org\/{rel}","templated":true}]}}