{"id":303,"date":"2015-01-28T11:23:05","date_gmt":"2015-01-28T10:23:05","guid":{"rendered":"http:\/\/agora.xtec.cat\/afaeramprunya-adults-gava\/?page_id=303"},"modified":"2025-09-27T09:26:17","modified_gmt":"2025-09-27T07:26:17","slug":"graduat-en-educacio-secundaria-per-adults","status":"publish","type":"page","link":"https:\/\/agora.xtec.cat\/afaeramprunya-adults-gava\/ensenyaments\/graduat-en-educacio-secundaria-per-adults\/","title":{"rendered":"Graduat en educaci\u00f3 secundaria per adults (GESO)"},"content":{"rendered":"\n<p>El GESO o graduat en educaci\u00f3 secund\u00e0ria del CFA Gav\u00e0 et permet obtenir el t\u00edtol oficial de secund\u00e0ria amb un itinerari flexible i adaptat a persones adultes.<\/p>\n\n\n\n<div class=\"wp-block-getwid-accordion has-icon-left\" data-active-element=\"none\">\n<div class=\"wp-block-getwid-accordion__header-wrapper\"><span class=\"wp-block-getwid-accordion__header\"><a href=\"#\"><span class=\"wp-block-getwid-accordion__header-title\">Com s\u2019organitza el GESO?<\/span><span class=\"wp-block-getwid-accordion__icon is-active\"><i class=\"fas fa-plus\"><\/i><\/span><span class=\"wp-block-getwid-accordion__icon is-passive\"><i class=\"fas fa-minus\"><\/i><\/span><\/a><\/span><\/div><div class=\"wp-block-getwid-accordion__content-wrapper\"><div class=\"wp-block-getwid-accordion__content\">\n<p>El GESO es divideix en <strong>dos nivells<\/strong> i en <strong>tres \u00e0mbits<\/strong>: comunicaci\u00f3, cientificotecnol\u00f2gic i social.<br>Cada trimestre pots fer diferents m\u00f2duls segons el teu itinerari. Tamb\u00e9 oferim <strong>m\u00f2duls opcionals<\/strong> com TIC, angl\u00e8s b\u00e0sic, nutrici\u00f3, i altres.<\/p>\n<\/div><\/div>\n\n\n\n<div class=\"wp-block-getwid-accordion__header-wrapper\"><span class=\"wp-block-getwid-accordion__header\"><a href=\"#\"><span class=\"wp-block-getwid-accordion__header-title\">Qu\u00e8 necessito per comen\u00e7ar?<\/span><span class=\"wp-block-getwid-accordion__icon is-active\"><i class=\"fas fa-plus\"><\/i><\/span><span class=\"wp-block-getwid-accordion__icon is-passive\"><i class=\"fas fa-minus\"><\/i><\/span><\/a><\/span><\/div><div class=\"wp-block-getwid-accordion__content-wrapper\"><div class=\"wp-block-getwid-accordion__content\">\n<p>Has de tenir m\u00e9s de<strong> 18 anys<\/strong> o complir-los durant l\u2019any. Quan vinguis et farem una <strong>prova de nivell<\/strong> o podr\u00e0s aportar el teu historial acad\u00e8mic.<\/p>\n<\/div><\/div>\n\n\n\n<div class=\"wp-block-getwid-accordion__header-wrapper\"><span class=\"wp-block-getwid-accordion__header\"><a href=\"#\"><span class=\"wp-block-getwid-accordion__header-title\">Quins s\u00f3n els horaris?<\/span><span class=\"wp-block-getwid-accordion__icon is-active\"><i class=\"fas fa-plus\"><\/i><\/span><span class=\"wp-block-getwid-accordion__icon is-passive\"><i class=\"fas fa-minus\"><\/i><\/span><\/a><\/span><\/div><div class=\"wp-block-getwid-accordion__content-wrapper\"><div class=\"wp-block-getwid-accordion__content\">\n<p>Els nostres horaris s\u00f3n de <strong>tarda<\/strong>, de setembre a juny. La <strong>durada del curs<\/strong> s\u2019adapta a cada persona segons els m\u00f2duls que faci.<\/p>\n\n\n\n<p>\ud83d\udc49 Consulta el <a href=\"https:\/\/agora.xtec.cat\/afaeramprunya-adults-gava\/el-centre\/calendari-del-curs\/calendari-escolar\/\" data-type=\"link\" data-id=\"https:\/\/agora.xtec.cat\/afaeramprunya-adults-gava\/el-centre\/calendari-del-curs\/calendari-escolar\/\">calendari <\/a>i horaris de <a href=\"https:\/\/agora.xtec.cat\/afaeramprunya-adults-gava\/el-centre\/calendari-del-curs\/horaris-ensenyaments\/#GES1\">GES 1<\/a> i <a href=\"https:\/\/agora.xtec.cat\/afaeramprunya-adults-gava\/el-centre\/calendari-del-curs\/horaris-ensenyaments\/#GES2\">GES 2<\/a> disponibles actualment.<\/p>\n<\/div><\/div>\n\n\n\n<div class=\"wp-block-getwid-accordion__header-wrapper\"><span class=\"wp-block-getwid-accordion__header\"><a href=\"#\"><span class=\"wp-block-getwid-accordion__header-title\">Quins m\u00f2duls oferiu al CFA Gav\u00e0?<\/span><span class=\"wp-block-getwid-accordion__icon is-active\"><i class=\"fas fa-plus\"><\/i><\/span><span class=\"wp-block-getwid-accordion__icon is-passive\"><i class=\"fas fa-minus\"><\/i><\/span><\/a><\/span><\/div><div class=\"wp-block-getwid-accordion__content-wrapper\"><div class=\"wp-block-getwid-accordion__content\">\n<p>Al CFA Gav\u00e0 oferim els seg\u00fcents m\u00f2duls:<\/p>\n\n\n\n<p><strong>M\u00f2duls del GES 1<\/strong><\/p>\n\n\n\n<p><strong>Comunicaci\u00f3:<\/strong> Literatura, Llengua catalana I i II, Llengua castellana I i II, Llengua estrangera I (angl\u00e8s).<br><strong>Cientificotecnol\u00f2gic:<\/strong> Matem\u00e0tiques I i II, F\u00edsica i qu\u00edmica I, Ci\u00e8ncies naturals, Educaci\u00f3 per a la salut.<br><strong>Social:<\/strong> Ci\u00e8ncies socials I i educaci\u00f3 per a la ciutadania, Geografia I, Hist\u00f2ria I.<\/p>\n\n\n\n<p><strong>M\u00f2duls del GES 2<\/strong><\/p>\n\n\n\n<p><strong>Comunicaci\u00f3:<\/strong> Llengua catalana III, Llengua castellana III, Llengua estrangera II i III, Literatura catalana, Literatura castellana.<br><strong>Cientificotecnol\u00f2gic:<\/strong> Matem\u00e0tiques III i IV, F\u00edsica i qu\u00edmica II, Biologia i geologia, Tecnologia.<br><strong>Social:<\/strong> Ci\u00e8ncies socials II i moviments migratoris, Geografia II, Hist\u00f2ria II.<\/p>\n\n\n\n<p><strong>M\u00f2duls optatius<\/strong><\/p>\n\n\n\n<p>Llengua i TIC, Llengua estrangera 0 (angl\u00e8s), La globalitzaci\u00f3, Trobar feina. Jo puc!, Matem\u00e0tiques inicials, TIC, Diet\u00e8tica i nutrici\u00f3 <em>(anual)<\/em>.<\/p>\n<\/div><\/div>\n\n\n\n<div class=\"wp-block-getwid-accordion__header-wrapper\"><span class=\"wp-block-getwid-accordion__header\"><a href=\"#\"><span class=\"wp-block-getwid-accordion__header-title\">I quan acabi el GESO obtindr\u00e8 algun certificat?<\/span><span class=\"wp-block-getwid-accordion__icon is-active\"><i class=\"fas fa-plus\"><\/i><\/span><span class=\"wp-block-getwid-accordion__icon is-passive\"><i class=\"fas fa-minus\"><\/i><\/span><\/a><\/span><\/div><div class=\"wp-block-getwid-accordion__content-wrapper\"><div class=\"wp-block-getwid-accordion__content\">\n<p>En cursar tots els m\u00f2duls obtindr\u00e0s el certificat oficial de <strong>graduat en educaci\u00f3 secund\u00e0ria<\/strong> que et permetr\u00e0 accedir a m\u00e9s llocs de feinar o continuar estudiant:<\/p>\n\n\n\n<ul class=\"wp-block-list\">\n<li>Cursos per preparar l\u2019acc\u00e9s a cicles de grau superior o a la universitat (+25).<\/li>\n\n\n\n<li>Batxillerat.<\/li>\n\n\n\n<li>Cicles formatius de grau mitj\u00e0.<\/li>\n<\/ul>\n<\/div><\/div>\n\n\n\n<div class=\"wp-block-getwid-accordion__header-wrapper\"><span class=\"wp-block-getwid-accordion__header\"><a href=\"#\"><span class=\"wp-block-getwid-accordion__header-title\">On puc consultar la normativa oficial?<\/span><span class=\"wp-block-getwid-accordion__icon is-active\"><i class=\"fas fa-plus\"><\/i><\/span><span class=\"wp-block-getwid-accordion__icon is-passive\"><i class=\"fas fa-minus\"><\/i><\/span><\/a><\/span><\/div><div class=\"wp-block-getwid-accordion__content-wrapper\"><div class=\"wp-block-getwid-accordion__content\">\n<p>Per a m\u00e9s detalls pots <a href=\"https:\/\/agora.xtec.cat\/afaeramprunya-adults-gava\/el-centre\/contacte\/\" data-type=\"page\" data-id=\"339\">contactar <\/a>amb nosaltres o  <a href=\"https:\/\/projectes.xtec.cat\/xarxadults\/ensenyaments\/ges\/normativa\/\" target=\"_blank\" rel=\"noreferrer noopener\">consultar la normativa oficial<\/a><\/p>\n<\/div><\/div>\n\n\n\n<div class=\"wp-block-getwid-accordion__header-wrapper\"><span class=\"wp-block-getwid-accordion__header\"><a href=\"#\"><span class=\"wp-block-getwid-accordion__header-title\">Estic obligat o obligada a fer tots els m\u00f2duls?<\/span><span class=\"wp-block-getwid-accordion__icon is-active\"><i class=\"fas fa-plus\"><\/i><\/span><span class=\"wp-block-getwid-accordion__icon is-passive\"><i class=\"fas fa-minus\"><\/i><\/span><\/a><\/span><\/div><div class=\"wp-block-getwid-accordion__content-wrapper\"><div class=\"wp-block-getwid-accordion__content\">\n<p>No cal. Pots cursar nom\u00e9s alguns m\u00f2duls si no tens intenci\u00f3 d&#8217;obtenir el certificat de graduat en educaci\u00f3 secund\u00e0ria i nom\u00e9s vols estudiar per ampliar coneixements. Nom\u00e9s haur\u00e0s de fer tots els m\u00f2duls si vols obtenir el certificat oficial.<\/p>\n<\/div><\/div>\n\n\n\n<div class=\"wp-block-getwid-accordion__header-wrapper\"><span class=\"wp-block-getwid-accordion__header\"><a href=\"#\"><span class=\"wp-block-getwid-accordion__header-title\">Qu\u00e8 he de fer per matricular-m&#8217;hi?<\/span><span class=\"wp-block-getwid-accordion__icon is-active\"><i class=\"fas fa-plus\"><\/i><\/span><span class=\"wp-block-getwid-accordion__icon is-passive\"><i class=\"fas fa-minus\"><\/i><\/span><\/a><\/span><\/div><div class=\"wp-block-getwid-accordion__content-wrapper\"><div class=\"wp-block-getwid-accordion__content\">\n<p>La <strong>preinscripci\u00f3 sol obrir-se al juny<\/strong>, per\u00f2 el GESO t\u00e9 <strong><a href=\"https:\/\/agora.xtec.cat\/afaeramprunya-adults-gava\/matricula\/\" data-type=\"link\" data-id=\"https:\/\/agora.xtec.cat\/afaeramprunya-adults-gava\/matricula\/\">matr\u00edcula<\/a> viva<\/strong> durant tot l\u2019any. Nom\u00e9s cal portar el <strong>DNI o NIE<\/strong>, la <strong>targeta sanit\u00e0ria<\/strong> i, si en tens, documents d\u2019estudis previs. <\/p>\n<\/div><\/div>\n\n\n\n<div class=\"wp-block-getwid-accordion__header-wrapper\"><span class=\"wp-block-getwid-accordion__header\"><a href=\"#\"><span class=\"wp-block-getwid-accordion__header-title\">Tinc alguns estudis fets al meu pa\u00eds. Els puc convalidar aqu\u00ed?<\/span><span class=\"wp-block-getwid-accordion__icon is-active\"><i class=\"fas fa-plus\"><\/i><\/span><span class=\"wp-block-getwid-accordion__icon is-passive\"><i class=\"fas fa-minus\"><\/i><\/span><\/a><\/span><\/div><div class=\"wp-block-getwid-accordion__content-wrapper\"><div class=\"wp-block-getwid-accordion__content\">\n<p>Si has cursat estudis d&#8217;ESO al teu pa\u00eds has d&#8217;assegurar-te que s\u00f3n v\u00e0lids segons el sistema educatiu catal\u00e0. Pots consultar la informaci\u00f3 a la web d&#8217;<a href=\"https:\/\/triaeducativa.gencat.cat\/ca\/homologacio\/documentacio\/eso-batxillerat\/\" target=\"_blank\" rel=\"noreferrer noopener\">Homologaci\u00f3 d&#8217;estudis estrangers<\/a>.<\/p>\n<\/div><\/div>\n<\/div>\n","protected":false},"excerpt":{"rendered":"<p>El GESO o graduat en educaci\u00f3 secund\u00e0ria del CFA Gav\u00e0 et permet obtenir el t\u00edtol oficial de secund\u00e0ria amb un itinerari flexible i adaptat a persones adultes.<\/p>\n","protected":false},"author":1,"featured_media":0,"parent":274,"menu_order":3,"comment_status":"closed","ping_status":"closed","template":"","meta":{"site-sidebar-layout":"default","site-content-layout":"","ast-site-content-layout":"default","site-content-style":"default","site-sidebar-style":"default","ast-global-header-display":"","ast-banner-title-visibility":"","ast-main-header-display":"","ast-hfb-above-header-display":"","ast-hfb-below-header-display":"","ast-hfb-mobile-header-display":"","site-post-title":"","ast-breadcrumbs-content":"","ast-featured-img":"","footer-sml-layout":"","theme-transparent-header-meta":"","adv-header-id-meta":"","stick-header-meta":"","header-above-stick-meta":"","header-main-stick-meta":"","header-below-stick-meta":"","astra-migrate-meta-layouts":"set","ast-page-background-enabled":"default","ast-page-background-meta":{"desktop":{"background-color":"var(--ast-global-color-4)","background-image":"","background-repeat":"repeat","background-position":"center center","background-size":"auto","background-attachment":"scroll","background-type":"","background-media":"","overlay-type":"","overlay-color":"","overlay-opacity":"","overlay-gradient":""},"tablet":{"background-color":"","background-image":"","background-repeat":"repeat","background-position":"center center","background-size":"auto","background-attachment":"scroll","background-type":"","background-media":"","overlay-type":"","overlay-color":"","overlay-opacity":"","overlay-gradient":""},"mobile":{"background-color":"","background-image":"","background-repeat":"repeat","background-position":"center center","background-size":"auto","background-attachment":"scroll","background-type":"","background-media":"","overlay-type":"","overlay-color":"","overlay-opacity":"","overlay-gradient":""}},"ast-content-background-meta":{"desktop":{"background-color":"var(--ast-global-color-5)","background-image":"","background-repeat":"repeat","background-position":"center center","background-size":"auto","background-attachment":"scroll","background-type":"","background-media":"","overlay-type":"","overlay-color":"","overlay-opacity":"","overlay-gradient":""},"tablet":{"background-color":"var(--ast-global-color-5)","background-image":"","background-repeat":"repeat","background-position":"center center","background-size":"auto","background-attachment":"scroll","background-type":"","background-media":"","overlay-type":"","overlay-color":"","overlay-opacity":"","overlay-gradient":""},"mobile":{"background-color":"var(--ast-global-color-5)","background-image":"","background-repeat":"repeat","background-position":"center center","background-size":"auto","background-attachment":"scroll","background-type":"","background-media":"","overlay-type":"","overlay-color":"","overlay-opacity":"","overlay-gradient":""}},"footnotes":""},"class_list":["post-303","page","type-page","status-publish","hentry"],"post_mailing_queue_ids":[],"_links":{"self":[{"href":"https:\/\/agora.xtec.cat\/afaeramprunya-adults-gava\/wp-json\/wp\/v2\/pages\/303","targetHints":{"allow":["GET"]}}],"collection":[{"href":"https:\/\/agora.xtec.cat\/afaeramprunya-adults-gava\/wp-json\/wp\/v2\/pages"}],"about":[{"href":"https:\/\/agora.xtec.cat\/afaeramprunya-adults-gava\/wp-json\/wp\/v2\/types\/page"}],"author":[{"embeddable":true,"href":"https:\/\/agora.xtec.cat\/afaeramprunya-adults-gava\/wp-json\/wp\/v2\/users\/1"}],"replies":[{"embeddable":true,"href":"https:\/\/agora.xtec.cat\/afaeramprunya-adults-gava\/wp-json\/wp\/v2\/comments?post=303"}],"version-history":[{"count":6,"href":"https:\/\/agora.xtec.cat\/afaeramprunya-adults-gava\/wp-json\/wp\/v2\/pages\/303\/revisions"}],"predecessor-version":[{"id":8878,"href":"https:\/\/agora.xtec.cat\/afaeramprunya-adults-gava\/wp-json\/wp\/v2\/pages\/303\/revisions\/8878"}],"up":[{"embeddable":true,"href":"https:\/\/agora.xtec.cat\/afaeramprunya-adults-gava\/wp-json\/wp\/v2\/pages\/274"}],"wp:attachment":[{"href":"https:\/\/agora.xtec.cat\/afaeramprunya-adults-gava\/wp-json\/wp\/v2\/media?parent=303"}],"curies":[{"name":"wp","href":"https:\/\/api.w.org\/{rel}","templated":true}]}}