{"id":299,"date":"2015-01-28T11:21:22","date_gmt":"2015-01-28T10:21:22","guid":{"rendered":"http:\/\/agora.xtec.cat\/afaeramprunya-adults-gava\/?page_id=299"},"modified":"2025-08-10T10:48:06","modified_gmt":"2025-08-10T08:48:06","slug":"llengua-castellana","status":"publish","type":"page","link":"https:\/\/agora.xtec.cat\/afaeramprunya-adults-gava\/ensenyaments\/idiomes\/llengua-castellana\/","title":{"rendered":"Llengua castellana"},"content":{"rendered":"\n<p>Apr\u00e8n castell\u00e0 al CFA Gav\u00e0 i millora la teva comunicaci\u00f3 en situacions quotidianes, socials i laborals. Oferim cursos b\u00e0sics per a adults que volen comen\u00e7ar o refor\u00e7ar el seu nivell de castell\u00e0.<\/p>\n\n\n\n<div class=\"wp-block-getwid-accordion has-icon-left\" data-active-element=\"none\">\n<div class=\"wp-block-getwid-accordion__header-wrapper\"><span class=\"wp-block-getwid-accordion__header\"><a href=\"#\"><span class=\"wp-block-getwid-accordion__header-title\">Qu\u00e8 puc aprendre al CFA Gav\u00e0?<\/span><span class=\"wp-block-getwid-accordion__icon is-active\"><i class=\"fas fa-plus\"><\/i><\/span><span class=\"wp-block-getwid-accordion__icon is-passive\"><i class=\"fas fa-minus\"><\/i><\/span><\/a><\/span><\/div><div class=\"wp-block-getwid-accordion__content-wrapper\"><div class=\"wp-block-getwid-accordion__content\">\n<p>A CFA Gav\u00e0 oferim dos nivells de castell\u00e0:<\/p>\n\n\n\n<ul class=\"wp-block-list\">\n<li><strong>Castell\u00e0 1<\/strong> (nivell A1 del Marc europeu com\u00fa de refer\u00e8ncia &#8211; MECR)<\/li>\n\n\n\n<li><strong>Castell\u00e0 2<\/strong> (nivell A2 del MECR)<\/li>\n<\/ul>\n\n\n\n<p>Durant el curs aprendr\u00e0s a comunicar-te millor en castell\u00e0, tant a la feina com en la vida di\u00e0ria. Tamb\u00e9 podr\u00e0s practicar amb altres persones i guanyar confian\u00e7a parlant.<\/p>\n<\/div><\/div>\n\n\n\n<div class=\"wp-block-getwid-accordion__header-wrapper\"><span class=\"wp-block-getwid-accordion__header\"><a href=\"#\"><span class=\"wp-block-getwid-accordion__header-title\">A partir de quina edat m&#8217;hi puc apuntar?<\/span><span class=\"wp-block-getwid-accordion__icon is-active\"><i class=\"fas fa-plus\"><\/i><\/span><span class=\"wp-block-getwid-accordion__icon is-passive\"><i class=\"fas fa-minus\"><\/i><\/span><\/a><\/span><\/div><div class=\"wp-block-getwid-accordion__content-wrapper\"><div class=\"wp-block-getwid-accordion__content\">\n<p>Pots fer el curs si tens <strong>18 anys o m\u00e9s<\/strong>, o els fas durant l\u2019any en qu\u00e8 comen\u00e7a la formaci\u00f3.<\/p>\n<\/div><\/div>\n\n\n\n<div class=\"wp-block-getwid-accordion__header-wrapper\"><span class=\"wp-block-getwid-accordion__header\"><a href=\"#\"><span class=\"wp-block-getwid-accordion__header-title\">Com m&#8217;hi puc matricular?<\/span><span class=\"wp-block-getwid-accordion__icon is-active\"><i class=\"fas fa-plus\"><\/i><\/span><span class=\"wp-block-getwid-accordion__icon is-passive\"><i class=\"fas fa-minus\"><\/i><\/span><\/a><\/span><\/div><div class=\"wp-block-getwid-accordion__content-wrapper\"><div class=\"wp-block-getwid-accordion__content\">\n<p>Per inscriure\u2019t, cal que facis la <strong>preinscripci\u00f3 i la matr\u00edcula<\/strong> dins dels terminis establerts. Les <strong>dates concretes<\/strong> es publiquen en aquesta web, i normalment comencen al mes de <strong>juny<\/strong>. Necessitar\u00e0s:<\/p>\n\n\n\n<ul class=\"wp-block-list\">\n<li>DNI, NIE o passaport<\/li>\n\n\n\n<li>Targeta sanit\u00e0ria<\/li>\n\n\n\n<li>Fitxa de preinscripci\u00f3 emplenada<\/li>\n<\/ul>\n<\/div><\/div>\n\n\n\n<div class=\"wp-block-getwid-accordion__header-wrapper\"><span class=\"wp-block-getwid-accordion__header\"><a href=\"#\"><span class=\"wp-block-getwid-accordion__header-title\">Quant duren els cursos?<\/span><span class=\"wp-block-getwid-accordion__icon is-active\"><i class=\"fas fa-plus\"><\/i><\/span><span class=\"wp-block-getwid-accordion__icon is-passive\"><i class=\"fas fa-minus\"><\/i><\/span><\/a><\/span><\/div><div class=\"wp-block-getwid-accordion__content-wrapper\"><div class=\"wp-block-getwid-accordion__content\">\n<p>Els cursos de castell\u00e0 tenen una durada d\u2019un <strong>curs escolar complet<\/strong>, de <strong>setembre a juny<\/strong>. Hi ha grups de <strong>mat\u00ed i de tarda<\/strong>, segons la demanda i la planificaci\u00f3 de cada any.<\/p>\n\n\n\n<p>\ud83d\udc49 Consulta el <a href=\"https:\/\/agora.xtec.cat\/afaeramprunya-adults-gava\/el-centre\/calendari-del-curs\/calendari-escolar\/\" data-type=\"link\" data-id=\"https:\/\/agora.xtec.cat\/afaeramprunya-adults-gava\/el-centre\/calendari-del-curs\/calendari-escolar\/\">calendari <\/a>i <a href=\"https:\/\/agora.xtec.cat\/afaeramprunya-adults-gava\/el-centre\/calendari-del-curs\/horaris-ensenyaments\/#castella\">horaris <\/a>disponibles actualment.<\/p>\n<\/div><\/div>\n\n\n\n<div class=\"wp-block-getwid-accordion__header-wrapper\"><span class=\"wp-block-getwid-accordion__header\"><a href=\"#\"><span class=\"wp-block-getwid-accordion__header-title\">I despr\u00e9s, qu\u00e8?<\/span><span class=\"wp-block-getwid-accordion__icon is-active\"><i class=\"fas fa-plus\"><\/i><\/span><span class=\"wp-block-getwid-accordion__icon is-passive\"><i class=\"fas fa-minus\"><\/i><\/span><\/a><\/span><\/div><div class=\"wp-block-getwid-accordion__content-wrapper\"><div class=\"wp-block-getwid-accordion__content\">\n<p>Quan acabis, podr\u00e0s continuar aprenent castell\u00e0 a altres centres. L\u2019<strong><a href=\"https:\/\/cervantes.org\/\" data-type=\"link\" data-id=\"https:\/\/cervantes.org\/\" target=\"_blank\" rel=\"noreferrer noopener\">Institut Cervantes<\/a><\/strong> ofereix informaci\u00f3 \u00fatil sobre els cursos disponibles a Catalunya.<\/p>\n<\/div><\/div>\n<\/div>\n","protected":false},"excerpt":{"rendered":"<p>Apr\u00e8n castell\u00e0 al CFA Gav\u00e0 i millora la teva comunicaci\u00f3 en situacions quotidianes, socials i laborals. Oferim cursos b\u00e0sics per a adults que volen comen\u00e7ar o refor\u00e7ar el seu nivell de castell\u00e0.<\/p>\n","protected":false},"author":1,"featured_media":0,"parent":7916,"menu_order":0,"comment_status":"closed","ping_status":"closed","template":"page-templates\/side-menu.php","meta":{"site-sidebar-layout":"default","site-content-layout":"","ast-site-content-layout":"default","site-content-style":"default","site-sidebar-style":"default","ast-global-header-display":"","ast-banner-title-visibility":"","ast-main-header-display":"","ast-hfb-above-header-display":"","ast-hfb-below-header-display":"","ast-hfb-mobile-header-display":"","site-post-title":"","ast-breadcrumbs-content":"","ast-featured-img":"","footer-sml-layout":"","theme-transparent-header-meta":"","adv-header-id-meta":"","stick-header-meta":"","header-above-stick-meta":"","header-main-stick-meta":"","header-below-stick-meta":"","astra-migrate-meta-layouts":"set","ast-page-background-enabled":"default","ast-page-background-meta":{"desktop":{"background-color":"var(--ast-global-color-4)","background-image":"","background-repeat":"repeat","background-position":"center center","background-size":"auto","background-attachment":"scroll","background-type":"","background-media":"","overlay-type":"","overlay-color":"","overlay-opacity":"","overlay-gradient":""},"tablet":{"background-color":"","background-image":"","background-repeat":"repeat","background-position":"center center","background-size":"auto","background-attachment":"scroll","background-type":"","background-media":"","overlay-type":"","overlay-color":"","overlay-opacity":"","overlay-gradient":""},"mobile":{"background-color":"","background-image":"","background-repeat":"repeat","background-position":"center center","background-size":"auto","background-attachment":"scroll","background-type":"","background-media":"","overlay-type":"","overlay-color":"","overlay-opacity":"","overlay-gradient":""}},"ast-content-background-meta":{"desktop":{"background-color":"var(--ast-global-color-5)","background-image":"","background-repeat":"repeat","background-position":"center center","background-size":"auto","background-attachment":"scroll","background-type":"","background-media":"","overlay-type":"","overlay-color":"","overlay-opacity":"","overlay-gradient":""},"tablet":{"background-color":"var(--ast-global-color-5)","background-image":"","background-repeat":"repeat","background-position":"center center","background-size":"auto","background-attachment":"scroll","background-type":"","background-media":"","overlay-type":"","overlay-color":"","overlay-opacity":"","overlay-gradient":""},"mobile":{"background-color":"var(--ast-global-color-5)","background-image":"","background-repeat":"repeat","background-position":"center center","background-size":"auto","background-attachment":"scroll","background-type":"","background-media":"","overlay-type":"","overlay-color":"","overlay-opacity":"","overlay-gradient":""}},"footnotes":""},"class_list":["post-299","page","type-page","status-publish","hentry"],"post_mailing_queue_ids":[],"_links":{"self":[{"href":"https:\/\/agora.xtec.cat\/afaeramprunya-adults-gava\/wp-json\/wp\/v2\/pages\/299","targetHints":{"allow":["GET"]}}],"collection":[{"href":"https:\/\/agora.xtec.cat\/afaeramprunya-adults-gava\/wp-json\/wp\/v2\/pages"}],"about":[{"href":"https:\/\/agora.xtec.cat\/afaeramprunya-adults-gava\/wp-json\/wp\/v2\/types\/page"}],"author":[{"embeddable":true,"href":"https:\/\/agora.xtec.cat\/afaeramprunya-adults-gava\/wp-json\/wp\/v2\/users\/1"}],"replies":[{"embeddable":true,"href":"https:\/\/agora.xtec.cat\/afaeramprunya-adults-gava\/wp-json\/wp\/v2\/comments?post=299"}],"version-history":[{"count":6,"href":"https:\/\/agora.xtec.cat\/afaeramprunya-adults-gava\/wp-json\/wp\/v2\/pages\/299\/revisions"}],"predecessor-version":[{"id":8274,"href":"https:\/\/agora.xtec.cat\/afaeramprunya-adults-gava\/wp-json\/wp\/v2\/pages\/299\/revisions\/8274"}],"up":[{"embeddable":true,"href":"https:\/\/agora.xtec.cat\/afaeramprunya-adults-gava\/wp-json\/wp\/v2\/pages\/7916"}],"wp:attachment":[{"href":"https:\/\/agora.xtec.cat\/afaeramprunya-adults-gava\/wp-json\/wp\/v2\/media?parent=299"}],"curies":[{"name":"wp","href":"https:\/\/api.w.org\/{rel}","templated":true}]}}