{"id":296,"date":"2015-01-28T11:18:08","date_gmt":"2015-01-28T10:18:08","guid":{"rendered":"http:\/\/agora.xtec.cat\/afaeramprunya-adults-gava\/?page_id=296"},"modified":"2025-08-10T10:46:12","modified_gmt":"2025-08-10T08:46:12","slug":"llengua-catalana","status":"publish","type":"page","link":"https:\/\/agora.xtec.cat\/afaeramprunya-adults-gava\/ensenyaments\/idiomes\/llengua-catalana\/","title":{"rendered":"Llengua catalana"},"content":{"rendered":"\n<p>Al CFA Gav\u00e0 oferim cursos de catal\u00e0 per a persones adultes que volen millorar la seva comprensi\u00f3 i expressi\u00f3 oral i escrita. Els cursos estan adaptats al Marc europeu com\u00fa de refer\u00e8ncia per a les lleng\u00fces (MECR), nivells A1 i A2.<\/p>\n\n\n\n<div class=\"wp-block-getwid-accordion has-icon-left\" data-active-element=\"none\">\n<div class=\"wp-block-getwid-accordion__header-wrapper\"><span class=\"wp-block-getwid-accordion__header\"><a href=\"#\"><span class=\"wp-block-getwid-accordion__header-title\">Quins s\u00f3n els continguts del curs?<\/span><span class=\"wp-block-getwid-accordion__icon is-active\"><i class=\"fas fa-plus\"><\/i><\/span><span class=\"wp-block-getwid-accordion__icon is-passive\"><i class=\"fas fa-minus\"><\/i><\/span><\/a><\/span><\/div><div class=\"wp-block-getwid-accordion__content-wrapper\"><div class=\"wp-block-getwid-accordion__content\">\n<p>Durant el curs, treballar\u00e0s la comprensi\u00f3 oral i escrita, aix\u00ed com l&#8217;expressi\u00f3 per afrontar situacions de la vida quotidiana i de l\u2019\u00e0mbit laboral.<\/p>\n\n\n\n<p>Tamb\u00e9 podr\u00e0s assistir a classes d\u2019altres grups i practicar amb parlants de catal\u00e0 per millorar la flu\u00efdesa i la confian\u00e7a a l\u2019hora de comunicar-te.<\/p>\n<\/div><\/div>\n\n\n\n<div class=\"wp-block-getwid-accordion__header-wrapper\"><span class=\"wp-block-getwid-accordion__header\"><a href=\"#\"><span class=\"wp-block-getwid-accordion__header-title\">Teniu algun requisit?<\/span><span class=\"wp-block-getwid-accordion__icon is-active\"><i class=\"fas fa-plus\"><\/i><\/span><span class=\"wp-block-getwid-accordion__icon is-passive\"><i class=\"fas fa-minus\"><\/i><\/span><\/a><\/span><\/div><div class=\"wp-block-getwid-accordion__content-wrapper\"><div class=\"wp-block-getwid-accordion__content\">\n<p>Per accedir al curs de catal\u00e0 cal:<\/p>\n\n\n\n<ul class=\"wp-block-list\">\n<li>Tenir 18 anys o m\u00e9s (o complir-los dins l\u2019any natural).<\/li>\n\n\n\n<li>No calen coneixements previs.<\/li>\n<\/ul>\n\n\n\n<p>\u00c9s un ensenyament obert a tothom que vulgui aprendre o millorar el catal\u00e0.<\/p>\n<\/div><\/div>\n\n\n\n<div class=\"wp-block-getwid-accordion__header-wrapper\"><span class=\"wp-block-getwid-accordion__header\"><a href=\"#\"><span class=\"wp-block-getwid-accordion__header-title\">Qu\u00e8 he de fer per matricular-m&#8217;hi?<\/span><span class=\"wp-block-getwid-accordion__icon is-active\"><i class=\"fas fa-plus\"><\/i><\/span><span class=\"wp-block-getwid-accordion__icon is-passive\"><i class=\"fas fa-minus\"><\/i><\/span><\/a><\/span><\/div><div class=\"wp-block-getwid-accordion__content-wrapper\"><div class=\"wp-block-getwid-accordion__content\">\n<p>Haur\u00e0s de fer la preinscripci\u00f3 i matr\u00edcula segons el calendari publicat a la web i portar:<\/p>\n\n\n\n<ul class=\"wp-block-list\">\n<li>Targeta sanit\u00e0ria (TSI).<\/li>\n\n\n\n<li>DNI, NIE o passaport.<\/li>\n<\/ul>\n<\/div><\/div>\n\n\n\n<div class=\"wp-block-getwid-accordion__header-wrapper\"><span class=\"wp-block-getwid-accordion__header\"><a href=\"#\"><span class=\"wp-block-getwid-accordion__header-title\">Quin horari t\u00e9 el curs?<\/span><span class=\"wp-block-getwid-accordion__icon is-active\"><i class=\"fas fa-plus\"><\/i><\/span><span class=\"wp-block-getwid-accordion__icon is-passive\"><i class=\"fas fa-minus\"><\/i><\/span><\/a><\/span><\/div><div class=\"wp-block-getwid-accordion__content-wrapper\"><div class=\"wp-block-getwid-accordion__content\">\n<p>Els cursos s\u00f3n de setembre a juny en horari de mat\u00ed o tarda.<\/p>\n\n\n\n<p>\ud83d\udc49 Consulta el <a href=\"https:\/\/agora.xtec.cat\/afaeramprunya-adults-gava\/el-centre\/calendari-del-curs\/calendari-escolar\/\" data-type=\"link\" data-id=\"https:\/\/agora.xtec.cat\/afaeramprunya-adults-gava\/el-centre\/calendari-del-curs\/calendari-escolar\/\">calendari <\/a>i <a href=\"https:\/\/agora.xtec.cat\/afaeramprunya-adults-gava\/el-centre\/calendari-del-curs\/horaris-ensenyaments\/#catala\">horaris <\/a>disponibles actualment.<\/p>\n<\/div><\/div>\n\n\n\n<div class=\"wp-block-getwid-accordion__header-wrapper\"><span class=\"wp-block-getwid-accordion__header\"><a href=\"#\"><span class=\"wp-block-getwid-accordion__header-title\">I qu\u00e8 passar\u00e0 quan acabi la formaci\u00f3?<\/span><span class=\"wp-block-getwid-accordion__icon is-active\"><i class=\"fas fa-plus\"><\/i><\/span><span class=\"wp-block-getwid-accordion__icon is-passive\"><i class=\"fas fa-minus\"><\/i><\/span><\/a><\/span><\/div><div class=\"wp-block-getwid-accordion__content-wrapper\"><div class=\"wp-block-getwid-accordion__content\">\n<p>Despr\u00e9s dels nostres cursos, pots continuar aprenent catal\u00e0 a:<\/p>\n\n\n\n<ul class=\"wp-block-list\">\n<li><a href=\"https:\/\/triaeducativa.gencat.cat\/ca\/idiomes-eoi\/index.html\" data-type=\"link\" data-id=\"https:\/\/triaeducativa.gencat.cat\/ca\/idiomes-eoi\/index.html\" target=\"_blank\" rel=\"noreferrer noopener\">Escoles Oficials d\u2019Idiomes<\/a><\/li>\n\n\n\n<li><a href=\"https:\/\/www.cpnl.cat\/xarxa\/centres\/9022\/slc-de-gava\" data-type=\"link\" data-id=\"https:\/\/www.cpnl.cat\/xarxa\/centres\/9022\/slc-de-gava\" target=\"_blank\" rel=\"noreferrer noopener\">Centres de Normalitzaci\u00f3 Ling\u00fc\u00edstica<\/a><\/li>\n<\/ul>\n\n\n\n<p>Visita la p\u00e0gina \u201c<a href=\"https:\/\/llengua.gencat.cat\/ca\/serveis\/aprendre_catala\" data-type=\"link\" data-id=\"https:\/\/llengua.gencat.cat\/ca\/serveis\/aprendre_catala\" target=\"_blank\" rel=\"noreferrer noopener\">Aprendre catal\u00e0<\/a>\u201d per a m\u00e9s opcions.<\/p>\n<\/div><\/div>\n\n\n\n<div class=\"wp-block-getwid-accordion__header-wrapper\"><span class=\"wp-block-getwid-accordion__header\"><a href=\"#\"><span class=\"wp-block-getwid-accordion__header-title\">On puc trobar m\u00e9s informaci\u00f3?<\/span><span class=\"wp-block-getwid-accordion__icon is-active\"><i class=\"fas fa-plus\"><\/i><\/span><span class=\"wp-block-getwid-accordion__icon is-passive\"><i class=\"fas fa-minus\"><\/i><\/span><\/a><\/span><\/div><div class=\"wp-block-getwid-accordion__content-wrapper\"><div class=\"wp-block-getwid-accordion__content\">\n<p>Tens tota la normativa a la web del <strong><a href=\"https:\/\/projectes.xtec.cat\/xarxadults\/ensenyaments\/llengua-catalana-i-llengua-castellana\/normativa\/\" data-type=\"link\" data-id=\"https:\/\/projectes.xtec.cat\/xarxadults\/ensenyaments\/llengua-catalana-i-llengua-castellana\/normativa\/\" target=\"_blank\" rel=\"noreferrer noopener\">Servei d&#8217;Educaci\u00f3 al Llarg de la Vida<\/a><\/strong>.<\/p>\n<\/div><\/div>\n<\/div>\n","protected":false},"excerpt":{"rendered":"<p>Al CFA Gav\u00e0 oferim cursos de catal\u00e0 per a persones adultes que volen millorar la seva comprensi\u00f3 i expressi\u00f3 oral i escrita. Els cursos estan adaptats al Marc europeu com\u00fa de refer\u00e8ncia per a les lleng\u00fces (MECR), nivells A1 i A2.<\/p>\n","protected":false},"author":1,"featured_media":0,"parent":7916,"menu_order":0,"comment_status":"closed","ping_status":"closed","template":"page-templates\/side-menu.php","meta":{"site-sidebar-layout":"default","site-content-layout":"","ast-site-content-layout":"default","site-content-style":"default","site-sidebar-style":"default","ast-global-header-display":"","ast-banner-title-visibility":"","ast-main-header-display":"","ast-hfb-above-header-display":"","ast-hfb-below-header-display":"","ast-hfb-mobile-header-display":"","site-post-title":"","ast-breadcrumbs-content":"","ast-featured-img":"","footer-sml-layout":"","theme-transparent-header-meta":"","adv-header-id-meta":"","stick-header-meta":"","header-above-stick-meta":"","header-main-stick-meta":"","header-below-stick-meta":"","astra-migrate-meta-layouts":"set","ast-page-background-enabled":"default","ast-page-background-meta":{"desktop":{"background-color":"var(--ast-global-color-4)","background-image":"","background-repeat":"repeat","background-position":"center center","background-size":"auto","background-attachment":"scroll","background-type":"","background-media":"","overlay-type":"","overlay-color":"","overlay-opacity":"","overlay-gradient":""},"tablet":{"background-color":"","background-image":"","background-repeat":"repeat","background-position":"center center","background-size":"auto","background-attachment":"scroll","background-type":"","background-media":"","overlay-type":"","overlay-color":"","overlay-opacity":"","overlay-gradient":""},"mobile":{"background-color":"","background-image":"","background-repeat":"repeat","background-position":"center center","background-size":"auto","background-attachment":"scroll","background-type":"","background-media":"","overlay-type":"","overlay-color":"","overlay-opacity":"","overlay-gradient":""}},"ast-content-background-meta":{"desktop":{"background-color":"var(--ast-global-color-5)","background-image":"","background-repeat":"repeat","background-position":"center center","background-size":"auto","background-attachment":"scroll","background-type":"","background-media":"","overlay-type":"","overlay-color":"","overlay-opacity":"","overlay-gradient":""},"tablet":{"background-color":"var(--ast-global-color-5)","background-image":"","background-repeat":"repeat","background-position":"center center","background-size":"auto","background-attachment":"scroll","background-type":"","background-media":"","overlay-type":"","overlay-color":"","overlay-opacity":"","overlay-gradient":""},"mobile":{"background-color":"var(--ast-global-color-5)","background-image":"","background-repeat":"repeat","background-position":"center center","background-size":"auto","background-attachment":"scroll","background-type":"","background-media":"","overlay-type":"","overlay-color":"","overlay-opacity":"","overlay-gradient":""}},"footnotes":""},"class_list":["post-296","page","type-page","status-publish","hentry"],"post_mailing_queue_ids":[],"_links":{"self":[{"href":"https:\/\/agora.xtec.cat\/afaeramprunya-adults-gava\/wp-json\/wp\/v2\/pages\/296","targetHints":{"allow":["GET"]}}],"collection":[{"href":"https:\/\/agora.xtec.cat\/afaeramprunya-adults-gava\/wp-json\/wp\/v2\/pages"}],"about":[{"href":"https:\/\/agora.xtec.cat\/afaeramprunya-adults-gava\/wp-json\/wp\/v2\/types\/page"}],"author":[{"embeddable":true,"href":"https:\/\/agora.xtec.cat\/afaeramprunya-adults-gava\/wp-json\/wp\/v2\/users\/1"}],"replies":[{"embeddable":true,"href":"https:\/\/agora.xtec.cat\/afaeramprunya-adults-gava\/wp-json\/wp\/v2\/comments?post=296"}],"version-history":[{"count":6,"href":"https:\/\/agora.xtec.cat\/afaeramprunya-adults-gava\/wp-json\/wp\/v2\/pages\/296\/revisions"}],"predecessor-version":[{"id":8273,"href":"https:\/\/agora.xtec.cat\/afaeramprunya-adults-gava\/wp-json\/wp\/v2\/pages\/296\/revisions\/8273"}],"up":[{"embeddable":true,"href":"https:\/\/agora.xtec.cat\/afaeramprunya-adults-gava\/wp-json\/wp\/v2\/pages\/7916"}],"wp:attachment":[{"href":"https:\/\/agora.xtec.cat\/afaeramprunya-adults-gava\/wp-json\/wp\/v2\/media?parent=296"}],"curies":[{"name":"wp","href":"https:\/\/api.w.org\/{rel}","templated":true}]}}