{"id":274,"date":"2015-01-27T17:56:20","date_gmt":"2015-01-27T16:56:20","guid":{"rendered":"http:\/\/agora.xtec.cat\/afaeramprunya-adults-gava\/?page_id=274"},"modified":"2025-07-31T12:36:57","modified_gmt":"2025-07-31T10:36:57","slug":"ensenyaments","status":"publish","type":"page","link":"https:\/\/agora.xtec.cat\/afaeramprunya-adults-gava\/ensenyaments\/","title":{"rendered":"Ensenyaments"},"content":{"rendered":"\n<div class=\"wp-block-getwid-button-group\"><div class=\"wp-block-getwid-button-group__wrapper has-width-50\">\n<div class=\"wp-block-button\"><a class=\"wp-block-button__link wp-element-button\" href=\"https:\/\/agora.xtec.cat\/afaeramprunya-adults-gava\/ensenyaments\/idiomes\/\">Idiomes<\/a><\/div>\n\n\n\n<div class=\"wp-block-button\"><a class=\"wp-block-button__link wp-element-button\" href=\"https:\/\/agora.xtec.cat\/afaeramprunya-adults-gava\/ensenyaments\/competencia-digital-competic\/\">Inform\u00e0tica<\/a><\/div>\n\n\n\n<div class=\"wp-block-button\"><a class=\"wp-block-button__link wp-element-button\" href=\"https:\/\/agora.xtec.cat\/afaeramprunya-adults-gava\/ensenyaments\/graduat-en-educacio-secundaria-per-adults\/\">GESO<\/a><\/div>\n\n\n\n<div class=\"wp-block-button\"><a class=\"wp-block-button__link wp-element-button\" href=\"https:\/\/agora.xtec.cat\/afaeramprunya-adults-gava\/ensenyaments\/a-cicles-formatius-de-grau-superior\/\">PACFGS<\/a><\/div>\n<\/div><\/div>\n\n\n\n<hr class=\"wp-block-separator has-alpha-channel-opacity\"\/>\n\n\n\n<p>Al CFA Gav\u00e0 t\u2019oferim formaci\u00f3 gratu\u00efta i de qualitat per a adults. Pots estudiar idiomes, inform\u00e0tica, treure\u2019t el graduat en educaci\u00f3 secund\u00e0ria (GESO) o preparar-te per accedir a un cicle formatiu de grau superior (PACFGS).<\/p>\n\n\n\n<h3 class=\"wp-block-heading\">Idiomes<\/h3>\n\n\n\n<p>Apr\u00e8n <strong>catal\u00e0<\/strong>, <strong>castell\u00e0<\/strong> i <strong>angl\u00e8s<\/strong> amb cursos adaptats al teu nivell.<br>\ud83d\udc49 <a class=\"\" href=\"https:\/\/agora.xtec.cat\/afaeramprunya-adults-gava\/ensenyaments\/idiomes\/\">Consulta els ensenyaments d\u2019idiomes<\/a><\/p>\n\n\n\n<h3 class=\"wp-block-heading\">Inform\u00e0tica (COMPETIC)<\/h3>\n\n\n\n<p>Millora les teves habilitats digitals amb els cursos <strong>COMPETIC<\/strong>, des de nivell b\u00e0sic fins a avan\u00e7at.<br>\ud83d\udc49 <a class=\"\" href=\"https:\/\/agora.xtec.cat\/afaeramprunya-adults-gava\/ensenyaments\/competencia-digital-competic\/\">Descobreix els cursos d\u2019inform\u00e0tica<\/a><\/p>\n\n\n\n<h3 class=\"wp-block-heading\">Graduat en educaci\u00f3 secund\u00e0ria (GESO)<\/h3>\n\n\n\n<p>Obt\u00e9 el t\u00edtol oficial de secund\u00e0ria amb un itinerari flexible i adaptat a persones adultes.<br>\ud83d\udc49 <a class=\"\" href=\"https:\/\/agora.xtec.cat\/afaeramprunya-adults-gava\/ensenyaments\/graduat-en-educacio-secundaria-per-adults\/\">Informa\u2019t sobre el GESO<\/a><\/p>\n\n\n\n<h3 class=\"wp-block-heading\">Preparaci\u00f3 per a cicles formatius (PACFGS)<\/h3>\n\n\n\n<p>Prepara\u2019t per superar la prova d\u2019acc\u00e9s a cicles formatius de grau superior.<br>\ud83d\udc49 <a class=\"\" href=\"https:\/\/agora.xtec.cat\/afaeramprunya-adults-gava\/ensenyaments\/a-cicles-formatius-de-grau-superior\/\">Coneix el curs que t&#8217;ajudar\u00e0 a preparar la PACFGS<\/a><\/p>\n","protected":false},"excerpt":{"rendered":"<p>Al CFA Gav\u00e0 t\u2019oferim formaci\u00f3 gratu\u00efta i de qualitat per a adults. Pots estudiar idiomes, inform\u00e0tica, treure\u2019t el graduat en educaci\u00f3 secund\u00e0ria (GESO) o preparar-te per accedir a un cicle formatiu de grau superior (PACFGS). Idiomes Apr\u00e8n catal\u00e0, castell\u00e0 i angl\u00e8s amb cursos adaptats al teu nivell.\ud83d\udc49 Consulta els ensenyaments d\u2019idiomes Inform\u00e0tica (COMPETIC) Millora les [&hellip;]<\/p>\n","protected":false},"author":1,"featured_media":0,"parent":0,"menu_order":0,"comment_status":"closed","ping_status":"closed","template":"page-templates\/side-menu.php","meta":{"site-sidebar-layout":"default","site-content-layout":"","ast-site-content-layout":"default","site-content-style":"default","site-sidebar-style":"default","ast-global-header-display":"","ast-banner-title-visibility":"","ast-main-header-display":"","ast-hfb-above-header-display":"","ast-hfb-below-header-display":"","ast-hfb-mobile-header-display":"","site-post-title":"","ast-breadcrumbs-content":"","ast-featured-img":"","footer-sml-layout":"","theme-transparent-header-meta":"","adv-header-id-meta":"","stick-header-meta":"","header-above-stick-meta":"","header-main-stick-meta":"","header-below-stick-meta":"","astra-migrate-meta-layouts":"set","ast-page-background-enabled":"default","ast-page-background-meta":{"desktop":{"background-color":"var(--ast-global-color-4)","background-image":"","background-repeat":"repeat","background-position":"center center","background-size":"auto","background-attachment":"scroll","background-type":"","background-media":"","overlay-type":"","overlay-color":"","overlay-opacity":"","overlay-gradient":""},"tablet":{"background-color":"","background-image":"","background-repeat":"repeat","background-position":"center center","background-size":"auto","background-attachment":"scroll","background-type":"","background-media":"","overlay-type":"","overlay-color":"","overlay-opacity":"","overlay-gradient":""},"mobile":{"background-color":"","background-image":"","background-repeat":"repeat","background-position":"center center","background-size":"auto","background-attachment":"scroll","background-type":"","background-media":"","overlay-type":"","overlay-color":"","overlay-opacity":"","overlay-gradient":""}},"ast-content-background-meta":{"desktop":{"background-color":"var(--ast-global-color-5)","background-image":"","background-repeat":"repeat","background-position":"center center","background-size":"auto","background-attachment":"scroll","background-type":"","background-media":"","overlay-type":"","overlay-color":"","overlay-opacity":"","overlay-gradient":""},"tablet":{"background-color":"var(--ast-global-color-5)","background-image":"","background-repeat":"repeat","background-position":"center center","background-size":"auto","background-attachment":"scroll","background-type":"","background-media":"","overlay-type":"","overlay-color":"","overlay-opacity":"","overlay-gradient":""},"mobile":{"background-color":"var(--ast-global-color-5)","background-image":"","background-repeat":"repeat","background-position":"center center","background-size":"auto","background-attachment":"scroll","background-type":"","background-media":"","overlay-type":"","overlay-color":"","overlay-opacity":"","overlay-gradient":""}},"footnotes":""},"class_list":["post-274","page","type-page","status-publish","hentry"],"post_mailing_queue_ids":[],"_links":{"self":[{"href":"https:\/\/agora.xtec.cat\/afaeramprunya-adults-gava\/wp-json\/wp\/v2\/pages\/274","targetHints":{"allow":["GET"]}}],"collection":[{"href":"https:\/\/agora.xtec.cat\/afaeramprunya-adults-gava\/wp-json\/wp\/v2\/pages"}],"about":[{"href":"https:\/\/agora.xtec.cat\/afaeramprunya-adults-gava\/wp-json\/wp\/v2\/types\/page"}],"author":[{"embeddable":true,"href":"https:\/\/agora.xtec.cat\/afaeramprunya-adults-gava\/wp-json\/wp\/v2\/users\/1"}],"replies":[{"embeddable":true,"href":"https:\/\/agora.xtec.cat\/afaeramprunya-adults-gava\/wp-json\/wp\/v2\/comments?post=274"}],"version-history":[{"count":6,"href":"https:\/\/agora.xtec.cat\/afaeramprunya-adults-gava\/wp-json\/wp\/v2\/pages\/274\/revisions"}],"predecessor-version":[{"id":8085,"href":"https:\/\/agora.xtec.cat\/afaeramprunya-adults-gava\/wp-json\/wp\/v2\/pages\/274\/revisions\/8085"}],"wp:attachment":[{"href":"https:\/\/agora.xtec.cat\/afaeramprunya-adults-gava\/wp-json\/wp\/v2\/media?parent=274"}],"curies":[{"name":"wp","href":"https:\/\/api.w.org\/{rel}","templated":true}]}}