{"id":27,"date":"2014-09-17T16:24:03","date_gmt":"2014-09-17T16:24:03","guid":{"rendered":"http:\/\/agora.xtec.cat\/afaeramprunya-adults-gava\/?page_id=27"},"modified":"2025-08-29T09:35:18","modified_gmt":"2025-08-29T07:35:18","slug":"historia","status":"publish","type":"page","link":"https:\/\/agora.xtec.cat\/afaeramprunya-adults-gava\/el-centre\/historia\/","title":{"rendered":"Hist\u00f2ria"},"content":{"rendered":"\n<h2 class=\"wp-block-heading\">Compromesos amb l&#8217;aprenentatge al llarg de la vida<\/h2>\n\n\n\n<p>L\u2019Escola de Persones Adultes de Gav\u00e0 (CFA Gav\u00e0) va n\u00e9ixer l\u2019any 1980 com a resposta a la necessitat de formaci\u00f3 de moltes persones adultes de la ciutat. Des del primer moment, el centre es va concebre com <strong data-start=\"636\" data-end=\"670\">un espai d\u2019acollida i formaci\u00f3<\/strong>, on tornar a estudiar es convertia en una realitat possible per a tothom.<\/p>\n\n\n\n<p>Aquell primer curs, una professora enviada pel Departament d\u2019Ensenyament va comen\u00e7ar impartint classes d\u2019alfabetitzaci\u00f3 i certificat a 35 alumnes. A l\u2019octubre, el centre ja comptava amb 119 alumnes, majorit\u00e0riament amb l\u2019objectiu d\u2019obtenir el t\u00edtol de Graduat Escolar. Davant d\u2019aquesta demanda, l\u2019Ajuntament va contractar dos docents nous i, amb els anys, s\u2019hi van sumar professionals provinents de Pol\u00edtica Ling\u00fc\u00edstica i del Departament d\u2019Ensenyament.<\/p>\n\n\n\n<figure class=\"wp-block-gallery has-nested-images columns-2 wp-block-gallery-1 is-layout-flex wp-block-gallery-is-layout-flex\">\n<figure class=\"wp-block-image size-large is-style-default\"><a href=\"https:\/\/agora.xtec.cat\/afaeramprunya-adults-gava\/wp-content\/uploads\/usu2120\/2025\/04\/cfa-gava1.jpeg\"><img loading=\"lazy\" decoding=\"async\" width=\"1024\" height=\"768\" data-id=\"7272\" src=\"https:\/\/agora.xtec.cat\/afaeramprunya-adults-gava\/wp-content\/uploads\/usu2120\/2025\/04\/cfa-gava1-1024x768.jpeg\" alt=\"Centre de formaci\u00f3 d'adults de Gav\u00e0\" class=\"wp-image-7272\" srcset=\"https:\/\/agora.xtec.cat\/afaeramprunya-adults-gava\/wp-content\/uploads\/usu2120\/2025\/04\/cfa-gava1-1024x768.jpeg 1024w, https:\/\/agora.xtec.cat\/afaeramprunya-adults-gava\/wp-content\/uploads\/usu2120\/2025\/04\/cfa-gava1-300x225.jpeg 300w, https:\/\/agora.xtec.cat\/afaeramprunya-adults-gava\/wp-content\/uploads\/usu2120\/2025\/04\/cfa-gava1-768x576.jpeg 768w, https:\/\/agora.xtec.cat\/afaeramprunya-adults-gava\/wp-content\/uploads\/usu2120\/2025\/04\/cfa-gava1-1536x1152.jpeg 1536w, https:\/\/agora.xtec.cat\/afaeramprunya-adults-gava\/wp-content\/uploads\/usu2120\/2025\/04\/cfa-gava1-200x150.jpeg 200w, https:\/\/agora.xtec.cat\/afaeramprunya-adults-gava\/wp-content\/uploads\/usu2120\/2025\/04\/cfa-gava1.jpeg 2030w\" sizes=\"auto, (max-width: 1024px) 100vw, 1024px\" \/><\/a><\/figure>\n\n\n\n<figure class=\"wp-block-image size-large\"><a href=\"https:\/\/agora.xtec.cat\/afaeramprunya-adults-gava\/wp-content\/uploads\/usu2120\/2025\/04\/cfa-gava2.jpeg\"><img loading=\"lazy\" decoding=\"async\" width=\"1024\" height=\"768\" data-id=\"7273\" src=\"https:\/\/agora.xtec.cat\/afaeramprunya-adults-gava\/wp-content\/uploads\/usu2120\/2025\/04\/cfa-gava2-1024x768.jpeg\" alt=\"Aula del CFA Gav\u00e0\" class=\"wp-image-7273\" srcset=\"https:\/\/agora.xtec.cat\/afaeramprunya-adults-gava\/wp-content\/uploads\/usu2120\/2025\/04\/cfa-gava2-1024x768.jpeg 1024w, https:\/\/agora.xtec.cat\/afaeramprunya-adults-gava\/wp-content\/uploads\/usu2120\/2025\/04\/cfa-gava2-300x225.jpeg 300w, https:\/\/agora.xtec.cat\/afaeramprunya-adults-gava\/wp-content\/uploads\/usu2120\/2025\/04\/cfa-gava2-768x576.jpeg 768w, https:\/\/agora.xtec.cat\/afaeramprunya-adults-gava\/wp-content\/uploads\/usu2120\/2025\/04\/cfa-gava2-1536x1152.jpeg 1536w, https:\/\/agora.xtec.cat\/afaeramprunya-adults-gava\/wp-content\/uploads\/usu2120\/2025\/04\/cfa-gava2-200x150.jpeg 200w, https:\/\/agora.xtec.cat\/afaeramprunya-adults-gava\/wp-content\/uploads\/usu2120\/2025\/04\/cfa-gava2.jpeg 2048w\" sizes=\"auto, (max-width: 1024px) 100vw, 1024px\" \/><\/a><\/figure>\n<\/figure>\n\n\n\n<h2 class=\"wp-block-heading\">Un centre amb vocaci\u00f3 social<\/h2>\n\n\n\n<p>Des de fa m\u00e9s de quatre d\u00e8cades, el CFA Gav\u00e0 s\u2019ha consolidat com <strong data-start=\"1331\" data-end=\"1407\">un centre educatiu per a persones adultes que cerquen noves oportunitats per al seu futur<\/strong>. Actualment, el claustre est\u00e0 format per set docents i dues persones d\u2019administraci\u00f3 i serveis, que treballen estretament per oferir una educaci\u00f3 p\u00fablica, inclusiva i de qualitat.<\/p>\n\n\n\n<p>Al CFA Gav\u00e0 t\u2019oferim <strong data-start=\"1611\" data-end=\"1680\">itineraris formatius adaptats a les teves necessitats i objectius<\/strong>, amb cursos per obtenir el <a href=\"https:\/\/agora.xtec.cat\/afaeramprunya-adults-gava\/ensenyaments\/ensenyaments-inicials-i-formacio-basica\/graduat-en-educacio-secundaria-per-adults\/\">graduat en educaci\u00f3 secund\u00e0ria (GESO)<\/a>, preparar-te per a proves d\u2019acc\u00e9s a <a href=\"https:\/\/agora.xtec.cat\/afaeramprunya-adults-gava\/ensenyaments\/ensenyaments-per-a-la-preparacio-de-proves-dacces\/a-cicles-formatius-de-grau-superior\/\">cicles formatius de grau superior<\/a>, aprendre <a href=\"https:\/\/agora.xtec.cat\/afaeramprunya-adults-gava\/ensenyaments\/ensenyaments-transprofessionals\/llengua-anglesa\/\">angl\u00e8s<\/a>, <a href=\"https:\/\/agora.xtec.cat\/afaeramprunya-adults-gava\/ensenyaments\/ensenyaments-inicials-i-formacio-basica\/llengua-catalana\/\">catal\u00e0<\/a>, <a href=\"https:\/\/agora.xtec.cat\/afaeramprunya-adults-gava\/ensenyaments\/ensenyaments-inicials-i-formacio-basica\/llengua-castellana\/\">castell\u00e0<\/a>, o millorar les teves <a href=\"https:\/\/agora.xtec.cat\/afaeramprunya-adults-gava\/ensenyaments\/ensenyaments-transprofessionals\/competencia-digital-competic\/\">compet\u00e8ncies digitals<\/a>.<\/p>\n\n\n\n<p>El CFA Gav\u00e0 \u00e9s molt m\u00e9s que una escola: \u00e9s <strong data-start=\"1955\" data-end=\"2013\">un centre que ofereix noves oportunitats a persones adultes<\/strong> que volen reprendre els estudis o encarar nous reptes personals i professionals. Si tens m\u00e9s de 18 anys i vols tornar a estudiar en un entorn proper i motivador, aquest \u00e9s el teu lloc.<\/p>\n\n\n\n<p>Et proposem una nova etapa plena d\u2019aprenentatges, reptes i il\u00b7lusions.<\/p>\n\n\n\n<p>\ud83d\udc49 <a class=\"\" href=\"https:\/\/agora.xtec.cat\/afaeramprunya-adults-gava\/ensenyaments\/\" rel=\"noopener\" data-start=\"2282\" data-end=\"2324\">Descobreix la nostra oferta formativa<\/a><br data-start=\"2324\" data-end=\"2327\">\ud83d\udc49 <a class=\"\" href=\"https:\/\/agora.xtec.cat\/afaeramprunya-adults-gava\/matricula\/\" rel=\"noopener\" data-start=\"2330\" data-end=\"2372\">Informa\u2019t sobre la matr\u00edcula (curs 2025-2026)<\/a><\/p>\n\n\n\n<p><\/p>\n\n\n\n<p><\/p>\n\n\n\n<p><\/p>\n\n\n\n<p><\/p>\n\n\n\n<p><\/p>\n","protected":false},"excerpt":{"rendered":"<p>Compromesos amb l&#8217;aprenentatge al llarg de la vida L\u2019Escola de Persones Adultes de Gav\u00e0 (CFA Gav\u00e0) va n\u00e9ixer l\u2019any 1980 com a resposta a la necessitat de formaci\u00f3 de moltes persones adultes de la ciutat. Des del primer moment, el centre es va concebre com un espai d\u2019acollida i formaci\u00f3, on tornar a estudiar es [&hellip;]<\/p>\n","protected":false},"author":1,"featured_media":0,"parent":261,"menu_order":1,"comment_status":"closed","ping_status":"closed","template":"","meta":{"site-sidebar-layout":"default","site-content-layout":"","ast-site-content-layout":"default","site-content-style":"default","site-sidebar-style":"default","ast-global-header-display":"","ast-banner-title-visibility":"","ast-main-header-display":"","ast-hfb-above-header-display":"","ast-hfb-below-header-display":"","ast-hfb-mobile-header-display":"","site-post-title":"","ast-breadcrumbs-content":"","ast-featured-img":"","footer-sml-layout":"","theme-transparent-header-meta":"","adv-header-id-meta":"","stick-header-meta":"","header-above-stick-meta":"","header-main-stick-meta":"","header-below-stick-meta":"","astra-migrate-meta-layouts":"set","ast-page-background-enabled":"default","ast-page-background-meta":{"desktop":{"background-color":"var(--ast-global-color-4)","background-image":"","background-repeat":"repeat","background-position":"center center","background-size":"auto","background-attachment":"scroll","background-type":"","background-media":"","overlay-type":"","overlay-color":"","overlay-opacity":"","overlay-gradient":""},"tablet":{"background-color":"","background-image":"","background-repeat":"repeat","background-position":"center center","background-size":"auto","background-attachment":"scroll","background-type":"","background-media":"","overlay-type":"","overlay-color":"","overlay-opacity":"","overlay-gradient":""},"mobile":{"background-color":"","background-image":"","background-repeat":"repeat","background-position":"center center","background-size":"auto","background-attachment":"scroll","background-type":"","background-media":"","overlay-type":"","overlay-color":"","overlay-opacity":"","overlay-gradient":""}},"ast-content-background-meta":{"desktop":{"background-color":"var(--ast-global-color-5)","background-image":"","background-repeat":"repeat","background-position":"center center","background-size":"auto","background-attachment":"scroll","background-type":"","background-media":"","overlay-type":"","overlay-color":"","overlay-opacity":"","overlay-gradient":""},"tablet":{"background-color":"var(--ast-global-color-5)","background-image":"","background-repeat":"repeat","background-position":"center center","background-size":"auto","background-attachment":"scroll","background-type":"","background-media":"","overlay-type":"","overlay-color":"","overlay-opacity":"","overlay-gradient":""},"mobile":{"background-color":"var(--ast-global-color-5)","background-image":"","background-repeat":"repeat","background-position":"center center","background-size":"auto","background-attachment":"scroll","background-type":"","background-media":"","overlay-type":"","overlay-color":"","overlay-opacity":"","overlay-gradient":""}},"footnotes":""},"class_list":["post-27","page","type-page","status-publish","hentry"],"post_mailing_queue_ids":[],"_links":{"self":[{"href":"https:\/\/agora.xtec.cat\/afaeramprunya-adults-gava\/wp-json\/wp\/v2\/pages\/27","targetHints":{"allow":["GET"]}}],"collection":[{"href":"https:\/\/agora.xtec.cat\/afaeramprunya-adults-gava\/wp-json\/wp\/v2\/pages"}],"about":[{"href":"https:\/\/agora.xtec.cat\/afaeramprunya-adults-gava\/wp-json\/wp\/v2\/types\/page"}],"author":[{"embeddable":true,"href":"https:\/\/agora.xtec.cat\/afaeramprunya-adults-gava\/wp-json\/wp\/v2\/users\/1"}],"replies":[{"embeddable":true,"href":"https:\/\/agora.xtec.cat\/afaeramprunya-adults-gava\/wp-json\/wp\/v2\/comments?post=27"}],"version-history":[{"count":6,"href":"https:\/\/agora.xtec.cat\/afaeramprunya-adults-gava\/wp-json\/wp\/v2\/pages\/27\/revisions"}],"predecessor-version":[{"id":8757,"href":"https:\/\/agora.xtec.cat\/afaeramprunya-adults-gava\/wp-json\/wp\/v2\/pages\/27\/revisions\/8757"}],"up":[{"embeddable":true,"href":"https:\/\/agora.xtec.cat\/afaeramprunya-adults-gava\/wp-json\/wp\/v2\/pages\/261"}],"wp:attachment":[{"href":"https:\/\/agora.xtec.cat\/afaeramprunya-adults-gava\/wp-json\/wp\/v2\/media?parent=27"}],"curies":[{"name":"wp","href":"https:\/\/api.w.org\/{rel}","templated":true}]}}