{"id":261,"date":"2015-01-27T17:25:01","date_gmt":"2015-01-27T16:25:01","guid":{"rendered":"http:\/\/agora.xtec.cat\/afaeramprunya-adults-gava\/?page_id=261"},"modified":"2025-11-17T12:04:34","modified_gmt":"2025-11-17T11:04:34","slug":"el-centre","status":"publish","type":"page","link":"https:\/\/agora.xtec.cat\/afaeramprunya-adults-gava\/el-centre\/","title":{"rendered":"El Centre"},"content":{"rendered":"\n<div class=\"wp-block-getwid-button-group\"><div class=\"wp-block-getwid-button-group__wrapper has-width-33 has-width-tablet-100 has-width-mobile-100\">\n<div class=\"wp-block-button\"><a class=\"wp-block-button__link wp-element-button\" href=\"https:\/\/agora.xtec.cat\/afaeramprunya-adults-gava\/el-centre\/historia\/\">Hist\u00f2ria<\/a><\/div>\n\n\n\n<div class=\"wp-block-button\"><a class=\"wp-block-button__link wp-element-button\" href=\"https:\/\/agora.xtec.cat\/afaeramprunya-adults-gava\/el-centre\/instal%c2%b7lacions\/\">Instal\u00b7lacions<\/a><\/div>\n\n\n\n<div class=\"wp-block-button\"><a class=\"wp-block-button__link wp-element-button\" href=\"https:\/\/agora.xtec.cat\/afaeramprunya-adults-gava\/el-centre\/calendari-del-curs\/\">Calendari<\/a><\/div>\n\n\n\n<div class=\"wp-block-button\"><a class=\"wp-block-button__link wp-element-button\" href=\"https:\/\/agora.xtec.cat\/afaeramprunya-adults-gava\/el-centre\/organitzacio-interna\/\">Organitzaci\u00f3<\/a><\/div>\n\n\n\n<div class=\"wp-block-button\"><a class=\"wp-block-button__link wp-element-button\" href=\"https:\/\/agora.xtec.cat\/afaeramprunya-adults-gava\/el-centre\/contacte\/\">Contacte<\/a><\/div>\n<\/div><\/div>\n\n\n\n<hr class=\"wp-block-separator has-alpha-channel-opacity\"\/>\n\n\n\n<p>El <strong>Centre de Formaci\u00f3 d\u2019Adults CFA Gav\u00e0<\/strong> \u00e9s un centre p\u00fablic, oficial i gratu\u00eft, creat l\u2019any 1980 i ubicat al <strong>Baix Llobregat<\/strong>, al municipi de <strong>Gav\u00e0 (Barcelona)<\/strong>. Depenem del <strong>Departament d\u2019Educaci\u00f3 i Formaci\u00f3 Professional de la Generalitat de Catalunya<\/strong> i treballem com a <strong>centre<\/strong> per crear<strong>&nbsp;noves oportunitats<\/strong> per a totes aquelles persones adultes que volen cr\u00e9ixer personalment i professionalment.<\/p>\n\n\n\n<p>Al <strong>CFA Gav\u00e0<\/strong>, oferim una \u00e0mplia <strong>oferta formativa<\/strong> dirigida a persones adultes que desitgen:<\/p>\n\n\n\n<ul class=\"wp-block-list\">\n<li>Millorar la seva formaci\u00f3 cultural.<\/li>\n\n\n\n<li>Preparar-se acad\u00e8micament per accedir a nous estudis o oportunitats laborals.<\/li>\n\n\n\n<li>Rebre instrucci\u00f3 b\u00e0sica per afrontar amb \u00e8xit els reptes de la societat actual.<\/li>\n<\/ul>\n\n\n\n<figure class=\"wp-block-image aligncenter\"><a href=\"https:\/\/agora.xtec.cat\/afaeramprunya-adults-gava\/wp-content\/uploads\/usu2120\/2024\/02\/IMG-20240126-WA0002.jpg\"><img loading=\"lazy\" decoding=\"async\" width=\"1024\" height=\"576\" src=\"https:\/\/agora.xtec.cat\/afaeramprunya-adults-gava\/wp-content\/uploads\/usu2120\/2024\/02\/IMG-20240126-WA0002-1024x576.jpg\" alt=\"Alumnat del curs 2023-24 del CFA Gav\u00e0\" class=\"wp-image-5700\" srcset=\"https:\/\/agora.xtec.cat\/afaeramprunya-adults-gava\/wp-content\/uploads\/usu2120\/2024\/02\/IMG-20240126-WA0002-1024x576.jpg 1024w, https:\/\/agora.xtec.cat\/afaeramprunya-adults-gava\/wp-content\/uploads\/usu2120\/2024\/02\/IMG-20240126-WA0002-300x169.jpg 300w, https:\/\/agora.xtec.cat\/afaeramprunya-adults-gava\/wp-content\/uploads\/usu2120\/2024\/02\/IMG-20240126-WA0002-768x432.jpg 768w, https:\/\/agora.xtec.cat\/afaeramprunya-adults-gava\/wp-content\/uploads\/usu2120\/2024\/02\/IMG-20240126-WA0002-1536x864.jpg 1536w, https:\/\/agora.xtec.cat\/afaeramprunya-adults-gava\/wp-content\/uploads\/usu2120\/2024\/02\/IMG-20240126-WA0002.jpg 1984w\" sizes=\"auto, (max-width: 1024px) 100vw, 1024px\" \/><\/a><\/figure>\n\n\n\n<p>La nostra tasca va m\u00e9s enll\u00e0 de la formaci\u00f3 acad\u00e8mica. Creiem en l\u2019<strong>educaci\u00f3 com a eina de transformaci\u00f3 personal<\/strong> i social, i per aix\u00f2 promovem el desenvolupament integral de l\u2019alumnat, potenciant les seves capacitats, la seva autonomia i ampliant el seu m\u00f3n de relacions.<\/p>\n\n\n\n<p>Com a centre arrelat al territori, col\u00b7laborem amb <strong>entitats locals<\/strong> i fomentem la <strong>participaci\u00f3 activa dels alumnes<\/strong> en la vida col\u00b7lectiva de la ciutat de Gav\u00e0.<\/p>\n\n\n\n<p><strong>T\u2019agradaria saber m\u00e9s?<\/strong><\/p>\n\n\n\n<p>\ud83d\udc49 Descobreix la nostra <a href=\"https:\/\/agora.xtec.cat\/afaeramprunya-adults-gava\/ensenyaments\/\"><strong>Oferta Formativa<\/strong><\/a> i troba el curs que millor s&#8217;adapti a tu.<br>\ud83d\udc49 Informa&#8217;t de <a href=\"https:\/\/agora.xtec.cat\/afaeramprunya-adults-gava\/matricula\/\"><strong>com fer la Matr\u00edcula<\/strong><\/a> i comen\u00e7a a construir el teu futur.<br>\ud83d\udc49 Consulta els<a href=\"https:\/\/agora.xtec.cat\/afaeramprunya-adults-gava\/serveis\/\"><strong> Serveis<\/strong><\/a> que oferim per acompanyar-te en el teu cam\u00ed formatiu.<br>\ud83d\udc49 Coneix millor el nostre <a href=\"https:\/\/agora.xtec.cat\/afaeramprunya-adults-gava\/projecte-educatiu\/\"><strong>projecte de centre<\/strong><\/a> i els nostres valors.<\/p>\n\n\n\n<p>Al <strong>CFA Gav\u00e0<\/strong> t\u2019esperem per obrir-te la porta a nous coneixements, noves amistats i <strong>noves oportunitats<\/strong>!<\/p>\n\n\n\n<p><\/p>\n","protected":false},"excerpt":{"rendered":"<p>El Centre de Formaci\u00f3 d\u2019Adults CFA Gav\u00e0 \u00e9s un centre p\u00fablic, oficial i gratu\u00eft, creat l\u2019any 1980 i ubicat al Baix Llobregat, al municipi de Gav\u00e0 (Barcelona). Depenem del Departament d\u2019Educaci\u00f3 i Formaci\u00f3 Professional de la Generalitat de Catalunya i treballem com a centre per crear&nbsp;noves oportunitats per a totes aquelles persones adultes que volen [&hellip;]<\/p>\n","protected":false},"author":1,"featured_media":0,"parent":0,"menu_order":0,"comment_status":"closed","ping_status":"closed","template":"page-templates\/side-menu.php","meta":{"site-sidebar-layout":"default","site-content-layout":"","ast-site-content-layout":"default","site-content-style":"default","site-sidebar-style":"default","ast-global-header-display":"","ast-banner-title-visibility":"","ast-main-header-display":"","ast-hfb-above-header-display":"","ast-hfb-below-header-display":"","ast-hfb-mobile-header-display":"","site-post-title":"","ast-breadcrumbs-content":"","ast-featured-img":"","footer-sml-layout":"","theme-transparent-header-meta":"","adv-header-id-meta":"","stick-header-meta":"","header-above-stick-meta":"","header-main-stick-meta":"","header-below-stick-meta":"","astra-migrate-meta-layouts":"set","ast-page-background-enabled":"default","ast-page-background-meta":{"desktop":{"background-color":"var(--ast-global-color-4)","background-image":"","background-repeat":"repeat","background-position":"center center","background-size":"auto","background-attachment":"scroll","background-type":"","background-media":"","overlay-type":"","overlay-color":"","overlay-opacity":"","overlay-gradient":""},"tablet":{"background-color":"","background-image":"","background-repeat":"repeat","background-position":"center center","background-size":"auto","background-attachment":"scroll","background-type":"","background-media":"","overlay-type":"","overlay-color":"","overlay-opacity":"","overlay-gradient":""},"mobile":{"background-color":"","background-image":"","background-repeat":"repeat","background-position":"center center","background-size":"auto","background-attachment":"scroll","background-type":"","background-media":"","overlay-type":"","overlay-color":"","overlay-opacity":"","overlay-gradient":""}},"ast-content-background-meta":{"desktop":{"background-color":"var(--ast-global-color-5)","background-image":"","background-repeat":"repeat","background-position":"center center","background-size":"auto","background-attachment":"scroll","background-type":"","background-media":"","overlay-type":"","overlay-color":"","overlay-opacity":"","overlay-gradient":""},"tablet":{"background-color":"var(--ast-global-color-5)","background-image":"","background-repeat":"repeat","background-position":"center center","background-size":"auto","background-attachment":"scroll","background-type":"","background-media":"","overlay-type":"","overlay-color":"","overlay-opacity":"","overlay-gradient":""},"mobile":{"background-color":"var(--ast-global-color-5)","background-image":"","background-repeat":"repeat","background-position":"center center","background-size":"auto","background-attachment":"scroll","background-type":"","background-media":"","overlay-type":"","overlay-color":"","overlay-opacity":"","overlay-gradient":""}},"footnotes":""},"class_list":["post-261","page","type-page","status-publish","hentry"],"post_mailing_queue_ids":[],"_links":{"self":[{"href":"https:\/\/agora.xtec.cat\/afaeramprunya-adults-gava\/wp-json\/wp\/v2\/pages\/261","targetHints":{"allow":["GET"]}}],"collection":[{"href":"https:\/\/agora.xtec.cat\/afaeramprunya-adults-gava\/wp-json\/wp\/v2\/pages"}],"about":[{"href":"https:\/\/agora.xtec.cat\/afaeramprunya-adults-gava\/wp-json\/wp\/v2\/types\/page"}],"author":[{"embeddable":true,"href":"https:\/\/agora.xtec.cat\/afaeramprunya-adults-gava\/wp-json\/wp\/v2\/users\/1"}],"replies":[{"embeddable":true,"href":"https:\/\/agora.xtec.cat\/afaeramprunya-adults-gava\/wp-json\/wp\/v2\/comments?post=261"}],"version-history":[{"count":6,"href":"https:\/\/agora.xtec.cat\/afaeramprunya-adults-gava\/wp-json\/wp\/v2\/pages\/261\/revisions"}],"predecessor-version":[{"id":9119,"href":"https:\/\/agora.xtec.cat\/afaeramprunya-adults-gava\/wp-json\/wp\/v2\/pages\/261\/revisions\/9119"}],"wp:attachment":[{"href":"https:\/\/agora.xtec.cat\/afaeramprunya-adults-gava\/wp-json\/wp\/v2\/media?parent=261"}],"curies":[{"name":"wp","href":"https:\/\/api.w.org\/{rel}","templated":true}]}}