{"id":441,"date":"2015-12-02T10:21:26","date_gmt":"2015-12-02T09:21:26","guid":{"rendered":"http:\/\/agora.xtec.cat\/afaelvendrell\/?page_id=441"},"modified":"2025-01-28T10:36:44","modified_gmt":"2025-01-28T09:36:44","slug":"ges-a-distancia-ioc-2","status":"publish","type":"page","link":"https:\/\/agora.xtec.cat\/afaelvendrell\/ges-a-distancia-ioc-2\/","title":{"rendered":"GESO a dist\u00e0ncia (IOC)"},"content":{"rendered":"<p><b><u><span style=\"font-size: medium;\">GESO a dist\u00e0ncia<\/span><\/u><\/b><\/p>\n<div><\/div>\n<div>\n<div>\n<table style=\"width: 50.9185%; height: 131px;\" border=\"1\" cellspacing=\"0\" cellpadding=\"2\">\n<colgroup>\n<col width=\"120\" \/>\n<col width=\"120\" \/>\n<col width=\"128\" \/><\/colgroup>\n<tbody>\n<tr style=\"height: 49px;\">\n<td style=\"width: 376px; text-align: center; height: 49px;\" colspan=\"3\" height=\"22\"><b><span style=\"color: #000000;\"><span style=\"font-family: Arial,sans-serif;\"><span style=\"font-size: medium;\">Calendari de matr\u00edcula per a alumnes antics per al curs 2024-25<\/span><\/span><\/span><\/b><\/td>\n<\/tr>\n<tr style=\"height: 33px;\">\n<td style=\"width: 122px; text-align: center; height: 33px;\"><span style=\"color: #000000;\"><span style=\"font-family: Arial,sans-serif;\"><span style=\"font-size: medium;\">Tardor<\/span><\/span><\/span><\/td>\n<td style=\"width: 122px; text-align: center; height: 33px;\"><span style=\"color: #000000;\"><span style=\"font-family: Arial,sans-serif;\"><span style=\"font-size: medium;\">Hivern<\/span><\/span><\/span><\/td>\n<td style=\"width: 132px; text-align: center; height: 33px;\"><strong><span style=\"color: #000000;\"><span style=\"font-family: Arial,sans-serif;\"><span style=\"font-size: medium;\">Primavera<\/span><\/span><\/span><\/strong><\/td>\n<\/tr>\n<tr style=\"height: 49px;\">\n<td style=\"width: 122px; text-align: center; height: 49px;\"><span style=\"color: #000000;\"><span style=\"font-family: Arial,sans-serif;\"><span style=\"font-size: medium;\">17 al 25 de<\/span><\/span><\/span><span style=\"color: #000000;\"><span style=\"font-family: Arial,sans-serif;\"><span style=\"font-size: medium;\"> juny\u00a0<\/span><\/span><\/span><\/td>\n<td style=\"width: 122px; text-align: center; height: 49px;\"><span style=\"color: #000000;\"><span style=\"font-family: Arial,sans-serif;\"><span style=\"font-size: medium;\">2 al 10 d<\/span><\/span><\/span><span style=\"color: #000000;\"><span style=\"font-family: Arial,sans-serif;\"><span style=\"font-size: medium;\">e desembre<\/span><\/span><\/span><\/td>\n<td style=\"width: 132px; text-align: center; height: 49px;\"><strong><span style=\"color: #000000;\"><span style=\"font-family: Arial,sans-serif;\"><span style=\"font-size: medium;\">24 de mar\u00e7 al 2 d&#8217;abril<\/span><\/span><\/span><\/strong><\/td>\n<\/tr>\n<\/tbody>\n<\/table>\n<table style=\"width: 46.1825%;\" border=\"1\" cellspacing=\"0\" cellpadding=\"2\">\n<colgroup>\n<col width=\"120\" \/>\n<col width=\"120\" \/>\n<col width=\"128\" \/><\/colgroup>\n<tbody>\n<tr>\n<td style=\"width: 99.2105%; text-align: center;\" colspan=\"3\" height=\"22\"><b><span style=\"color: #000000;\"><span style=\"font-family: Arial,sans-serif;\"><span style=\"font-size: medium;\">Calendari de matr\u00edcula per a alumnes nous per al curs 2024-25<\/span><\/span><\/span><\/b><\/td>\n<\/tr>\n<tr>\n<td style=\"width: 32.1053%; text-align: center;\"><span style=\"color: #000000;\"><span style=\"font-family: Arial,sans-serif;\"><span style=\"font-size: medium;\">Tardor<\/span><\/span><\/span><\/td>\n<td style=\"width: 32.1053%; text-align: center;\"><span style=\"color: #000000;\"><span style=\"font-family: Arial,sans-serif;\"><span style=\"font-size: medium;\">Hivern<\/span><\/span><\/span><\/td>\n<td style=\"width: 35%; text-align: center;\"><strong><span style=\"color: #000000;\"><span style=\"font-family: Arial,sans-serif;\"><span style=\"font-size: medium;\">Primavera<\/span><\/span><\/span><\/strong><\/td>\n<\/tr>\n<tr>\n<td style=\"width: 32.1053%; text-align: center;\"><span style=\"color: #000000;\"><span style=\"font-family: Arial,sans-serif;\"><span style=\"font-size: medium;\">4 al 10 de setembre<\/span><\/span><\/span><\/td>\n<td style=\"width: 32.1053%; text-align: center;\"><span style=\"color: #000000;\"><span style=\"font-family: Arial,sans-serif;\"><span style=\"font-size: medium;\">5 al 11 de<\/span><\/span><\/span><span style=\"color: #000000;\"><span style=\"font-family: Arial,sans-serif;\"><span style=\"font-size: medium;\"> novembre<\/span><\/span><\/span><\/td>\n<td style=\"width: 35%; text-align: center;\"><strong><span style=\"color: #000000;\"><span style=\"font-family: Arial,sans-serif;\"><span style=\"font-size: medium;\">4 al 10 de febrer<\/span><\/span><\/span><\/strong><\/td>\n<\/tr>\n<\/tbody>\n<\/table>\n<p><span style=\"font-size: large;\">\u00a0IMPORTANT: Els alumnes nous heu de trucar a partir del dia<b> 3 de febrer<\/b>\u00a0al\u00a0977 15 56 74\u00a0per agafar hora.<\/span><\/p>\n<\/div>\n<\/div>\n<p><b>Nom\u00e9s es matricularan alumnes de la nostra zona i amb cita pr\u00e8via (truqueu uns dies abans per agafar hora de matr\u00edcula). Porteu tota la documentaci\u00f3 requerida.<\/b><\/p>\n<p align=\"justify\"><span style=\"color: #000000;\"><span style=\"font-family: Arial, sans-serif;\"><span style=\"font-size: medium;\">El CFA El Vendrell \u00e9s un centre de suport de l\u2019IOC (Institut Obert de Catalunya) que permet seguir a dist\u00e0ncia els estudis que condueixen a l\u2019obtenci\u00f3 del GES (Graduat en Educaci\u00f3 Secund\u00e0ria).<br \/>\nPer aconseguir la titulaci\u00f3 cal cursar 34 m\u00f2duls repartits en tres \u00e0mbits (comunicaci\u00f3, cient\u00edfic tecnol\u00f2gic i social) i dos nivells.<\/span><\/span><\/span><\/p>\n<p align=\"justify\"><span style=\"color: #000000;\"><span style=\"font-family: Arial, sans-serif;\"><span style=\"font-size: medium;\">Els estudis s\u2019organitzen en trimestres (tardor, hivern i primavera). Al final de cada trimestre hi ha un examen presencial per a alguns dels m\u00f2duls, que se celebra a El Vendrell.<\/span><\/span><\/span><\/p>\n<p><strong><span style=\"color: #000000;\"><span style=\"font-family: Arial,sans-serif;\"><span style=\"font-size: medium;\">Requisits<\/span><\/span><\/span><\/strong><span style=\"color: #000000;\"><span style=\"font-family: Arial,sans-serif;\"><span style=\"font-size: medium;\"><b>:<\/b><\/span><\/span><\/span><\/p>\n<ul>\n<li><span style=\"color: #000000;\"><span style=\"font-family: Arial,sans-serif;\"><span style=\"font-size: medium;\">Tenir <strong>18 anys<\/strong> o m\u00e9s (o complir-los l&#8217;any natural en qu\u00e8 es formalitza la matr\u00edcula).<\/span><\/span><\/span><\/li>\n<li><span style=\"font-size: medium;\"><span style=\"font-family: Arial,sans-serif;\">Les persones que tenen <\/span><strong><span style=\"font-family: Arial,sans-serif;\">entre 16 i 18 anys<\/span><\/strong><span style=\"font-family: Arial,sans-serif;\"> i volen estudiar a dist\u00e0ncia han de demanar una autoritzaci\u00f3 a la direcci\u00f3 de l&#8217;IOC. Aquesta <\/span><\/span><span style=\"color: #000000;\"><span style=\"font-family: Arial,sans-serif;\"><span style=\"font-size: medium;\">autoritzaci\u00f3 \u00e9s de car\u00e0cter excepcional i de manera individual a les persones que per raons laborals o per necessitats educatives espec\u00edfiques no puguin seguir els estudis de r\u00e8gim ordinari.<\/span><\/span><\/span><\/li>\n<li><span style=\"color: #000000;\"><span style=\"font-family: Arial,sans-serif;\"><span style=\"font-size: medium;\">Ser el nostre centre de suport el m\u00e9s proper al seu domicili. Podeu mirar quin \u00e9s el vostre centre de suport m\u00e9s proper a <\/span><\/span><\/span><a href=\"https:\/\/ioc.xtec.cat\/educacio\/centres-suport-ges\" rel=\"nofollow\">centres de suport IOC \u2013 GES<\/a><span style=\"color: #000000;\"><span style=\"font-family: Arial,sans-serif;\"><span style=\"font-size: medium;\">.<\/span><\/span><\/span><\/li>\n<\/ul>\n<p><span style=\"color: #000000;\"><span style=\"font-family: Arial,sans-serif;\"><span style=\"font-size: medium;\">Cal aportar la <b>documentaci\u00f3<\/b> seg\u00fcent:<\/span><\/span><\/span><\/p>\n<ul>\n<li><span style=\"color: #000000;\"><span style=\"font-family: Arial,sans-serif;\"><span style=\"font-size: medium;\">original i dues fotoc\u00f2pies del DNI, NIE o passaport (en vig\u00e8ncia).<\/span><\/span><\/span><\/li>\n<li><span style=\"color: #000000;\"><span style=\"font-family: Arial,sans-serif;\"><span style=\"font-size: medium;\">original i dues fotoc\u00f2pies de la documentaci\u00f3 acad\u00e8mica justificativa d\u2019estudis anteriors: t\u00edtols oficials, llibre d\u2019escolaritat o certificats oficials de notes (no s\u00f3n v\u00e0lids ni butlletins de notes ni informes d\u2019avaluaci\u00f3).<\/span><\/span><\/span><\/li>\n<li><span style=\"color: #000000;\"><span style=\"font-family: Arial,sans-serif;\"><span style=\"font-size: medium;\">original i dues fotoc\u00f2pies de la documentaci\u00f3 acreditativa de la bonificaci\u00f3 de les taxes.<\/span><\/span><\/span><\/li>\n<li><span style=\"color: #000000;\"><span style=\"font-family: Arial,sans-serif;\"><span style=\"font-size: medium;\">Si han fet PQPI, s&#8217;ha de portar certificat m\u00f2duls A i B. <\/span><\/span><\/span><\/li>\n<li><span style=\"color: #000000;\"><span style=\"font-family: Arial,sans-serif;\"><span style=\"font-size: medium;\">Si fan PQPI, s&#8217;ha de portar<\/span><\/span><\/span> <span style=\"color: #111111;\"><span style=\"font-family: Arial,sans-serif;\"><span style=\"font-size: medium;\">el certificat oficial signat i segellat pel centre on cursen els m\u00f2duls A i B, amb les recomanacions del tutor per escrit.<\/span><\/span><\/span><\/li>\n<\/ul>\n<p><a name=\"TOC-Preus\"><\/a> <span style=\"color: #000000;\"><span style=\"font-family: Arial,sans-serif;\"><span style=\"font-size: medium;\"><strong>Preus<\/strong><\/span><\/span><\/span><\/p>\n<ul>\n<li>La matr\u00edcula del primer m\u00f2dul t\u00e9 un cost de <strong>15\u20ac<\/strong> i per cada m\u00f2dul addicional es paga 5\u20ac m\u00e9s.<\/li>\n<li><span style=\"font-family: Arial,sans-serif;\">Asseguran\u00e7a escolar obligat\u00f2ria anual: <\/span><strong><span style=\"font-family: Arial,sans-serif;\">1,12 euros<\/span><\/strong><span style=\"font-family: Arial,sans-serif;\"> (nom\u00e9s l&#8217;han de pagar les persones que tenen menys de 28 anys).<\/span><\/li>\n<\/ul>\n<p><span style=\"color: #000000;\"><span style=\"font-family: Arial,sans-serif;\"><span style=\"font-size: medium;\"><strong><span style=\"color: #111111;\"><i><u>Bonificaci\u00f3 del 50% sobre l&#8217;import de la matr\u00edcula:<\/u><\/i><\/span><\/strong><\/span><\/span><\/span><\/p>\n<p>La poden demanar les persones que pertanyen a una fam\u00edlia nombrosa de categoria general o a una fam\u00edlia monoparental. Per acreditar aquesta situaci\u00f3 cal presentar el <a href=\"https:\/\/web.gencat.cat\/ca\/tramits\/tramits-temes\/Titol-de-familia-nombrosa\" target=\"_blank\" rel=\"nofollow noopener noreferrer\">t\u00edtol de fam\u00edlia nombrosa<\/a> <span style=\"color: #111111;\">o el <\/span><a href=\"https:\/\/web.gencat.cat\/ca\/tramits\/tramits-temes\/Titol-de-familia-monoparental-00003\" target=\"_blank\" rel=\"nofollow noopener noreferrer\">t\u00edtol de fam\u00edlia monoparental<\/a> <span style=\"color: #111111;\">.<\/span><\/p>\n<p><strong><span style=\"color: #111111;\"><i><u>Exempci\u00f3 de l&#8217;import de la matr\u00edcula<\/u><\/i><\/span><\/strong><\/p>\n<p>La poden demanar:<\/p>\n<ul>\n<li><span style=\"color: #111111;\"><span style=\"font-family: Arial,sans-serif;\"><span style=\"font-size: medium;\">les persones que pertanyen a una fam\u00edlia nombrosa de categoria especial (s\u2019ha d\u2019acreditar amb el <\/span><\/span><\/span><a href=\"https:\/\/web.gencat.cat\/ca\/tramits\/tramits-temes\/Titol-de-familia-nombrosa\" target=\"_blank\" rel=\"nofollow noopener noreferrer\">t\u00edtol de fam\u00edlia nombrosa<\/a><span style=\"color: #111111;\"><span style=\"font-family: Arial,sans-serif;\"><span style=\"font-size: medium;\">),<\/span><\/span><\/span><\/li>\n<li><span style=\"color: #111111;\"><span style=\"font-family: Arial,sans-serif;\"><span style=\"font-size: medium;\">les persones que tenen una discapacitat del 33% o superior legalment reconeguda (s\u2019ha d\u2019acreditar amb el <\/span><\/span><\/span><a href=\"https:\/\/treballiaferssocials.gencat.cat\/ca\/tramits\/tramits-temes\/Reconeixement-del-grau-de-discapacitat\" target=\"_blank\" rel=\"nofollow noopener noreferrer\">certificat<\/a> <span style=\"color: #111111;\"><span style=\"font-family: Arial,sans-serif;\"><span style=\"font-size: medium;\">de discapacitat o la <\/span><\/span><\/span><a href=\"https:\/\/treballiaferssocials.gencat.cat\/ca\/tramits\/tramits-temes\/Targeta-acreditativa-de-la-discapacitat\" target=\"_blank\" rel=\"nofollow noopener noreferrer\">targeta acreditativa de la discapacitat<\/a><span style=\"color: #111111;\"><span style=\"font-family: Arial,sans-serif;\"><span style=\"font-size: medium;\">),<\/span><\/span><\/span><\/li>\n<li><span style=\"color: #111111;\"><span style=\"font-family: Arial,sans-serif;\"><span style=\"font-size: medium;\">les persones v\u00edctimes d&#8217;actes terroristes i els seus c\u00f2njuges i els seus fills (s\u2019ha d\u2019acreditar amb la resoluci\u00f3 del Ministeri de l&#8217;Interior) i<\/span><\/span><\/span><\/li>\n<li><span style=\"color: #111111;\"><span style=\"font-family: Arial,sans-serif;\"><span style=\"font-size: medium;\">les persones sotmeses a mesures privatives de llibertat (s\u2019ha d\u2019acreditar amb el certificat de l&#8217;Administraci\u00f3 de Just\u00edcia).<\/span><\/span><\/span><\/li>\n<\/ul>\n<p><strong><span style=\"color: #000000;\"><span style=\"font-family: Arial,sans-serif;\"><span style=\"font-size: medium;\">M\u00e9s informaci\u00f3<\/span><\/span><\/span><\/strong><span style=\"font-size: medium;\">: IOC (<\/span><a href=\"http:\/\/ioc.xtec.cat\/educacio\/ges\" rel=\"nofollow\">aqu\u00ed<\/a><span style=\"color: #000000;\"><span style=\"font-family: Arial,sans-serif;\"><span style=\"font-size: medium;\">)<\/span><\/span><\/span><\/p>\n","protected":false},"excerpt":{"rendered":"<p>GESO a dist\u00e0ncia<\/p>\n<p>Calendari de matr\u00edcula per a alumnes antics per al curs 2024-25<\/p>\n<p>Tardor<br \/>\nHivern<br \/>\nPrimavera<\/p>\n<p>17 al 25 de juny\u00a0<br \/>\n2 al 10 de desembre<br \/>\n24 de mar\u00e7 al 2 d&#8217;abril<\/p>\n<p>Calendari de matr\u00edcula per a alumnes nous per al curs 2024-25<\/p>\n<p>Tardor<br \/>\nHivern<br \/>\nPrimavera<\/p>\n<p>4 al 10 de setembre<br \/>\n5 al 11 de novembre<br \/>\n4 al&hellip;  <a href=\"https:\/\/agora.xtec.cat\/afaelvendrell\/ges-a-distancia-ioc-2\/\" title=\"Read GESO a dist\u00e0ncia (IOC)\">Llegeix m\u00e9s\u00bb<\/a><\/p>\n","protected":false},"author":3,"featured_media":0,"parent":0,"menu_order":0,"comment_status":"closed","ping_status":"closed","template":"page-templates\/side-menu.php","meta":{"_bbp_topic_count":0,"_bbp_reply_count":0,"_bbp_total_topic_count":0,"_bbp_total_reply_count":0,"_bbp_voice_count":0,"_bbp_anonymous_reply_count":0,"_bbp_topic_count_hidden":0,"_bbp_reply_count_hidden":0,"_bbp_forum_subforum_count":0,"footnotes":""},"class_list":["post-441","page","type-page","status-publish","hentry"],"post_mailing_queue_ids":[],"_links":{"self":[{"href":"https:\/\/agora.xtec.cat\/afaelvendrell\/wp-json\/wp\/v2\/pages\/441","targetHints":{"allow":["GET"]}}],"collection":[{"href":"https:\/\/agora.xtec.cat\/afaelvendrell\/wp-json\/wp\/v2\/pages"}],"about":[{"href":"https:\/\/agora.xtec.cat\/afaelvendrell\/wp-json\/wp\/v2\/types\/page"}],"author":[{"embeddable":true,"href":"https:\/\/agora.xtec.cat\/afaelvendrell\/wp-json\/wp\/v2\/users\/3"}],"replies":[{"embeddable":true,"href":"https:\/\/agora.xtec.cat\/afaelvendrell\/wp-json\/wp\/v2\/comments?post=441"}],"version-history":[{"count":6,"href":"https:\/\/agora.xtec.cat\/afaelvendrell\/wp-json\/wp\/v2\/pages\/441\/revisions"}],"predecessor-version":[{"id":2182,"href":"https:\/\/agora.xtec.cat\/afaelvendrell\/wp-json\/wp\/v2\/pages\/441\/revisions\/2182"}],"wp:attachment":[{"href":"https:\/\/agora.xtec.cat\/afaelvendrell\/wp-json\/wp\/v2\/media?parent=441"}],"curies":[{"name":"wp","href":"https:\/\/api.w.org\/{rel}","templated":true}]}}