{"id":432,"date":"2015-11-19T12:02:33","date_gmt":"2015-11-19T11:02:33","guid":{"rendered":"http:\/\/agora.xtec.cat\/afaelvendrell\/?page_id=432"},"modified":"2024-07-18T12:59:45","modified_gmt":"2024-07-18T10:59:45","slug":"ges-presencial","status":"publish","type":"page","link":"https:\/\/agora.xtec.cat\/afaelvendrell\/oferta-educativa-presencial\/ges-presencial\/","title":{"rendered":"GES Presencial"},"content":{"rendered":"<div dir=\"ltr\">\n<div>\n<p><span style=\"font-family: Arial,sans-serif;\"><span style=\"color: #000000;\"><b>GRADUAT EN EDUCACI\u00d3 SECUND\u00c0RIA (GES)<\/b><\/span><\/span><\/p>\n<\/div>\n<div>\n<p><span style=\"color: #000000;\"><span style=\"font-family: Arial,sans-serif;\"><span style=\"font-size: medium;\"><br \/>\nAquest curs s\u2019adre\u00e7a a estudiants que vulguin obtenir el graduat en educaci\u00f3 secund\u00e0ria.<\/span><\/span><\/span><\/p>\n<p>Aquest t\u00edtol permet continuar estudis de formaci\u00f3 professional de grau mitj\u00e0 (CFGM) o b\u00e9 de batxillerat, obtenir un t\u00edtol i millorar coneixements.<\/p>\n<p><span style=\"font-family: Arial,sans-serif;\"><span style=\"color: #000000;\"><b>Com s&#8217;organitza?<\/b><\/span><\/span><\/p>\n<p><span style=\"color: #444444;\"><span style=\"font-family: Arial,sans-serif;\"><span style=\"font-size: medium;\"><br \/>\nLes mat\u00e8ries que s&#8217;estudien per obtenir el GES s\u2019agrupen en tres grans \u00e0mbits de coneixement:<\/span><\/span><\/span><\/p>\n<blockquote>\n<ul>\n<li><span style=\"color: #444444;\"><span style=\"font-family: Arial,sans-serif;\"><span style=\"font-size: medium;\">\u00e0mbit de la comunicaci\u00f3: llengua i literatura catalana, llengua i literatura castellana i llengua estrangera.<\/span><\/span><\/span><\/li>\n<li><span style=\"color: #444444;\"><span style=\"font-family: Arial,sans-serif;\"><span style=\"font-size: medium;\">\u00e0mbit cient\u00edfic: matem\u00e0tiques, les ci\u00e8ncies i la tecnologia.<\/span><\/span><\/span><\/li>\n<li><span style=\"color: #444444;\"><span style=\"font-family: Arial,sans-serif;\"><span style=\"font-size: medium;\">\u00e0mbit social: ci\u00e8ncies socials, geografia, hist\u00f2ria, educaci\u00f3 per a la ciutadania, i aspectes de m\u00fasica i educaci\u00f3 visual i pl\u00e0stica.<\/span><\/span><\/span><\/li>\n<\/ul>\n<\/blockquote>\n<p><span style=\"color: #444444;\"><span style=\"font-family: Arial,sans-serif;\"><span style=\"font-size: medium;\">Cada \u00e0mbit de coneixement s\u2019organitza en <span style=\"color: #000000;\"><b>m\u00f2duls <\/b><\/span>trimestrals independents entre si, per\u00f2 que segueixen una progressi\u00f3, <span style=\"color: #000000;\">ordenats en dos nivells de dificultats: 1r <\/span><span style=\"color: #000000;\"><i>nivell <\/i><\/span><span style=\"color: #000000;\">i <\/span><span style=\"color: #000000;\"><i>2n nivell. <\/i><\/span>Cada m\u00f2dul equival a 35 hores d&#8217;estudi.<\/span><\/span><\/span><\/p>\n<p><span style=\"font-family: Arial,sans-serif;\"><span style=\"color: #000000; font-size: large;\"><b>Quina durada t\u00e9?<\/b><\/span><\/span><\/p>\n<p><span style=\"color: #444444;\"><span style=\"font-family: Arial,sans-serif;\"><span style=\"font-size: medium;\"><br \/>\nEls estudis de GES s&#8217;organitzen en <b>dos nivells (GES 1 i GES 2)<\/b> que es poden cursar en <b>dos cursos acad\u00e8mics<\/b> <b>(6 trimestres)<\/b>. Aquesta durada es pot flexibilitzar per a aquelles persones que ho necessitin en funci\u00f3 de la seva disponibilitat o ritme d&#8217;aprenentatge.<\/span><\/span><\/span><\/p>\n<p><span style=\"color: #000000;\"><span style=\"font-family: Arial,sans-serif;\"><span style=\"font-size: medium;\">Segons els estudis o titulaci\u00f3 de l\u2019alumne se\u2019l matricula en el nivell que li correspongui. Els m\u00f2duls que un alumne no ha de cursar per la seva titulaci\u00f3 s\u00f3n convalidats. De la mateixa manera, un alumne pot acreditar alguns m\u00f2duls mitjan\u00e7ant una prova d&#8217;avaluaci\u00f3 inicial.<\/span><\/span><\/span><\/p>\n<p><span style=\"color: #000000;\"><span style=\"font-family: Arial,sans-serif;\"><span style=\"font-size: medium;\"><b>Per obtenir el t\u00edtol de GES l&#8217;alumnat ha de cursar i superar els 34 m\u00f2duls <\/b>o, si escau, convalidar-los o acreditar-los.<\/span><\/span><\/span><\/p>\n<p align=\"justify\"><span style=\"font-family: Arial,sans-serif;\"><span style=\"color: #000000; font-size: large;\"><b>Quan es pot comen\u00e7ar?<\/b><\/span><\/span><\/p>\n<p align=\"justify\"><span style=\"color: #000000;\"><span style=\"font-family: Arial,sans-serif;\"><span style=\"font-size: medium;\">Com que els m\u00f2duls s\u00f3n trimestrals, cada trimestre s\u2019obre un per\u00edode de matr\u00edcula en cas que quedin places lliures. Encara que la recomanaci\u00f3 \u00e9s comen\u00e7ar a inici de curs.<\/span><\/span><\/span><\/p>\n<p align=\"justify\"><span style=\"font-family: Arial,sans-serif;\"><span style=\"color: #000000; font-size: large;\"><b>Horari<\/b><\/span><\/span><\/p>\n<\/div>\n<div>\n<p align=\"justify\"><span style=\"font-family: Arial,sans-serif;\"><span style=\"font-size: medium;\">L&#8217;horari espec\u00edfic es comunicar\u00e0 al setembre en el per\u00edode de matr\u00edcula. El marc horari general ser\u00e0 de dilluns a divendres, entre les 9 i les 14 h.<\/span><\/span><\/p>\n<\/div>\n<\/div>\n","protected":false},"excerpt":{"rendered":"<p>GRADUAT EN EDUCACI\u00d3 SECUND\u00c0RIA (GES)<\/p>\n<p>Aquest curs s\u2019adre\u00e7a a estudiants que vulguin obtenir el graduat en educaci\u00f3 secund\u00e0ria.<br \/>\nAquest t\u00edtol permet continuar estudis de formaci\u00f3 professional de grau mitj\u00e0 (CFGM) o b\u00e9 de batxillerat, obtenir un t\u00edtol i millorar coneixements.<br \/>\nCom s&#8217;organitza?<\/p>\n<p>Les mat\u00e8ries que s&#8217;estudien per obtenir el&hellip;  <a href=\"https:\/\/agora.xtec.cat\/afaelvendrell\/oferta-educativa-presencial\/ges-presencial\/\" title=\"Read GES Presencial\">Llegeix m\u00e9s\u00bb<\/a><\/p>\n","protected":false},"author":3,"featured_media":0,"parent":438,"menu_order":0,"comment_status":"closed","ping_status":"closed","template":"page-templates\/side-menu.php","meta":{"_bbp_topic_count":0,"_bbp_reply_count":0,"_bbp_total_topic_count":0,"_bbp_total_reply_count":0,"_bbp_voice_count":0,"_bbp_anonymous_reply_count":0,"_bbp_topic_count_hidden":0,"_bbp_reply_count_hidden":0,"_bbp_forum_subforum_count":0,"footnotes":""},"class_list":["post-432","page","type-page","status-publish","hentry"],"post_mailing_queue_ids":[],"_links":{"self":[{"href":"https:\/\/agora.xtec.cat\/afaelvendrell\/wp-json\/wp\/v2\/pages\/432","targetHints":{"allow":["GET"]}}],"collection":[{"href":"https:\/\/agora.xtec.cat\/afaelvendrell\/wp-json\/wp\/v2\/pages"}],"about":[{"href":"https:\/\/agora.xtec.cat\/afaelvendrell\/wp-json\/wp\/v2\/types\/page"}],"author":[{"embeddable":true,"href":"https:\/\/agora.xtec.cat\/afaelvendrell\/wp-json\/wp\/v2\/users\/3"}],"replies":[{"embeddable":true,"href":"https:\/\/agora.xtec.cat\/afaelvendrell\/wp-json\/wp\/v2\/comments?post=432"}],"version-history":[{"count":4,"href":"https:\/\/agora.xtec.cat\/afaelvendrell\/wp-json\/wp\/v2\/pages\/432\/revisions"}],"predecessor-version":[{"id":1941,"href":"https:\/\/agora.xtec.cat\/afaelvendrell\/wp-json\/wp\/v2\/pages\/432\/revisions\/1941"}],"up":[{"embeddable":true,"href":"https:\/\/agora.xtec.cat\/afaelvendrell\/wp-json\/wp\/v2\/pages\/438"}],"wp:attachment":[{"href":"https:\/\/agora.xtec.cat\/afaelvendrell\/wp-json\/wp\/v2\/media?parent=432"}],"curies":[{"name":"wp","href":"https:\/\/api.w.org\/{rel}","templated":true}]}}