{"id":426,"date":"2015-11-19T11:40:28","date_gmt":"2015-11-19T10:40:28","guid":{"rendered":"http:\/\/agora.xtec.cat\/afaelvendrell\/?page_id=426"},"modified":"2020-06-10T12:17:12","modified_gmt":"2020-06-10T10:17:12","slug":"competic-inicial","status":"publish","type":"page","link":"https:\/\/agora.xtec.cat\/afaelvendrell\/oferta-educativa-presencial\/informatica-per-a-adults\/competic-inicial\/","title":{"rendered":"Competic Inicial"},"content":{"rendered":"<div dir=\"ltr\">\n<p style=\"text-align: justify;\">El curs COMPETIC INICIAL va adre\u00e7at a les persones que tenen escasses compet\u00e8ncies <span style=\"font-size: medium;\">digitals, i t\u00e9 per objectiu que la persona s&#8217;inici\u00ef en el domini elemental de les TIC, a nivell\u00a0<\/span>d&#8217;usuari b\u00e0sic d\u2019aquestes tecnologies, amb capacitat per con\u00e8ixer-les i aplicar-les.<\/p>\n<p style=\"text-align: justify;\"><span style=\"font-size: medium;\">En el COMPETIC INICIAL es treballaran les compet\u00e8ncies:<\/span><\/p>\n<blockquote><p><span style=\"font-size: medium;\">\u2022 Tecnologia digital, \u00fas de l&#8217;ordinador i del sistema operatiu (<a href=\"https:\/\/docs.google.com\/document\/d\/195Cl4Z2lhjhL4s2wr1WDm8mBlvg300HN0YLqmPSLKDE\/edit\" target=\"_blank\" rel=\"nofollow noopener noreferrer\">Compet\u00e8ncia C2<\/a>).<\/span><\/p>\n<p><span style=\"font-size: medium;\">\u2022 Tractament de la informaci\u00f3 escrita (<a href=\"https:\/\/docs.google.com\/document\/d\/1AWttwbjCZl3Ow_vrSi3gsYKVNUjL5O2t-m_IITYOxSU\/edit\" target=\"_blank\" rel=\"nofollow noopener noreferrer\">Compet\u00e8ncia C4<\/a>).<\/span><\/p>\n<p><span style=\"font-size: medium;\">\u2022 Navegaci\u00f3, cerca i comunicaci\u00f3 en el m\u00f3n digital (<a href=\"https:\/\/docs.google.com\/document\/d\/1UVBBcA0_zqwtNx9tm6nU7tzttTKiNWpLPFnRQynl7Pc\/edit\" target=\"_blank\" rel=\"nofollow noopener noreferrer\">Compet\u00e8ncia C3<\/a>).<\/span><\/p><\/blockquote>\n<p><span style=\"font-size: medium;\">\u00a0<\/span><span style=\"font-size: medium;\">M\u00e9s informaci\u00f3 <a href=\"https:\/\/projectes.xtec.cat\/xarxadults\/nivells\/propostes-pedagogiques-i-orientacions\/competic-inicial\/\">aqu\u00ed.<\/a><\/span><\/p>\n<\/div>\n","protected":false},"excerpt":{"rendered":"<p>El curs COMPETIC INICIAL va adre\u00e7at a les persones que tenen escasses compet\u00e8ncies digitals, i t\u00e9 per objectiu que la persona s&#8217;inici\u00ef en el domini elemental de les TIC, a nivell\u00a0d&#8217;usuari b\u00e0sic d\u2019aquestes tecnologies, amb capacitat per con\u00e8ixer-les i aplicar-les.<br \/>\nEn el COMPETIC INICIAL es treballaran&hellip;  <a href=\"https:\/\/agora.xtec.cat\/afaelvendrell\/oferta-educativa-presencial\/informatica-per-a-adults\/competic-inicial\/\" title=\"Read Competic Inicial\">Llegeix m\u00e9s\u00bb<\/a><\/p>\n","protected":false},"author":3,"featured_media":0,"parent":424,"menu_order":1,"comment_status":"closed","ping_status":"closed","template":"page-templates\/side-menu.php","meta":{"_bbp_topic_count":0,"_bbp_reply_count":0,"_bbp_total_topic_count":0,"_bbp_total_reply_count":0,"_bbp_voice_count":0,"_bbp_anonymous_reply_count":0,"_bbp_topic_count_hidden":0,"_bbp_reply_count_hidden":0,"_bbp_forum_subforum_count":0,"footnotes":""},"class_list":["post-426","page","type-page","status-publish","hentry"],"post_mailing_queue_ids":[],"_links":{"self":[{"href":"https:\/\/agora.xtec.cat\/afaelvendrell\/wp-json\/wp\/v2\/pages\/426","targetHints":{"allow":["GET"]}}],"collection":[{"href":"https:\/\/agora.xtec.cat\/afaelvendrell\/wp-json\/wp\/v2\/pages"}],"about":[{"href":"https:\/\/agora.xtec.cat\/afaelvendrell\/wp-json\/wp\/v2\/types\/page"}],"author":[{"embeddable":true,"href":"https:\/\/agora.xtec.cat\/afaelvendrell\/wp-json\/wp\/v2\/users\/3"}],"replies":[{"embeddable":true,"href":"https:\/\/agora.xtec.cat\/afaelvendrell\/wp-json\/wp\/v2\/comments?post=426"}],"version-history":[{"count":3,"href":"https:\/\/agora.xtec.cat\/afaelvendrell\/wp-json\/wp\/v2\/pages\/426\/revisions"}],"predecessor-version":[{"id":1181,"href":"https:\/\/agora.xtec.cat\/afaelvendrell\/wp-json\/wp\/v2\/pages\/426\/revisions\/1181"}],"up":[{"embeddable":true,"href":"https:\/\/agora.xtec.cat\/afaelvendrell\/wp-json\/wp\/v2\/pages\/424"}],"wp:attachment":[{"href":"https:\/\/agora.xtec.cat\/afaelvendrell\/wp-json\/wp\/v2\/media?parent=426"}],"curies":[{"name":"wp","href":"https:\/\/api.w.org\/{rel}","templated":true}]}}