{"id":416,"date":"2015-11-19T11:37:02","date_gmt":"2015-11-19T10:37:02","guid":{"rendered":"http:\/\/agora.xtec.cat\/afaelvendrell\/?page_id=416"},"modified":"2020-06-09T19:28:40","modified_gmt":"2020-06-09T17:28:40","slug":"pacf-grau-superior","status":"publish","type":"page","link":"https:\/\/agora.xtec.cat\/afaelvendrell\/oferta-educativa-presencial\/pacf-grau-superior\/","title":{"rendered":"PACF Grau Superior"},"content":{"rendered":"<div>\n<div>Prova d&#8217;acc\u00e9s a cicles formatius de Grau Superior<\/div>\n<div><\/div>\n<\/div>\n<div>\n<p>Per a cursar el curs de preparaci\u00f3 de les proves d&#8217;acc\u00e9s a CF de grau superior cal tenir complerts <strong>19 anys<\/strong> o complir-los durant l&#8217;any de la prova. Tamb\u00e9 la poden fer les persones que tenen 18 anys (o els compleixen durant l&#8217;any de la prova) i tenen un t\u00edtol (o el resguard corresponent) de t\u00e8cnic o t\u00e8cnica d&#8217;un cicle de grau mitj\u00e0 d&#8217;ensenyaments esportius o del cicle de formaci\u00f3 professional inicial d&#8217;activitats f\u00edsiques i esportives.<\/p>\n<p>Per tal de seguir el curs amb efic\u00e0cia, seria recomanable acreditar documentalment alguna de les situacions seg\u00fcents:<\/p>\n<p>&#8211; ESO\/GES.<\/p>\n<p>&#8211; Tenir superada alguna mat\u00e8ria de segon de BUP o de 1r de Batxillerat.<\/p>\n<p>&#8211; Tenir aprovat algun curs d&#8217;FP1<\/p>\n<p>&#8211; Tenir superada la prova d&#8217;acc\u00e9s a cicles formatius de grau mitj\u00e0.<\/p>\n<p>&#8211; Tenir algun grau mitj\u00e0 aprovat.<\/p>\n<p>El Departament d&#8217;Ensenyament convoca les proves de car\u00e0cter general d&#8217;acc\u00e9s al grau superior dels ensenyaments esportius per a les persones que volen accedir a\u00a0<strong>cicles de grau superior d&#8217;ensenyaments esportius<\/strong>\u00a0i no tenen la titulaci\u00f3 necess\u00e0ria.<\/p>\n<p>L&#8217;objectiu de la prova de grau superior \u00e9s que la persona aspirant acrediti la seva maduresa en relaci\u00f3 amb els objectius del batxillerat.<\/p>\n<p>Les proves s\u2019estructuren en dues parts: la part comuna i la part espec\u00edfica.<\/p>\n<p>La <b>part comuna<\/b>\u00a0es prepara de forma <b>presencial<\/b> al centre.<\/p>\n<p>La<b> part espec\u00edfica<\/b> es prepara a trav\u00e9s de l&#8217;<b>IOC<\/b>\u00a0(a dist\u00e0ncia).<\/p>\n<p><b>Part comuna<\/b><\/p>\n<p>Agrupa les mat\u00e8ries seg\u00fcents:<\/p>\n<p>&#8211; llengua catalana,<\/p>\n<p>&#8211; llengua castellana,<\/p>\n<p>&#8211; llengua estrangera* i<\/p>\n<p>&#8211; matem\u00e0tiques.<\/p>\n<p>* Cal escollir entre la llengua anglesa, la francesa i l\u2019alemanya. L&#8217;\u00fanica llengua que s&#8217;imparteix de forma presencial al centre \u00e9s l&#8217;angl\u00e8s, si alg\u00fa vol cursar franc\u00e8s o alemany haur\u00e0 de matricular-se a l&#8217;IOC.<\/p>\n<p><b>Part espec\u00edfica<\/b><\/p>\n<p>Segons la fam\u00edlia professional o el cicle a qu\u00e8 es vol accedir, cal triar dues mat\u00e8ries de<\/p>\n<p>l&#8217;opci\u00f3 A, l&#8217;opci\u00f3 B ,l&#8217;opci\u00f3 C o l&#8217;opci\u00f3 D.<\/p>\n<\/div>\n<div><a href=\"https:\/\/sites.google.com\/site\/vendrellafa\/oferta-educativa\/prova-d-acces-a-cicles-formatius-grau-superior\/fam%C3%ADlies%20professionals.jpg?attredirects=0\"><img decoding=\"async\" src=\"https:\/\/sites.google.com\/site\/vendrellafa\/_\/rsrc\/1403807131607\/oferta-educativa\/prova-d-acces-a-cicles-formatius-grau-superior\/fam%C3%ADlies%20professionals.jpg\" alt=\"\" border=\"0\" \/><\/a><\/div>\n<div>\n<p>Per veure m\u00e9s detalls sobre la prova feu clic\u00a0<a href=\"http:\/\/ensenyament.gencat.cat\/ca\/serveis-tramits\/proves\/proves-acces\/gs-fp\/\" target=\"_blank\" rel=\"nofollow noopener noreferrer\">aqu\u00ed<\/a><\/p>\n<p>Per saber a quina fam\u00edlia pertany el cicle superior que vols fer feu clic\u00a0<a href=\"http:\/\/queestudiar.gencat.cat\/ca\/estudis\/fp\/\">aqu\u00ed<\/a><\/p>\n<\/div>\n","protected":false},"excerpt":{"rendered":"<p>Prova d&#8217;acc\u00e9s a cicles formatius de Grau Superior<\/p>\n<p>Per a cursar el curs de preparaci\u00f3 de les proves d&#8217;acc\u00e9s a CF de grau superior cal tenir complerts 19 anys o complir-los durant l&#8217;any de la prova. Tamb\u00e9 la poden fer les persones que tenen 18 anys&hellip;  <a href=\"https:\/\/agora.xtec.cat\/afaelvendrell\/oferta-educativa-presencial\/pacf-grau-superior\/\" title=\"Read PACF Grau Superior\">Llegeix m\u00e9s\u00bb<\/a><\/p>\n","protected":false},"author":3,"featured_media":0,"parent":438,"menu_order":0,"comment_status":"closed","ping_status":"closed","template":"page-templates\/side-menu.php","meta":{"_bbp_topic_count":0,"_bbp_reply_count":0,"_bbp_total_topic_count":0,"_bbp_total_reply_count":0,"_bbp_voice_count":0,"_bbp_anonymous_reply_count":0,"_bbp_topic_count_hidden":0,"_bbp_reply_count_hidden":0,"_bbp_forum_subforum_count":0,"footnotes":""},"class_list":["post-416","page","type-page","status-publish","hentry"],"post_mailing_queue_ids":[],"_links":{"self":[{"href":"https:\/\/agora.xtec.cat\/afaelvendrell\/wp-json\/wp\/v2\/pages\/416","targetHints":{"allow":["GET"]}}],"collection":[{"href":"https:\/\/agora.xtec.cat\/afaelvendrell\/wp-json\/wp\/v2\/pages"}],"about":[{"href":"https:\/\/agora.xtec.cat\/afaelvendrell\/wp-json\/wp\/v2\/types\/page"}],"author":[{"embeddable":true,"href":"https:\/\/agora.xtec.cat\/afaelvendrell\/wp-json\/wp\/v2\/users\/3"}],"replies":[{"embeddable":true,"href":"https:\/\/agora.xtec.cat\/afaelvendrell\/wp-json\/wp\/v2\/comments?post=416"}],"version-history":[{"count":3,"href":"https:\/\/agora.xtec.cat\/afaelvendrell\/wp-json\/wp\/v2\/pages\/416\/revisions"}],"predecessor-version":[{"id":1157,"href":"https:\/\/agora.xtec.cat\/afaelvendrell\/wp-json\/wp\/v2\/pages\/416\/revisions\/1157"}],"up":[{"embeddable":true,"href":"https:\/\/agora.xtec.cat\/afaelvendrell\/wp-json\/wp\/v2\/pages\/438"}],"wp:attachment":[{"href":"https:\/\/agora.xtec.cat\/afaelvendrell\/wp-json\/wp\/v2\/media?parent=416"}],"curies":[{"name":"wp","href":"https:\/\/api.w.org\/{rel}","templated":true}]}}