{"id":414,"date":"2015-11-19T11:36:25","date_gmt":"2015-11-19T10:36:25","guid":{"rendered":"http:\/\/agora.xtec.cat\/afaelvendrell\/?page_id=414"},"modified":"2020-06-09T19:18:48","modified_gmt":"2020-06-09T17:18:48","slug":"angles-3","status":"publish","type":"page","link":"https:\/\/agora.xtec.cat\/afaelvendrell\/oferta-educativa-presencial\/angles-per-a-adults\/angles-3\/","title":{"rendered":"Angl\u00e8s 3"},"content":{"rendered":"<p><b><span lang=\"CA\">a) Durada: 140 hores distribu\u00efdes en dues sessions setmanals a ra\u00f3 de dues hores cadascuna.<\/span><\/b><\/p>\n<p><b><span lang=\"CA\">b) La finalitat global d\u2019aquest curs<\/span><\/b><span lang=\"CA\">\u00a0\u00e9s que s\u2019hi treballen els continguts finals del nivell inicial (A) i nom\u00e9s alguns dels continguts introductoris del nivell intermedi (B1).<\/span><\/p>\n<p><b><span lang=\"CA\">c) Objectius <\/span><\/b><\/p>\n<p><span lang=\"CA\">1. <\/span><span lang=\"CA\">L\u2019aprenent ha de poder comprendre les idees principals d\u2019una informaci\u00f3 clara sobre temes relatius a la feina, a l\u2019escola, a l\u2019oci, etc. <\/span><\/p>\n<p><span lang=\"CA\">2. L\u2019estudiant ha de poder <\/span><span lang=\"CA\">fer front a la major part de situacions ling\u00fc\u00edstiques que poden apar\u00e8ixer quan es viatja en una zona on es parla l\u2019angl\u00e8s.<\/span><\/p>\n<p><span lang=\"CA\">3. Cal que l\u2019alumne\/a sigui capa\u00e7 de <\/span><span lang=\"CA\">produir un discurs senzill i coherent sobre temes que li s\u00f3n familiars o d\u2019inter\u00e8s personal.<\/span><\/p>\n<p><span lang=\"CA\">4. I<\/span><span lang=\"CA\">nteractuar de manera breu per descriure fets i experi\u00e8ncies, somnis, viatges, desitjos, esperances i ambicions, i donar raons i explicacions de les opinions i projectes sempre breument.<\/span><\/p>\n<p><strong>d) Avaluaci\u00f3<\/strong><br \/>\n<span lang=\"CA\"><br \/>\nEl professor observa di\u00e0riament els progressos de l\u2019alumne\/a i fa almenys un examen cada trimestre. Havent fet almenys tres ex\u00e0mens per curs i en acabar el curs escolar, l\u2019alumne \u00e9s avaluat per una doble via: d&#8217;una banda, l&#8217;avaluaci\u00f3 cont\u00ednua al llarg del curs (60%) i, de l&#8217;altra, la realitzaci\u00f3 d&#8217;una prova final externa (40%). Per poder ponderar les notes, la nota m\u00ednima de la prova externa ha de ser igual o superior a 6. S&#8217;obt\u00e9 la menci\u00f3 d&#8217;APTE si la ponderaci\u00f3 de l&#8217;avaluaci\u00f3 cont\u00ednua i de la prova externa \u00e9s igual o superior a 6,5 (sobre 10); en cas contrari, es considerar\u00e0 NO APTE.\u00a0<\/span><span lang=\"CA\">En cas de suspendre, nom\u00e9s es pot repetir un sol cop. En cas d\u2019aprovar, no existeix cap nivell m\u00e9s a les Escoles d\u2019Adults i una possible sortida per aquell qui vulgui aprendre i superar coneixements superiors podria ser fer una prova de nivell en una Escola Oficial d\u2019Idiomes i apuntar-se al curs que aquesta determini com a autoritat competent en la mat\u00e8ria.<\/span><\/p>\n","protected":false},"excerpt":{"rendered":"<p>a) Durada: 140 hores distribu\u00efdes en dues sessions setmanals a ra\u00f3 de dues hores cadascuna.<br \/>\nb) La finalitat global d\u2019aquest curs\u00a0\u00e9s que s\u2019hi treballen els continguts finals del nivell inicial (A) i nom\u00e9s alguns dels continguts introductoris del nivell intermedi (B1).<br \/>\nc) Objectius<br \/>\n1. L\u2019aprenent ha de&hellip;  <a href=\"https:\/\/agora.xtec.cat\/afaelvendrell\/oferta-educativa-presencial\/angles-per-a-adults\/angles-3\/\" title=\"Read Angl\u00e8s 3\">Llegeix m\u00e9s\u00bb<\/a><\/p>\n","protected":false},"author":3,"featured_media":0,"parent":407,"menu_order":0,"comment_status":"closed","ping_status":"closed","template":"page-templates\/side-menu.php","meta":{"_bbp_topic_count":0,"_bbp_reply_count":0,"_bbp_total_topic_count":0,"_bbp_total_reply_count":0,"_bbp_voice_count":0,"_bbp_anonymous_reply_count":0,"_bbp_topic_count_hidden":0,"_bbp_reply_count_hidden":0,"_bbp_forum_subforum_count":0,"footnotes":""},"class_list":["post-414","page","type-page","status-publish","hentry"],"post_mailing_queue_ids":[],"_links":{"self":[{"href":"https:\/\/agora.xtec.cat\/afaelvendrell\/wp-json\/wp\/v2\/pages\/414","targetHints":{"allow":["GET"]}}],"collection":[{"href":"https:\/\/agora.xtec.cat\/afaelvendrell\/wp-json\/wp\/v2\/pages"}],"about":[{"href":"https:\/\/agora.xtec.cat\/afaelvendrell\/wp-json\/wp\/v2\/types\/page"}],"author":[{"embeddable":true,"href":"https:\/\/agora.xtec.cat\/afaelvendrell\/wp-json\/wp\/v2\/users\/3"}],"replies":[{"embeddable":true,"href":"https:\/\/agora.xtec.cat\/afaelvendrell\/wp-json\/wp\/v2\/comments?post=414"}],"version-history":[{"count":3,"href":"https:\/\/agora.xtec.cat\/afaelvendrell\/wp-json\/wp\/v2\/pages\/414\/revisions"}],"predecessor-version":[{"id":1154,"href":"https:\/\/agora.xtec.cat\/afaelvendrell\/wp-json\/wp\/v2\/pages\/414\/revisions\/1154"}],"up":[{"embeddable":true,"href":"https:\/\/agora.xtec.cat\/afaelvendrell\/wp-json\/wp\/v2\/pages\/407"}],"wp:attachment":[{"href":"https:\/\/agora.xtec.cat\/afaelvendrell\/wp-json\/wp\/v2\/media?parent=414"}],"curies":[{"name":"wp","href":"https:\/\/api.w.org\/{rel}","templated":true}]}}