{"id":411,"date":"2015-11-19T11:35:29","date_gmt":"2015-11-19T10:35:29","guid":{"rendered":"http:\/\/agora.xtec.cat\/afaelvendrell\/?page_id=411"},"modified":"2020-06-09T18:40:47","modified_gmt":"2020-06-09T16:40:47","slug":"angles-2","status":"publish","type":"page","link":"https:\/\/agora.xtec.cat\/afaelvendrell\/oferta-educativa-presencial\/angles-per-a-adults\/angles-2\/","title":{"rendered":"Angl\u00e8s 2"},"content":{"rendered":"<p><b><span lang=\"CA\">a) Durada: 140 hores distribu\u00efdes en dues sessions setmanals a ra\u00f3 de dues hores cadascuna.<\/span><\/b><\/p>\n<p><b><span lang=\"CA\">b) La finalitat global d\u2019aquest curs<\/span><\/b><span lang=\"CA\"> \u00e9s que va adre\u00e7at a les persones que hagin superat el curs inicial o que disposin dels coneixements corresponents per poder-lo seguir ja que s\u2019hi treballen continguts del nivell A2 alhora que es repassa el ja apr\u00e8s en el nivell anterior. <\/span><\/p>\n<p><b><span lang=\"CA\">c) Objectius<\/span><\/b><\/p>\n<blockquote><p><span lang=\"CA\">1. Comprendre frases i expressions utilitzades habitualment i relacionades amb temes d\u2019import\u00e0ncia immediata (per exemple: informacions personals b\u00e0siques, informacions familiars, compres, geografia local i ocupaci\u00f3).<\/span><\/p>\n<p><span lang=\"CA\">2. Comunicar-se en situacions senzilles i habituals que exigeixin un intercanvi simple i directe d\u2019informaci\u00f3 sobre temes familiars i habituals.<\/span><\/p>\n<p><span lang=\"CA\">3. Descriure, \u00a0de manera senzilla, aspectes de la seva experi\u00e8ncia o bagatge personal, aspectes de l\u2019entorn immediat i assumptes relacionats amb necessitats immediates.<\/span><\/p><\/blockquote>\n<p><b><span lang=\"CA\">d) Avaluaci\u00f3 <\/span><\/b><\/p>\n<p><span lang=\"CA\">\u00a0El professor observa di\u00e0riament els progressos de l\u2019alumne\/a i fa almenys un examen cada trimestre. Havent fet almenys tres ex\u00e0mens per curs i en acabar el curs escolar, l\u2019alumne \u00e9s avaluat amb la menci\u00f3 d\u2019 APTE\/APTA o NO APTE\/NO APTA. Si se supera el curs es pot passar al nivell seg\u00fcent per\u00f2 si no se supera nom\u00e9s es pot repetir un sol cop.<\/span><\/p>\n<p>&nbsp;<\/p>\n","protected":false},"excerpt":{"rendered":"<p>a) Durada: 140 hores distribu\u00efdes en dues sessions setmanals a ra\u00f3 de dues hores cadascuna.<br \/>\nb) La finalitat global d\u2019aquest curs \u00e9s que va adre\u00e7at a les persones que hagin superat el curs inicial o que disposin dels coneixements corresponents per poder-lo seguir ja que s\u2019hi&hellip;  <a href=\"https:\/\/agora.xtec.cat\/afaelvendrell\/oferta-educativa-presencial\/angles-per-a-adults\/angles-2\/\" title=\"Read Angl\u00e8s 2\">Llegeix m\u00e9s\u00bb<\/a><\/p>\n","protected":false},"author":3,"featured_media":0,"parent":407,"menu_order":0,"comment_status":"closed","ping_status":"closed","template":"page-templates\/side-menu.php","meta":{"_bbp_topic_count":0,"_bbp_reply_count":0,"_bbp_total_topic_count":0,"_bbp_total_reply_count":0,"_bbp_voice_count":0,"_bbp_anonymous_reply_count":0,"_bbp_topic_count_hidden":0,"_bbp_reply_count_hidden":0,"_bbp_forum_subforum_count":0,"footnotes":""},"class_list":["post-411","page","type-page","status-publish","hentry"],"post_mailing_queue_ids":[],"_links":{"self":[{"href":"https:\/\/agora.xtec.cat\/afaelvendrell\/wp-json\/wp\/v2\/pages\/411","targetHints":{"allow":["GET"]}}],"collection":[{"href":"https:\/\/agora.xtec.cat\/afaelvendrell\/wp-json\/wp\/v2\/pages"}],"about":[{"href":"https:\/\/agora.xtec.cat\/afaelvendrell\/wp-json\/wp\/v2\/types\/page"}],"author":[{"embeddable":true,"href":"https:\/\/agora.xtec.cat\/afaelvendrell\/wp-json\/wp\/v2\/users\/3"}],"replies":[{"embeddable":true,"href":"https:\/\/agora.xtec.cat\/afaelvendrell\/wp-json\/wp\/v2\/comments?post=411"}],"version-history":[{"count":3,"href":"https:\/\/agora.xtec.cat\/afaelvendrell\/wp-json\/wp\/v2\/pages\/411\/revisions"}],"predecessor-version":[{"id":1152,"href":"https:\/\/agora.xtec.cat\/afaelvendrell\/wp-json\/wp\/v2\/pages\/411\/revisions\/1152"}],"up":[{"embeddable":true,"href":"https:\/\/agora.xtec.cat\/afaelvendrell\/wp-json\/wp\/v2\/pages\/407"}],"wp:attachment":[{"href":"https:\/\/agora.xtec.cat\/afaelvendrell\/wp-json\/wp\/v2\/media?parent=411"}],"curies":[{"name":"wp","href":"https:\/\/api.w.org\/{rel}","templated":true}]}}