{"id":409,"date":"2015-11-19T11:34:57","date_gmt":"2015-11-19T10:34:57","guid":{"rendered":"http:\/\/agora.xtec.cat\/afaelvendrell\/?page_id=409"},"modified":"2016-02-25T10:52:52","modified_gmt":"2016-02-25T09:52:52","slug":"angles-1","status":"publish","type":"page","link":"https:\/\/agora.xtec.cat\/afaelvendrell\/oferta-educativa-presencial\/angles-per-a-adults\/angles-1\/","title":{"rendered":"Angl\u00e8s 1"},"content":{"rendered":"<h4><\/h4>\n<p><b><span lang=\"CA\">a) Durada: 90 hores distribu\u00efdes en dues sessions setmanals a ra\u00f3 d\u2019hora i mitja cadascuna.<\/span><\/b><\/p>\n<p><b><span lang=\"CA\">b) La finalitat global d\u2019aquest curs<\/span><\/b><span lang=\"CA\">\u00a0\u00e9s posar en contacte les persones adultes amb un proc\u00e9s d\u2019inici d\u2019aprenentatge de la llengua anglesa i es treballen continguts del nivell A1.<\/span><\/p>\n<p><b><span lang=\"CA\">c) Objectius <\/span><\/b><\/p>\n<p><span lang=\"CA\">1. <\/span><span lang=\"CA\">L\u2019aprenent ha de poder comprendre i utilitzar expressions quotidianes i familiars i frases molt senzilles encaminades a satisfer les primeres necessitats<\/span><span lang=\"CA\">.<\/span><\/p>\n<p><span lang=\"CA\">2. L\u2019estudiant ha de poder <\/span><span lang=\"CA\">presentar-se i presentar una tercera persona<\/span><span lang=\"CA\">.<\/span><\/p>\n<p><span lang=\"CA\">3. Cal que l\u2019alumne\/a sigui capa\u00e7 de <\/span><span lang=\"CA\">formular i respondre preguntes sobre detalls personals com ara on viu, la gent que coneix i les coses que t\u00e9.<\/span><\/p>\n<p><span lang=\"CA\">4. I<\/span><span lang=\"CA\">nteractuar d\u2019una manera senzilla a condici\u00f3 que l\u2019altra persona parli a poc a poc i amb claredat i que estigui disposada a ajudar. <\/span><\/p>\n<p><b><span lang=\"CA\">d) Avaluaci\u00f3 <\/span><\/b><\/p>\n<p><span lang=\"CA\">\u00a0El professor observa di\u00e0riament els progressos de l\u2019alumne\/a i fa almenys un examen cada trimestre. Havent fet almenys tres ex\u00e0mens per curs i en acabar el curs escolar, l\u2019alumne \u00e9s avaluat amb la menci\u00f3 d\u2019 APTE\/APTA o NO APTE\/NO APTA. Si se supera el curs es pot passar al nivell seg\u00fcent per\u00f2 si no se supera nom\u00e9s es pot repetir un sol cop.<\/span><\/p>\n<p>&nbsp;<\/p>\n<p>&nbsp;<\/p>\n","protected":false},"excerpt":{"rendered":"<p>a) Durada: 90 hores distribu\u00efdes en dues sessions setmanals a ra\u00f3 d\u2019hora i mitja cadascuna.<br \/>\nb) La finalitat global d\u2019aquest curs\u00a0\u00e9s posar en contacte les persones adultes amb un proc\u00e9s d\u2019inici d\u2019aprenentatge de la llengua anglesa i es treballen continguts del nivell A1.<br \/>\nc) Objectius<br \/>\n1. L\u2019aprenent&hellip;  <a href=\"https:\/\/agora.xtec.cat\/afaelvendrell\/oferta-educativa-presencial\/angles-per-a-adults\/angles-1\/\" title=\"Read Angl\u00e8s 1\">Llegeix m\u00e9s\u00bb<\/a><\/p>\n","protected":false},"author":3,"featured_media":0,"parent":407,"menu_order":0,"comment_status":"closed","ping_status":"closed","template":"page-templates\/side-menu.php","meta":{"_bbp_topic_count":0,"_bbp_reply_count":0,"_bbp_total_topic_count":0,"_bbp_total_reply_count":0,"_bbp_voice_count":0,"_bbp_anonymous_reply_count":0,"_bbp_topic_count_hidden":0,"_bbp_reply_count_hidden":0,"_bbp_forum_subforum_count":0,"footnotes":""},"class_list":["post-409","page","type-page","status-publish","hentry"],"post_mailing_queue_ids":[],"_links":{"self":[{"href":"https:\/\/agora.xtec.cat\/afaelvendrell\/wp-json\/wp\/v2\/pages\/409","targetHints":{"allow":["GET"]}}],"collection":[{"href":"https:\/\/agora.xtec.cat\/afaelvendrell\/wp-json\/wp\/v2\/pages"}],"about":[{"href":"https:\/\/agora.xtec.cat\/afaelvendrell\/wp-json\/wp\/v2\/types\/page"}],"author":[{"embeddable":true,"href":"https:\/\/agora.xtec.cat\/afaelvendrell\/wp-json\/wp\/v2\/users\/3"}],"replies":[{"embeddable":true,"href":"https:\/\/agora.xtec.cat\/afaelvendrell\/wp-json\/wp\/v2\/comments?post=409"}],"version-history":[{"count":3,"href":"https:\/\/agora.xtec.cat\/afaelvendrell\/wp-json\/wp\/v2\/pages\/409\/revisions"}],"predecessor-version":[{"id":678,"href":"https:\/\/agora.xtec.cat\/afaelvendrell\/wp-json\/wp\/v2\/pages\/409\/revisions\/678"}],"up":[{"embeddable":true,"href":"https:\/\/agora.xtec.cat\/afaelvendrell\/wp-json\/wp\/v2\/pages\/407"}],"wp:attachment":[{"href":"https:\/\/agora.xtec.cat\/afaelvendrell\/wp-json\/wp\/v2\/media?parent=409"}],"curies":[{"name":"wp","href":"https:\/\/api.w.org\/{rel}","templated":true}]}}