{"id":404,"date":"2015-11-19T11:32:33","date_gmt":"2015-11-19T10:32:33","guid":{"rendered":"http:\/\/agora.xtec.cat\/afaelvendrell\/?page_id=404"},"modified":"2025-07-16T13:01:58","modified_gmt":"2025-07-16T11:01:58","slug":"matricula-2015-2016","status":"publish","type":"page","link":"https:\/\/agora.xtec.cat\/afaelvendrell\/el-centre\/matricula-2015-2016\/","title":{"rendered":"Matr\u00edcula 2025-2026"},"content":{"rendered":"<h4><u>Oferta educativa presencial<\/u><\/h4>\n<h4><\/h4>\n<p style=\"text-align: center;\"><u><b>Alumnes admesos en el proc\u00e9s de preinscripci\u00f3<\/b><\/u><\/p>\n<p style=\"text-align: justify;\">Han de venir entre el dia <strong>2 i el 9 de setembre (als matins de 10 a 13h i dijous dia 4 i dimarts dia 9 de setembre tamb\u00e9 de 16:0<\/strong><strong>0 a 18:30h)<\/strong> i portar el que s&#8217;indica al full de preinscripci\u00f3.<\/p>\n<p style=\"text-align: center;\"><u><b>Alumnes en llista d&#8217;espera (van fer la preinscripci\u00f3 per\u00f2 es van quedar sense pla\u00e7a)<br \/>\n<\/b><\/u><\/p>\n<p style=\"text-align: justify;\">Han de venir el dia <strong>10 de setembre a partir de les 10h (fixeu-vos b\u00e9 en l&#8217;horari que heu de venir segons l&#8217;ensenyament fent clic <a href=\"https:\/\/agora.xtec.cat\/afaelvendrell\/general\/consulta-lestat-de-la-teva-preinscripcio-llistes-provisionals-reclamacions-llistes-definitives-i-matricula-del-curs-2025-2026\/\">aqu\u00ed<\/a>)<\/strong>, i portar el que s&#8217;indica al full de preinscripci\u00f3. <strong><em>Si queden places lliures, es donaran pel n\u00famero d&#8217;ordre dels presents en l&#8217;horari assignat<\/em>.<br \/>\n<\/strong><\/p>\n<p style=\"text-align: center;\"><u><b>Alumnes que no han fet preinscripci\u00f3 (en funci\u00f3 de les places disponibles)<\/b><\/u><\/p>\n<p style=\"text-align: justify;\">Han de venir a partir del dia <strong>17 de setembre a partir de les 10h.<\/strong> Nom\u00e9s podran tenir una pla\u00e7a si no han estat ocupades pels alumnes que han fet preinscripci\u00f3 al juny. <strong>Les places es donaran per ordre d&#8217;arribada<\/strong>, sempre que es compleixin els requisits.<\/p>\n<div>\n<blockquote><p><span style=\"color: #000000;\"><u style=\"font-family: inherit; font-size: 1em;\"><span style=\"font-size: medium;\">DOCUMENTACI\u00d3 NECESS\u00c0RIA<\/span><\/u><\/span><\/p><\/blockquote>\n<\/div>\n<div dir=\"ltr\">\n<div dir=\"ltr\">\n<div>\n<blockquote><p><span style=\"font-size: medium; color: #000000;\">&#8211; Original i fotoc\u00f2pia del DNI, NIE o passaport. \u00a0\u00a0<\/span><\/p>\n<p><span style=\"font-size: medium; color: #000000;\">&#8211; Original i fotoc\u00f2pia de la Targeta sanit\u00e0ria (TISS).<\/span><\/p>\n<p><span style=\"font-size: medium; color: #000000;\">&#8211; Certificats o t\u00edtols d&#8217;estudis cursats.<\/span><\/p><\/blockquote>\n<p><span style=\"font-size: medium;\">\u00a0<\/span><\/p>\n<p><b>Tots els alumnes han de ser\u00a0<\/b><b>maj<\/b><b>ors d&#8217;edat,<\/b> o fer 18 anys al llarg del 2025. Els alumnes que facin els 18 anys a partir del moment de la matr\u00edcula, en aquest any, hauran de venir acompanyats del pare, mare o tutor i aportar la fotoc\u00f2pia del DNI del mateix. Tamb\u00e9 han <span style=\"font-family: verdana,sans-serif;\">d&#8217;aportar <\/span><u>llibre de fam\u00edia (original i fotoc\u00f2pia)<\/u>.<\/p>\n<p>Tamb\u00e9 poden incorporar-se als ensenyaments de l&#8217;educaci\u00f3 secund\u00e0ria per a les persones adultes les persones que hagin complert com a m\u00ednim 16 anys l&#8217;any natural en qu\u00e8 inicien la formaci\u00f3, en els sup\u00f2sits seg<span style=\"color: #000000;\">\u00fcents:<\/span><\/p>\n<ul>\n<li><span style=\"font-family: verdana, sans-serif; color: #000000;\">si tenen un contracte laboral que els impedeixi assistir als centres educatius en r\u00e8gim ordinari.<\/span><\/li>\n<li><span style=\"font-family: verdana, sans-serif; color: #000000;\">si es troben en proc\u00e9s d\u2019obtenci\u00f3 d\u2019un perm\u00eds de treball.<\/span><\/li>\n<li><span style=\"font-family: verdana, sans-serif; color: #000000;\">si s\u00f3n esportistes d\u2019alt rendiment.<\/span><\/li>\n<li><span style=\"font-family: verdana, sans-serif; color: #000000;\">si estan cursant o han cursat els m\u00f2duls obligatoris A i B dels programes de qualificaci\u00f3 professional inicial (PQPI).<\/span><\/li>\n<li><span style=\"font-family: verdana, sans-serif; color: #000000;\">si estan cursant el programa Joves per l&#8217;ocupaci\u00f3.<\/span><\/li>\n<li><span style=\"font-family: verdana, sans-serif; color: #000000;\">amb car\u00e0cter excepcional i de manera individualitzada, a la vista dels informes justificatius, es pot autoritzar la incorporaci\u00f3 d\u2019alumnes amb necessitats espec\u00edfiques quan circumst\u00e0ncies singulars justificades ho facin aconsellable.<\/span><\/li>\n<\/ul>\n<\/div>\n<\/div>\n<\/div>\n","protected":false},"excerpt":{"rendered":"<p>Oferta educativa presencial<\/p>\n<p>Alumnes admesos en el proc\u00e9s de preinscripci\u00f3<br \/>\nHan de venir entre el dia 2 i el 9 de setembre (als matins de 10 a 13h i dijous dia 4 i dimarts dia 9 de setembre tamb\u00e9 de 16:00 a 18:30h) i portar el que&hellip;  <a href=\"https:\/\/agora.xtec.cat\/afaelvendrell\/el-centre\/matricula-2015-2016\/\" title=\"Read Matr\u00edcula 2025-2026\">Llegeix m\u00e9s\u00bb<\/a><\/p>\n","protected":false},"author":3,"featured_media":0,"parent":261,"menu_order":4,"comment_status":"closed","ping_status":"closed","template":"page-templates\/side-menu.php","meta":{"_bbp_topic_count":0,"_bbp_reply_count":0,"_bbp_total_topic_count":0,"_bbp_total_reply_count":0,"_bbp_voice_count":0,"_bbp_anonymous_reply_count":0,"_bbp_topic_count_hidden":0,"_bbp_reply_count_hidden":0,"_bbp_forum_subforum_count":0,"footnotes":""},"class_list":["post-404","page","type-page","status-publish","hentry"],"post_mailing_queue_ids":[],"_links":{"self":[{"href":"https:\/\/agora.xtec.cat\/afaelvendrell\/wp-json\/wp\/v2\/pages\/404","targetHints":{"allow":["GET"]}}],"collection":[{"href":"https:\/\/agora.xtec.cat\/afaelvendrell\/wp-json\/wp\/v2\/pages"}],"about":[{"href":"https:\/\/agora.xtec.cat\/afaelvendrell\/wp-json\/wp\/v2\/types\/page"}],"author":[{"embeddable":true,"href":"https:\/\/agora.xtec.cat\/afaelvendrell\/wp-json\/wp\/v2\/users\/3"}],"replies":[{"embeddable":true,"href":"https:\/\/agora.xtec.cat\/afaelvendrell\/wp-json\/wp\/v2\/comments?post=404"}],"version-history":[{"count":7,"href":"https:\/\/agora.xtec.cat\/afaelvendrell\/wp-json\/wp\/v2\/pages\/404\/revisions"}],"predecessor-version":[{"id":2365,"href":"https:\/\/agora.xtec.cat\/afaelvendrell\/wp-json\/wp\/v2\/pages\/404\/revisions\/2365"}],"up":[{"embeddable":true,"href":"https:\/\/agora.xtec.cat\/afaelvendrell\/wp-json\/wp\/v2\/pages\/261"}],"wp:attachment":[{"href":"https:\/\/agora.xtec.cat\/afaelvendrell\/wp-json\/wp\/v2\/media?parent=404"}],"curies":[{"name":"wp","href":"https:\/\/api.w.org\/{rel}","templated":true}]}}