{"id":1635,"date":"2023-05-18T16:43:50","date_gmt":"2023-05-18T14:43:50","guid":{"rendered":"https:\/\/agora.xtec.cat\/afaelvendrell\/?page_id=1635"},"modified":"2025-06-09T12:42:18","modified_gmt":"2025-06-09T10:42:18","slug":"preinscripcio-2024-2025-del-20-al-28-de-juny","status":"publish","type":"page","link":"https:\/\/agora.xtec.cat\/afaelvendrell\/preinscripcio-2024-2025-del-20-al-28-de-juny\/","title":{"rendered":"Preinscripci\u00f3 2025-2026 del 19 al 27 de JUNY"},"content":{"rendered":"<p><img decoding=\"async\" class=\"aligncenter\" src=\"https:\/\/preinscripcio.gencat.cat\/web\/.content\/estudis\/educacio-adults\/inici\/carrusel\/educacio-adults-bola2.png_223078711.png\" alt=\"Accions i dates\" \/><\/p>\n<p>Les persones que vulguin reservar una pla\u00e7a per als ensenyaments del Centre de Formaci\u00f3 d\u2019Adults El Vendrell per al curs 2025-2026 han de <strong>presentar la sol\u00b7licitud de preinscripci\u00f3 del 19 al 27 de juny de 2025<\/strong>, de forma <strong>presencial<\/strong>, en els seg\u00fcents horaris: <strong>matins de 10h a 13h i tardes del dijous 19 i del dimecres 25 de juny de 16:00h a 18:30h.<\/strong><\/p>\n<p><strong>Requisits, documentaci\u00f3 i informaci\u00f3 per cada ensenyament espec\u00edfic de l\u2019oferta formativa del CFA El Vendrell 2025-2026<\/strong><\/p>\n<p>En general, el requisit fonamental \u00e9s tindre 18 anys o m\u00e9s, o complir-los durant el 2025. Tamb\u00e9 amb car\u00e0cter general, la documentaci\u00f3 que cal aportar \u00e9s l\u2019original i la c\u00f2pia del DNI, NIE o Passaport, l\u2019original i la c\u00f2pia de la targeta sanit\u00e0ria, i, en cas de que l\u2019adre\u00e7a del teu DNI o NIE no es correspongui amb l\u2019actual, un volant d\u2019empadronament.<\/p>\n<p>Per documentaci\u00f3 espec\u00edfica, clica en l\u2019ensenyament en el qual est\u00e0s interessat de la nostra oferta formativa 2025-2026 per obtindre la informaci\u00f3, els requisits i la documentaci\u00f3 necess\u00e0ria per fer la preinscripci\u00f3:<\/p>\n<p><a href=\"https:\/\/agora.xtec.cat\/afaelvendrell\/wp-content\/uploads\/usu638\/2024\/06\/INFORMACIO-ges_24.pdf\">GRADUAT EN EDUCACI\u00d3 SECUND\u00c0RIA (GES)<\/a><\/p>\n<p><a href=\"https:\/\/agora.xtec.cat\/afaelvendrell\/wp-content\/uploads\/usu638\/2024\/06\/INFORMACIO-gesioc_24.pdf\">GRADUAT EN EDUCACI\u00d3 SECUND\u00c0RIA A DIST\u00c0NCIA (GES-IOC)<\/a><\/p>\n<p><a href=\"https:\/\/agora.xtec.cat\/afaelvendrell\/wp-content\/uploads\/usu638\/2024\/06\/INFORMACIO-ppacgs_24.pdf\">CURS DE PREPARACI\u00d3 PER A LES PROVES D&#8217;ACC\u00c9S A GRAU SUPERIOR (PPACFGS)<\/a><\/p>\n<p><a href=\"https:\/\/agora.xtec.cat\/afaelvendrell\/wp-content\/uploads\/usu638\/2024\/06\/INFORMACIO-pau25_45_24.pdf\">CURS DE PREPARACI\u00d3 PER A LES PROVES D&#8217;ACC\u00c9S A LA UNIVERSITAT PER A MAJORS DE 25\/45 ANYS (PAU +25\/45)<\/a><\/p>\n<p><a href=\"https:\/\/agora.xtec.cat\/afaelvendrell\/wp-content\/uploads\/usu638\/2024\/06\/INFORMACIO-competicinicial_24.pdf\">INFORM\u00c0TICA INICIAL<\/a><\/p>\n<p><a href=\"https:\/\/agora.xtec.cat\/afaelvendrell\/wp-content\/uploads\/usu638\/2021\/06\/INFORMACI\u00d3-competic1_21.pdf\" target=\"_blank\" rel=\"noopener noreferrer\">COMPETIC 1 (ACTIC INICIAL)<\/a><\/p>\n<p><a href=\"https:\/\/agora.xtec.cat\/afaelvendrell\/wp-content\/uploads\/usu638\/2021\/06\/INFORMACI\u00d3-competic2_21.pdf\" target=\"_blank\" rel=\"noopener noreferrer\">COMPETIC 2 (ACTIC MITJ\u00c0)<\/a><\/p>\n<p><a href=\"https:\/\/agora.xtec.cat\/afaelvendrell\/wp-content\/uploads\/usu638\/2021\/06\/INFORMACI\u00d3-competic3_21.pdf\" target=\"_blank\" rel=\"noopener noreferrer\">COMPETIC 3 (ACTIC AVAN\u00c7AT)<\/a><\/p>\n<p><a href=\"https:\/\/agora.xtec.cat\/afaelvendrell\/wp-content\/uploads\/usu638\/2024\/06\/INFORMACIO-angles1_24.pdf\">ANGL\u00c8S 1<\/a><\/p>\n<p><a href=\"https:\/\/agora.xtec.cat\/afaelvendrell\/wp-content\/uploads\/usu638\/2024\/06\/INFORMACIO-angles2_24.pdf\">ANGL\u00c8S 2<\/a><\/p>\n<p><a href=\"https:\/\/agora.xtec.cat\/afaelvendrell\/wp-content\/uploads\/usu638\/2024\/06\/INFORMACIO-angles3_24.pdf\">ANGL\u00c8S 3<\/a><\/p>\n<p><a href=\"https:\/\/agora.xtec.cat\/afaelvendrell\/wp-content\/uploads\/usu638\/2021\/06\/INFORMACI\u00d3-castell\u00e0-1_21.pdf\" target=\"_blank\" rel=\"noopener noreferrer\">CASTELL\u00c0 1<\/a><\/p>\n<p><a href=\"https:\/\/agora.xtec.cat\/afaelvendrell\/wp-content\/uploads\/usu638\/2024\/06\/INFORMACIO-castella-2ma_24.pdf\">CASTELL\u00c0 2<\/a><\/p>\n<p><a href=\"https:\/\/agora.xtec.cat\/afaelvendrell\/wp-content\/uploads\/usu638\/2021\/06\/INFORMACI\u00d3-castell\u00e0-3ma_21.pdf\" target=\"_blank\" rel=\"noopener noreferrer\">CASTELL\u00c0 3<\/a><\/p>\n<p><a href=\"https:\/\/agora.xtec.cat\/afaelvendrell\/wp-content\/uploads\/usu638\/2024\/06\/INFORMACIO-catala1_24.pdf\">CATAL\u00c0 1<\/a><\/p>\n<p><a href=\"https:\/\/agora.xtec.cat\/afaelvendrell\/wp-content\/uploads\/usu638\/2024\/06\/INFORMACIO-catala-2_24.pdf\">CATAL\u00c0 2<\/a><\/p>\n<p><a href=\"https:\/\/agora.xtec.cat\/afaelvendrell\/wp-content\/uploads\/usu638\/2025\/05\/INFORMACIO-catala-3_25.pdf\">CATAL\u00c0 3<\/a><\/p>\n<p><a href=\"https:\/\/agora.xtec.cat\/afaelvendrell\/wp-content\/uploads\/usu638\/2024\/06\/INFORMACIO-instrumental_1_24.pdf\">FORMACI\u00d3 INSTRUMENTAL (ALFABETITZACI\u00d3 &#8211; NIVELL 1)<\/a><\/p>\n<p><a href=\"https:\/\/agora.xtec.cat\/afaelvendrell\/wp-content\/uploads\/usu638\/2024\/06\/INFORMACIO-instrumental_2_24.pdf\">FORMACI\u00d3 INSTRUMENTAL (ALFABETITZACI\u00d3 &#8211; NIVELL 2)<\/a><\/p>\n<p style=\"text-align: justify;\"><span style=\"color: #000000;\"><strong>Per a m\u00e9s informaci\u00f3<\/strong><\/span><\/p>\n<p style=\"text-align: justify;\"><span style=\"color: #000000;\">Fes un correu a: e3010062@xtec.cat<\/span><\/p>\n<p style=\"text-align: justify;\"><span style=\"color: #000000;\">Truca al 977155674 de 9:30 a 13:30 de dilluns a divendres.<\/span><\/p>\n<p style=\"text-align: justify;\"><span style=\"color: #000000;\">Podeu consultar tota la informaci\u00f3 sobre <a href=\"https:\/\/preinscripcio.gencat.cat\/ca\/estudis\/educacio-adults\/inici\/\">aquest procediment aqu\u00ed.<\/a><\/span><\/p>\n<p style=\"text-align: justify;\"><span style=\"color: #000000;\"><strong>Calendari<\/strong><\/span><\/p>\n<p style=\"text-align: justify;\"><span style=\"color: #000000;\"><strong>Preinscripci\u00f3<\/strong><\/span><\/p>\n<ul style=\"text-align: justify;\">\n<li><span style=\"color: #000000;\">Oferta de places: 23 de maig de 2025<\/span><\/li>\n<li><span style=\"color: #000000;\">Presentaci\u00f3 de sol\u00b7licituds:\u00a0<strong>del 19 al 27 de juny de 2025<\/strong><\/span><\/li>\n<li><span style=\"color: #000000;\">Llista de sol\u00b7licituds amb la puntuaci\u00f3 provisional: 4 de juliol de 2025<\/span><\/li>\n<li><span style=\"color: #000000;\">Presentaci\u00f3 de reclamacions: del 4 al 9 de juliol de 2025<\/span><\/li>\n<li><span style=\"color: #000000;\">Sorteig del n\u00famero de desempat: 7 de juliol del 2025<\/span><\/li>\n<li><span style=\"color: #000000;\">Llista ordenada definitiva: 11 de juliol de 2025<\/span><\/li>\n<li><span style=\"color: #000000;\">Llista d\u2019admesos i exclosos (per ensenyaments) i llista d\u2019espera: 16 de juliol de 2025<\/span><\/li>\n<\/ul>\n<p style=\"text-align: justify;\"><span style=\"color: #000000;\"><strong>Matr\u00edcula<\/strong><\/span><\/p>\n<ul>\n<li style=\"text-align: justify;\"><span style=\"color: #000000;\">Alumnes preinscrits amb pla\u00e7a assignada: <strong>del 2 al 9 de setembre de 2025<\/strong><\/span><\/li>\n<li style=\"text-align: justify;\"><span style=\"color: #000000;\">Alumnes preinscrits de la llista d\u2019espera: 10 de setembre de 2025<\/span><\/li>\n<\/ul>\n","protected":false},"excerpt":{"rendered":"<p>Les persones que vulguin reservar una pla\u00e7a per als ensenyaments del Centre de Formaci\u00f3 d\u2019Adults El Vendrell per al curs 2025-2026 han de presentar la sol\u00b7licitud de preinscripci\u00f3 del 19 al 27 de juny de 2025, de forma presencial, en els seg\u00fcents horaris: matins de&hellip;  <a href=\"https:\/\/agora.xtec.cat\/afaelvendrell\/preinscripcio-2024-2025-del-20-al-28-de-juny\/\" title=\"Read Preinscripci\u00f3 2025-2026 del 19 al 27 de JUNY\">Llegeix m\u00e9s\u00bb<\/a><\/p>\n","protected":false},"author":1,"featured_media":0,"parent":0,"menu_order":0,"comment_status":"closed","ping_status":"closed","template":"page-templates\/side-menu.php","meta":{"_bbp_topic_count":0,"_bbp_reply_count":0,"_bbp_total_topic_count":0,"_bbp_total_reply_count":0,"_bbp_voice_count":0,"_bbp_anonymous_reply_count":0,"_bbp_topic_count_hidden":0,"_bbp_reply_count_hidden":0,"_bbp_forum_subforum_count":0,"footnotes":""},"class_list":["post-1635","page","type-page","status-publish","hentry"],"post_mailing_queue_ids":[],"_links":{"self":[{"href":"https:\/\/agora.xtec.cat\/afaelvendrell\/wp-json\/wp\/v2\/pages\/1635","targetHints":{"allow":["GET"]}}],"collection":[{"href":"https:\/\/agora.xtec.cat\/afaelvendrell\/wp-json\/wp\/v2\/pages"}],"about":[{"href":"https:\/\/agora.xtec.cat\/afaelvendrell\/wp-json\/wp\/v2\/types\/page"}],"author":[{"embeddable":true,"href":"https:\/\/agora.xtec.cat\/afaelvendrell\/wp-json\/wp\/v2\/users\/1"}],"replies":[{"embeddable":true,"href":"https:\/\/agora.xtec.cat\/afaelvendrell\/wp-json\/wp\/v2\/comments?post=1635"}],"version-history":[{"count":6,"href":"https:\/\/agora.xtec.cat\/afaelvendrell\/wp-json\/wp\/v2\/pages\/1635\/revisions"}],"predecessor-version":[{"id":2326,"href":"https:\/\/agora.xtec.cat\/afaelvendrell\/wp-json\/wp\/v2\/pages\/1635\/revisions\/2326"}],"wp:attachment":[{"href":"https:\/\/agora.xtec.cat\/afaelvendrell\/wp-json\/wp\/v2\/media?parent=1635"}],"curies":[{"name":"wp","href":"https:\/\/api.w.org\/{rel}","templated":true}]}}