{"id":1520,"date":"2022-07-20T18:49:23","date_gmt":"2022-07-20T16:49:23","guid":{"rendered":"https:\/\/agora.xtec.cat\/afaelvendrell\/?page_id=1520"},"modified":"2024-07-04T11:38:13","modified_gmt":"2024-07-04T09:38:13","slug":"personal-docent","status":"publish","type":"page","link":"https:\/\/agora.xtec.cat\/afaelvendrell\/edc-estrategia-digital-de-centre\/cultura-digital\/personal-docent\/","title":{"rendered":"Personal docent"},"content":{"rendered":"<p><span style=\"font-size: 14pt;\"><strong>ACOLLIDA DEL PROFESSORAT <\/strong><strong>DEL CFA EL VENDRELL<\/strong><\/span><\/p>\n<p>En aquests dos documents el professorat trobar\u00e0 tota la informaci\u00f3 necess\u00e0ria:<\/p>\n<p>ACOLLIDA DEL PROFESSORAT<\/p>\n<p><a href=\"https:\/\/drive.google.com\/file\/d\/1IDLsHskLZ3sGEHzYXiSA6nOafXA5cLLt\/view?usp=sharing\">ACOLLIDA DIGITAL DEL PROFESSORAT<\/a><\/p>\n","protected":false},"excerpt":{"rendered":"<p>ACOLLIDA DEL PROFESSORAT DEL CFA EL VENDRELL<br \/>\nEn aquests dos documents el professorat trobar\u00e0 tota la informaci\u00f3 necess\u00e0ria:<br \/>\nACOLLIDA DEL PROFESSORAT<br \/>\n<a href=\"https:\/\/drive.google.com\/file\/d\/1IDLsHskLZ3sGEHzYXiSA6nOafXA5cLLt\/view?usp=sharing\">ACOLLIDA DIGITAL DEL PROFESSORAT<\/a><\/p>\n","protected":false},"author":1,"featured_media":0,"parent":1320,"menu_order":1,"comment_status":"closed","ping_status":"closed","template":"page-templates\/side-menu.php","meta":{"_bbp_topic_count":0,"_bbp_reply_count":0,"_bbp_total_topic_count":0,"_bbp_total_reply_count":0,"_bbp_voice_count":0,"_bbp_anonymous_reply_count":0,"_bbp_topic_count_hidden":0,"_bbp_reply_count_hidden":0,"_bbp_forum_subforum_count":0,"footnotes":""},"class_list":["post-1520","page","type-page","status-publish","hentry"],"post_mailing_queue_ids":[],"_links":{"self":[{"href":"https:\/\/agora.xtec.cat\/afaelvendrell\/wp-json\/wp\/v2\/pages\/1520","targetHints":{"allow":["GET"]}}],"collection":[{"href":"https:\/\/agora.xtec.cat\/afaelvendrell\/wp-json\/wp\/v2\/pages"}],"about":[{"href":"https:\/\/agora.xtec.cat\/afaelvendrell\/wp-json\/wp\/v2\/types\/page"}],"author":[{"embeddable":true,"href":"https:\/\/agora.xtec.cat\/afaelvendrell\/wp-json\/wp\/v2\/users\/1"}],"replies":[{"embeddable":true,"href":"https:\/\/agora.xtec.cat\/afaelvendrell\/wp-json\/wp\/v2\/comments?post=1520"}],"version-history":[{"count":3,"href":"https:\/\/agora.xtec.cat\/afaelvendrell\/wp-json\/wp\/v2\/pages\/1520\/revisions"}],"predecessor-version":[{"id":1928,"href":"https:\/\/agora.xtec.cat\/afaelvendrell\/wp-json\/wp\/v2\/pages\/1520\/revisions\/1928"}],"up":[{"embeddable":true,"href":"https:\/\/agora.xtec.cat\/afaelvendrell\/wp-json\/wp\/v2\/pages\/1320"}],"wp:attachment":[{"href":"https:\/\/agora.xtec.cat\/afaelvendrell\/wp-json\/wp\/v2\/media?parent=1520"}],"curies":[{"name":"wp","href":"https:\/\/api.w.org\/{rel}","templated":true}]}}