{"id":1505,"date":"2022-07-20T18:30:42","date_gmt":"2022-07-20T16:30:42","guid":{"rendered":"https:\/\/agora.xtec.cat\/afaelvendrell\/?page_id=1505"},"modified":"2023-05-09T10:19:41","modified_gmt":"2023-05-09T08:19:41","slug":"avaluacio","status":"publish","type":"page","link":"https:\/\/agora.xtec.cat\/afaelvendrell\/edc-estrategia-digital-de-centre\/part-estrategica\/avaluacio\/","title":{"rendered":"Avaluaci\u00f3"},"content":{"rendered":"<p>L&#8217;avaluaci\u00f3 de l&#8217;Estrat\u00e8gia Digital de Centre es realitzar\u00e0 de manera doble.<\/p>\n<p>D&#8217;una banda, el responsable de cada actuaci\u00f3 en vetllar\u00e0 regularment pel compliment.<\/p>\n<p>De l&#8217;altra, en la reuni\u00f3 del claustre de final de curs es posar\u00e0 en com\u00fa el treball realitzat en relaci\u00f3 amb l&#8217;EDC i, en cas que sigui necessari, es redefiniran objectius, actuacions i\/o temporalitzaci\u00f3. Si es creu pertinent, tamb\u00e9 es plantejar\u00e0 la possibilitat de fer una nova diagnosi per valorar el moment digital del centre.<\/p>\n","protected":false},"excerpt":{"rendered":"<p>L&#8217;avaluaci\u00f3 de l&#8217;Estrat\u00e8gia Digital de Centre es realitzar\u00e0 de manera doble.<br \/>\nD&#8217;una banda, el responsable de cada actuaci\u00f3 en vetllar\u00e0 regularment pel compliment.<br \/>\nDe l&#8217;altra, en la reuni\u00f3 del claustre de final de curs es posar\u00e0 en com\u00fa el treball realitzat en relaci\u00f3 amb l&#8217;EDC i, en&hellip;  <a href=\"https:\/\/agora.xtec.cat\/afaelvendrell\/edc-estrategia-digital-de-centre\/part-estrategica\/avaluacio\/\" title=\"Read Avaluaci\u00f3\">Llegeix m\u00e9s\u00bb<\/a><\/p>\n","protected":false},"author":1,"featured_media":0,"parent":1318,"menu_order":3,"comment_status":"closed","ping_status":"closed","template":"page-templates\/side-menu.php","meta":{"_bbp_topic_count":0,"_bbp_reply_count":0,"_bbp_total_topic_count":0,"_bbp_total_reply_count":0,"_bbp_voice_count":0,"_bbp_anonymous_reply_count":0,"_bbp_topic_count_hidden":0,"_bbp_reply_count_hidden":0,"_bbp_forum_subforum_count":0,"footnotes":""},"class_list":["post-1505","page","type-page","status-publish","hentry"],"post_mailing_queue_ids":[],"_links":{"self":[{"href":"https:\/\/agora.xtec.cat\/afaelvendrell\/wp-json\/wp\/v2\/pages\/1505","targetHints":{"allow":["GET"]}}],"collection":[{"href":"https:\/\/agora.xtec.cat\/afaelvendrell\/wp-json\/wp\/v2\/pages"}],"about":[{"href":"https:\/\/agora.xtec.cat\/afaelvendrell\/wp-json\/wp\/v2\/types\/page"}],"author":[{"embeddable":true,"href":"https:\/\/agora.xtec.cat\/afaelvendrell\/wp-json\/wp\/v2\/users\/1"}],"replies":[{"embeddable":true,"href":"https:\/\/agora.xtec.cat\/afaelvendrell\/wp-json\/wp\/v2\/comments?post=1505"}],"version-history":[{"count":3,"href":"https:\/\/agora.xtec.cat\/afaelvendrell\/wp-json\/wp\/v2\/pages\/1505\/revisions"}],"predecessor-version":[{"id":1628,"href":"https:\/\/agora.xtec.cat\/afaelvendrell\/wp-json\/wp\/v2\/pages\/1505\/revisions\/1628"}],"up":[{"embeddable":true,"href":"https:\/\/agora.xtec.cat\/afaelvendrell\/wp-json\/wp\/v2\/pages\/1318"}],"wp:attachment":[{"href":"https:\/\/agora.xtec.cat\/afaelvendrell\/wp-json\/wp\/v2\/media?parent=1505"}],"curies":[{"name":"wp","href":"https:\/\/api.w.org\/{rel}","templated":true}]}}