{"id":1501,"date":"2022-07-20T18:30:18","date_gmt":"2022-07-20T16:30:18","guid":{"rendered":"https:\/\/agora.xtec.cat\/afaelvendrell\/?page_id=1501"},"modified":"2024-07-04T11:44:05","modified_gmt":"2024-07-04T09:44:05","slug":"objectius-i-planificacio","status":"publish","type":"page","link":"https:\/\/agora.xtec.cat\/afaelvendrell\/edc-estrategia-digital-de-centre\/part-estrategica\/objectius-i-planificacio\/","title":{"rendered":"Objectius"},"content":{"rendered":"<p>A partir de la diagnosi realitzada es van definir els seg\u00fcents objectius:<\/p>\n<ol>\n<li>Desenvolupar l&#8217;EDC en els diferents nivells per tal d&#8217;establir una l\u00ednia digital de centre.<\/li>\n<li>Potenciar l&#8217;intercanvi i la reflexi\u00f3 sobre les TIC, l&#8217;avaluaci\u00f3 i l&#8217;estrat\u00e8gia digital entre el professorat per millorar les situacions d&#8217;ensenyament-aprenentatge que es donen en el centre.<\/li>\n<li>Estimular la compet\u00e8ncia digital de l&#8217;alumnat per la seva millora.<\/li>\n<li>Reimpulsar el moodle com a EVA del centre per optimitzar-ne l&#8217;\u00fas.<\/li>\n<li>Redactar i desplegar el pla d&#8217;acollida digital de l&#8217;alumnat i del professorat per tal que uns i altres formin part de la l\u00ednia digital del centre.<\/li>\n<li><span data-sheets-root=\"1\" data-sheets-value=\"{&quot;1&quot;:2,&quot;2&quot;:&quot;6. Analitzar les eines avaluatives utilitzades a cada ensenyament per esclarir les causes de l\u2019actual utilitzaci\u00f3 del Moodle com a entorn virtual avaluatiu entre el professorat (un 42% del total dels cursos actius).&quot;}\" data-sheets-userformat=\"{&quot;2&quot;:12674,&quot;4&quot;:{&quot;1&quot;:2,&quot;2&quot;:14281427},&quot;10&quot;:2,&quot;11&quot;:4,&quot;15&quot;:&quot;Arial&quot;,&quot;16&quot;:12}\">Analitzar les eines avaluatives utilitzades a cada ensenyament per esclarir les causes de l\u2019actual utilitzaci\u00f3 del Moodle com a entorn virtual avaluatiu entre el professorat (un 42% del total dels cursos actius).<\/span><\/li>\n<li><span data-sheets-root=\"1\" data-sheets-value=\"{&quot;1&quot;:2,&quot;2&quot;:&quot;7. Proposar eines i estrat\u00e8gies per tal de millorar, si escau, l\u2019\u00fas del Moodle amb finalitats avaluatives. &quot;}\" data-sheets-userformat=\"{&quot;2&quot;:12674,&quot;4&quot;:{&quot;1&quot;:2,&quot;2&quot;:14281427},&quot;10&quot;:2,&quot;11&quot;:4,&quot;15&quot;:&quot;Arial&quot;,&quot;16&quot;:12}\">Proposar eines i estrat\u00e8gies per tal de millorar, si escau, l\u2019\u00fas del Moodle amb finalitats avaluatives.<\/span><\/li>\n<li><span data-sheets-root=\"1\" data-sheets-value=\"{&quot;1&quot;:2,&quot;2&quot;:&quot;8. Avaluar regularment les eines i estrat\u00e8gies de millora per veure\u2019n els resultats i, si escau, repensar-les. &quot;}\" data-sheets-userformat=\"{&quot;2&quot;:12674,&quot;4&quot;:{&quot;1&quot;:2,&quot;2&quot;:14281427},&quot;10&quot;:2,&quot;11&quot;:4,&quot;15&quot;:&quot;Arial&quot;,&quot;16&quot;:12}\">Avaluar regularment les eines i estrat\u00e8gies de millora per veure\u2019n els resultats i, si escau, repensar-les. <\/span><\/li>\n<\/ol>\n<p>Aquests objectius tenen un seguit d&#8217;actuacions planificades al llarg de quatre cursos.<\/p>\n","protected":false},"excerpt":{"rendered":"<p>A partir de la diagnosi realitzada es van definir els seg\u00fcents objectius:<\/p>\n<ol>\n<li>Desenvolupar l&#8217;EDC en els diferents nivells per tal d&#8217;establir una l\u00ednia digital de centre.<\/li>\n<li>Potenciar l&#8217;intercanvi i la reflexi\u00f3 sobre les TIC, l&#8217;avaluaci\u00f3 i l&#8217;estrat\u00e8gia digital entre el professorat per millorar les situacions d&#8217;ensenyament-aprenentatge que&hellip;  <a href=\"https:\/\/agora.xtec.cat\/afaelvendrell\/edc-estrategia-digital-de-centre\/part-estrategica\/objectius-i-planificacio\/\" title=\"Read Objectius\">Llegeix m\u00e9s\u00bb<\/a><br \/>\n","protected":false},"author":1,"featured_media":0,"parent":1318,"menu_order":1,"comment_status":"closed","ping_status":"closed","template":"page-templates\/side-menu.php","meta":{"_bbp_topic_count":0,"_bbp_reply_count":0,"_bbp_total_topic_count":0,"_bbp_total_reply_count":0,"_bbp_voice_count":0,"_bbp_anonymous_reply_count":0,"_bbp_topic_count_hidden":0,"_bbp_reply_count_hidden":0,"_bbp_forum_subforum_count":0,"footnotes":""},"class_list":["post-1501","page","type-page","status-publish","hentry"],"post_mailing_queue_ids":[],"_links":{"self":[{"href":"https:\/\/agora.xtec.cat\/afaelvendrell\/wp-json\/wp\/v2\/pages\/1501","targetHints":{"allow":["GET"]}}],"collection":[{"href":"https:\/\/agora.xtec.cat\/afaelvendrell\/wp-json\/wp\/v2\/pages"}],"about":[{"href":"https:\/\/agora.xtec.cat\/afaelvendrell\/wp-json\/wp\/v2\/types\/page"}],"author":[{"embeddable":true,"href":"https:\/\/agora.xtec.cat\/afaelvendrell\/wp-json\/wp\/v2\/users\/1"}],"replies":[{"embeddable":true,"href":"https:\/\/agora.xtec.cat\/afaelvendrell\/wp-json\/wp\/v2\/comments?post=1501"}],"version-history":[{"count":5,"href":"https:\/\/agora.xtec.cat\/afaelvendrell\/wp-json\/wp\/v2\/pages\/1501\/revisions"}],"predecessor-version":[{"id":1929,"href":"https:\/\/agora.xtec.cat\/afaelvendrell\/wp-json\/wp\/v2\/pages\/1501\/revisions\/1929"}],"up":[{"embeddable":true,"href":"https:\/\/agora.xtec.cat\/afaelvendrell\/wp-json\/wp\/v2\/pages\/1318"}],"wp:attachment":[{"href":"https:\/\/agora.xtec.cat\/afaelvendrell\/wp-json\/wp\/v2\/media?parent=1501"}],"curies":[{"name":"wp","href":"https:\/\/api.w.org\/{rel}","templated":true}]}}