{"id":1440,"date":"2022-06-06T10:49:22","date_gmt":"2022-06-06T08:49:22","guid":{"rendered":"https:\/\/agora.xtec.cat\/afaelvendrell\/?page_id=1440"},"modified":"2022-06-06T10:52:29","modified_gmt":"2022-06-06T08:52:29","slug":"castella-3","status":"publish","type":"page","link":"https:\/\/agora.xtec.cat\/afaelvendrell\/oferta-educativa-presencial\/castella-inicial\/castella-3\/","title":{"rendered":"Castell\u00e0 3"},"content":{"rendered":"<p>Aquest curs s&#8217;adre\u00e7a a les persones adultes que volen adquirir un grau de compet\u00e8ncia m\u00ednima per comunicar-se en llengua castellana. S&#8217;hi treballen les habilitats de comprensi\u00f3 i expressi\u00f3 orals i escrites que permeten fer front a la major part de situacions ling\u00fc\u00edstiques de la vida quotidiana.<\/p>\n<p>El curs correspon al nivell B1 del Marc europeu com\u00fa de refer\u00e8ncia per a les lleng\u00fces (MECR).<\/p>\n","protected":false},"excerpt":{"rendered":"<p>Aquest curs s&#8217;adre\u00e7a a les persones adultes que volen adquirir un grau de compet\u00e8ncia m\u00ednima per comunicar-se en llengua castellana. S&#8217;hi treballen les habilitats de comprensi\u00f3 i expressi\u00f3 orals i escrites que permeten fer front a la major part de situacions ling\u00fc\u00edstiques de la vida&hellip;  <a href=\"https:\/\/agora.xtec.cat\/afaelvendrell\/oferta-educativa-presencial\/castella-inicial\/castella-3\/\" title=\"Read Castell\u00e0 3\">Llegeix m\u00e9s\u00bb<\/a><\/p>\n","protected":false},"author":1,"featured_media":0,"parent":422,"menu_order":3,"comment_status":"closed","ping_status":"closed","template":"","meta":{"_bbp_topic_count":0,"_bbp_reply_count":0,"_bbp_total_topic_count":0,"_bbp_total_reply_count":0,"_bbp_voice_count":0,"_bbp_anonymous_reply_count":0,"_bbp_topic_count_hidden":0,"_bbp_reply_count_hidden":0,"_bbp_forum_subforum_count":0,"footnotes":""},"class_list":["post-1440","page","type-page","status-publish","hentry"],"post_mailing_queue_ids":[],"_links":{"self":[{"href":"https:\/\/agora.xtec.cat\/afaelvendrell\/wp-json\/wp\/v2\/pages\/1440","targetHints":{"allow":["GET"]}}],"collection":[{"href":"https:\/\/agora.xtec.cat\/afaelvendrell\/wp-json\/wp\/v2\/pages"}],"about":[{"href":"https:\/\/agora.xtec.cat\/afaelvendrell\/wp-json\/wp\/v2\/types\/page"}],"author":[{"embeddable":true,"href":"https:\/\/agora.xtec.cat\/afaelvendrell\/wp-json\/wp\/v2\/users\/1"}],"replies":[{"embeddable":true,"href":"https:\/\/agora.xtec.cat\/afaelvendrell\/wp-json\/wp\/v2\/comments?post=1440"}],"version-history":[{"count":1,"href":"https:\/\/agora.xtec.cat\/afaelvendrell\/wp-json\/wp\/v2\/pages\/1440\/revisions"}],"predecessor-version":[{"id":1441,"href":"https:\/\/agora.xtec.cat\/afaelvendrell\/wp-json\/wp\/v2\/pages\/1440\/revisions\/1441"}],"up":[{"embeddable":true,"href":"https:\/\/agora.xtec.cat\/afaelvendrell\/wp-json\/wp\/v2\/pages\/422"}],"wp:attachment":[{"href":"https:\/\/agora.xtec.cat\/afaelvendrell\/wp-json\/wp\/v2\/media?parent=1440"}],"curies":[{"name":"wp","href":"https:\/\/api.w.org\/{rel}","templated":true}]}}