{"id":1314,"date":"2022-05-19T13:44:49","date_gmt":"2022-05-19T11:44:49","guid":{"rendered":"https:\/\/agora.xtec.cat\/afaelvendrell\/?page_id=1314"},"modified":"2023-03-06T13:52:15","modified_gmt":"2023-03-06T12:52:15","slug":"edc-estrategia-digital-de-centre","status":"publish","type":"page","link":"https:\/\/agora.xtec.cat\/afaelvendrell\/edc-estrategia-digital-de-centre\/","title":{"rendered":"Estrat\u00e8gia Digital de Centre (EDC)"},"content":{"rendered":"<p><strong>L&#8217;Estrat\u00e8gia Digital de Centre (EDC)<\/strong> defineix i concreta les <strong>l\u00ednies d&#8217;actuaci\u00f3 d&#8217;un centre<\/strong> que fan possible que <strong>docents, alumnat i centre assoleixin la compet\u00e8ncia digital<\/strong>. Per aconseguir aquesta compet\u00e8ncia digital, l&#8217;EDC compr\u00e8n tots els \u00e0mbits del centre: organitzatius, metodol\u00f2gics, curriculars i comunicatius, els quals s&#8217;han de veure necess\u00e0riament implicats i, si escau, transformats, des d\u2019una perspectiva d&#8217;innovaci\u00f3 i de millora cont\u00ednua.<\/p>\n<p><iframe loading=\"lazy\" src=\"\/\/www.youtube.com\/embed\/uS5UUZIYLPQ?t=5s\" width=\"560\" height=\"314\" allowfullscreen=\"allowfullscreen\"><\/iframe><\/p>\n<p>Els <strong>objectius<\/strong> de l&#8217;EDC es poden agrupar en cinc \u00e0mbits, que tenen com a fita el m\u00e0xim assoliment de la compet\u00e8ncia digital de l\u2019alumnat, del professorat i del centre:<\/p>\n<ul>\n<li>Assoliment de la compet\u00e8ncia digital<\/li>\n<li>Planificaci\u00f3 estrat\u00e8gica i organitzaci\u00f3<\/li>\n<li>Metodologies did\u00e0ctiques i innovaci\u00f3<\/li>\n<li>Inclusi\u00f3 digital i de g\u00e8nere<\/li>\n<li>Seguretat i protecci\u00f3 de dades<\/li>\n<\/ul>\n<p>L&#8217;Estrat\u00e8gia Digital de Centre es desplega gr\u00e0cies a la <strong>Comissi\u00f3 de l&#8217;EDC<\/strong>, formada per tres professors i membres de l&#8217;equip directiu del centre. Aquest equip \u00e9s l&#8217;encarregat de definir i implementar l\u2019estrat\u00e8gia que vol seguir el centre en relaci\u00f3 amb les tecnologies digitals, amb l\u2019objectiu que l\u2019alumnat, els docents i el centre assoleixin el nivell m\u00e9s alt possible de maduresa i compet\u00e8ncia digital des d\u2019una perspectiva d\u2019innovaci\u00f3 i de millora cont\u00ednua.<\/p>\n<p>L&#8217;Estrat\u00e8gia Digital de Centre s&#8217;estructura en dos grans blocs, que s\u00f3n l&#8217;Estrat\u00e8gia i la Cultura Digital.<\/p>\n<p style=\"text-align: center;\"><a class=\"button normal\" style=\"padding: 1em; font-weight: 400; margin: 0.1em; color: white !important; background-color: #55cd00;\" href=\"https:\/\/agora.xtec.cat\/afaelvendrell\/edc-estrategia-digital-de-centre\/part-estrategica\/\" target=\"_blank\" rel=\"noopener noreferrer\">Estrat\u00e8gia<\/a> \u00a0 \u00a0\u00a0 \u00a0\u00a0<a class=\"button normal\" style=\"padding: 1em; font-weight: 400; margin: 0.1em; color: white !important; background-color: #55cd00;\" href=\"https:\/\/agora.xtec.cat\/afaelvendrell\/edc-estrategia-digital-de-centre\/cultura-digital\/\" target=\"_blank\" rel=\"noopener noreferrer\">Cultura Digital<\/a><\/p>\n","protected":false},"excerpt":{"rendered":"<p>L&#8217;Estrat\u00e8gia Digital de Centre (EDC) defineix i concreta les l\u00ednies d&#8217;actuaci\u00f3 d&#8217;un centre que fan possible que docents, alumnat i centre assoleixin la compet\u00e8ncia digital. Per aconseguir aquesta compet\u00e8ncia digital, l&#8217;EDC compr\u00e8n tots els \u00e0mbits del centre: organitzatius, metodol\u00f2gics, curriculars i comunicatius, els quals s&#8217;han&hellip;  <a href=\"https:\/\/agora.xtec.cat\/afaelvendrell\/edc-estrategia-digital-de-centre\/\" title=\"Read Estrat\u00e8gia Digital de Centre (EDC)\">Llegeix m\u00e9s\u00bb<\/a><\/p>\n","protected":false},"author":1,"featured_media":0,"parent":0,"menu_order":0,"comment_status":"closed","ping_status":"closed","template":"page-templates\/side-menu.php","meta":{"_bbp_topic_count":0,"_bbp_reply_count":0,"_bbp_total_topic_count":0,"_bbp_total_reply_count":0,"_bbp_voice_count":0,"_bbp_anonymous_reply_count":0,"_bbp_topic_count_hidden":0,"_bbp_reply_count_hidden":0,"_bbp_forum_subforum_count":0,"footnotes":""},"class_list":["post-1314","page","type-page","status-publish","hentry"],"post_mailing_queue_ids":[],"_links":{"self":[{"href":"https:\/\/agora.xtec.cat\/afaelvendrell\/wp-json\/wp\/v2\/pages\/1314","targetHints":{"allow":["GET"]}}],"collection":[{"href":"https:\/\/agora.xtec.cat\/afaelvendrell\/wp-json\/wp\/v2\/pages"}],"about":[{"href":"https:\/\/agora.xtec.cat\/afaelvendrell\/wp-json\/wp\/v2\/types\/page"}],"author":[{"embeddable":true,"href":"https:\/\/agora.xtec.cat\/afaelvendrell\/wp-json\/wp\/v2\/users\/1"}],"replies":[{"embeddable":true,"href":"https:\/\/agora.xtec.cat\/afaelvendrell\/wp-json\/wp\/v2\/comments?post=1314"}],"version-history":[{"count":3,"href":"https:\/\/agora.xtec.cat\/afaelvendrell\/wp-json\/wp\/v2\/pages\/1314\/revisions"}],"predecessor-version":[{"id":1548,"href":"https:\/\/agora.xtec.cat\/afaelvendrell\/wp-json\/wp\/v2\/pages\/1314\/revisions\/1548"}],"wp:attachment":[{"href":"https:\/\/agora.xtec.cat\/afaelvendrell\/wp-json\/wp\/v2\/media?parent=1314"}],"curies":[{"name":"wp","href":"https:\/\/api.w.org\/{rel}","templated":true}]}}