{"id":1161,"date":"2020-06-09T19:35:04","date_gmt":"2020-06-09T17:35:04","guid":{"rendered":"http:\/\/agora.xtec.cat\/afaelvendrell\/?page_id=1161"},"modified":"2024-05-13T14:09:52","modified_gmt":"2024-05-13T12:09:52","slug":"alfabetitzacio-cfi","status":"publish","type":"page","link":"https:\/\/agora.xtec.cat\/afaelvendrell\/oferta-educativa-presencial\/alfabetitzacio-cfi\/","title":{"rendered":"Alfabetitzaci\u00f3 (Formaci\u00f3 instrumental)"},"content":{"rendered":"<p>L&#8217;objectiu d&#8217;aquests estudis de formaci\u00f3 instrumental \u00e9s que les persones adultes aprenguin a llegir, escriure i fer c\u00e0lculs elementals. La superaci\u00f3 d&#8217;aquests estudis permet l&#8217;obtenci\u00f3 del certificat de formaci\u00f3 instrumental.<\/p>\n<p>Al centre s&#8217;ofereix el primer i el segon nivell d&#8217;aquests estudis amb una durada de dos cursos escolars cadascun.<\/p>\n<p>L&#8217;aprenentatge se centra en tres \u00e0rees de coneixement: llengua, matem\u00e0tiques i ci\u00e8ncies socials i naturals. De manera transversal, tamb\u00e9 es treballen les compet\u00e8ncies digitals, personal, social i laboral.<\/p>\n","protected":false},"excerpt":{"rendered":"<p>L&#8217;objectiu d&#8217;aquests estudis de formaci\u00f3 instrumental \u00e9s que les persones adultes aprenguin a llegir, escriure i fer c\u00e0lculs elementals. La superaci\u00f3 d&#8217;aquests estudis permet l&#8217;obtenci\u00f3 del certificat de formaci\u00f3 instrumental.<br \/>\nAl centre s&#8217;ofereix el primer i el segon nivell d&#8217;aquests estudis amb una durada de dos&hellip;  <a href=\"https:\/\/agora.xtec.cat\/afaelvendrell\/oferta-educativa-presencial\/alfabetitzacio-cfi\/\" title=\"Read Alfabetitzaci\u00f3 (Formaci\u00f3 instrumental)\">Llegeix m\u00e9s\u00bb<\/a><\/p>\n","protected":false},"author":1,"featured_media":0,"parent":438,"menu_order":0,"comment_status":"closed","ping_status":"closed","template":"page-templates\/side-menu.php","meta":{"_bbp_topic_count":0,"_bbp_reply_count":0,"_bbp_total_topic_count":0,"_bbp_total_reply_count":0,"_bbp_voice_count":0,"_bbp_anonymous_reply_count":0,"_bbp_topic_count_hidden":0,"_bbp_reply_count_hidden":0,"_bbp_forum_subforum_count":0,"footnotes":""},"class_list":["post-1161","page","type-page","status-publish","hentry"],"post_mailing_queue_ids":[],"_links":{"self":[{"href":"https:\/\/agora.xtec.cat\/afaelvendrell\/wp-json\/wp\/v2\/pages\/1161","targetHints":{"allow":["GET"]}}],"collection":[{"href":"https:\/\/agora.xtec.cat\/afaelvendrell\/wp-json\/wp\/v2\/pages"}],"about":[{"href":"https:\/\/agora.xtec.cat\/afaelvendrell\/wp-json\/wp\/v2\/types\/page"}],"author":[{"embeddable":true,"href":"https:\/\/agora.xtec.cat\/afaelvendrell\/wp-json\/wp\/v2\/users\/1"}],"replies":[{"embeddable":true,"href":"https:\/\/agora.xtec.cat\/afaelvendrell\/wp-json\/wp\/v2\/comments?post=1161"}],"version-history":[{"count":5,"href":"https:\/\/agora.xtec.cat\/afaelvendrell\/wp-json\/wp\/v2\/pages\/1161\/revisions"}],"predecessor-version":[{"id":1861,"href":"https:\/\/agora.xtec.cat\/afaelvendrell\/wp-json\/wp\/v2\/pages\/1161\/revisions\/1861"}],"up":[{"embeddable":true,"href":"https:\/\/agora.xtec.cat\/afaelvendrell\/wp-json\/wp\/v2\/pages\/438"}],"wp:attachment":[{"href":"https:\/\/agora.xtec.cat\/afaelvendrell\/wp-json\/wp\/v2\/media?parent=1161"}],"curies":[{"name":"wp","href":"https:\/\/api.w.org\/{rel}","templated":true}]}}