{"id":1045,"date":"2019-07-08T10:28:57","date_gmt":"2019-07-08T08:28:57","guid":{"rendered":"http:\/\/agora.xtec.cat\/afaelvendrell\/?page_id=1045"},"modified":"2020-06-10T12:36:04","modified_gmt":"2020-06-10T10:36:04","slug":"competic-iii-actic-avancat","status":"publish","type":"page","link":"https:\/\/agora.xtec.cat\/afaelvendrell\/oferta-educativa-presencial\/informatica-per-a-adults\/competic-iii-actic-avancat\/","title":{"rendered":"Competic III (Actic avan\u00e7at)"},"content":{"rendered":"<p style=\"text-align: justify;\"><strong>Per matricular-se a COMPETIC 3 l\u2019alumne haur\u00e0 de disposar del certificat ACTIC Mitj\u00e0 o b\u00e9 del certificat de superaci\u00f3 del curs de COMPETIC 2 en un centre d\u2019adults autoritzat a impartir aquest ensenyament. <\/strong><\/p>\n<p>Les compet\u00e8ncies que pot incloure el COMPETIC 3 s\u00f3n:<\/p>\n<p>C4: Tractament de la informaci\u00f3 escrita.<\/p>\n<p>C5: Tractament de la informaci\u00f3 gr\u00e0fica, sonora i de la imatge en moviment.<\/p>\n<p>C6: Tractament de la informaci\u00f3 num\u00e8rica.<\/p>\n<p>C7: Tractament de les dades.<\/p>\n<p>C8: Presentaci\u00f3 de continguts.<\/p>\n<p style=\"text-align: justify;\">El treball de cadascuna d\u2019aquestes compet\u00e8ncies es desenvolupa en 35 hores lectives (un trimestre). Per tant, sent que el nivell de COMPETIC 3 t\u00e9 una durada de 105 hores, es treballaran tres compet\u00e8ncies al llarg del curs (una per trimestre). Un cop superades aquestes compet\u00e8ncies, l\u2019alumne que ho desitgi podr\u00e0 continuar cursant les compet\u00e8ncies que li faltin.<\/p>\n<p style=\"text-align: justify;\"><strong>El CFA El Vendrell, al curs 2020-2021, oferir\u00e0 les compet\u00e8ncies: <a href=\"https:\/\/docs.google.com\/document\/d\/1bAungJ5WKiGZoiixc6V-mGC5FJONaRaTqC0sin5B2v0\/edit\">C4: Tractament de la informaci\u00f3 escrita<\/a>, <a href=\"https:\/\/docs.google.com\/document\/d\/1JxUjRmTIcm91wEkoyTMLzlUmdPdqSv5n6oF39TXCL4Q\/edit\">C5: Tractament de la informaci\u00f3 gr\u00e0fica, sonora i de la imatge en moviment<\/a> i <a href=\"https:\/\/docs.google.com\/document\/d\/1bldgptypCrHiFSSPveJNoWTT22ncxe8Rrip7zGKRLvM\/edit\">C6: Tractament de la informaci\u00f3 num\u00e8rica<\/a>.<\/strong><\/p>\n<p style=\"text-align: justify;\">Per obtindre el certificat s\u2019hauran d\u2019aprovar com a m\u00ednim dos d\u2019aquestes compet\u00e8ncies.<\/p>\n<p><a href=\"https:\/\/projectes.xtec.cat\/xarxadults\/nivells\/propostes-pedagogiques-i-orientacions\/competic-3\/\">M\u00e9s informaci\u00f3 sobre COMPETIC 3.<\/a><\/p>\n","protected":false},"excerpt":{"rendered":"<p>Per matricular-se a COMPETIC 3 l\u2019alumne haur\u00e0 de disposar del certificat ACTIC Mitj\u00e0 o b\u00e9 del certificat de superaci\u00f3 del curs de COMPETIC 2 en un centre d\u2019adults autoritzat a impartir aquest ensenyament.<br \/>\nLes compet\u00e8ncies que pot incloure el COMPETIC 3 s\u00f3n:<br \/>\nC4: Tractament de la&hellip;  <a href=\"https:\/\/agora.xtec.cat\/afaelvendrell\/oferta-educativa-presencial\/informatica-per-a-adults\/competic-iii-actic-avancat\/\" title=\"Read Competic III (Actic avan\u00e7at)\">Llegeix m\u00e9s\u00bb<\/a><\/p>\n","protected":false},"author":1,"featured_media":0,"parent":424,"menu_order":4,"comment_status":"closed","ping_status":"closed","template":"","meta":{"_bbp_topic_count":0,"_bbp_reply_count":0,"_bbp_total_topic_count":0,"_bbp_total_reply_count":0,"_bbp_voice_count":0,"_bbp_anonymous_reply_count":0,"_bbp_topic_count_hidden":0,"_bbp_reply_count_hidden":0,"_bbp_forum_subforum_count":0,"footnotes":""},"class_list":["post-1045","page","type-page","status-publish","hentry"],"post_mailing_queue_ids":[],"_links":{"self":[{"href":"https:\/\/agora.xtec.cat\/afaelvendrell\/wp-json\/wp\/v2\/pages\/1045","targetHints":{"allow":["GET"]}}],"collection":[{"href":"https:\/\/agora.xtec.cat\/afaelvendrell\/wp-json\/wp\/v2\/pages"}],"about":[{"href":"https:\/\/agora.xtec.cat\/afaelvendrell\/wp-json\/wp\/v2\/types\/page"}],"author":[{"embeddable":true,"href":"https:\/\/agora.xtec.cat\/afaelvendrell\/wp-json\/wp\/v2\/users\/1"}],"replies":[{"embeddable":true,"href":"https:\/\/agora.xtec.cat\/afaelvendrell\/wp-json\/wp\/v2\/comments?post=1045"}],"version-history":[{"count":3,"href":"https:\/\/agora.xtec.cat\/afaelvendrell\/wp-json\/wp\/v2\/pages\/1045\/revisions"}],"predecessor-version":[{"id":1187,"href":"https:\/\/agora.xtec.cat\/afaelvendrell\/wp-json\/wp\/v2\/pages\/1045\/revisions\/1187"}],"up":[{"embeddable":true,"href":"https:\/\/agora.xtec.cat\/afaelvendrell\/wp-json\/wp\/v2\/pages\/424"}],"wp:attachment":[{"href":"https:\/\/agora.xtec.cat\/afaelvendrell\/wp-json\/wp\/v2\/media?parent=1045"}],"curies":[{"name":"wp","href":"https:\/\/api.w.org\/{rel}","templated":true}]}}