{"id":1038,"date":"2019-07-08T10:15:17","date_gmt":"2019-07-08T08:15:17","guid":{"rendered":"http:\/\/agora.xtec.cat\/afaelvendrell\/?page_id=1038"},"modified":"2023-05-09T10:20:05","modified_gmt":"2023-05-09T08:20:05","slug":"documentacio-de-centre","status":"publish","type":"page","link":"https:\/\/agora.xtec.cat\/afaelvendrell\/el-centre\/documentacio-de-centre\/","title":{"rendered":"Documentaci\u00f3 de Centre"},"content":{"rendered":"<p>Podeu consultar, entre d&#8217;altres, el Projecte Educatiu de Centre, el Projecte Ling\u00fc\u00edstic i les Normes d&#8217;Organitzaci\u00f3 i Funcionament del CFA El Vendrell actualitzats.<\/p>\n<p><a href=\"https:\/\/agora.xtec.cat\/afaelvendrell\/wp-content\/uploads\/usu638\/2019\/07\/PEC_CFA-El-Vendrell_revisi\u00f3-2019.pdf\" target=\"_blank\" rel=\"noopener noreferrer\">Projecte Educatiu de Centre del CFA El Vendrell<\/a><\/p>\n<p><a href=\"https:\/\/agora.xtec.cat\/afaelvendrell\/wp-content\/uploads\/usu638\/2019\/07\/Projecte-Linguistic_-CFA-El-Vendrell_-Nou_2019.pdf\" target=\"_blank\" rel=\"noopener noreferrer\">Projecte Ling\u00fc\u00edstic del CFA El Vendrell<\/a><\/p>\n<p><a href=\"https:\/\/agora.xtec.cat\/afaelvendrell\/wp-content\/uploads\/usu638\/2020\/02\/NOFC-CFA-El-Vendrell-2019_24_10_19_WEB.pdf\" target=\"_blank\" rel=\"noopener noreferrer\">Normes d&#8217;Organitzaci\u00f3 i Funcionament de Centre del CFA El Vendrell <\/a><\/p>\n<p><a href=\"https:\/\/agora.xtec.cat\/afaelvendrell\/wp-content\/uploads\/usu638\/2020\/03\/Projecte-de-Convivencia_CFA-El-Vendrell.pdf\" target=\"_blank\" rel=\"noopener noreferrer\">Projecte de Conviv\u00e8ncia del CFA El Vendrell<\/a><\/p>\n","protected":false},"excerpt":{"rendered":"<p>Podeu consultar, entre d&#8217;altres, el Projecte Educatiu de Centre, el Projecte Ling\u00fc\u00edstic i les Normes d&#8217;Organitzaci\u00f3 i Funcionament del CFA El Vendrell actualitzats.<br \/>\n<a href=\"https:\/\/agora.xtec.cat\/afaelvendrell\/wp-content\/uploads\/usu638\/2019\/07\/PEC_CFA-El-Vendrell_revisi\u00f3-2019.pdf\" target=\"_blank\" rel=\"noopener noreferrer\">Projecte Educatiu de Centre del CFA El Vendrell<\/a><br \/>\n<a href=\"https:\/\/agora.xtec.cat\/afaelvendrell\/wp-content\/uploads\/usu638\/2019\/07\/Projecte-Linguistic_-CFA-El-Vendrell_-Nou_2019.pdf\" target=\"_blank\" rel=\"noopener noreferrer\">Projecte Ling\u00fc\u00edstic del CFA El Vendrell<\/a><br \/>\n<a href=\"https:\/\/agora.xtec.cat\/afaelvendrell\/wp-content\/uploads\/usu638\/2020\/02\/NOFC-CFA-El-Vendrell-2019_24_10_19_WEB.pdf\" target=\"_blank\"&hellip;  <a href=\"https:\/\/agora.xtec.cat\/afaelvendrell\/el-centre\/documentacio-de-centre\/\" title=\"Read Documentaci\u00f3 de Centre\">Llegeix m\u00e9s\u00bb<\/a><\/p>\n","protected":false},"author":1,"featured_media":0,"parent":261,"menu_order":0,"comment_status":"closed","ping_status":"closed","template":"","meta":{"_bbp_topic_count":0,"_bbp_reply_count":0,"_bbp_total_topic_count":0,"_bbp_total_reply_count":0,"_bbp_voice_count":0,"_bbp_anonymous_reply_count":0,"_bbp_topic_count_hidden":0,"_bbp_reply_count_hidden":0,"_bbp_forum_subforum_count":0,"footnotes":""},"class_list":["post-1038","page","type-page","status-publish","hentry"],"post_mailing_queue_ids":[],"_links":{"self":[{"href":"https:\/\/agora.xtec.cat\/afaelvendrell\/wp-json\/wp\/v2\/pages\/1038","targetHints":{"allow":["GET"]}}],"collection":[{"href":"https:\/\/agora.xtec.cat\/afaelvendrell\/wp-json\/wp\/v2\/pages"}],"about":[{"href":"https:\/\/agora.xtec.cat\/afaelvendrell\/wp-json\/wp\/v2\/types\/page"}],"author":[{"embeddable":true,"href":"https:\/\/agora.xtec.cat\/afaelvendrell\/wp-json\/wp\/v2\/users\/1"}],"replies":[{"embeddable":true,"href":"https:\/\/agora.xtec.cat\/afaelvendrell\/wp-json\/wp\/v2\/comments?post=1038"}],"version-history":[{"count":4,"href":"https:\/\/agora.xtec.cat\/afaelvendrell\/wp-json\/wp\/v2\/pages\/1038\/revisions"}],"predecessor-version":[{"id":1629,"href":"https:\/\/agora.xtec.cat\/afaelvendrell\/wp-json\/wp\/v2\/pages\/1038\/revisions\/1629"}],"up":[{"embeddable":true,"href":"https:\/\/agora.xtec.cat\/afaelvendrell\/wp-json\/wp\/v2\/pages\/261"}],"wp:attachment":[{"href":"https:\/\/agora.xtec.cat\/afaelvendrell\/wp-json\/wp\/v2\/media?parent=1038"}],"curies":[{"name":"wp","href":"https:\/\/api.w.org\/{rel}","templated":true}]}}